{"id":26611,"date":"2025-12-22T10:08:59","date_gmt":"2025-12-22T09:08:59","guid":{"rendered":"https:\/\/france-coupon.fr\/?post_type=product&#038;p=26611"},"modified":"2025-12-22T20:02:09","modified_gmt":"2025-12-22T19:02:09","slug":"lenovo-xiaoxin-100s","status":"publish","type":"product","link":"http:\/\/france-coupon.fr\/en\/product\/lenovo-xiaoxin-100s\/","title":{"rendered":"Lenovo Xiaoxin 100S"},"content":{"rendered":"<div data-elementor-type=\"product-post\" data-elementor-id=\"26611\" class=\"elementor elementor-26611\" data-elementor-post-type=\"product\">\n\t\t\t\t<div class=\"elementor-element elementor-element-bf08148 e-con-full e-flex e-con e-parent\" data-id=\"bf08148\" data-element_type=\"container\">\n\t\t\t\t<div class=\"elementor-element elementor-element-4dafd19e elementor-widget elementor-widget-heading\" data-id=\"4dafd19e\" data-element_type=\"widget\" data-widget_type=\"heading.default\">\n\t\t\t\t<div class=\"elementor-widget-container\">\n\t\t\t\t\t<h2 class=\"elementor-heading-title elementor-size-default\">\u2193 RETROUVEZ LES MEILLEURS PRIX \u2193<\/h2>\t\t\t\t<\/div>\n\t\t\t\t<\/div>\n\t\t\t\t<div class=\"elementor-element elementor-element-27297813 elementor-widget-divider--view-line elementor-widget elementor-widget-divider\" data-id=\"27297813\" data-element_type=\"widget\" data-widget_type=\"divider.default\">\n\t\t\t\t<div class=\"elementor-widget-container\">\n\t\t\t\t\t\t\t<div class=\"elementor-divider\">\n\t\t\t<span class=\"elementor-divider-separator\">\n\t\t\t\t\t\t<\/span>\n\t\t<\/div>\n\t\t\t\t\t\t<\/div>\n\t\t\t\t<\/div>\n\t\t\t\t<div class=\"elementor-element elementor-element-3e806f92 elementor-grid-4 pp-coupon-button-icon-before pp-coupon-code-right elementor-grid-tablet-2 elementor-grid-mobile-1 pp-coupon-discount-left elementor-widget elementor-widget-pp-coupons\" data-id=\"3e806f92\" data-element_type=\"widget\" data-settings=\"{&quot;coupon_style&quot;:&quot;reveal&quot;,&quot;layout&quot;:&quot;grid&quot;}\" data-widget_type=\"pp-coupons.default\">\n\t\t\t\t<div class=\"elementor-widget-container\">\n\t\t\t\t\t\t\t\t\t\t<div class=\"pp-coupons pp-coupons-grid\">\n\t\t\t\t<div class=\"elementor-grid pp-coupons-grid-wrapper\" data-query-type=\"custom\" data-layout=\"grid\" data-page=\"26611\" data-skin=\"3e806f92\">\n\t\t\t\t\t\t\t\t<div class=\"pp-coupon elementor-grid-item\">\n\t\t\t\t\t\t\t\t\t<div class=\"pp-coupon-image-wrapper\">\n\t\t\t\t\t\t\n\t\t\t\t\t\t\n\t\t\t\t\t\t<img decoding=\"async\" src=\"https:\/\/france-coupon.fr\/wp-content\/uploads\/elementor\/thumbs\/boutik-logo-cdiscount-e1730919413112-r6ygf7f3mbf740923v0t5nhdk1s5f0clj2ycw5gde2.jpg\" alt=\"boutik-logo-cdiscount-e1730919413112\">\n\t\t\t\t\t<\/div>\n\t\t\t\t\t\t\t\t\t\n\t\t\t\t\t\t\t\t<div class=\"pp-coupon-content\">\n\t\t\t\t\t<div class=\"pp-coupon-title-wrap\">\n\t\t\t\t\t\t<div class=\"pp-coupon-title-container\" href=\"https:\/\/www.cdiscount.com\/high-tech\/televiseurs\/projecteur-lenovo-xiaoxin\/f-1062603-aabuh36996.html?sv1=affiliate&#038;sv_campaign_id=568011&#038;awc=6948_1766427563_89d3f9fec35b7bce9ab406d0e426b4d5&#038;cid=affil&#038;cm_mmc=zanoxpb-_-568011\" target=\"_blank\"><h4 class=\"pp-coupon-title\">199,99\u20ac<\/h4><\/div>\t\t\t\t\t<\/div>\n\n\t\t\t\t\t\n\t\t\t\t\t\t\t\t\t\t\t<hr class=\"pp-coupon-separator\">\n\t\t\t\t\t\n\t\t\t\t\t\t\t\t\t\t\t<div class=\"pp-coupon-button-wrap\">\n\t\t\t\t\t\t\t<a  href=\"https:\/\/www.cdiscount.com\/high-tech\/televiseurs\/projecteur-lenovo-xiaoxin\/f-1062603-aabuh36996.html?sv1=affiliate&#038;sv_campaign_id=568011&#038;awc=6948_1766427563_89d3f9fec35b7bce9ab406d0e426b4d5&#038;cid=affil&#038;cm_mmc=zanoxpb-_-568011\" target=\"_blank\">\n\t\t\t\t\t\t\t\t<div class=\"pp-coupon-button elementor-button elementor-size-sm\">\n\t\t\t\t\t\t\t\t\t\t\t\t<span class=\"pp-button-icon pp-icon\">\n\t\t\t\t<svg aria-hidden=\"true\" class=\"e-font-icon-svg e-fas-long-arrow-alt-right\" viewbox=\"0 0 448 512\" xmlns=\"http:\/\/www.w3.org\/2000\/svg\"><path d=\"M313.941 216H12c-6.627 0-12 5.373-12 12v56c0 6.627 5.373 12 12 12h301.941v46.059c0 21.382 25.851 32.09 40.971 16.971l86.059-86.059c9.373-9.373 9.373-24.569 0-33.941l-86.059-86.059c-15.119-15.119-40.971-4.411-40.971 16.971V216z\"><\/path><\/svg>\t\t\t<\/span>\n\t\t\t\t\t\t\t\t\t\t\t\t\t\t\t\t\t\t\t\t\t\t<span class=\"pp-button-text\">\n\t\t\t\t\t\t\t\t\t\t\tLien du produit\t\t\t\t\t\t\t\t\t\t<\/span>\n\t\t\t\t\t\t\t\t\t\t\t\t\t\t\t\t\t\t\t\t\t\t\t\t\t\t<\/div>\n\t\t\t\t\t\t\t<\/a>\n\t\t\t\t\t\t<\/div>\n\t\t\t\t\t\t\t\t\t\t\t\t\t\t<\/div>\n\t\t\t<\/div>\n\t\t\t\t\t\t<div class=\"pp-coupon elementor-grid-item\">\n\t\t\t\t\t\t\t\t\t<div class=\"pp-coupon-image-wrapper\">\n\t\t\t\t\t\t\t\t\t\t\t\t\t<div class=\"pp-coupon-discount\">\n\t\t\t\t\t\t\t\tRecommand\u00e9\t\t\t\t\t\t\t<\/div>\n\t\t\t\t\t\t\n\t\t\t\t\t\t\t\t\t\t\t\t\t<div class=\"pp-coupon-code pp-coupon-style-reveal\" data-coupon-code=\"NNNFRX100S\">\n\t\t\t\t\t\t\t\t\t\t\t\t\t\t\t\t<div class='pp-coupon-reveal-wrap'>\n\t\t\t\t<span class='pp-coupon-reveal'>\n\t\t\t\t\t\t\t<span class=\"pp-coupon-code-icon pp-icon\">\n\t\t\t\t\t\t\t<svg aria-hidden=\"true\" class=\"e-font-icon-svg e-fas-eye\" viewbox=\"0 0 576 512\" xmlns=\"http:\/\/www.w3.org\/2000\/svg\"><path d=\"M572.52 241.4C518.29 135.59 410.93 64 288 64S57.68 135.64 3.48 241.41a32.35 32.35 0 0 0 0 29.19C57.71 376.41 165.07 448 288 448s230.32-71.64 284.52-177.41a32.35 32.35 0 0 0 0-29.19zM288 400a144 144 0 1 1 144-144 143.93 143.93 0 0 1-144 144zm0-240a95.31 95.31 0 0 0-25.31 3.79 47.85 47.85 0 0 1-66.9 66.9A95.78 95.78 0 1 0 288 160z\"><\/path><\/svg>\t\t\t\t\t<\/span>\n\t\tVoir code\t\t\t\t<\/span>\n\t\t\t<\/div>\n\t\t\t<div class='pp-coupon-code-text-wrap pp-unreavel'>\n\t\t\t\t<span class='pp-coupon-code-text' id='pp-coupon-code-3e806f92'>00S<\/span>\n\t\t\t\t<span class='pp-coupon-copy-text'style='display: none;'><\/span>\n\t\t\t<\/div>\n\t\t\t\t\t\t\t\t\t<\/div>\n\t\t\t\t\t\t\n\t\t\t\t\t\t<img decoding=\"async\" src=\"https:\/\/france-coupon.fr\/wp-content\/uploads\/elementor\/thumbs\/boutik-logo-geekbuying-e1730919204203-r6ygk52li06e2b30ahtaqwnhtvgitsxv7i94lg4yq2.jpg\" alt=\"boutik-logo-geekbuying-e1730919204203\">\n\t\t\t\t\t<\/div>\n\t\t\t\t\t\t\t\t\t\n\t\t\t\t\t\t\t\t<div class=\"pp-coupon-content\">\n\t\t\t\t\t<div class=\"pp-coupon-title-wrap\">\n\t\t\t\t\t\t<div class=\"pp-coupon-title-container\" href=\"https:\/\/fr.geekbuying.com\/item\/Lenovo-Xiaoxin-100S-Projecteur-650-ANSI-1080P-10002693.html?idev_id=2179&#038;utm_source=affiliate.geekbuying.com&#038;utm_medium=affiliate_2179&#038;utm_campaign=2179&#038;utm_content=2179&#038;utm_term=weed37&#038;utm_term=1766426870\" target=\"_blank\"><h4 class=\"pp-coupon-title\">139,00\u20ac<\/h4><\/div>\t\t\t\t\t<\/div>\n\n\t\t\t\t\t\n\t\t\t\t\t\t\t\t\t\t\t<hr class=\"pp-coupon-separator\">\n\t\t\t\t\t\n\t\t\t\t\t\t\t\t\t\t\t<div class=\"pp-coupon-button-wrap\">\n\t\t\t\t\t\t\t<a  href=\"https:\/\/fr.geekbuying.com\/item\/Lenovo-Xiaoxin-100S-Projecteur-650-ANSI-1080P-10002693.html?idev_id=2179&#038;utm_source=affiliate.geekbuying.com&#038;utm_medium=affiliate_2179&#038;utm_campaign=2179&#038;utm_content=2179&#038;utm_term=weed37&#038;utm_term=1766426870\" target=\"_blank\">\n\t\t\t\t\t\t\t\t<div class=\"pp-coupon-button elementor-button elementor-size-sm\">\n\t\t\t\t\t\t\t\t\t\t\t\t<span class=\"pp-button-icon pp-icon\">\n\t\t\t\t<svg aria-hidden=\"true\" class=\"e-font-icon-svg e-fas-long-arrow-alt-right\" viewbox=\"0 0 448 512\" xmlns=\"http:\/\/www.w3.org\/2000\/svg\"><path d=\"M313.941 216H12c-6.627 0-12 5.373-12 12v56c0 6.627 5.373 12 12 12h301.941v46.059c0 21.382 25.851 32.09 40.971 16.971l86.059-86.059c9.373-9.373 9.373-24.569 0-33.941l-86.059-86.059c-15.119-15.119-40.971-4.411-40.971 16.971V216z\"><\/path><\/svg>\t\t\t<\/span>\n\t\t\t\t\t\t\t\t\t\t\t\t\t\t\t\t\t\t\t\t\t\t<span class=\"pp-button-text\">\n\t\t\t\t\t\t\t\t\t\t\tLien du produit\t\t\t\t\t\t\t\t\t\t<\/span>\n\t\t\t\t\t\t\t\t\t\t\t\t\t\t\t\t\t\t\t\t\t\t\t\t\t\t<\/div>\n\t\t\t\t\t\t\t<\/a>\n\t\t\t\t\t\t<\/div>\n\t\t\t\t\t\t\t\t\t\t\t\t\t\t<\/div>\n\t\t\t<\/div>\n\t\t\t\t\t\t<div class=\"pp-coupon elementor-grid-item\">\n\t\t\t\t\t\t\t\t\t<div class=\"pp-coupon-image-wrapper\">\n\t\t\t\t\t\t\n\t\t\t\t\t\t\n\t\t\t\t\t\t<img decoding=\"async\" src=\"https:\/\/france-coupon.fr\/wp-content\/uploads\/elementor\/thumbs\/boutik-geekmaxi-rfa9uxuhsjvq07qxt68wpg3wbaleukfuf04zok4sei.jpg\" alt=\"boutik-geekmaxi\">\n\t\t\t\t\t<\/div>\n\t\t\t\t\t\t\t\t\t\n\t\t\t\t\t\t\t\t<div class=\"pp-coupon-content\">\n\t\t\t\t\t<div class=\"pp-coupon-title-wrap\">\n\t\t\t\t\t\t<div class=\"pp-coupon-title-container\" href=\"https:\/\/www.geekmaxi.com\/en\/projectors-accessories-lenovo-xiaoxin-100s-projector-650-ansi-1080p-6680.html?utm_source=admitad&#038;utm_medium=affiliates&#038;tagtag_uid=52e7735fa39367da9198b2b52d84ba54&#038;admitad_uid=52e7735fa39367da9198b2b52d84ba54\" target=\"_blank\"><h4 class=\"pp-coupon-title\">219,99\u20ac<\/h4><\/div>\t\t\t\t\t<\/div>\n\n\t\t\t\t\t\n\t\t\t\t\t\t\t\t\t\t\t<hr class=\"pp-coupon-separator\">\n\t\t\t\t\t\n\t\t\t\t\t\t\t\t\t\t\t<div class=\"pp-coupon-button-wrap\">\n\t\t\t\t\t\t\t<a  href=\"https:\/\/www.geekmaxi.com\/en\/projectors-accessories-lenovo-xiaoxin-100s-projector-650-ansi-1080p-6680.html?utm_source=admitad&#038;utm_medium=affiliates&#038;tagtag_uid=52e7735fa39367da9198b2b52d84ba54&#038;admitad_uid=52e7735fa39367da9198b2b52d84ba54\" target=\"_blank\">\n\t\t\t\t\t\t\t\t<div class=\"pp-coupon-button elementor-button elementor-size-sm\">\n\t\t\t\t\t\t\t\t\t\t\t\t<span class=\"pp-button-icon pp-icon\">\n\t\t\t\t<svg aria-hidden=\"true\" class=\"e-font-icon-svg e-fas-long-arrow-alt-right\" viewbox=\"0 0 448 512\" xmlns=\"http:\/\/www.w3.org\/2000\/svg\"><path d=\"M313.941 216H12c-6.627 0-12 5.373-12 12v56c0 6.627 5.373 12 12 12h301.941v46.059c0 21.382 25.851 32.09 40.971 16.971l86.059-86.059c9.373-9.373 9.373-24.569 0-33.941l-86.059-86.059c-15.119-15.119-40.971-4.411-40.971 16.971V216z\"><\/path><\/svg>\t\t\t<\/span>\n\t\t\t\t\t\t\t\t\t\t\t\t\t\t\t\t\t\t\t\t\t\t<span class=\"pp-button-text\">\n\t\t\t\t\t\t\t\t\t\t\tLien du produit\t\t\t\t\t\t\t\t\t\t<\/span>\n\t\t\t\t\t\t\t\t\t\t\t\t\t\t\t\t\t\t\t\t\t\t\t\t\t\t<\/div>\n\t\t\t\t\t\t\t<\/a>\n\t\t\t\t\t\t<\/div>\n\t\t\t\t\t\t\t\t\t\t\t\t\t\t<\/div>\n\t\t\t<\/div>\n\t\t\t\t\t\t\t<\/div>\n\t\t\t\t\t\t\t<\/div>\n\t\t\t\t\t\t\t<\/div>\n\t\t\t\t<\/div>\n\t\t\t\t<div class=\"elementor-element elementor-element-5ce20ff5 elementor-widget-divider--view-line elementor-widget elementor-widget-divider\" data-id=\"5ce20ff5\" data-element_type=\"widget\" data-widget_type=\"divider.default\">\n\t\t\t\t<div class=\"elementor-widget-container\">\n\t\t\t\t\t\t\t<div class=\"elementor-divider\">\n\t\t\t<span class=\"elementor-divider-separator\">\n\t\t\t\t\t\t<\/span>\n\t\t<\/div>\n\t\t\t\t\t\t<\/div>\n\t\t\t\t<\/div>\n\t\t<div class=\"elementor-element elementor-element-2bdc07b e-grid e-con-full e-con e-child\" data-id=\"2bdc07b\" data-element_type=\"container\">\n\t\t\t\t<div class=\"elementor-element elementor-element-4800a115 elementor-widget elementor-widget-text-editor\" data-id=\"4800a115\" data-element_type=\"widget\" data-widget_type=\"text-editor.default\">\n\t\t\t\t<div class=\"elementor-widget-container\">\n\t\t\t\t\t\t\t\t\t<h5 style=\"text-align: center;\"><em><strong><span style=\"color: #0000ff;\">Comment utiliser<br \/>un coupon r\u00e9duction?<\/span><\/strong><\/em><\/h5><p><em><strong><span style=\"color: #0000ff;\">How to use a discount coupon?<\/span><\/strong><\/em><\/p>\t\t\t\t\t\t\t\t<\/div>\n\t\t\t\t<\/div>\n\t\t\t\t<div class=\"elementor-element elementor-element-3690722f elementor-widget elementor-widget-video\" data-id=\"3690722f\" data-element_type=\"widget\" data-settings=\"{&quot;youtube_url&quot;:&quot;https:\\\/\\\/www.youtube.com\\\/watch?v=eNNzTLooBIE&quot;,&quot;video_type&quot;:&quot;youtube&quot;,&quot;controls&quot;:&quot;yes&quot;}\" data-widget_type=\"video.default\">\n\t\t\t\t<div class=\"elementor-widget-container\">\n\t\t\t\t\t\t\t<div class=\"elementor-wrapper elementor-open-inline\">\n\t\t\t<div class=\"elementor-video\"><\/div>\t\t<\/div>\n\t\t\t\t\t\t<\/div>\n\t\t\t\t<\/div>\n\t\t\t\t<div class=\"elementor-element elementor-element-63a3067b elementor-widget elementor-widget-text-editor\" data-id=\"63a3067b\" data-element_type=\"widget\" data-widget_type=\"text-editor.default\">\n\t\t\t\t<div class=\"elementor-widget-container\">\n\t\t\t\t\t\t\t\t\t<p style=\"text-align: center;\">&#8221; Certains liens sont susceptibles d&#8217;\u00eatre affili\u00e9s. En tant que partenaire Amazon, je r\u00e9alise un b\u00e9n\u00e9fice sur les achats remplissant les conditions requises. &#8220;<\/p>\t\t\t\t\t\t\t\t<\/div>\n\t\t\t\t<\/div>\n\t\t\t\t<\/div>\n\t\t\t\t<\/div>\n\t\t<div class=\"elementor-element elementor-element-6e014544 e-flex e-con-boxed e-con e-parent\" data-id=\"6e014544\" data-element_type=\"container\">\n\t\t\t\t\t<div class=\"e-con-inner\">\n\t\t\t\t<div class=\"elementor-element elementor-element-5c1d5b32 elementor-widget elementor-widget-text-editor\" data-id=\"5c1d5b32\" data-element_type=\"widget\" data-widget_type=\"text-editor.default\">\n\t\t\t\t<div class=\"elementor-widget-container\">\n\t\t\t\t\t\t\t\t\t<h3>Excellente qualit\u00e9 d&#8217;image<\/h3><p>Avec une luminosit\u00e9 \u00e9lev\u00e9e de 650 lumens ANSI et une r\u00e9solution 1080p combin\u00e9e au d\u00e9codage HDR10, l&#8217;image est claire, vive, riche en d\u00e9tails et offre un bon effet de visualisation et de pr\u00e9sentation au bureau.<\/p><h3>Intelligent et facile \u00e0 utiliser<\/h3><p>Les fonctions de correction automatique du trap\u00e8ze, de mise au point et d&#8217;\u00e9vitement d&#8217;obstacles sont pratiques et le fonctionnement est simple.<\/p><h3>Interface riche<\/h3><p>\u00c9quip\u00e9 d&#8217;un port DC, d&#8217;un port HDMI, d&#8217;un port USB et d&#8217;une prise audio. Des configurations d&#8217;interface riches et courantes permettent un gameplay plus complet.<\/p><h3>Performances stables<\/h3><p>Avec une combinaison de 2 Go et 32 Go de m\u00e9moire, il fonctionne parfaitement. Il prend \u00e9galement en charge le Wi-Fi 6 et le Bluetooth 5.0, offrant d&#8217;excellentes performances r\u00e9seau.<\/p><p><img decoding=\"async\" class=\"lazy_img\" src=\"https:\/\/img.gkbcdn.com\/d\/202503\/Lenovo-Xiaoxin-100S-Projector-650-ANSI-1080P-528124-1._p1_.jpg\" alt=\"Projecteur Lenovo Xiaoxin 100S, 650 ANSI, 1080p, mise au point automatique, haut-parleurs 2x5 W, Wi-Fi 6, Bluetooth 5.0\" data-original=\"\/\/img.gkbcdn.com\/d\/202503\/Lenovo-Xiaoxin-100S-Projector-650-ANSI-1080P-528124-1._p1_.jpg\" \/><img decoding=\"async\" class=\"lazy_img\" src=\"https:\/\/img.gkbcdn.com\/d\/202503\/Lenovo-Xiaoxin-100S-Projector-650-ANSI-1080P-528124-2._p1_.jpg\" alt=\"Projecteur Lenovo Xiaoxin 100S, 650 ANSI, 1080p, mise au point automatique, haut-parleurs 2x5 W, Wi-Fi 6, Bluetooth 5.0\" data-original=\"\/\/img.gkbcdn.com\/d\/202503\/Lenovo-Xiaoxin-100S-Projector-650-ANSI-1080P-528124-2._p1_.jpg\" \/><img decoding=\"async\" class=\"lazy_img\" src=\"https:\/\/img.gkbcdn.com\/d\/202503\/Lenovo-Xiaoxin-100S-Projector-650-ANSI-1080P-528124-3._p1_.jpg\" alt=\"Projecteur Lenovo Xiaoxin 100S, 650 ANSI, 1080p, mise au point automatique, haut-parleurs 2x5 W, Wi-Fi 6, Bluetooth 5.0\" data-original=\"\/\/img.gkbcdn.com\/d\/202503\/Lenovo-Xiaoxin-100S-Projector-650-ANSI-1080P-528124-3._p1_.jpg\" \/><img decoding=\"async\" class=\"lazy_img\" src=\"https:\/\/img.gkbcdn.com\/d\/202503\/Lenovo-Xiaoxin-100S-Projector-650-ANSI-1080P-528124-4._p1_.jpg\" alt=\"Projecteur Lenovo Xiaoxin 100S, 650 ANSI, 1080p, mise au point automatique, haut-parleurs 2x5 W, Wi-Fi 6, Bluetooth 5.0\" data-original=\"\/\/img.gkbcdn.com\/d\/202503\/Lenovo-Xiaoxin-100S-Projector-650-ANSI-1080P-528124-4._p1_.jpg\" \/><img decoding=\"async\" class=\"lazy_img\" src=\"https:\/\/img.gkbcdn.com\/d\/202503\/Lenovo-Xiaoxin-100S-Projector-650-ANSI-1080P-528124-5._p1_.jpg\" alt=\"Projecteur Lenovo Xiaoxin 100S, 650 ANSI, 1080p, mise au point automatique, haut-parleurs 2x5 W, Wi-Fi 6, Bluetooth 5.0\" data-original=\"\/\/img.gkbcdn.com\/d\/202503\/Lenovo-Xiaoxin-100S-Projector-650-ANSI-1080P-528124-5._p1_.jpg\" \/><img decoding=\"async\" class=\"lazy_img\" src=\"https:\/\/img.gkbcdn.com\/d\/202503\/Lenovo-Xiaoxin-100S-Projector-650-ANSI-1080P-528124-6._p1_.jpg\" alt=\"Projecteur Lenovo Xiaoxin 100S, 650 ANSI, 1080p, mise au point automatique, haut-parleurs 2x5 W, Wi-Fi 6, Bluetooth 5.0\" data-original=\"\/\/img.gkbcdn.com\/d\/202503\/Lenovo-Xiaoxin-100S-Projector-650-ANSI-1080P-528124-6._p1_.jpg\" \/><img decoding=\"async\" class=\"lazy_img\" src=\"https:\/\/img.gkbcdn.com\/d\/202503\/Lenovo-Xiaoxin-100S-Projector-650-ANSI-1080P-528124-7._p1_.jpg\" alt=\"Projecteur Lenovo Xiaoxin 100S, 650 ANSI, 1080p, mise au point automatique, haut-parleurs 2x5 W, Wi-Fi 6, Bluetooth 5.0\" data-original=\"\/\/img.gkbcdn.com\/d\/202503\/Lenovo-Xiaoxin-100S-Projector-650-ANSI-1080P-528124-7._p1_.jpg\" \/><img decoding=\"async\" class=\"lazy_img\" src=\"https:\/\/img.gkbcdn.com\/d\/202503\/Lenovo-Xiaoxin-100S-Projector-650-ANSI-1080P-528124-0._p1_.jpg\" alt=\"Projecteur Lenovo Xiaoxin 100S, 650 ANSI, 1080p, mise au point automatique, haut-parleurs 2x5 W, Wi-Fi 6, Bluetooth 5.0\" data-original=\"\/\/img.gkbcdn.com\/d\/202503\/Lenovo-Xiaoxin-100S-Projector-650-ANSI-1080P-528124-0._p1_.jpg\" \/><\/p><h2>Sp\u00e9cification<\/h2><table class=\"jbEidtTable\" border=\"1\" cellspacing=\"0\" cellpadding=\"5\"><tbody><tr><td><strong>G\u00e9n\u00e9ral<\/strong><\/td><td>Marque : Lenovo<br \/>Type : Projecteur<br \/>Mod\u00e8le : Xiaoxin 100S<\/td><\/tr><tr><td><strong>Param\u00e8tre optique<\/strong><\/td><td>Technologie d&#8217;affichage : LCD<br \/>Technologie de source lumineuse : LED<br \/>Luminosit\u00e9 : 650 lumens ANSI<br \/>R\u00e9solution standard\u00a0: 1920 x 1080 (physique 1080P)<\/td><\/tr><tr><td><strong>Param\u00e8tre de projection<\/strong><\/td><td>Rapport de projection : 1,26:1<br \/>Mode de mise au point : mise au point automatique<br \/>Correction trap\u00e9zo\u00efdale\u00a0: prise en charge<br \/>\u00c9vitement intelligent des obstacles\u00a0: assistance<br \/>Distance de projection : 1,3 \u00e0 2,7 m\u00e8tres<br \/>Taille de l&#8217;image :<br \/>40 pouces \u00e0 1,11 m<br \/>60 pouces \u00e0 1,66 m<br \/>80 pouces \u00e0 2,22 m<br \/>100 pouces \u00e0 2,78 m<\/td><\/tr><tr><td><strong>Syst\u00e8me<\/strong><\/td><td>Processeur : Hathi Quad-core A53CPU<br \/>GPU : GPU Mali-450 MP2<br \/>RAM : 2 Go<br \/>ROM : 32 Go<br \/>Syst\u00e8me d&#8217;exploitation : Android 9.0<br \/>Interaction multi-\u00e9crans : prise en charge de la projection d&#8217;\u00e9cran sans fil<\/td><\/tr><tr><td><strong>Connecteur<\/strong><\/td><td>Connecteur d&#8217;entr\u00e9e : DC x 1, USB x 1, Audio x 1, HDMI x 1<br \/>Wi-Fi\u00a0: Wi-Fi 6, double bande 2,4\/5,8\u00a0GHz<br \/>Bluetooth : 5.0<\/td><\/tr><tr><td><strong>Sp\u00e9cifications \u00e9lectriques<\/strong><\/td><td>Bruit : \u2264 30 dB<br \/>Haut-parleur : 2 x 5 W (nominale)<br \/>Puissance : 95 W (nominale)<br \/>Adaptateur : 19V\/5A<\/td><\/tr><tr><td><strong>Cardan<\/strong><\/td><td>Angle r\u00e9glable vertical \u00e0 360\u00b0<\/td><\/tr><tr><td><strong>Poids et taille<\/strong><\/td><td>Poids du produit : 1,95 kg<br \/>Poids du colis : 3,3 kg<br \/>Dimensions du produit (L x l x H) : 17 x 15 x 20 cm<br \/>Dimensions du colis (L x l x H) : 22,3 x 20,4 x 35 cm<\/td><\/tr><tr><td><strong>Contenu du colis<\/strong><\/td><td>1 x projecteur<br \/>1 x t\u00e9l\u00e9commande<br \/>1 x cordon d&#8217;alimentation<br \/>1 x Manuel d&#8217;utilisation<\/td><\/tr><\/tbody><\/table>\t\t\t\t\t\t\t\t<\/div>\n\t\t\t\t<\/div>\n\t\t\t\t\t<\/div>\n\t\t\t\t<\/div>\n\t\t\t\t<\/div>","protected":false},"excerpt":{"rendered":"<p>Projecteur, 650 ANSI, 1080p, mise au point automatique, haut-parleurs 2&#215;5 W, Wi-Fi 6, Bluetooth 5.0&#8230;<\/p>","protected":false},"featured_media":26612,"comment_status":"closed","ping_status":"closed","template":"","meta":{"om_disable_all_campaigns":false,"_monsterinsights_skip_tracking":false,"_monsterinsights_sitenote_active":false,"_monsterinsights_sitenote_note":"","_monsterinsights_sitenote_category":0},"product_brand":[],"product_cat":[1260,1267],"product_tag":[2307,1339,2308,1325,1294,1268,1270,1271,1296],"class_list":{"0":"post-26611","1":"product","2":"type-product","3":"status-publish","4":"has-post-thumbnail","6":"product_cat-high-tech","7":"product_cat-television-projecteur","8":"product_tag-100s","9":"product_tag-1080p","10":"product_tag-650ansi","11":"product_tag-android","12":"product_tag-lenovo","13":"product_tag-projecteur","14":"product_tag-television","15":"product_tag-tv","16":"product_tag-xiaoxin","18":"first","19":"instock","20":"sale","21":"shipping-taxable","22":"product-type-external"},"aioseo_notices":[],"jetpack_sharing_enabled":true,"_links":{"self":[{"href":"http:\/\/france-coupon.fr\/en\/wp-json\/wp\/v2\/product\/26611","targetHints":{"allow":["GET"]}}],"collection":[{"href":"http:\/\/france-coupon.fr\/en\/wp-json\/wp\/v2\/product"}],"about":[{"href":"http:\/\/france-coupon.fr\/en\/wp-json\/wp\/v2\/types\/product"}],"replies":[{"embeddable":true,"href":"http:\/\/france-coupon.fr\/en\/wp-json\/wp\/v2\/comments?post=26611"}],"version-history":[{"count":0,"href":"http:\/\/france-coupon.fr\/en\/wp-json\/wp\/v2\/product\/26611\/revisions"}],"wp:featuredmedia":[{"embeddable":true,"href":"http:\/\/france-coupon.fr\/en\/wp-json\/wp\/v2\/media\/26612"}],"wp:attachment":[{"href":"http:\/\/france-coupon.fr\/en\/wp-json\/wp\/v2\/media?parent=26611"}],"wp:term":[{"taxonomy":"product_brand","embeddable":true,"href":"http:\/\/france-coupon.fr\/en\/wp-json\/wp\/v2\/product_brand?post=26611"},{"taxonomy":"product_cat","embeddable":true,"href":"http:\/\/france-coupon.fr\/en\/wp-json\/wp\/v2\/product_cat?post=26611"},{"taxonomy":"product_tag","embeddable":true,"href":"http:\/\/france-coupon.fr\/en\/wp-json\/wp\/v2\/product_tag?post=26611"}],"curies":[{"name":"wp","href":"https:\/\/api.w.org\/{rel}","templated":true}]}}