{"id":26677,"date":"2025-12-25T10:01:13","date_gmt":"2025-12-25T09:01:13","guid":{"rendered":"https:\/\/france-coupon.fr\/?post_type=product&#038;p=26677"},"modified":"2025-12-25T23:07:25","modified_gmt":"2025-12-25T22:07:25","slug":"ultimea-skywave-f30-boom-360w","status":"publish","type":"product","link":"http:\/\/france-coupon.fr\/en\/product\/ultimea-skywave-f30-boom-360w\/","title":{"rendered":"Ultimea Skywave F30 Boom &#8211; 360w"},"content":{"rendered":"<div data-elementor-type=\"product-post\" data-elementor-id=\"26677\" class=\"elementor elementor-26677\" data-elementor-post-type=\"product\">\n\t\t\t\t<div class=\"elementor-element elementor-element-462397d1 e-con-full e-flex e-con e-parent\" data-id=\"462397d1\" data-element_type=\"container\">\n\t\t\t\t<div class=\"elementor-element elementor-element-79cb216a elementor-widget elementor-widget-heading\" data-id=\"79cb216a\" data-element_type=\"widget\" data-widget_type=\"heading.default\">\n\t\t\t\t<div class=\"elementor-widget-container\">\n\t\t\t\t\t<h2 class=\"elementor-heading-title elementor-size-default\">\u2193 RETROUVEZ LES MEILLEURS PRIX \u2193<\/h2>\t\t\t\t<\/div>\n\t\t\t\t<\/div>\n\t\t\t\t<div class=\"elementor-element elementor-element-4becdb98 elementor-widget-divider--view-line elementor-widget elementor-widget-divider\" data-id=\"4becdb98\" data-element_type=\"widget\" data-widget_type=\"divider.default\">\n\t\t\t\t<div class=\"elementor-widget-container\">\n\t\t\t\t\t\t\t<div class=\"elementor-divider\">\n\t\t\t<span class=\"elementor-divider-separator\">\n\t\t\t\t\t\t<\/span>\n\t\t<\/div>\n\t\t\t\t\t\t<\/div>\n\t\t\t\t<\/div>\n\t\t\t\t<div class=\"elementor-element elementor-element-338b2b45 elementor-grid-4 pp-coupon-button-icon-before pp-coupon-code-right elementor-grid-tablet-2 elementor-grid-mobile-1 pp-coupon-discount-left elementor-widget elementor-widget-pp-coupons\" data-id=\"338b2b45\" data-element_type=\"widget\" data-settings=\"{&quot;coupon_style&quot;:&quot;reveal&quot;,&quot;layout&quot;:&quot;grid&quot;}\" data-widget_type=\"pp-coupons.default\">\n\t\t\t\t<div class=\"elementor-widget-container\">\n\t\t\t\t\t\t\t\t\t\t<div class=\"pp-coupons pp-coupons-grid\">\n\t\t\t\t<div class=\"elementor-grid pp-coupons-grid-wrapper\" data-query-type=\"custom\" data-layout=\"grid\" data-page=\"26677\" data-skin=\"338b2b45\">\n\t\t\t\t\t\t\t\t<div class=\"pp-coupon elementor-grid-item\">\n\t\t\t\t\t\t\t\t\t<div class=\"pp-coupon-image-wrapper\">\n\t\t\t\t\t\t\n\t\t\t\t\t\t\n\t\t\t\t\t\t<img decoding=\"async\" src=\"https:\/\/france-coupon.fr\/wp-content\/uploads\/elementor\/thumbs\/boutik-logo-ali-r4n5b0ry5r47ne2ah0pvq1po5b7y6853a6nf3yyhu2.jpg\" alt=\"boutik logo ali\">\n\t\t\t\t\t<\/div>\n\t\t\t\t\t\t\t\t\t\n\t\t\t\t\t\t\t\t<div class=\"pp-coupon-content\">\n\t\t\t\t\t<div class=\"pp-coupon-title-wrap\">\n\t\t\t\t\t\t<div class=\"pp-coupon-title-container\" href=\"https:\/\/s.click.aliexpress.com\/e\/_c3Wo1AFj\" target=\"_blank\"><h4 class=\"pp-coupon-title\">192,69\u20ac<\/h4><\/div>\t\t\t\t\t<\/div>\n\n\t\t\t\t\t\n\t\t\t\t\t\t\t\t\t\t\t<hr class=\"pp-coupon-separator\">\n\t\t\t\t\t\n\t\t\t\t\t\t\t\t\t\t\t<div class=\"pp-coupon-button-wrap\">\n\t\t\t\t\t\t\t<a  href=\"https:\/\/s.click.aliexpress.com\/e\/_c3Wo1AFj\" target=\"_blank\">\n\t\t\t\t\t\t\t\t<div class=\"pp-coupon-button elementor-button elementor-size-sm\">\n\t\t\t\t\t\t\t\t\t\t\t\t<span class=\"pp-button-icon pp-icon\">\n\t\t\t\t<svg aria-hidden=\"true\" class=\"e-font-icon-svg e-fas-long-arrow-alt-right\" viewbox=\"0 0 448 512\" xmlns=\"http:\/\/www.w3.org\/2000\/svg\"><path d=\"M313.941 216H12c-6.627 0-12 5.373-12 12v56c0 6.627 5.373 12 12 12h301.941v46.059c0 21.382 25.851 32.09 40.971 16.971l86.059-86.059c9.373-9.373 9.373-24.569 0-33.941l-86.059-86.059c-15.119-15.119-40.971-4.411-40.971 16.971V216z\"><\/path><\/svg>\t\t\t<\/span>\n\t\t\t\t\t\t\t\t\t\t\t\t\t\t\t\t\t\t\t\t\t\t<span class=\"pp-button-text\">\n\t\t\t\t\t\t\t\t\t\t\tLien du produit\t\t\t\t\t\t\t\t\t\t<\/span>\n\t\t\t\t\t\t\t\t\t\t\t\t\t\t\t\t\t\t\t\t\t\t\t\t\t\t<\/div>\n\t\t\t\t\t\t\t<\/a>\n\t\t\t\t\t\t<\/div>\n\t\t\t\t\t\t\t\t\t\t\t\t\t\t<\/div>\n\t\t\t<\/div>\n\t\t\t\t\t\t<div class=\"pp-coupon elementor-grid-item\">\n\t\t\t\t\t\t\t\t\t<div class=\"pp-coupon-image-wrapper\">\n\t\t\t\t\t\t\n\t\t\t\t\t\t\n\t\t\t\t\t\t<img decoding=\"async\" src=\"https:\/\/france-coupon.fr\/wp-content\/uploads\/elementor\/thumbs\/boutik-logo-amazon-r4n51ylya8ppqp82dlqc6u0q0lvkz968dc9xkye3t6.jpg\" alt=\"boutik logo amazon\">\n\t\t\t\t\t<\/div>\n\t\t\t\t\t\t\t\t\t\n\t\t\t\t\t\t\t\t<div class=\"pp-coupon-content\">\n\t\t\t\t\t<div class=\"pp-coupon-title-wrap\">\n\t\t\t\t\t\t<div class=\"pp-coupon-title-container\" href=\"https:\/\/amzn.to\/48SmVqO\" target=\"_blank\"><h4 class=\"pp-coupon-title\">249,99\u20ac<\/h4><\/div>\t\t\t\t\t<\/div>\n\n\t\t\t\t\t\n\t\t\t\t\t\t\t\t\t\t\t<hr class=\"pp-coupon-separator\">\n\t\t\t\t\t\n\t\t\t\t\t\t\t\t\t\t\t<div class=\"pp-coupon-button-wrap\">\n\t\t\t\t\t\t\t<a  href=\"https:\/\/amzn.to\/48SmVqO\" target=\"_blank\">\n\t\t\t\t\t\t\t\t<div class=\"pp-coupon-button elementor-button elementor-size-sm\">\n\t\t\t\t\t\t\t\t\t\t\t\t<span class=\"pp-button-icon pp-icon\">\n\t\t\t\t<svg aria-hidden=\"true\" class=\"e-font-icon-svg e-fas-long-arrow-alt-right\" viewbox=\"0 0 448 512\" xmlns=\"http:\/\/www.w3.org\/2000\/svg\"><path d=\"M313.941 216H12c-6.627 0-12 5.373-12 12v56c0 6.627 5.373 12 12 12h301.941v46.059c0 21.382 25.851 32.09 40.971 16.971l86.059-86.059c9.373-9.373 9.373-24.569 0-33.941l-86.059-86.059c-15.119-15.119-40.971-4.411-40.971 16.971V216z\"><\/path><\/svg>\t\t\t<\/span>\n\t\t\t\t\t\t\t\t\t\t\t\t\t\t\t\t\t\t\t\t\t\t<span class=\"pp-button-text\">\n\t\t\t\t\t\t\t\t\t\t\tLien du produit\t\t\t\t\t\t\t\t\t\t<\/span>\n\t\t\t\t\t\t\t\t\t\t\t\t\t\t\t\t\t\t\t\t\t\t\t\t\t\t<\/div>\n\t\t\t\t\t\t\t<\/a>\n\t\t\t\t\t\t<\/div>\n\t\t\t\t\t\t\t\t\t\t\t\t\t\t<\/div>\n\t\t\t<\/div>\n\t\t\t\t\t\t<div class=\"pp-coupon elementor-grid-item\">\n\t\t\t\t\t\t\t\t\t<div class=\"pp-coupon-image-wrapper\">\n\t\t\t\t\t\t\t\t\t\t\t\t\t<div class=\"pp-coupon-discount\">\n\t\t\t\t\t\t\t\tRecommand\u00e9\t\t\t\t\t\t\t<\/div>\n\t\t\t\t\t\t\n\t\t\t\t\t\t\t\t\t\t\t\t\t<div class=\"pp-coupon-code pp-coupon-style-reveal\" data-coupon-code=\"NNNFRUSF3\">\n\t\t\t\t\t\t\t\t\t\t\t\t\t\t\t\t<div class='pp-coupon-reveal-wrap'>\n\t\t\t\t<span class='pp-coupon-reveal'>\n\t\t\t\t\t\t\t<span class=\"pp-coupon-code-icon pp-icon\">\n\t\t\t\t\t\t\t<svg aria-hidden=\"true\" class=\"e-font-icon-svg e-fas-eye\" viewbox=\"0 0 576 512\" xmlns=\"http:\/\/www.w3.org\/2000\/svg\"><path d=\"M572.52 241.4C518.29 135.59 410.93 64 288 64S57.68 135.64 3.48 241.41a32.35 32.35 0 0 0 0 29.19C57.71 376.41 165.07 448 288 448s230.32-71.64 284.52-177.41a32.35 32.35 0 0 0 0-29.19zM288 400a144 144 0 1 1 144-144 143.93 143.93 0 0 1-144 144zm0-240a95.31 95.31 0 0 0-25.31 3.79 47.85 47.85 0 0 1-66.9 66.9A95.78 95.78 0 1 0 288 160z\"><\/path><\/svg>\t\t\t\t\t<\/span>\n\t\tVoir code\t\t\t\t<\/span>\n\t\t\t<\/div>\n\t\t\t<div class='pp-coupon-code-text-wrap pp-unreavel'>\n\t\t\t\t<span class='pp-coupon-code-text' id='pp-coupon-code-338b2b45'>SF3<\/span>\n\t\t\t\t<span class='pp-coupon-copy-text'style='display: none;'><\/span>\n\t\t\t<\/div>\n\t\t\t\t\t\t\t\t\t<\/div>\n\t\t\t\t\t\t\n\t\t\t\t\t\t<img decoding=\"async\" src=\"https:\/\/france-coupon.fr\/wp-content\/uploads\/elementor\/thumbs\/boutik-logo-geekbuying-e1730919204203-r6ygk52li06e2b30ahtaqwnhtvgitsxv7i94lg4yq2.jpg\" alt=\"boutik-logo-geekbuying-e1730919204203\">\n\t\t\t\t\t<\/div>\n\t\t\t\t\t\t\t\t\t\n\t\t\t\t\t\t\t\t<div class=\"pp-coupon-content\">\n\t\t\t\t\t<div class=\"pp-coupon-title-wrap\">\n\t\t\t\t\t\t<div class=\"pp-coupon-title-container\" href=\"https:\/\/fr.geekbuying.com\/item\/Ultimea-Skywave-F30-Boom-Barre-de-son-3-1-2ch-10004194.html?idev_id=2179&#038;utm_source=affiliate.geekbuying.com&#038;utm_medium=affiliate_2179&#038;utm_campaign=2179&#038;utm_content=2179&#038;utm_term=weed37&#038;utm_term=1766700048\" target=\"_blank\"><h4 class=\"pp-coupon-title\">155,00\u20ac<\/h4><\/div>\t\t\t\t\t<\/div>\n\n\t\t\t\t\t\n\t\t\t\t\t\t\t\t\t\t\t<hr class=\"pp-coupon-separator\">\n\t\t\t\t\t\n\t\t\t\t\t\t\t\t\t\t\t<div class=\"pp-coupon-button-wrap\">\n\t\t\t\t\t\t\t<a  href=\"https:\/\/fr.geekbuying.com\/item\/Ultimea-Skywave-F30-Boom-Barre-de-son-3-1-2ch-10004194.html?idev_id=2179&#038;utm_source=affiliate.geekbuying.com&#038;utm_medium=affiliate_2179&#038;utm_campaign=2179&#038;utm_content=2179&#038;utm_term=weed37&#038;utm_term=1766700048\" target=\"_blank\">\n\t\t\t\t\t\t\t\t<div class=\"pp-coupon-button elementor-button elementor-size-sm\">\n\t\t\t\t\t\t\t\t\t\t\t\t<span class=\"pp-button-icon pp-icon\">\n\t\t\t\t<svg aria-hidden=\"true\" class=\"e-font-icon-svg e-fas-long-arrow-alt-right\" viewbox=\"0 0 448 512\" xmlns=\"http:\/\/www.w3.org\/2000\/svg\"><path d=\"M313.941 216H12c-6.627 0-12 5.373-12 12v56c0 6.627 5.373 12 12 12h301.941v46.059c0 21.382 25.851 32.09 40.971 16.971l86.059-86.059c9.373-9.373 9.373-24.569 0-33.941l-86.059-86.059c-15.119-15.119-40.971-4.411-40.971 16.971V216z\"><\/path><\/svg>\t\t\t<\/span>\n\t\t\t\t\t\t\t\t\t\t\t\t\t\t\t\t\t\t\t\t\t\t<span class=\"pp-button-text\">\n\t\t\t\t\t\t\t\t\t\t\tLien du produit\t\t\t\t\t\t\t\t\t\t<\/span>\n\t\t\t\t\t\t\t\t\t\t\t\t\t\t\t\t\t\t\t\t\t\t\t\t\t\t<\/div>\n\t\t\t\t\t\t\t<\/a>\n\t\t\t\t\t\t<\/div>\n\t\t\t\t\t\t\t\t\t\t\t\t\t\t<\/div>\n\t\t\t<\/div>\n\t\t\t\t\t\t\t<\/div>\n\t\t\t\t\t\t\t<\/div>\n\t\t\t\t\t\t\t<\/div>\n\t\t\t\t<\/div>\n\t\t\t\t<div class=\"elementor-element elementor-element-4edf4fcf elementor-widget-divider--view-line elementor-widget elementor-widget-divider\" data-id=\"4edf4fcf\" data-element_type=\"widget\" data-widget_type=\"divider.default\">\n\t\t\t\t<div class=\"elementor-widget-container\">\n\t\t\t\t\t\t\t<div class=\"elementor-divider\">\n\t\t\t<span class=\"elementor-divider-separator\">\n\t\t\t\t\t\t<\/span>\n\t\t<\/div>\n\t\t\t\t\t\t<\/div>\n\t\t\t\t<\/div>\n\t\t<div class=\"elementor-element elementor-element-3d82a363 e-grid e-con-full e-con e-child\" data-id=\"3d82a363\" data-element_type=\"container\">\n\t\t\t\t<div class=\"elementor-element elementor-element-467b7c3 elementor-widget elementor-widget-text-editor\" data-id=\"467b7c3\" data-element_type=\"widget\" data-widget_type=\"text-editor.default\">\n\t\t\t\t<div class=\"elementor-widget-container\">\n\t\t\t\t\t\t\t\t\t<h5 style=\"text-align: center;\"><em><strong><span style=\"color: #0000ff;\">Comment utiliser<br \/>un coupon r\u00e9duction?<\/span><\/strong><\/em><\/h5><p><em><strong><span style=\"color: #0000ff;\">How to use a discount coupon?<\/span><\/strong><\/em><\/p>\t\t\t\t\t\t\t\t<\/div>\n\t\t\t\t<\/div>\n\t\t\t\t<div class=\"elementor-element elementor-element-ebf9bfd elementor-widget elementor-widget-video\" data-id=\"ebf9bfd\" data-element_type=\"widget\" data-settings=\"{&quot;youtube_url&quot;:&quot;https:\\\/\\\/www.youtube.com\\\/watch?v=eNNzTLooBIE&quot;,&quot;video_type&quot;:&quot;youtube&quot;,&quot;controls&quot;:&quot;yes&quot;}\" data-widget_type=\"video.default\">\n\t\t\t\t<div class=\"elementor-widget-container\">\n\t\t\t\t\t\t\t<div class=\"elementor-wrapper elementor-open-inline\">\n\t\t\t<div class=\"elementor-video\"><\/div>\t\t<\/div>\n\t\t\t\t\t\t<\/div>\n\t\t\t\t<\/div>\n\t\t\t\t<div class=\"elementor-element elementor-element-18c3a3a6 elementor-widget elementor-widget-text-editor\" data-id=\"18c3a3a6\" data-element_type=\"widget\" data-widget_type=\"text-editor.default\">\n\t\t\t\t<div class=\"elementor-widget-container\">\n\t\t\t\t\t\t\t\t\t<p style=\"text-align: center;\">&#8221; Certains liens sont susceptibles d&#8217;\u00eatre affili\u00e9s. En tant que partenaire Amazon, je r\u00e9alise un b\u00e9n\u00e9fice sur les achats remplissant les conditions requises. &#8220;<\/p>\t\t\t\t\t\t\t\t<\/div>\n\t\t\t\t<\/div>\n\t\t\t\t<\/div>\n\t\t\t\t<\/div>\n\t\t<div class=\"elementor-element elementor-element-5ddd14f4 e-flex e-con-boxed e-con e-parent\" data-id=\"5ddd14f4\" data-element_type=\"container\">\n\t\t\t\t\t<div class=\"e-con-inner\">\n\t\t\t\t<div class=\"elementor-element elementor-element-c5b54a8 elementor-widget elementor-widget-text-editor\" data-id=\"c5b54a8\" data-element_type=\"widget\" data-widget_type=\"text-editor.default\">\n\t\t\t\t<div class=\"elementor-widget-container\">\n\t\t\t\t\t\t\t\t\t<h3>Syst\u00e8me de son surround 3.1.2 canaux pour TV<\/h3><p>Construit sur une architecture 3.1.2 canaux, le syst\u00e8me combine des haut-parleurs frontaux, des enceintes \u00e0 projection vers le haut et un subwoofer de 6,5&#8243; pour cr\u00e9er un son multidimensionnel &#8211; aucun haut-parleur arri\u00e8re n&#8217;est n\u00e9cessaire. Ressentez le ciel devenir vivant &#8211; D\u00e9couvrez un son qui ne vous entoure pas seulement, mais vous enveloppe &#8211; du tonnerre grondant au-dessus \u00e0 la pluie tombant verticalement dans votre espace. Les haut-parleurs orientables \u00e0 haute pr\u00e9cision sont des effets de hauteur. si r\u00e9alistes que vous l\u00e8verez instinctivement les yeux lorsque des h\u00e9licopt\u00e8res passent ou que des \u00e9clairs frappent.Remarque : non compatible avec DTS.<\/p><h3>Pilotes \u00e0 projection vers le haut avec noyau en n\u00e9odyme<\/h3><p>Les canaux \u00e0 projection vers le haut utilisent des aimants internes en n\u00e9odyme et de grandes bobines vocales \u00e0 18 c\u0153urs pour am\u00e9liorer la pr\u00e9cision en hauteur et le lancement vertical. Cette configuration de qualit\u00e9 a\u00e9rospatiale assure une meilleure dynamique haute fr\u00e9quence, offrant des images sonores cibl\u00e9es et am\u00e9lior\u00e9es qui lib\u00e8rent le v\u00e9ritable potentiel de Dolby Atmos.<\/p><h3>Technologie BassMX<\/h3><p>Le subwoofer am\u00e9lior\u00e9 de 6,5 pouces dispose d&#8217;une bobine vocale plus grande de 25 mm, d&#8217;une excursion de 18 mm et d&#8217;un bo\u00eetier en bois \u00e9largi de 7,2 L \u2014 offrant des basses fr\u00e9quences plus puissantes et r\u00e9sonantes. Avec une r\u00e9ponse des basses \u00e9tendue jusqu&#8217;\u00e0 38 Hz, cela ajoute une profondeur plus intense et un meilleur contr\u00f4le aux sc\u00e8nes d&#8217;action, aux explosions et aux rythmes de la musique. Cette plus grande chambre acoustique produit un espace sonore plus large et un impact physique plus fort que les subwoofers compacts traditionnels.<\/p><h3>Technologie VoiceMX et traitement DSP pour un dialogue clair<\/h3><p>VoiceMX am\u00e9liore la clart\u00e9 vocale dans n&#8217;importe quelle sc\u00e8ne. Le DSP en temps r\u00e9el traite l&#8217;audio pour une meilleure s\u00e9paration des canaux, une distorsion minimale et des d\u00e9tails coh\u00e9rents \u00e0 tous les volumes.<\/p><h3>Transmission audio sans perte et fonction CEC<\/h3><p>D\u00e9bloquez la performance compl\u00e8te de Dolby Atmos avec HDMI eARC, prenant en charge jusqu&#8217;\u00e0 37 Mbps de bande passante pour un son 3.1.2 canaux sans perte. Par rapport \u00e0 la norme ARC, eARC offre des d\u00e9tails plus riches et des meilleurs effets surround sans compression. Avec CEC, votre t\u00e9l\u00e9viseur et votre barre de son fonctionnent comme un seul appareil : l&#8217;alimentation, le volume et la synchronisation des entr\u00e9es se font automatiquement pour un contr\u00f4le sans effort.<\/p><h3>Contr\u00f4le avanc\u00e9 des applications<\/h3><p>Personnalisez votre exp\u00e9rience audio avec l&#8217;application Ultimea, dot\u00e9e d&#8217;un \u00e9galiseur graphique \u00e0 10 bandes et de 121 param\u00e8tres sonores pr\u00e9d\u00e9finis. Profitez des mises \u00e0 jour OTA transparentes qui d\u00e9bloquent de nouvelles fonctionnalit\u00e9s et maintiennent la performance optimale de votre appareil.<\/p><h3>Bluetooth 5.4<\/h3><p>Le Bluetooth 5.4 offre une connexion plus stable et r\u00e9active que le Bluetooth 5.3, avec une synchronisation plus rapide des appareils et une plus grande r\u00e9sistance aux interf\u00e9rences sans fil. Profitez d&#8217;un streaming audio plus fluide et de performances \u00e0 faible latence \u2014 parfait pour les films, la musique et les jeux.<\/p><p><img decoding=\"async\" class=\"lazy_img\" src=\"https:\/\/img.gkbcdn.com\/d\/202512\/Ultimea-Skywave-F30-Boom-3-1-2ch-Soundbar-10004194-0._p1_.jpg\" alt=\"Ultimea Skywave F30 Boom Barre de son 3.1.2ch, puissance de pointe de 360W, Dolby Atmos, contr\u00f4le par application, prend en charge la connexion HDMI, Bluetooth 5.4\" data-original=\"\/\/img.gkbcdn.com\/d\/202512\/Ultimea-Skywave-F30-Boom-3-1-2ch-Soundbar-10004194-0._p1_.jpg\" \/><img decoding=\"async\" class=\"lazy_img\" src=\"https:\/\/img.gkbcdn.com\/d\/202512\/Ultimea-Skywave-F30-Boom-3-1-2ch-Soundbar-10004194-1._p1_.jpg\" alt=\"Ultimea Skywave F30 Boom Barre de son 3.1.2ch, puissance de pointe de 360W, Dolby Atmos, contr\u00f4le par application, prend en charge la connexion HDMI, Bluetooth 5.4\" data-original=\"\/\/img.gkbcdn.com\/d\/202512\/Ultimea-Skywave-F30-Boom-3-1-2ch-Soundbar-10004194-1._p1_.jpg\" \/><img decoding=\"async\" class=\"lazy_img\" src=\"https:\/\/img.gkbcdn.com\/d\/202512\/Ultimea-Skywave-F30-Boom-3-1-2ch-Soundbar-10004194-2._p1_.jpg\" alt=\"Ultimea Skywave F30 Boom Barre de son 3.1.2ch, puissance de pointe de 360W, Dolby Atmos, contr\u00f4le par application, prend en charge la connexion HDMI, Bluetooth 5.4\" data-original=\"\/\/img.gkbcdn.com\/d\/202512\/Ultimea-Skywave-F30-Boom-3-1-2ch-Soundbar-10004194-2._p1_.jpg\" \/><img decoding=\"async\" class=\"lazy_img\" src=\"https:\/\/img.gkbcdn.com\/d\/202512\/Ultimea-Skywave-F30-Boom-3-1-2ch-Soundbar-10004194-3._p1_.jpg\" alt=\"Ultimea Skywave F30 Boom Barre de son 3.1.2ch, puissance de pointe de 360W, Dolby Atmos, contr\u00f4le par application, prend en charge la connexion HDMI, Bluetooth 5.4\" data-original=\"\/\/img.gkbcdn.com\/d\/202512\/Ultimea-Skywave-F30-Boom-3-1-2ch-Soundbar-10004194-3._p1_.jpg\" \/><img decoding=\"async\" class=\"lazy_img\" src=\"https:\/\/img.gkbcdn.com\/d\/202512\/Ultimea-Skywave-F30-Boom-3-1-2ch-Soundbar-10004194-4._p1_.jpg\" alt=\"Ultimea Skywave F30 Boom Barre de son 3.1.2ch, puissance de pointe de 360W, Dolby Atmos, contr\u00f4le par application, prend en charge la connexion HDMI, Bluetooth 5.4\" data-original=\"\/\/img.gkbcdn.com\/d\/202512\/Ultimea-Skywave-F30-Boom-3-1-2ch-Soundbar-10004194-4._p1_.jpg\" \/><img decoding=\"async\" class=\"lazy_img\" src=\"https:\/\/img.gkbcdn.com\/d\/202512\/Ultimea-Skywave-F30-Boom-3-1-2ch-Soundbar-10004194-5._p1_.jpg\" alt=\"Ultimea Skywave F30 Boom Barre de son 3.1.2ch, puissance de pointe de 360W, Dolby Atmos, contr\u00f4le par application, prend en charge la connexion HDMI, Bluetooth 5.4\" data-original=\"\/\/img.gkbcdn.com\/d\/202512\/Ultimea-Skywave-F30-Boom-3-1-2ch-Soundbar-10004194-5._p1_.jpg\" \/><img decoding=\"async\" class=\"lazy_img\" src=\"https:\/\/img.gkbcdn.com\/d\/202512\/Ultimea-Skywave-F30-Boom-3-1-2ch-Soundbar-10004194-6._p1_.jpg\" alt=\"Ultimea Skywave F30 Boom Barre de son 3.1.2ch, puissance de pointe de 360W, Dolby Atmos, contr\u00f4le par application, prend en charge la connexion HDMI, Bluetooth 5.4\" data-original=\"\/\/img.gkbcdn.com\/d\/202512\/Ultimea-Skywave-F30-Boom-3-1-2ch-Soundbar-10004194-6._p1_.jpg\" \/><img decoding=\"async\" class=\"lazy_img\" src=\"https:\/\/img.gkbcdn.com\/d\/202512\/Ultimea-Skywave-F30-Boom-3-1-2ch-Soundbar-10004194-7._p1_.jpg\" alt=\"Ultimea Skywave F30 Boom Barre de son 3.1.2ch, puissance de pointe de 360W, Dolby Atmos, contr\u00f4le par application, prend en charge la connexion HDMI, Bluetooth 5.4\" data-original=\"\/\/img.gkbcdn.com\/d\/202512\/Ultimea-Skywave-F30-Boom-3-1-2ch-Soundbar-10004194-7._p1_.jpg\" \/><img decoding=\"async\" class=\"lazy_img\" src=\"https:\/\/img.gkbcdn.com\/d\/202512\/Ultimea-Skywave-F30-Boom-3-1-2ch-Soundbar-10004194-8._p1_.jpg\" alt=\"Ultimea Skywave F30 Boom Barre de son 3.1.2ch, puissance de pointe de 360W, Dolby Atmos, contr\u00f4le par application, prend en charge la connexion HDMI, Bluetooth 5.4\" data-original=\"\/\/img.gkbcdn.com\/d\/202512\/Ultimea-Skywave-F30-Boom-3-1-2ch-Soundbar-10004194-8._p1_.jpg\" \/><img decoding=\"async\" class=\"lazy_img\" src=\"https:\/\/img.gkbcdn.com\/d\/202512\/Ultimea-Skywave-F30-Boom-3-1-2ch-Soundbar-10004194-9._p1_.jpg\" alt=\"Ultimea Skywave F30 Boom Barre de son 3.1.2ch, puissance de pointe de 360W, Dolby Atmos, contr\u00f4le par application, prend en charge la connexion HDMI, Bluetooth 5.4\" data-original=\"\/\/img.gkbcdn.com\/d\/202512\/Ultimea-Skywave-F30-Boom-3-1-2ch-Soundbar-10004194-9._p1_.jpg\" \/><img decoding=\"async\" class=\"lazy_img\" src=\"https:\/\/img.gkbcdn.com\/d\/202512\/Ultimea-Skywave-F30-Boom-3-1-2ch-Soundbar-10004194-10._p1_.jpg\" alt=\"Ultimea Skywave F30 Boom Barre de son 3.1.2ch, puissance de pointe de 360W, Dolby Atmos, contr\u00f4le par application, prend en charge la connexion HDMI, Bluetooth 5.4\" data-original=\"\/\/img.gkbcdn.com\/d\/202512\/Ultimea-Skywave-F30-Boom-3-1-2ch-Soundbar-10004194-10._p1_.jpg\" \/><img decoding=\"async\" class=\"lazy_img\" src=\"https:\/\/img.gkbcdn.com\/d\/202512\/Ultimea-Skywave-F30-Boom-3-1-2ch-Soundbar-10004194-11._p1_.jpg\" alt=\"Ultimea Skywave F30 Boom Barre de son 3.1.2ch, puissance de pointe de 360W, Dolby Atmos, contr\u00f4le par application, prend en charge la connexion HDMI, Bluetooth 5.4\" data-original=\"\/\/img.gkbcdn.com\/d\/202512\/Ultimea-Skywave-F30-Boom-3-1-2ch-Soundbar-10004194-11._p1_.jpg\" \/><img decoding=\"async\" class=\"lazy_img\" src=\"https:\/\/img.gkbcdn.com\/d\/202512\/Ultimea-Skywave-F30-Boom-3-1-2ch-Soundbar-10004194-12._p1_.jpg\" alt=\"Ultimea Skywave F30 Boom Barre de son 3.1.2ch, puissance de pointe de 360W, Dolby Atmos, contr\u00f4le par application, prend en charge la connexion HDMI, Bluetooth 5.4\" data-original=\"\/\/img.gkbcdn.com\/d\/202512\/Ultimea-Skywave-F30-Boom-3-1-2ch-Soundbar-10004194-12._p1_.jpg\" \/><img decoding=\"async\" class=\"lazy_img\" src=\"https:\/\/img.gkbcdn.com\/d\/202512\/Ultimea-Skywave-F30-Boom-3-1-2ch-Soundbar-10004194-13._p1_.jpg\" alt=\"Ultimea Skywave F30 Boom Barre de son 3.1.2ch, puissance de pointe de 360W, Dolby Atmos, contr\u00f4le par application, prend en charge la connexion HDMI, Bluetooth 5.4\" data-original=\"\/\/img.gkbcdn.com\/d\/202512\/Ultimea-Skywave-F30-Boom-3-1-2ch-Soundbar-10004194-13._p1_.jpg\" \/><img decoding=\"async\" class=\"lazy_img\" src=\"https:\/\/img.gkbcdn.com\/d\/202512\/Ultimea-Skywave-F30-Boom-3-1-2ch-Soundbar-10004194-14._p1_.jpg\" alt=\"Ultimea Skywave F30 Boom Barre de son 3.1.2ch, puissance de pointe de 360W, Dolby Atmos, contr\u00f4le par application, prend en charge la connexion HDMI, Bluetooth 5.4\" data-original=\"\/\/img.gkbcdn.com\/d\/202512\/Ultimea-Skywave-F30-Boom-3-1-2ch-Soundbar-10004194-14._p1_.jpg\" \/><\/p><h2>Sp\u00e9cification<\/h2><table class=\"jbEidtTable\" border=\"1\" cellspacing=\"0\" cellpadding=\"5\"><tbody><tr><td><strong>G\u00e9n\u00e9ral<\/strong><\/td><td><p>Marque : ULTIMEA<br \/>Type : Barre de son<br \/>Mod\u00e8le : Boom Skywave F30<br \/>Couleur : Noir<\/p><\/td><\/tr><tr><td><strong>Sp\u00e9cification<\/strong><\/td><td><p>Puissance maximale : 360 W<br \/>Dolby Atmos : Oui<br \/>Canaux de haut-parleur : 3.1.2<br \/>Nombre total de haut-parleurs : 6<br \/>Pilotes : Barre principale : 3,4&#8243; x 1,5&#8243; x 3 + 1,75&#8243; x 2 ; Subwoofer : 6,5&#8243; x 1<br \/>Type de t\u00e9l\u00e9commande : Signal infrarouge<br \/>Modes d&#8217;\u00e9coute (EQ) : Film, Musique, Voix, Sport, Jeu, Nuit<br \/>Gamme de fr\u00e9quences : 45 Hz -18 kHz<br \/>Niveau de pression sonore maximale : &gt;96dB<br \/>Rapport signal\/bruit : \u226575dB<br \/>Distorsion : &lt;1 %<br \/>Bluetooth : 5.4<br \/>Alimentation : 24 V 3 A<\/p><p>Connectivit\u00e9 :<br \/>1 x HDMI eARC<br \/>1 x optique<br \/>1 port USB<\/p><\/td><\/tr><tr><td><strong>Poids et taille<\/strong><\/td><td>Poids du produit : 7,5 kg<br \/>Poids du colis : 8 kg<br \/>Taille du produit (L x L x H) : 80 x 46 x 90 cm<br \/>Taille de l&#8217;emballage (L x L x H) : 44,8 x 33,5 x 25,5 cm<\/td><\/tr><tr><td><strong>Contenu du paquet<\/strong><\/td><td><p>1 x barre de son<br \/>1 x caisson de basses<br \/>1 x adaptateur secteur pour barre de son<br \/>1 x t\u00e9l\u00e9commande<br \/>2 x support mural<br \/>1 c\u00e2ble HDMI eARC (1,5 m)<br \/>1 x c\u00e2ble optique num\u00e9rique (1,5 m)<br \/>4 x kit de montage mural<br \/>2 x vis de montage sur haut-parleurs<br \/>1 x adaptateur HDMI \u00e0 angle droit<br \/>1 x Manuel d&#8217;utilisation<\/p><\/td><\/tr><\/tbody><\/table>\t\t\t\t\t\t\t\t<\/div>\n\t\t\t\t<\/div>\n\t\t\t\t\t<\/div>\n\t\t\t\t<\/div>\n\t\t\t\t<\/div>","protected":false},"excerpt":{"rendered":"<p>Barre de son 3.1.2ch, puissance de pointe de 360W, Dolby Atmos, contr\u00f4le par application, prend en charge la connexion HDMI, Bluetooth 5.4&#8230;<\/p>","protected":false},"featured_media":26678,"comment_status":"closed","ping_status":"closed","template":"","meta":{"om_disable_all_campaigns":false,"_monsterinsights_skip_tracking":false,"_monsterinsights_sitenote_active":false,"_monsterinsights_sitenote_note":"","_monsterinsights_sitenote_category":0},"product_brand":[],"product_cat":[1260,1302],"product_tag":[2322,2195,1930,2324,2191,1933,2323,2002,2190,1299,1942,2188],"class_list":{"0":"post-26677","1":"product","2":"type-product","3":"status-publish","4":"has-post-thumbnail","6":"product_cat-high-tech","7":"product_cat-peripheriques","8":"product_tag-360w","9":"product_tag-7-1","10":"product_tag-bluetooth","11":"product_tag-boom","12":"product_tag-cinema","13":"product_tag-enceinte","14":"product_tag-f30","15":"product_tag-hdr","16":"product_tag-home","17":"product_tag-led","18":"product_tag-son","19":"product_tag-ultimea","21":"first","22":"instock","23":"sale","24":"shipping-taxable","25":"product-type-external"},"aioseo_notices":[],"jetpack_sharing_enabled":true,"_links":{"self":[{"href":"http:\/\/france-coupon.fr\/en\/wp-json\/wp\/v2\/product\/26677","targetHints":{"allow":["GET"]}}],"collection":[{"href":"http:\/\/france-coupon.fr\/en\/wp-json\/wp\/v2\/product"}],"about":[{"href":"http:\/\/france-coupon.fr\/en\/wp-json\/wp\/v2\/types\/product"}],"replies":[{"embeddable":true,"href":"http:\/\/france-coupon.fr\/en\/wp-json\/wp\/v2\/comments?post=26677"}],"version-history":[{"count":0,"href":"http:\/\/france-coupon.fr\/en\/wp-json\/wp\/v2\/product\/26677\/revisions"}],"wp:featuredmedia":[{"embeddable":true,"href":"http:\/\/france-coupon.fr\/en\/wp-json\/wp\/v2\/media\/26678"}],"wp:attachment":[{"href":"http:\/\/france-coupon.fr\/en\/wp-json\/wp\/v2\/media?parent=26677"}],"wp:term":[{"taxonomy":"product_brand","embeddable":true,"href":"http:\/\/france-coupon.fr\/en\/wp-json\/wp\/v2\/product_brand?post=26677"},{"taxonomy":"product_cat","embeddable":true,"href":"http:\/\/france-coupon.fr\/en\/wp-json\/wp\/v2\/product_cat?post=26677"},{"taxonomy":"product_tag","embeddable":true,"href":"http:\/\/france-coupon.fr\/en\/wp-json\/wp\/v2\/product_tag?post=26677"}],"curies":[{"name":"wp","href":"https:\/\/api.w.org\/{rel}","templated":true}]}}