{"id":26765,"date":"2026-01-06T09:47:28","date_gmt":"2026-01-06T08:47:28","guid":{"rendered":"https:\/\/france-coupon.fr\/?post_type=product&#038;p=26765"},"modified":"2026-01-06T20:56:42","modified_gmt":"2026-01-06T19:56:42","slug":"anbernic-rg476h","status":"publish","type":"product","link":"http:\/\/france-coupon.fr\/en\/product\/anbernic-rg476h\/","title":{"rendered":"Anbernic RG476H"},"content":{"rendered":"<div data-elementor-type=\"product-post\" data-elementor-id=\"26765\" class=\"elementor elementor-26765\" data-elementor-post-type=\"product\">\n\t\t\t\t<div class=\"elementor-element elementor-element-bf08148 e-con-full e-flex e-con e-parent\" data-id=\"bf08148\" data-element_type=\"container\">\n\t\t\t\t<div class=\"elementor-element elementor-element-4dafd19e elementor-widget elementor-widget-heading\" data-id=\"4dafd19e\" data-element_type=\"widget\" data-widget_type=\"heading.default\">\n\t\t\t\t<div class=\"elementor-widget-container\">\n\t\t\t\t\t<h2 class=\"elementor-heading-title elementor-size-default\">\u2193 RETROUVEZ LES MEILLEURS PRIX \u2193<\/h2>\t\t\t\t<\/div>\n\t\t\t\t<\/div>\n\t\t\t\t<div class=\"elementor-element elementor-element-27297813 elementor-widget-divider--view-line elementor-widget elementor-widget-divider\" data-id=\"27297813\" data-element_type=\"widget\" data-widget_type=\"divider.default\">\n\t\t\t\t<div class=\"elementor-widget-container\">\n\t\t\t\t\t\t\t<div class=\"elementor-divider\">\n\t\t\t<span class=\"elementor-divider-separator\">\n\t\t\t\t\t\t<\/span>\n\t\t<\/div>\n\t\t\t\t\t\t<\/div>\n\t\t\t\t<\/div>\n\t\t\t\t<div class=\"elementor-element elementor-element-3e806f92 elementor-grid-4 pp-coupon-button-icon-before pp-coupon-code-right elementor-grid-tablet-2 elementor-grid-mobile-1 pp-coupon-discount-left elementor-widget elementor-widget-pp-coupons\" data-id=\"3e806f92\" data-element_type=\"widget\" data-settings=\"{&quot;coupon_style&quot;:&quot;reveal&quot;,&quot;layout&quot;:&quot;grid&quot;}\" data-widget_type=\"pp-coupons.default\">\n\t\t\t\t<div class=\"elementor-widget-container\">\n\t\t\t\t\t\t\t\t\t\t<div class=\"pp-coupons pp-coupons-grid\">\n\t\t\t\t<div class=\"elementor-grid pp-coupons-grid-wrapper\" data-query-type=\"custom\" data-layout=\"grid\" data-page=\"26765\" data-skin=\"3e806f92\">\n\t\t\t\t\t\t\t\t<div class=\"pp-coupon elementor-grid-item\">\n\t\t\t\t\t\t\t\t\t<div class=\"pp-coupon-image-wrapper\">\n\t\t\t\t\t\t\n\t\t\t\t\t\t\n\t\t\t\t\t\t<img decoding=\"async\" src=\"https:\/\/france-coupon.fr\/wp-content\/uploads\/elementor\/thumbs\/boutik-logo-amazon-r4n51ylya8ppqp82dlqc6u0q0lvkz968dc9xkye3t6.jpg\" alt=\"boutik logo amazon\">\n\t\t\t\t\t<\/div>\n\t\t\t\t\t\t\t\t\t\n\t\t\t\t\t\t\t\t<div class=\"pp-coupon-content\">\n\t\t\t\t\t<div class=\"pp-coupon-title-wrap\">\n\t\t\t\t\t\t<div class=\"pp-coupon-title-container\" href=\"https:\/\/amzn.to\/4qGwBuu\" target=\"_blank\"><h4 class=\"pp-coupon-title\">274,44\u20ac<\/h4><\/div>\t\t\t\t\t<\/div>\n\n\t\t\t\t\t\n\t\t\t\t\t\t\t\t\t\t\t<hr class=\"pp-coupon-separator\">\n\t\t\t\t\t\n\t\t\t\t\t\t\t\t\t\t\t<div class=\"pp-coupon-button-wrap\">\n\t\t\t\t\t\t\t<a  href=\"https:\/\/amzn.to\/4qGwBuu\" target=\"_blank\">\n\t\t\t\t\t\t\t\t<div class=\"pp-coupon-button elementor-button elementor-size-sm\">\n\t\t\t\t\t\t\t\t\t\t\t\t<span class=\"pp-button-icon pp-icon\">\n\t\t\t\t<svg aria-hidden=\"true\" class=\"e-font-icon-svg e-fas-long-arrow-alt-right\" viewbox=\"0 0 448 512\" xmlns=\"http:\/\/www.w3.org\/2000\/svg\"><path d=\"M313.941 216H12c-6.627 0-12 5.373-12 12v56c0 6.627 5.373 12 12 12h301.941v46.059c0 21.382 25.851 32.09 40.971 16.971l86.059-86.059c9.373-9.373 9.373-24.569 0-33.941l-86.059-86.059c-15.119-15.119-40.971-4.411-40.971 16.971V216z\"><\/path><\/svg>\t\t\t<\/span>\n\t\t\t\t\t\t\t\t\t\t\t\t\t\t\t\t\t\t\t\t\t\t<span class=\"pp-button-text\">\n\t\t\t\t\t\t\t\t\t\t\tLien du produit\t\t\t\t\t\t\t\t\t\t<\/span>\n\t\t\t\t\t\t\t\t\t\t\t\t\t\t\t\t\t\t\t\t\t\t\t\t\t\t<\/div>\n\t\t\t\t\t\t\t<\/a>\n\t\t\t\t\t\t<\/div>\n\t\t\t\t\t\t\t\t\t\t\t\t\t\t<\/div>\n\t\t\t<\/div>\n\t\t\t\t\t\t<div class=\"pp-coupon elementor-grid-item\">\n\t\t\t\t\t\t\t\t\t<div class=\"pp-coupon-image-wrapper\">\n\t\t\t\t\t\t\t\t\t\t\t\t\t<div class=\"pp-coupon-discount\">\n\t\t\t\t\t\t\t\tRecommand\u00e9\t\t\t\t\t\t\t<\/div>\n\t\t\t\t\t\t\n\t\t\t\t\t\t\t\t\t\t\t\t\t<div class=\"pp-coupon-code pp-coupon-style-reveal\" data-coupon-code=\"NNNFR256H\">\n\t\t\t\t\t\t\t\t\t\t\t\t\t\t\t\t<div class='pp-coupon-reveal-wrap'>\n\t\t\t\t<span class='pp-coupon-reveal'>\n\t\t\t\t\t\t\t<span class=\"pp-coupon-code-icon pp-icon\">\n\t\t\t\t\t\t\t<svg aria-hidden=\"true\" class=\"e-font-icon-svg e-fas-eye\" viewbox=\"0 0 576 512\" xmlns=\"http:\/\/www.w3.org\/2000\/svg\"><path d=\"M572.52 241.4C518.29 135.59 410.93 64 288 64S57.68 135.64 3.48 241.41a32.35 32.35 0 0 0 0 29.19C57.71 376.41 165.07 448 288 448s230.32-71.64 284.52-177.41a32.35 32.35 0 0 0 0-29.19zM288 400a144 144 0 1 1 144-144 143.93 143.93 0 0 1-144 144zm0-240a95.31 95.31 0 0 0-25.31 3.79 47.85 47.85 0 0 1-66.9 66.9A95.78 95.78 0 1 0 288 160z\"><\/path><\/svg>\t\t\t\t\t<\/span>\n\t\tVoir code\t\t\t\t<\/span>\n\t\t\t<\/div>\n\t\t\t<div class='pp-coupon-code-text-wrap pp-unreavel'>\n\t\t\t\t<span class='pp-coupon-code-text' id='pp-coupon-code-3e806f92'>56H<\/span>\n\t\t\t\t<span class='pp-coupon-copy-text'style='display: none;'><\/span>\n\t\t\t<\/div>\n\t\t\t\t\t\t\t\t\t<\/div>\n\t\t\t\t\t\t\n\t\t\t\t\t\t<img decoding=\"async\" src=\"https:\/\/france-coupon.fr\/wp-content\/uploads\/elementor\/thumbs\/boutik-logo-geekbuying-e1730919204203-r6ygk52li06e2b30ahtaqwnhtvgitsxv7i94lg4yq2.jpg\" alt=\"boutik-logo-geekbuying-e1730919204203\">\n\t\t\t\t\t<\/div>\n\t\t\t\t\t\t\t\t\t\n\t\t\t\t\t\t\t\t<div class=\"pp-coupon-content\">\n\t\t\t\t\t<div class=\"pp-coupon-title-wrap\">\n\t\t\t\t\t\t<div class=\"pp-coupon-title-container\" href=\"https:\/\/www.geekbuying.com\/item\/ANBERNIC-RG476H-AI-Game-Console-256GB-TF-Card-Retro-Grey-530231.html?idev_id=2179&#038;utm_source=affiliate.geekbuying.com&#038;utm_medium=affiliate_2179&#038;utm_campaign=2179&#038;utm_content=2179&#038;utm_term=weed37&#038;utm_term=1767728789\" target=\"_blank\"><h4 class=\"pp-coupon-title\">185,00\u20ac<\/h4><\/div>\t\t\t\t\t<\/div>\n\n\t\t\t\t\t\n\t\t\t\t\t\t\t\t\t\t\t<hr class=\"pp-coupon-separator\">\n\t\t\t\t\t\n\t\t\t\t\t\t\t\t\t\t\t<div class=\"pp-coupon-button-wrap\">\n\t\t\t\t\t\t\t<a  href=\"https:\/\/www.geekbuying.com\/item\/ANBERNIC-RG476H-AI-Game-Console-256GB-TF-Card-Retro-Grey-530231.html?idev_id=2179&#038;utm_source=affiliate.geekbuying.com&#038;utm_medium=affiliate_2179&#038;utm_campaign=2179&#038;utm_content=2179&#038;utm_term=weed37&#038;utm_term=1767728789\" target=\"_blank\">\n\t\t\t\t\t\t\t\t<div class=\"pp-coupon-button elementor-button elementor-size-sm\">\n\t\t\t\t\t\t\t\t\t\t\t\t<span class=\"pp-button-icon pp-icon\">\n\t\t\t\t<svg aria-hidden=\"true\" class=\"e-font-icon-svg e-fas-long-arrow-alt-right\" viewbox=\"0 0 448 512\" xmlns=\"http:\/\/www.w3.org\/2000\/svg\"><path d=\"M313.941 216H12c-6.627 0-12 5.373-12 12v56c0 6.627 5.373 12 12 12h301.941v46.059c0 21.382 25.851 32.09 40.971 16.971l86.059-86.059c9.373-9.373 9.373-24.569 0-33.941l-86.059-86.059c-15.119-15.119-40.971-4.411-40.971 16.971V216z\"><\/path><\/svg>\t\t\t<\/span>\n\t\t\t\t\t\t\t\t\t\t\t\t\t\t\t\t\t\t\t\t\t\t<span class=\"pp-button-text\">\n\t\t\t\t\t\t\t\t\t\t\tLien du produit\t\t\t\t\t\t\t\t\t\t<\/span>\n\t\t\t\t\t\t\t\t\t\t\t\t\t\t\t\t\t\t\t\t\t\t\t\t\t\t<\/div>\n\t\t\t\t\t\t\t<\/a>\n\t\t\t\t\t\t<\/div>\n\t\t\t\t\t\t\t\t\t\t\t\t\t\t<\/div>\n\t\t\t<\/div>\n\t\t\t\t\t\t\t<\/div>\n\t\t\t\t\t\t\t<\/div>\n\t\t\t\t\t\t\t<\/div>\n\t\t\t\t<\/div>\n\t\t\t\t<div class=\"elementor-element elementor-element-5ce20ff5 elementor-widget-divider--view-line elementor-widget elementor-widget-divider\" data-id=\"5ce20ff5\" data-element_type=\"widget\" data-widget_type=\"divider.default\">\n\t\t\t\t<div class=\"elementor-widget-container\">\n\t\t\t\t\t\t\t<div class=\"elementor-divider\">\n\t\t\t<span class=\"elementor-divider-separator\">\n\t\t\t\t\t\t<\/span>\n\t\t<\/div>\n\t\t\t\t\t\t<\/div>\n\t\t\t\t<\/div>\n\t\t<div class=\"elementor-element elementor-element-2bdc07b e-grid e-con-full e-con e-child\" data-id=\"2bdc07b\" data-element_type=\"container\">\n\t\t\t\t<div class=\"elementor-element elementor-element-4800a115 elementor-widget elementor-widget-text-editor\" data-id=\"4800a115\" data-element_type=\"widget\" data-widget_type=\"text-editor.default\">\n\t\t\t\t<div class=\"elementor-widget-container\">\n\t\t\t\t\t\t\t\t\t<h5 style=\"text-align: center;\"><em><strong><span style=\"color: #0000ff;\">Comment utiliser<br \/>un coupon r\u00e9duction?<\/span><\/strong><\/em><\/h5><p><em><strong><span style=\"color: #0000ff;\">How to use a discount coupon?<\/span><\/strong><\/em><\/p>\t\t\t\t\t\t\t\t<\/div>\n\t\t\t\t<\/div>\n\t\t\t\t<div class=\"elementor-element elementor-element-3690722f elementor-widget elementor-widget-video\" data-id=\"3690722f\" data-element_type=\"widget\" data-settings=\"{&quot;youtube_url&quot;:&quot;https:\\\/\\\/www.youtube.com\\\/watch?v=eNNzTLooBIE&quot;,&quot;video_type&quot;:&quot;youtube&quot;,&quot;controls&quot;:&quot;yes&quot;}\" data-widget_type=\"video.default\">\n\t\t\t\t<div class=\"elementor-widget-container\">\n\t\t\t\t\t\t\t<div class=\"elementor-wrapper elementor-open-inline\">\n\t\t\t<div class=\"elementor-video\"><\/div>\t\t<\/div>\n\t\t\t\t\t\t<\/div>\n\t\t\t\t<\/div>\n\t\t\t\t<div class=\"elementor-element elementor-element-63a3067b elementor-widget elementor-widget-text-editor\" data-id=\"63a3067b\" data-element_type=\"widget\" data-widget_type=\"text-editor.default\">\n\t\t\t\t<div class=\"elementor-widget-container\">\n\t\t\t\t\t\t\t\t\t<p style=\"text-align: center;\">&#8221; Certains liens sont susceptibles d&#8217;\u00eatre affili\u00e9s. En tant que partenaire Amazon, je r\u00e9alise un b\u00e9n\u00e9fice sur les achats remplissant les conditions requises. &#8220;<\/p>\t\t\t\t\t\t\t\t<\/div>\n\t\t\t\t<\/div>\n\t\t\t\t<\/div>\n\t\t\t\t<\/div>\n\t\t<div class=\"elementor-element elementor-element-6e014544 e-flex e-con-boxed e-con e-parent\" data-id=\"6e014544\" data-element_type=\"container\">\n\t\t\t\t\t<div class=\"e-con-inner\">\n\t\t\t\t<div class=\"elementor-element elementor-element-5c1d5b32 elementor-widget elementor-widget-text-editor\" data-id=\"5c1d5b32\" data-element_type=\"widget\" data-widget_type=\"text-editor.default\">\n\t\t\t\t<div class=\"elementor-widget-container\">\n\t\t\t\t\t\t\t\t\t<h3><span dir=\"auto\">Un r\u00e9gal visuel \u00e0 taux de rafra\u00eechissement \u00e9lev\u00e9<\/span><\/h3><p><span dir=\"auto\">Dot\u00e9 d&#8217;un \u00e9cran LTPS In-Cell de 4,7 pouces sans bordures avec technologie OCA (Full Laminate), d&#8217;une r\u00e9solution de 1280 x 960, d&#8217;une fonction multitouch et d&#8217;une fr\u00e9quence de rafra\u00eechissement maximale de 120 Hz, il offre une fluidit\u00e9 et une nettet\u00e9 d&#8217;image exceptionnelles, que ce soit pour les jeux d&#8217;action rapides ou les graphismes d\u00e9taill\u00e9s.<\/span><\/p><h3><span dir=\"auto\">Noyau puissant<\/span><\/h3><p><span dir=\"auto\">Dot\u00e9 d&#8217;un processeur octoc\u0153ur Unisoc Tiger T820 et d&#8217;un GPU quad-core Mali-G57, cet appareil comprend 8 Go de RAM LPDDR4X et 128 Go de stockage UFS 2.2 haute vitesse, extensible jusqu&#8217;\u00e0 2 To via une carte microSD. Il ex\u00e9cute sans probl\u00e8me les jeux Android les plus courants et plus de 30 \u00e9mulateurs, dont PS2, Wii, NGC, 3DS, PSP, Arcade, GBA\/GB, FC, SFC, MD, etc.<\/span><\/p><h3><span dir=\"auto\">Stable et durable<\/span><\/h3><p><span dir=\"auto\">Dot\u00e9 d&#8217;un ventilateur haute vitesse et d&#8217;un syst\u00e8me de refroidissement actif par caloduc, ce processeur offre des performances stables m\u00eame en cas de forte charge, \u00e9vitant ainsi toute surchauffe. Sa batterie lithium-polym\u00e8re de 5\u00a0000\u00a0mAh assure jusqu&#8217;\u00e0 6\u00a0heures d&#8217;autonomie et se recharge compl\u00e8tement en 3\u00a0heures environ gr\u00e2ce \u00e0 la charge rapide 5\u00a0V\/2\u00a0A.<\/span><\/p><h3><span dir=\"auto\">Exp\u00e9rience de contr\u00f4le immersive<\/span><\/h3><p><span dir=\"auto\">Dot\u00e9 d&#8217;un joystick 3D \u00e0 effet Hall grand angle pour une utilisation fluide et durable, \u00e9liminant toute d\u00e9rive\u00a0; de g\u00e2chettes \u00e0 effet Hall pour un contr\u00f4le pr\u00e9cis\u00a0; et d&#8217;un gyroscope \u00e0 six axes pour une vis\u00e9e avanc\u00e9e. Associ\u00e9 \u00e0 un moteur de vibration et \u00e0 des haut-parleurs st\u00e9r\u00e9o haute fid\u00e9lit\u00e9, il am\u00e9liore l&#8217;exp\u00e9rience de jeu.<\/span><\/p><h3><span dir=\"auto\">Divertissement multimode<\/span><\/h3><p><span dir=\"auto\">Double affichage pour une exp\u00e9rience de jeu NDS\/3DS fluide. Projection d&#8217;\u00e9cran sans fil pour profiter des jeux AAA sur grand \u00e9cran. Jeu multijoueur en ligne via Wi-Fi. Port USB Type-C compatible 1080p\u00a0; prise casque 3,5\u00a0mm pour un son traditionnel.<\/span><\/p><h3><span dir=\"auto\">Effets lumineux color\u00e9s RGB<\/span><\/h3><p><span dir=\"auto\">Effets lumineux RVB int\u00e9gr\u00e9s \u00e0 16 millions de couleurs avec diff\u00e9rents modes\u00a0: statique, respiration, arc-en-ciel, fluide, poursuite et modes jeu, avec couleur et luminosit\u00e9 r\u00e9glables pour cr\u00e9er une ambiance personnalis\u00e9e.<\/span><\/p><h3><span dir=\"auto\">Assistant IA<\/span><\/h3><p><span dir=\"auto\">Int\u00e9grant l&#8217;assistant IA d\u00e9velopp\u00e9 en interne par Anbernic, ce jeu offre de nouvelles fonctionnalit\u00e9s\u00a0: acc\u00e8s direct aux guides et astuces en temps r\u00e9el pour terminer les niveaux. La traduction automatique en temps r\u00e9el \u00e9limine les barri\u00e8res linguistiques et vous permet de profiter de jeux internationaux. Des fonctionnalit\u00e9s intelligentes de conversation et d&#8217;apprentissage explorent des possibilit\u00e9s \u00e9ducatives et cr\u00e9atives. La g\u00e9n\u00e9ration d&#8217;images \u00e0 partir de texte et le traitement d&#8217;images \u00e9largissent le champ des applications potentielles.<\/span><\/p><p><img decoding=\"async\" class=\"lazy_img\" src=\"https:\/\/img.gkbcdn.com\/d\/202509\/ANBERNIC-RG476H-AI-Game-Console-8GB-128GB-Retro-Grey-530204-0._p1_.jpg\" alt=\"Console de jeux ANBERNIC RG476H AI, \u00e9cran 4,7 pouces 1280 x 960 120 Hz, Android 13, 8 Go de RAM LPDDR4X, 128 Go de stockage UFS 2.2, 6 heures d'autonomie, deux haut-parleurs st\u00e9r\u00e9o, joystick 3D \u00e0 effet Hall - Gris r\u00e9tro\" data-original=\"\/\/img.gkbcdn.com\/d\/202509\/ANBERNIC-RG476H-AI-Game-Console-8GB-128GB-Retro-Grey-530204-0._p1_.jpg\" \/><img decoding=\"async\" class=\"lazy_img\" src=\"https:\/\/img.gkbcdn.com\/d\/202509\/ANBERNIC-RG476H-AI-Game-Console-8GB-128GB-Retro-Grey-530204-1._p1_.jpg\" alt=\"Console de jeux ANBERNIC RG476H AI, \u00e9cran 4,7 pouces 1280 x 960 120 Hz, Android 13, 8 Go de RAM LPDDR4X, 128 Go de stockage UFS 2.2, 6 heures d'autonomie, deux haut-parleurs st\u00e9r\u00e9o, joystick 3D \u00e0 effet Hall - Gris r\u00e9tro\" data-original=\"\/\/img.gkbcdn.com\/d\/202509\/ANBERNIC-RG476H-AI-Game-Console-8GB-128GB-Retro-Grey-530204-1._p1_.jpg\" \/><img decoding=\"async\" class=\"lazy_img\" src=\"https:\/\/img.gkbcdn.com\/d\/202509\/ANBERNIC-RG476H-AI-Game-Console-8GB-128GB-Retro-Grey-530204-2._p1_.jpg\" alt=\"Console de jeux ANBERNIC RG476H AI, \u00e9cran 4,7 pouces 1280 x 960 120 Hz, Android 13, 8 Go de RAM LPDDR4X, 128 Go de stockage UFS 2.2, 6 heures d'autonomie, deux haut-parleurs st\u00e9r\u00e9o, joystick 3D \u00e0 effet Hall - Gris r\u00e9tro\" data-original=\"\/\/img.gkbcdn.com\/d\/202509\/ANBERNIC-RG476H-AI-Game-Console-8GB-128GB-Retro-Grey-530204-2._p1_.jpg\" \/><img decoding=\"async\" class=\"lazy_img\" src=\"https:\/\/img.gkbcdn.com\/d\/202509\/ANBERNIC-RG476H-AI-Game-Console-8GB-128GB-Retro-Grey-530204-3._p1_.jpg\" alt=\"Console de jeux ANBERNIC RG476H AI, \u00e9cran 4,7 pouces 1280 x 960 120 Hz, Android 13, 8 Go de RAM LPDDR4X, 128 Go de stockage UFS 2.2, 6 heures d'autonomie, deux haut-parleurs st\u00e9r\u00e9o, joystick 3D \u00e0 effet Hall - Gris r\u00e9tro\" data-original=\"\/\/img.gkbcdn.com\/d\/202509\/ANBERNIC-RG476H-AI-Game-Console-8GB-128GB-Retro-Grey-530204-3._p1_.jpg\" \/><img decoding=\"async\" class=\"lazy_img\" src=\"https:\/\/img.gkbcdn.com\/d\/202509\/ANBERNIC-RG476H-AI-Game-Console-8GB-128GB-Retro-Grey-530204-4._p1_.jpg\" alt=\"Console de jeux ANBERNIC RG476H AI, \u00e9cran 4,7 pouces 1280 x 960 120 Hz, Android 13, 8 Go de RAM LPDDR4X, 128 Go de stockage UFS 2.2, 6 heures d'autonomie, deux haut-parleurs st\u00e9r\u00e9o, joystick 3D \u00e0 effet Hall - Gris r\u00e9tro\" data-original=\"\/\/img.gkbcdn.com\/d\/202509\/ANBERNIC-RG476H-AI-Game-Console-8GB-128GB-Retro-Grey-530204-4._p1_.jpg\" \/><img decoding=\"async\" class=\"lazy_img\" src=\"https:\/\/img.gkbcdn.com\/d\/202509\/ANBERNIC-RG476H-AI-Game-Console-8GB-128GB-Retro-Grey-530204-5._p1_.jpg\" alt=\"Console de jeux ANBERNIC RG476H AI, \u00e9cran 4,7 pouces 1280 x 960 120 Hz, Android 13, 8 Go de RAM LPDDR4X, 128 Go de stockage UFS 2.2, 6 heures d'autonomie, deux haut-parleurs st\u00e9r\u00e9o, joystick 3D \u00e0 effet Hall - Gris r\u00e9tro\" data-original=\"\/\/img.gkbcdn.com\/d\/202509\/ANBERNIC-RG476H-AI-Game-Console-8GB-128GB-Retro-Grey-530204-5._p1_.jpg\" \/><img decoding=\"async\" class=\"lazy_img\" src=\"https:\/\/img.gkbcdn.com\/d\/202509\/ANBERNIC-RG476H-AI-Game-Console-8GB-128GB-Retro-Grey-530204-6._p1_.jpg\" alt=\"Console de jeux ANBERNIC RG476H AI, \u00e9cran 4,7 pouces 1280 x 960 120 Hz, Android 13, 8 Go de RAM LPDDR4X, 128 Go de stockage UFS 2.2, 6 heures d'autonomie, deux haut-parleurs st\u00e9r\u00e9o, joystick 3D \u00e0 effet Hall - Gris r\u00e9tro\" data-original=\"\/\/img.gkbcdn.com\/d\/202509\/ANBERNIC-RG476H-AI-Game-Console-8GB-128GB-Retro-Grey-530204-6._p1_.jpg\" \/><img decoding=\"async\" class=\"lazy_img\" src=\"https:\/\/img.gkbcdn.com\/d\/202509\/ANBERNIC-RG476H-AI-Game-Console-8GB-128GB-Retro-Grey-530204-7._p1_.jpg\" alt=\"Console de jeux ANBERNIC RG476H AI, \u00e9cran 4,7 pouces 1280 x 960 120 Hz, Android 13, 8 Go de RAM LPDDR4X, 128 Go de stockage UFS 2.2, 6 heures d'autonomie, deux haut-parleurs st\u00e9r\u00e9o, joystick 3D \u00e0 effet Hall - Gris r\u00e9tro\" data-original=\"\/\/img.gkbcdn.com\/d\/202509\/ANBERNIC-RG476H-AI-Game-Console-8GB-128GB-Retro-Grey-530204-7._p1_.jpg\" \/><img decoding=\"async\" class=\"lazy_img\" src=\"https:\/\/img.gkbcdn.com\/d\/202509\/ANBERNIC-RG476H-AI-Game-Console-8GB-128GB-Retro-Grey-530204-8._p1_.jpg\" alt=\"Console de jeux ANBERNIC RG476H AI, \u00e9cran 4,7 pouces 1280 x 960 120 Hz, Android 13, 8 Go de RAM LPDDR4X, 128 Go de stockage UFS 2.2, 6 heures d'autonomie, deux haut-parleurs st\u00e9r\u00e9o, joystick 3D \u00e0 effet Hall - Gris r\u00e9tro\" data-original=\"\/\/img.gkbcdn.com\/d\/202509\/ANBERNIC-RG476H-AI-Game-Console-8GB-128GB-Retro-Grey-530204-8._p1_.jpg\" \/><img decoding=\"async\" class=\"lazy_img\" src=\"https:\/\/img.gkbcdn.com\/d\/202509\/ANBERNIC-RG476H-AI-Game-Console-8GB-128GB-Retro-Grey-530204-9._p1_.jpg\" alt=\"Console de jeux ANBERNIC RG476H AI, \u00e9cran 4,7 pouces 1280 x 960 120 Hz, Android 13, 8 Go de RAM LPDDR4X, 128 Go de stockage UFS 2.2, 6 heures d'autonomie, deux haut-parleurs st\u00e9r\u00e9o, joystick 3D \u00e0 effet Hall - Gris r\u00e9tro\" data-original=\"\/\/img.gkbcdn.com\/d\/202509\/ANBERNIC-RG476H-AI-Game-Console-8GB-128GB-Retro-Grey-530204-9._p1_.jpg\" \/><\/p><h2><span dir=\"auto\">Sp\u00e9cification<\/span><\/h2><table class=\"jbEidtTable\" border=\"1\" cellspacing=\"0\" cellpadding=\"5\"><tbody><tr><td><strong><span dir=\"auto\">G\u00e9n\u00e9ral<\/span><\/strong><\/td><td><p><span dir=\"auto\">Marque\u00a0: ANBERNIC <\/span><br \/><span dir=\"auto\">Type\u00a0: Console de jeux <\/span><br \/><span dir=\"auto\">Mod\u00e8le\u00a0: RG476H <\/span><br \/><span dir=\"auto\">Couleur\u00a0: Gris r\u00e9tro<\/span><\/p><\/td><\/tr><tr><td><strong><span dir=\"auto\">Sp\u00e9cification<\/span><\/strong><\/td><td><span dir=\"auto\">\u00c9cran\u00a0: \u00c9cran LTPS In-Cell de 4,7 pouces, lamination OCA compl\u00e8te, multitouch, r\u00e9solution 1280\u00a0x\u00a0960, taux de rafra\u00eechissement maximal de 120\u00a0Hz. <\/span><br \/><span dir=\"auto\">Processeur\u00a0: Unisoc T820, puce SOC 5G EUV 6\u00a0nm, octoc\u0153ur\u00a0: 1\u00a0x\u00a0A76 \u00e0 2,7\u00a0GHz + 3\u00a0x\u00a0A76 \u00e0 2,3\u00a0GHz + 4\u00a0x\u00a0A55 \u00e0 2,1\u00a0GHz. <\/span><br \/><span dir=\"auto\">Processeur graphique\u00a0: Mali-G57 quadric\u0153ur, 850\u00a0MHz. <\/span><br \/><span dir=\"auto\">M\u00e9moire vive\u00a0: 8\u00a0Go LPDDR4X. <\/span><br \/><span dir=\"auto\">Stockage\u00a0: 128\u00a0Go UFS\u00a02.2. <\/span><br \/><span dir=\"auto\">Syst\u00e8me\u00a0: Android\u00a013. <\/span><br \/><span dir=\"auto\">Wi-Fi\u00a0: Wi-Fi 2,4\/5\u00a0GHz 802.11a\/b\/g\/n\/ac. <\/span><br \/><span dir=\"auto\">Bluetooth\u00a0: 5.0. <\/span><br \/><span dir=\"auto\">Jeux\u00a0: Compatible avec les jeux Android et plus de 30\u00a0\u00e9mulateurs\u00a0; possibilit\u00e9 de t\u00e9l\u00e9charger des jeux aux formats compatibles. <\/span><br \/><span dir=\"auto\">Intelligence artificielle\u00a0: Guide de jeu accessible en un clic, traduction en temps r\u00e9el, dialogues intelligents, g\u00e9n\u00e9ration d\u2019images \u00e0 partir de texte, traitement d\u2019images et autres fonctionnalit\u00e9s. <\/span><br \/><span dir=\"auto\">Langues : Multilingue. Haut- <\/span><br \/><span dir=\"auto\">parleurs : Haut-parleurs st\u00e9r\u00e9o haute fid\u00e9lit\u00e9. <\/span><br \/><span dir=\"auto\">Carte TF : Compatible avec les cartes TF jusqu&#8217;\u00e0 2 To. <\/span><br \/><span dir=\"auto\">Batterie : Batterie lithium-polym\u00e8re 5000 mAh, autonomie de 6 heures. <\/span><br \/><span dir=\"auto\">Chargement : Compatible avec le chargement 5 V\/2 A, environ 3 heures pour une charge compl\u00e8te. <\/span><br \/><span dir=\"auto\">Effets lumineux RGB : \u00c9clairage RGB 16 millions de couleurs avec modes int\u00e9gr\u00e9s : permanent, respiration, arc-en-ciel, d\u00e9filement, poursuite et jeu. Personnalisation des couleurs et r\u00e9glage de la luminosit\u00e9. <\/span><br \/><span dir=\"auto\">Joystick : Joystick 3D \u00e0 effet Hall grand angle. <\/span><br \/><span dir=\"auto\">Autres fonctions : Capteur gyroscopique \u00e0 six axes, refroidissement actif par ventilateur haute vitesse et caloduc, g\u00e2chettes \u00e0 effet Hall, mise \u00e0 jour sans fil FOTA, multijoueur en ligne, streaming, projection sans fil, sortie vid\u00e9o 1080p via USB Type-C (compatible double \u00e9cran pour les jeux NDS et 3DS), moteur de vibration, \u00e9couteurs st\u00e9r\u00e9o 3,5 mm, param\u00e8tres d&#8217;\u00e9conomie d&#8217;\u00e9nergie, r\u00e9glage de la luminosit\u00e9, etc.<\/span><\/td><\/tr><tr><td><strong><span dir=\"auto\">Poids et taille<\/span><\/strong><\/td><td><span dir=\"auto\">Poids du produit\u00a0: 0,29\u00a0kg\u00a0; <\/span><br \/><span dir=\"auto\">poids du colis\u00a0: 0,5\u00a0kg\u00a0; <\/span><br \/><span dir=\"auto\">dimensions du produit (L\u00a0\u00d7\u00a0l\u00a0\u00d7\u00a0H)\u00a0: 17,6\u00a0\u00d7\u00a08,6\u00a0\u00d7\u00a01,6\u00a0cm\u00a0; <\/span><br \/><span dir=\"auto\">dimensions du colis (L\u00a0\u00d7\u00a0l\u00a0\u00d7\u00a0H)\u00a0: 22\u00a0\u00d7\u00a012\u00a0\u00d7\u00a05\u00a0cm<\/span><\/td><\/tr><tr><td><strong><span dir=\"auto\">Contenu de l&#8217;emballage<\/span><\/strong><\/td><td><p><span dir=\"auto\">1 console de jeux, <\/span><br \/><span dir=\"auto\">1 c\u00e2ble de chargement USB-C, <\/span><br \/><span dir=\"auto\">1 manuel d&#8217;utilisation<\/span><\/p><\/td><\/tr><\/tbody><\/table>\t\t\t\t\t\t\t\t<\/div>\n\t\t\t\t<\/div>\n\t\t\t\t\t<\/div>\n\t\t\t\t<\/div>\n\t\t\t\t<\/div>","protected":false},"excerpt":{"rendered":"<p><span dir=\"auto\"><span class=\"VIpgJd-yAWNEb-VIpgJd-fmcmS-sn54Q\" dir=\"auto\">Console de jeux ANBERNIC RG476H AI, \u00e9cran 4,7 pouces 1280 x 960 120 Hz, carte TF 256 Go avec 8 200 jeux, 8 Go de RAM LPDDR4X, 128 Go de stockage UFS 2.2, compatible PS2, Wii, NGC, 3DS, PSP, Dreamcast, Super Smash Bros., PS1, NDS, N64, Arcade, FBA, Neo Geo, GBA, GBC, GB, Super Smash Bros., FC&#8230;<\/span><\/span><\/p>","protected":false},"featured_media":26766,"comment_status":"closed","ping_status":"closed","template":"","meta":{"om_disable_all_campaigns":false,"_monsterinsights_skip_tracking":false,"_monsterinsights_sitenote_active":false,"_monsterinsights_sitenote_note":"","_monsterinsights_sitenote_category":0},"product_brand":[],"product_cat":[1313,1260],"product_tag":[2313,1325,1317,2316,2315,1792,1717,2318,2314,2331,2317],"class_list":{"0":"post-26765","1":"product","2":"type-product","3":"status-publish","4":"has-post-thumbnail","6":"product_cat-consoles","7":"product_cat-high-tech","8":"product_tag-anbernic","9":"product_tag-android","10":"product_tag-console","11":"product_tag-double","12":"product_tag-ds","13":"product_tag-dual","14":"product_tag-ecran","15":"product_tag-emulateur","16":"product_tag-rg","17":"product_tag-rg476h","18":"product_tag-rk3568","20":"first","21":"instock","22":"sale","23":"shipping-taxable","24":"product-type-external"},"aioseo_notices":[],"jetpack_sharing_enabled":true,"_links":{"self":[{"href":"http:\/\/france-coupon.fr\/en\/wp-json\/wp\/v2\/product\/26765","targetHints":{"allow":["GET"]}}],"collection":[{"href":"http:\/\/france-coupon.fr\/en\/wp-json\/wp\/v2\/product"}],"about":[{"href":"http:\/\/france-coupon.fr\/en\/wp-json\/wp\/v2\/types\/product"}],"replies":[{"embeddable":true,"href":"http:\/\/france-coupon.fr\/en\/wp-json\/wp\/v2\/comments?post=26765"}],"version-history":[{"count":0,"href":"http:\/\/france-coupon.fr\/en\/wp-json\/wp\/v2\/product\/26765\/revisions"}],"wp:featuredmedia":[{"embeddable":true,"href":"http:\/\/france-coupon.fr\/en\/wp-json\/wp\/v2\/media\/26766"}],"wp:attachment":[{"href":"http:\/\/france-coupon.fr\/en\/wp-json\/wp\/v2\/media?parent=26765"}],"wp:term":[{"taxonomy":"product_brand","embeddable":true,"href":"http:\/\/france-coupon.fr\/en\/wp-json\/wp\/v2\/product_brand?post=26765"},{"taxonomy":"product_cat","embeddable":true,"href":"http:\/\/france-coupon.fr\/en\/wp-json\/wp\/v2\/product_cat?post=26765"},{"taxonomy":"product_tag","embeddable":true,"href":"http:\/\/france-coupon.fr\/en\/wp-json\/wp\/v2\/product_tag?post=26765"}],"curies":[{"name":"wp","href":"https:\/\/api.w.org\/{rel}","templated":true}]}}