{"id":26777,"date":"2026-01-06T09:49:32","date_gmt":"2026-01-06T08:49:32","guid":{"rendered":"https:\/\/france-coupon.fr\/?post_type=product&#038;p=26777"},"modified":"2026-01-06T23:54:59","modified_gmt":"2026-01-06T22:54:59","slug":"longer-ray5-5w","status":"publish","type":"product","link":"http:\/\/france-coupon.fr\/en\/product\/longer-ray5-5w\/","title":{"rendered":"Longer Ray5 &#8211; 5w"},"content":{"rendered":"<div data-elementor-type=\"product-post\" data-elementor-id=\"26777\" class=\"elementor elementor-26777\" data-elementor-post-type=\"product\">\n\t\t\t\t<div class=\"elementor-element elementor-element-54730c35 e-con-full e-flex e-con e-parent\" data-id=\"54730c35\" data-element_type=\"container\">\n\t\t\t\t<div class=\"elementor-element elementor-element-59f96444 elementor-widget elementor-widget-heading\" data-id=\"59f96444\" data-element_type=\"widget\" data-widget_type=\"heading.default\">\n\t\t\t\t<div class=\"elementor-widget-container\">\n\t\t\t\t\t<h2 class=\"elementor-heading-title elementor-size-default\">\u2193 RETROUVEZ LES MEILLEURS PRIX \u2193<\/h2>\t\t\t\t<\/div>\n\t\t\t\t<\/div>\n\t\t\t\t<div class=\"elementor-element elementor-element-7b1d1341 elementor-widget-divider--view-line elementor-widget elementor-widget-divider\" data-id=\"7b1d1341\" data-element_type=\"widget\" data-widget_type=\"divider.default\">\n\t\t\t\t<div class=\"elementor-widget-container\">\n\t\t\t\t\t\t\t<div class=\"elementor-divider\">\n\t\t\t<span class=\"elementor-divider-separator\">\n\t\t\t\t\t\t<\/span>\n\t\t<\/div>\n\t\t\t\t\t\t<\/div>\n\t\t\t\t<\/div>\n\t\t\t\t<div class=\"elementor-element elementor-element-4b5a3087 elementor-grid-4 pp-coupon-button-icon-before pp-coupon-code-right elementor-grid-tablet-2 elementor-grid-mobile-1 pp-coupon-discount-left elementor-widget elementor-widget-pp-coupons\" data-id=\"4b5a3087\" data-element_type=\"widget\" data-settings=\"{&quot;coupon_style&quot;:&quot;reveal&quot;,&quot;layout&quot;:&quot;grid&quot;}\" data-widget_type=\"pp-coupons.default\">\n\t\t\t\t<div class=\"elementor-widget-container\">\n\t\t\t\t\t\t\t\t\t\t<div class=\"pp-coupons pp-coupons-grid\">\n\t\t\t\t<div class=\"elementor-grid pp-coupons-grid-wrapper\" data-query-type=\"custom\" data-layout=\"grid\" data-page=\"26777\" data-skin=\"4b5a3087\">\n\t\t\t\t\t\t\t\t<div class=\"pp-coupon elementor-grid-item\">\n\t\t\t\t\t\t\t\t\t<div class=\"pp-coupon-image-wrapper\">\n\t\t\t\t\t\t\t\t\t\t\t\t\t<div class=\"pp-coupon-discount\">\n\t\t\t\t\t\t\t\tRecommand\u00e9\t\t\t\t\t\t\t<\/div>\n\t\t\t\t\t\t\n\t\t\t\t\t\t\n\t\t\t\t\t\t<img decoding=\"async\" src=\"https:\/\/france-coupon.fr\/wp-content\/uploads\/elementor\/thumbs\/boutik-logo-ali-r4n5b0ry5r47ne2ah0pvq1po5b7y6853a6nf3yyhu2.jpg\" alt=\"boutik logo ali\">\n\t\t\t\t\t<\/div>\n\t\t\t\t\t\t\t\t\t\n\t\t\t\t\t\t\t\t<div class=\"pp-coupon-content\">\n\t\t\t\t\t<div class=\"pp-coupon-title-wrap\">\n\t\t\t\t\t\t<div class=\"pp-coupon-title-container\" href=\"https:\/\/s.click.aliexpress.com\/e\/_c3LojjQL\" target=\"_blank\"><h4 class=\"pp-coupon-title\">141,74\u20ac<\/h4><\/div>\t\t\t\t\t<\/div>\n\n\t\t\t\t\t\n\t\t\t\t\t\t\t\t\t\t\t<hr class=\"pp-coupon-separator\">\n\t\t\t\t\t\n\t\t\t\t\t\t\t\t\t\t\t<div class=\"pp-coupon-button-wrap\">\n\t\t\t\t\t\t\t<a  href=\"https:\/\/s.click.aliexpress.com\/e\/_c3LojjQL\" target=\"_blank\">\n\t\t\t\t\t\t\t\t<div class=\"pp-coupon-button elementor-button elementor-size-sm\">\n\t\t\t\t\t\t\t\t\t\t\t\t<span class=\"pp-button-icon pp-icon\">\n\t\t\t\t<svg aria-hidden=\"true\" class=\"e-font-icon-svg e-fas-long-arrow-alt-right\" viewbox=\"0 0 448 512\" xmlns=\"http:\/\/www.w3.org\/2000\/svg\"><path d=\"M313.941 216H12c-6.627 0-12 5.373-12 12v56c0 6.627 5.373 12 12 12h301.941v46.059c0 21.382 25.851 32.09 40.971 16.971l86.059-86.059c9.373-9.373 9.373-24.569 0-33.941l-86.059-86.059c-15.119-15.119-40.971-4.411-40.971 16.971V216z\"><\/path><\/svg>\t\t\t<\/span>\n\t\t\t\t\t\t\t\t\t\t\t\t\t\t\t\t\t\t\t\t\t\t<span class=\"pp-button-text\">\n\t\t\t\t\t\t\t\t\t\t\tLien du produit\t\t\t\t\t\t\t\t\t\t<\/span>\n\t\t\t\t\t\t\t\t\t\t\t\t\t\t\t\t\t\t\t\t\t\t\t\t\t\t<\/div>\n\t\t\t\t\t\t\t<\/a>\n\t\t\t\t\t\t<\/div>\n\t\t\t\t\t\t\t\t\t\t\t\t\t\t<\/div>\n\t\t\t<\/div>\n\t\t\t\t\t\t<div class=\"pp-coupon elementor-grid-item\">\n\t\t\t\t\t\t\t\t\t<div class=\"pp-coupon-image-wrapper\">\n\t\t\t\t\t\t\n\t\t\t\t\t\t\n\t\t\t\t\t\t<img decoding=\"async\" src=\"https:\/\/france-coupon.fr\/wp-content\/uploads\/elementor\/thumbs\/boutik-logo-amazon-r4n51ylya8ppqp82dlqc6u0q0lvkz968dc9xkye3t6.jpg\" alt=\"boutik logo amazon\">\n\t\t\t\t\t<\/div>\n\t\t\t\t\t\t\t\t\t\n\t\t\t\t\t\t\t\t<div class=\"pp-coupon-content\">\n\t\t\t\t\t<div class=\"pp-coupon-title-wrap\">\n\t\t\t\t\t\t<div class=\"pp-coupon-title-container\" href=\"https:\/\/amzn.to\/4ql6lG4\" target=\"_blank\"><h4 class=\"pp-coupon-title\">227,99\u20ac<\/h4><\/div>\t\t\t\t\t<\/div>\n\n\t\t\t\t\t\n\t\t\t\t\t\t\t\t\t\t\t<hr class=\"pp-coupon-separator\">\n\t\t\t\t\t\n\t\t\t\t\t\t\t\t\t\t\t<div class=\"pp-coupon-button-wrap\">\n\t\t\t\t\t\t\t<a  href=\"https:\/\/amzn.to\/4ql6lG4\" target=\"_blank\">\n\t\t\t\t\t\t\t\t<div class=\"pp-coupon-button elementor-button elementor-size-sm\">\n\t\t\t\t\t\t\t\t\t\t\t\t<span class=\"pp-button-icon pp-icon\">\n\t\t\t\t<svg aria-hidden=\"true\" class=\"e-font-icon-svg e-fas-long-arrow-alt-right\" viewbox=\"0 0 448 512\" xmlns=\"http:\/\/www.w3.org\/2000\/svg\"><path d=\"M313.941 216H12c-6.627 0-12 5.373-12 12v56c0 6.627 5.373 12 12 12h301.941v46.059c0 21.382 25.851 32.09 40.971 16.971l86.059-86.059c9.373-9.373 9.373-24.569 0-33.941l-86.059-86.059c-15.119-15.119-40.971-4.411-40.971 16.971V216z\"><\/path><\/svg>\t\t\t<\/span>\n\t\t\t\t\t\t\t\t\t\t\t\t\t\t\t\t\t\t\t\t\t\t<span class=\"pp-button-text\">\n\t\t\t\t\t\t\t\t\t\t\tLien du produit\t\t\t\t\t\t\t\t\t\t<\/span>\n\t\t\t\t\t\t\t\t\t\t\t\t\t\t\t\t\t\t\t\t\t\t\t\t\t\t<\/div>\n\t\t\t\t\t\t\t<\/a>\n\t\t\t\t\t\t<\/div>\n\t\t\t\t\t\t\t\t\t\t\t\t\t\t<\/div>\n\t\t\t<\/div>\n\t\t\t\t\t\t<div class=\"pp-coupon elementor-grid-item\">\n\t\t\t\t\t\t\t\t\t<div class=\"pp-coupon-image-wrapper\">\n\t\t\t\t\t\t\t\t\t\t\t\t\t<div class=\"pp-coupon-discount\">\n\t\t\t\t\t\t\t\tRecommand\u00e9\t\t\t\t\t\t\t<\/div>\n\t\t\t\t\t\t\n\t\t\t\t\t\t\t\t\t\t\t\t\t<div class=\"pp-coupon-code pp-coupon-style-reveal\" data-coupon-code=\"NNNFR5W\">\n\t\t\t\t\t\t\t\t\t\t\t\t\t\t\t\t<div class='pp-coupon-reveal-wrap'>\n\t\t\t\t<span class='pp-coupon-reveal'>\n\t\t\t\t\t\t\t<span class=\"pp-coupon-code-icon pp-icon\">\n\t\t\t\t\t\t\t<svg aria-hidden=\"true\" class=\"e-font-icon-svg e-fas-eye\" viewbox=\"0 0 576 512\" xmlns=\"http:\/\/www.w3.org\/2000\/svg\"><path d=\"M572.52 241.4C518.29 135.59 410.93 64 288 64S57.68 135.64 3.48 241.41a32.35 32.35 0 0 0 0 29.19C57.71 376.41 165.07 448 288 448s230.32-71.64 284.52-177.41a32.35 32.35 0 0 0 0-29.19zM288 400a144 144 0 1 1 144-144 143.93 143.93 0 0 1-144 144zm0-240a95.31 95.31 0 0 0-25.31 3.79 47.85 47.85 0 0 1-66.9 66.9A95.78 95.78 0 1 0 288 160z\"><\/path><\/svg>\t\t\t\t\t<\/span>\n\t\tVoir code\t\t\t\t<\/span>\n\t\t\t<\/div>\n\t\t\t<div class='pp-coupon-code-text-wrap pp-unreavel'>\n\t\t\t\t<span class='pp-coupon-code-text' id='pp-coupon-code-4b5a3087'>R5W<\/span>\n\t\t\t\t<span class='pp-coupon-copy-text'style='display: none;'><\/span>\n\t\t\t<\/div>\n\t\t\t\t\t\t\t\t\t<\/div>\n\t\t\t\t\t\t\n\t\t\t\t\t\t<img decoding=\"async\" src=\"https:\/\/france-coupon.fr\/wp-content\/uploads\/elementor\/thumbs\/boutik-logo-geekbuying-e1730919204203-r6ygk52li06e2b30ahtaqwnhtvgitsxv7i94lg4yq2.jpg\" alt=\"boutik-logo-geekbuying-e1730919204203\">\n\t\t\t\t\t<\/div>\n\t\t\t\t\t\t\t\t\t\n\t\t\t\t\t\t\t\t<div class=\"pp-coupon-content\">\n\t\t\t\t\t<div class=\"pp-coupon-title-wrap\">\n\t\t\t\t\t\t<div class=\"pp-coupon-title-container\" href=\"https:\/\/fr.geekbuying.com\/item\/LONGER-RAY5-Graveur-laser-10000816.html?idev_id=2179&#038;utm_source=affiliate.geekbuying.com&#038;utm_medium=affiliate_2179&#038;utm_campaign=2179&#038;utm_content=2179&#038;utm_term=weed37&#038;utm_term=1767739669\" target=\"_blank\"><h4 class=\"pp-coupon-title\">139,00\u20ac<\/h4><\/div>\t\t\t\t\t<\/div>\n\n\t\t\t\t\t\n\t\t\t\t\t\t\t\t\t\t\t<hr class=\"pp-coupon-separator\">\n\t\t\t\t\t\n\t\t\t\t\t\t\t\t\t\t\t<div class=\"pp-coupon-button-wrap\">\n\t\t\t\t\t\t\t<a  href=\"https:\/\/fr.geekbuying.com\/item\/LONGER-RAY5-Graveur-laser-10000816.html?idev_id=2179&#038;utm_source=affiliate.geekbuying.com&#038;utm_medium=affiliate_2179&#038;utm_campaign=2179&#038;utm_content=2179&#038;utm_term=weed37&#038;utm_term=1767739669\" target=\"_blank\">\n\t\t\t\t\t\t\t\t<div class=\"pp-coupon-button elementor-button elementor-size-sm\">\n\t\t\t\t\t\t\t\t\t\t\t\t<span class=\"pp-button-icon pp-icon\">\n\t\t\t\t<svg aria-hidden=\"true\" class=\"e-font-icon-svg e-fas-long-arrow-alt-right\" viewbox=\"0 0 448 512\" xmlns=\"http:\/\/www.w3.org\/2000\/svg\"><path d=\"M313.941 216H12c-6.627 0-12 5.373-12 12v56c0 6.627 5.373 12 12 12h301.941v46.059c0 21.382 25.851 32.09 40.971 16.971l86.059-86.059c9.373-9.373 9.373-24.569 0-33.941l-86.059-86.059c-15.119-15.119-40.971-4.411-40.971 16.971V216z\"><\/path><\/svg>\t\t\t<\/span>\n\t\t\t\t\t\t\t\t\t\t\t\t\t\t\t\t\t\t\t\t\t\t<span class=\"pp-button-text\">\n\t\t\t\t\t\t\t\t\t\t\tLien du produit\t\t\t\t\t\t\t\t\t\t<\/span>\n\t\t\t\t\t\t\t\t\t\t\t\t\t\t\t\t\t\t\t\t\t\t\t\t\t\t<\/div>\n\t\t\t\t\t\t\t<\/a>\n\t\t\t\t\t\t<\/div>\n\t\t\t\t\t\t\t\t\t\t\t\t\t\t<\/div>\n\t\t\t<\/div>\n\t\t\t\t\t\t\t<\/div>\n\t\t\t\t\t\t\t<\/div>\n\t\t\t\t\t\t\t<\/div>\n\t\t\t\t<\/div>\n\t\t\t\t<div class=\"elementor-element elementor-element-2d69e100 elementor-widget-divider--view-line elementor-widget elementor-widget-divider\" data-id=\"2d69e100\" data-element_type=\"widget\" data-widget_type=\"divider.default\">\n\t\t\t\t<div class=\"elementor-widget-container\">\n\t\t\t\t\t\t\t<div class=\"elementor-divider\">\n\t\t\t<span class=\"elementor-divider-separator\">\n\t\t\t\t\t\t<\/span>\n\t\t<\/div>\n\t\t\t\t\t\t<\/div>\n\t\t\t\t<\/div>\n\t\t<div class=\"elementor-element elementor-element-3886e069 e-grid e-con-full e-con e-child\" data-id=\"3886e069\" data-element_type=\"container\">\n\t\t\t\t<div class=\"elementor-element elementor-element-22e77ac0 elementor-widget elementor-widget-text-editor\" data-id=\"22e77ac0\" data-element_type=\"widget\" data-widget_type=\"text-editor.default\">\n\t\t\t\t<div class=\"elementor-widget-container\">\n\t\t\t\t\t\t\t\t\t<h5 style=\"text-align: center;\"><em><strong><span style=\"color: #0000ff;\">Comment utiliser<br \/>un coupon r\u00e9duction?<\/span><\/strong><\/em><\/h5><p><em><strong><span style=\"color: #0000ff;\">How to use a discount coupon?<\/span><\/strong><\/em><\/p>\t\t\t\t\t\t\t\t<\/div>\n\t\t\t\t<\/div>\n\t\t\t\t<div class=\"elementor-element elementor-element-21bc487f elementor-widget elementor-widget-video\" data-id=\"21bc487f\" data-element_type=\"widget\" data-settings=\"{&quot;youtube_url&quot;:&quot;https:\\\/\\\/www.youtube.com\\\/watch?v=eNNzTLooBIE&quot;,&quot;video_type&quot;:&quot;youtube&quot;,&quot;controls&quot;:&quot;yes&quot;}\" data-widget_type=\"video.default\">\n\t\t\t\t<div class=\"elementor-widget-container\">\n\t\t\t\t\t\t\t<div class=\"elementor-wrapper elementor-open-inline\">\n\t\t\t<div class=\"elementor-video\"><\/div>\t\t<\/div>\n\t\t\t\t\t\t<\/div>\n\t\t\t\t<\/div>\n\t\t\t\t<div class=\"elementor-element elementor-element-c58ce46 elementor-widget elementor-widget-text-editor\" data-id=\"c58ce46\" data-element_type=\"widget\" data-widget_type=\"text-editor.default\">\n\t\t\t\t<div class=\"elementor-widget-container\">\n\t\t\t\t\t\t\t\t\t<p style=\"text-align: center;\">&#8221; Certains liens sont susceptibles d&#8217;\u00eatre affili\u00e9s. En tant que partenaire Amazon, je r\u00e9alise un b\u00e9n\u00e9fice sur les achats remplissant les conditions requises. &#8220;<\/p>\t\t\t\t\t\t\t\t<\/div>\n\t\t\t\t<\/div>\n\t\t\t\t<\/div>\n\t\t\t\t<\/div>\n\t\t<div class=\"elementor-element elementor-element-2c603ed9 e-flex e-con-boxed e-con e-parent\" data-id=\"2c603ed9\" data-element_type=\"container\">\n\t\t\t\t\t<div class=\"e-con-inner\">\n\t\t\t\t<div class=\"elementor-element elementor-element-361e48ff elementor-widget elementor-widget-text-editor\" data-id=\"361e48ff\" data-element_type=\"widget\" data-widget_type=\"text-editor.default\">\n\t\t\t\t<div class=\"elementor-widget-container\">\n\t\t\t\t\t\t\t\t\t<p><strong>\u00c9cran tactile et gravure hors ligne<\/strong><\/p><p>Le graveur laser LONGER RAY5 est dot\u00e9 d&#8217;un \u00e9cran tactile int\u00e9gr\u00e9 de 3,5 pouces avec une interface utilisateur conviviale. Cela nous permet de couper plusieurs pi\u00e8ces de contreplaqu\u00e9 ou d&#8217;images \u00e0 graver sans avoir \u00e0 utiliser votre ordinateur pour le faire fonctionner. Le Longer Ray5 dispose d&#8217;un contr\u00f4leur int\u00e9gr\u00e9 et aucun ordinateur n&#8217;est requis pour connecter le graveur laser en permanence. Enregistrez votre fichier sur une carte TF et utilisez-le pour ex\u00e9cuter le Ray5 pour la gravure ou la d\u00e9coupe.<\/p><p><strong>Point laser ultrafin et module laser puissant<\/strong><\/p><p>Ce graveur laser est \u00e9quip\u00e9 de la derni\u00e8re technologie laser FAC pour les points laser compress\u00e9s, la taille du point est de 0,08*0,08 mm ; plus la taille du point est petite, plus l&#8217;\u00e9nergie est focalis\u00e9e. Cela permet \u00e0 la gravure ou \u00e0 la d\u00e9coupe d&#8217;\u00eatre beaucoup plus puissante. La puissance de sortie du module laser atteint 5-5,5 W.<\/p><p><strong>Chipset 32 bits et connexion WIFI<\/strong><\/p><p>Le RAY5 est construit avec un chipset ESP32 et comprend une connexion WIFI pour le graveur au routeur. Ce chipset 32 bits fonctionne \u00e0 240 MHz. Cela signifie qu&#8217;il est plus rapide et plus puissant que les machines \u00e9quip\u00e9es de chipsets 8 bits comparables. En prime, le RAY5 prend en charge les connexions WIFI via la page Web ou l&#8217;application pour contr\u00f4ler la gravure ou la d\u00e9coupe.<\/p><p><strong>Protection de s\u00e9curit\u00e9<\/strong><\/p><p>LONGER RAY5 est con\u00e7u avec des fonctions de protection contre les mouvements et de protection thermique. Si la machine est d\u00e9plac\u00e9e pendant son utilisation, la protection contre les mouvements d\u00e9clenche un arr\u00eat automatique pour la s\u00e9curit\u00e9 personnelle. La protection thermique d\u00e9clenche un arr\u00eat automatique si elle d\u00e9tecte une flamme ou une surchauffe de la zone de gravure.<\/p><p><strong>Compatible avec les syst\u00e8mes Windows\/MAC\/Linux<\/strong><\/p><p>RAY5 est compatible avec le logiciel de gravure gratuit LaserGRBL et le logiciel payant LightBurn. Il prend en charge l&#8217;importation avec les formats de fichiers BMP, JPG, PNG, DXF, AI, SVG, etc.<\/p><p><strong>Bouton d&#8217;alimentation et protection des yeux<\/strong><\/p><p>Le graveur est \u00e9quip\u00e9 d&#8217;un interrupteur d&#8217;alimentation permettant de l&#8217;allumer ou de l&#8217;\u00e9teindre. Le module laser est dot\u00e9 d&#8217;un couvercle en acrylique. Celui-ci prot\u00e8ge la lumi\u00e8re laser pour prot\u00e9ger les yeux. Vous devrez \u00e9galement porter une protection oculaire contre la diffusion du laser.<\/p><p><img decoding=\"async\" class=\"lazy_img\" src=\"https:\/\/img.gkbcdn.com\/d\/202201\/LONGER-RAY5-Laser-Engraver-494612-0._p1_.jpg\" alt=\"Graveur laser LONGER RAY5 Chipset 32 bits Connexion WIFI avec \u00e9cran tactile et gravure hors ligne\" data-original=\"\/\/img.gkbcdn.com\/d\/202201\/LONGER-RAY5-Laser-Engraver-494612-0._p1_.jpg\" \/><img decoding=\"async\" class=\"lazy_img\" src=\"https:\/\/img.gkbcdn.com\/d\/202201\/LONGER-RAY5-Laser-Engraver-494612-1._p1_.jpg\" alt=\"Graveur laser LONGER RAY5 Chipset 32 bits Connexion WIFI avec \u00e9cran tactile et gravure hors ligne\" data-original=\"\/\/img.gkbcdn.com\/d\/202201\/LONGER-RAY5-Laser-Engraver-494612-1._p1_.jpg\" \/><img decoding=\"async\" class=\"lazy_img\" src=\"https:\/\/img.gkbcdn.com\/d\/202201\/LONGER-RAY5-Laser-Engraver-494612-2._p1_.jpg\" alt=\"Graveur laser LONGER RAY5 Chipset 32 bits Connexion WIFI avec \u00e9cran tactile et gravure hors ligne\" data-original=\"\/\/img.gkbcdn.com\/d\/202201\/LONGER-RAY5-Laser-Engraver-494612-2._p1_.jpg\" \/><img decoding=\"async\" class=\"lazy_img\" src=\"https:\/\/img.gkbcdn.com\/d\/202201\/LONGER-RAY5-Laser-Engraver-494612-3._p1_.jpg\" alt=\"Graveur laser LONGER RAY5 Chipset 32 bits Connexion WIFI avec \u00e9cran tactile et gravure hors ligne\" data-original=\"\/\/img.gkbcdn.com\/d\/202201\/LONGER-RAY5-Laser-Engraver-494612-3._p1_.jpg\" \/><img decoding=\"async\" class=\"lazy_img\" src=\"https:\/\/img.gkbcdn.com\/d\/202201\/LONGER-RAY5-Laser-Engraver-494612-4._p1_.jpg\" alt=\"Graveur laser LONGER RAY5 Chipset 32 bits Connexion WIFI avec \u00e9cran tactile et gravure hors ligne\" data-original=\"\/\/img.gkbcdn.com\/d\/202201\/LONGER-RAY5-Laser-Engraver-494612-4._p1_.jpg\" \/><img decoding=\"async\" class=\"lazy_img\" src=\"https:\/\/img.gkbcdn.com\/d\/202201\/LONGER-RAY5-Laser-Engraver-494612-5._p1_.jpg\" alt=\"Graveur laser LONGER RAY5 Chipset 32 bits Connexion WIFI avec \u00e9cran tactile et gravure hors ligne\" data-original=\"\/\/img.gkbcdn.com\/d\/202201\/LONGER-RAY5-Laser-Engraver-494612-5._p1_.jpg\" \/><img decoding=\"async\" class=\"lazy_img\" src=\"https:\/\/img.gkbcdn.com\/d\/202201\/LONGER-RAY5-Laser-Engraver-494612-6._p1_.jpg\" alt=\"Graveur laser LONGER RAY5 Chipset 32 bits Connexion WIFI avec \u00e9cran tactile et gravure hors ligne\" data-original=\"\/\/img.gkbcdn.com\/d\/202201\/LONGER-RAY5-Laser-Engraver-494612-6._p1_.jpg\" \/><img decoding=\"async\" class=\"lazy_img\" src=\"https:\/\/img.gkbcdn.com\/d\/202201\/LONGER-RAY5-Laser-Engraver-494612-7._p1_.jpg\" alt=\"Graveur laser LONGER RAY5 Chipset 32 bits Connexion WIFI avec \u00e9cran tactile et gravure hors ligne\" data-original=\"\/\/img.gkbcdn.com\/d\/202201\/LONGER-RAY5-Laser-Engraver-494612-7._p1_.jpg\" \/><img decoding=\"async\" class=\"lazy_img\" src=\"https:\/\/img.gkbcdn.com\/d\/202201\/LONGER-RAY5-Laser-Engraver-494612-8._p1_.jpg\" alt=\"Graveur laser LONGER RAY5 Chipset 32 bits Connexion WIFI avec \u00e9cran tactile et gravure hors ligne\" data-original=\"\/\/img.gkbcdn.com\/d\/202201\/LONGER-RAY5-Laser-Engraver-494612-8._p1_.jpg\" \/><img decoding=\"async\" class=\"lazy_img\" src=\"https:\/\/img.gkbcdn.com\/d\/202201\/LONGER-RAY5-Laser-Engraver-494612-9._p1_.jpg\" alt=\"Graveur laser LONGER RAY5 Chipset 32 bits Connexion WIFI avec \u00e9cran tactile et gravure hors ligne\" data-original=\"\/\/img.gkbcdn.com\/d\/202201\/LONGER-RAY5-Laser-Engraver-494612-9._p1_.jpg\" \/><img decoding=\"async\" class=\"lazy_img\" src=\"https:\/\/img.gkbcdn.com\/d\/202201\/LONGER-RAY5-Laser-Engraver-494612-10._p1_.jpg\" alt=\"Graveur laser LONGER RAY5 Chipset 32 bits Connexion WIFI avec \u00e9cran tactile et gravure hors ligne\" data-original=\"\/\/img.gkbcdn.com\/d\/202201\/LONGER-RAY5-Laser-Engraver-494612-10._p1_.jpg\" \/><img decoding=\"async\" class=\"lazy_img\" src=\"https:\/\/img.gkbcdn.com\/d\/202201\/LONGER-RAY5-Laser-Engraver-494612-11._p1_.jpg\" alt=\"Graveur laser LONGER RAY5 Chipset 32 bits Connexion WIFI avec \u00e9cran tactile et gravure hors ligne\" data-original=\"\/\/img.gkbcdn.com\/d\/202201\/LONGER-RAY5-Laser-Engraver-494612-11._p1_.jpg\" \/><img decoding=\"async\" class=\"lazy_img\" src=\"https:\/\/img.gkbcdn.com\/d\/202201\/LONGER-RAY5-Laser-Engraver-494612-12._p1_.jpg\" alt=\"Graveur laser LONGER RAY5 Chipset 32 bits Connexion WIFI avec \u00e9cran tactile et gravure hors ligne\" data-original=\"\/\/img.gkbcdn.com\/d\/202201\/LONGER-RAY5-Laser-Engraver-494612-12._p1_.jpg\" \/><img decoding=\"async\" class=\"lazy_img\" src=\"https:\/\/img.gkbcdn.com\/d\/202201\/LONGER-RAY5-Laser-Engraver-494612-13._p1_.jpg\" alt=\"Graveur laser LONGER RAY5 Chipset 32 bits Connexion WIFI avec \u00e9cran tactile et gravure hors ligne\" data-original=\"\/\/img.gkbcdn.com\/d\/202201\/LONGER-RAY5-Laser-Engraver-494612-13._p1_.jpg\" \/><img decoding=\"async\" class=\"lazy_img\" src=\"https:\/\/img.gkbcdn.com\/d\/202201\/LONGER-RAY5-Laser-Engraver-494612-14._p1_.jpg\" alt=\"Graveur laser LONGER RAY5 Chipset 32 bits Connexion WIFI avec \u00e9cran tactile et gravure hors ligne\" data-original=\"\/\/img.gkbcdn.com\/d\/202201\/LONGER-RAY5-Laser-Engraver-494612-14._p1_.jpg\" \/><img decoding=\"async\" class=\"lazy_img\" src=\"https:\/\/img.gkbcdn.com\/d\/202201\/LONGER-RAY5-Laser-Engraver-494612-15._p1_.jpg\" alt=\"Graveur laser LONGER RAY5 Chipset 32 bits Connexion WIFI avec \u00e9cran tactile et gravure hors ligne\" data-original=\"\/\/img.gkbcdn.com\/d\/202201\/LONGER-RAY5-Laser-Engraver-494612-15._p1_.jpg\" \/><img decoding=\"async\" class=\"lazy_img\" src=\"https:\/\/img.gkbcdn.com\/d\/202201\/LONGER-RAY5-Laser-Engraver-494612-16._p1_.jpg\" alt=\"Graveur laser LONGER RAY5 Chipset 32 bits Connexion WIFI avec \u00e9cran tactile et gravure hors ligne\" data-original=\"\/\/img.gkbcdn.com\/d\/202201\/LONGER-RAY5-Laser-Engraver-494612-16._p1_.jpg\" \/><img decoding=\"async\" class=\"lazy_img\" src=\"https:\/\/img.gkbcdn.com\/d\/202201\/LONGER-RAY5-Laser-Engraver-494612-17._p1_.jpg\" alt=\"Graveur laser LONGER RAY5 Chipset 32 bits Connexion WIFI avec \u00e9cran tactile et gravure hors ligne\" data-original=\"\/\/img.gkbcdn.com\/d\/202201\/LONGER-RAY5-Laser-Engraver-494612-17._p1_.jpg\" \/><\/p><h2>Sp\u00e9cification<\/h2><table class=\"jbEidtTable\" border=\"1\" cellspacing=\"0\" cellpadding=\"5\"><tbody><tr><td>G\u00e9n\u00e9ral<\/td><td><p>Marque: LONGER<br \/>Type : Graveur laser<br \/>Mod\u00e8le: RAY5<br \/>Couleur: Noir<\/p><\/td><\/tr><tr><td>Sp\u00e9cification<\/td><td><div>Technologie laser : laser \u00e0 diode<\/div><div>Zone de travail : 410 x 410 mm (16,14 x 16,14 pouces)<\/div><div>Longueur d&#8217;onde du laser : 450 nm<\/div><div>Type de mise au point : mise au point fixe &#8211; plage focale de 30 mm<\/div><div>Taille du spot \u00e0 la mise au point optimale : 0,08 x 0,08 mm<\/div><div>Puissance de sortie optique : 5,5 W<\/div><div>Plage de hauteur de l&#8217;axe Z jusqu&#8217;\u00e0 65 mm<\/div><div>Vitesse de gravure\/d\u00e9coupe : 40 &#8211; 10000 mm\/min<\/div><div>Sortie du graveur : DC12V 5A<\/div><div>Entr\u00e9e du graveur : AC110 &#8211; 240V<\/div><div>Logiciel : LaserGRBL, compatible avec LightBurn<\/div><div>Connexion : USB \/ Carte TF \/ Wifi<\/div><div>Taille du graveur laser : 61 x 67 x 20 cm (24 x 26 x 0,79 pouces)<\/div><div>Objets \u00e0 sculpter : Tout bois, papier, plastique, cuir, circuit imprim\u00e9, oxyde d&#8217;aluminium, placage antireflet et m\u00e9tal laqu\u00e9<\/div><div>Objets \u00e0 d\u00e9couper : Carton, tissu non tiss\u00e9, bois l\u00e9ger, mat\u00e9riau acrylique, panneau en plastique fin<\/div><\/td><\/tr><tr><td>Poids et taille<\/td><td>Poids du colis : 6,5 kg<br \/>Dimensions du colis (L x l x H) : 59 x 30 x 12,7 cm<\/td><\/tr><tr><td>Contenu du colis<\/td><td><p>1 x RAYON PLUS LONG 5<br \/>1 x Manuel d&#8217;utilisation<\/p><\/td><\/tr><\/tbody><\/table>\t\t\t\t\t\t\t\t<\/div>\n\t\t\t\t<\/div>\n\t\t\t\t\t<\/div>\n\t\t\t\t<\/div>\n\t\t\t\t<\/div>","protected":false},"excerpt":{"rendered":"<p>Graveur laser, \u00e9cran tactile 3,5 pouces, gravure hors ligne, laser focalis\u00e9 ultrafin, chipset 32 bits, module laser \u00e9volutif, compatible avec les syst\u00e8mes Windows\/MAC\/Linux&#8230;<\/p>","protected":false},"featured_media":26778,"comment_status":"closed","ping_status":"closed","template":"","meta":{"om_disable_all_campaigns":false,"_monsterinsights_skip_tracking":false,"_monsterinsights_sitenote_active":false,"_monsterinsights_sitenote_note":"","_monsterinsights_sitenote_category":0},"product_brand":[],"product_cat":[1411,1404],"product_tag":[1412,2060,1413,1414,2062,1517,1518,1519],"class_list":{"0":"post-26777","1":"product","2":"type-product","3":"status-publish","4":"has-post-thumbnail","6":"product_cat-graveurs-laser","7":"product_cat-machines","8":"product_tag-5w","9":"product_tag-diode","10":"product_tag-graveur","11":"product_tag-laser","12":"product_tag-laserburn","13":"product_tag-longer","14":"product_tag-ray","15":"product_tag-ray5","17":"first","18":"instock","19":"sale","20":"shipping-taxable","21":"product-type-external"},"aioseo_notices":[],"jetpack_sharing_enabled":true,"_links":{"self":[{"href":"http:\/\/france-coupon.fr\/en\/wp-json\/wp\/v2\/product\/26777","targetHints":{"allow":["GET"]}}],"collection":[{"href":"http:\/\/france-coupon.fr\/en\/wp-json\/wp\/v2\/product"}],"about":[{"href":"http:\/\/france-coupon.fr\/en\/wp-json\/wp\/v2\/types\/product"}],"replies":[{"embeddable":true,"href":"http:\/\/france-coupon.fr\/en\/wp-json\/wp\/v2\/comments?post=26777"}],"version-history":[{"count":0,"href":"http:\/\/france-coupon.fr\/en\/wp-json\/wp\/v2\/product\/26777\/revisions"}],"wp:featuredmedia":[{"embeddable":true,"href":"http:\/\/france-coupon.fr\/en\/wp-json\/wp\/v2\/media\/26778"}],"wp:attachment":[{"href":"http:\/\/france-coupon.fr\/en\/wp-json\/wp\/v2\/media?parent=26777"}],"wp:term":[{"taxonomy":"product_brand","embeddable":true,"href":"http:\/\/france-coupon.fr\/en\/wp-json\/wp\/v2\/product_brand?post=26777"},{"taxonomy":"product_cat","embeddable":true,"href":"http:\/\/france-coupon.fr\/en\/wp-json\/wp\/v2\/product_cat?post=26777"},{"taxonomy":"product_tag","embeddable":true,"href":"http:\/\/france-coupon.fr\/en\/wp-json\/wp\/v2\/product_tag?post=26777"}],"curies":[{"name":"wp","href":"https:\/\/api.w.org\/{rel}","templated":true}]}}