{"id":27114,"date":"2026-03-10T10:08:03","date_gmt":"2026-03-10T09:08:03","guid":{"rendered":"https:\/\/france-coupon.fr\/?post_type=product&#038;p=27114"},"modified":"2026-03-10T18:15:21","modified_gmt":"2026-03-10T17:15:21","slug":"fengqs-q8","status":"publish","type":"product","link":"http:\/\/france-coupon.fr\/en\/product\/fengqs-q8\/","title":{"rendered":"Fengqs Q8"},"content":{"rendered":"<div data-elementor-type=\"product-post\" data-elementor-id=\"27114\" class=\"elementor elementor-27114\" data-elementor-post-type=\"product\">\n\t\t\t\t<div class=\"elementor-element elementor-element-799c75d9 e-con-full e-flex e-con e-parent\" data-id=\"799c75d9\" data-element_type=\"container\">\n\t\t\t\t<div class=\"elementor-element elementor-element-2d3b03f elementor-widget elementor-widget-heading\" data-id=\"2d3b03f\" data-element_type=\"widget\" data-widget_type=\"heading.default\">\n\t\t\t\t<div class=\"elementor-widget-container\">\n\t\t\t\t\t<h2 class=\"elementor-heading-title elementor-size-default\">\u2193 RETROUVEZ LES MEILLEURS PRIX \u2193<\/h2>\t\t\t\t<\/div>\n\t\t\t\t<\/div>\n\t\t\t\t<div class=\"elementor-element elementor-element-5a457cfd elementor-widget-divider--view-line elementor-widget elementor-widget-divider\" data-id=\"5a457cfd\" data-element_type=\"widget\" data-widget_type=\"divider.default\">\n\t\t\t\t<div class=\"elementor-widget-container\">\n\t\t\t\t\t\t\t<div class=\"elementor-divider\">\n\t\t\t<span class=\"elementor-divider-separator\">\n\t\t\t\t\t\t<\/span>\n\t\t<\/div>\n\t\t\t\t\t\t<\/div>\n\t\t\t\t<\/div>\n\t\t\t\t<div class=\"elementor-element elementor-element-657ac58c elementor-grid-4 pp-coupon-button-icon-before pp-coupon-code-right elementor-grid-tablet-2 elementor-grid-mobile-1 pp-coupon-discount-left elementor-widget elementor-widget-pp-coupons\" data-id=\"657ac58c\" data-element_type=\"widget\" data-settings=\"{&quot;coupon_style&quot;:&quot;reveal&quot;,&quot;layout&quot;:&quot;grid&quot;}\" data-widget_type=\"pp-coupons.default\">\n\t\t\t\t<div class=\"elementor-widget-container\">\n\t\t\t\t\t\t\t\t\t\t<div class=\"pp-coupons pp-coupons-grid\">\n\t\t\t\t<div class=\"elementor-grid pp-coupons-grid-wrapper\" data-query-type=\"custom\" data-layout=\"grid\" data-page=\"27114\" data-skin=\"657ac58c\">\n\t\t\t\t\t\t\t\t<div class=\"pp-coupon elementor-grid-item\">\n\t\t\t\t\t\t\t\t\t<div class=\"pp-coupon-image-wrapper\">\n\t\t\t\t\t\t\n\t\t\t\t\t\t\n\t\t\t\t\t\t<img decoding=\"async\" src=\"https:\/\/france-coupon.fr\/wp-content\/uploads\/elementor\/thumbs\/boutik-logo-ali-r4n5b0ry5r47ne2ah0pvq1po5b7y6853a6nf3yyhu2.jpg\" alt=\"boutik logo ali\">\n\t\t\t\t\t<\/div>\n\t\t\t\t\t\t\t\t\t\n\t\t\t\t\t\t\t\t<div class=\"pp-coupon-content\">\n\t\t\t\t\t<div class=\"pp-coupon-title-wrap\">\n\t\t\t\t\t\t<div class=\"pp-coupon-title-container\" href=\"https:\/\/s.click.aliexpress.com\/e\/_c3zI9Foj\" target=\"_blank\"><h4 class=\"pp-coupon-title\">690,49\u20ac<\/h4><\/div>\t\t\t\t\t<\/div>\n\n\t\t\t\t\t\n\t\t\t\t\t\t\t\t\t\t\t<hr class=\"pp-coupon-separator\">\n\t\t\t\t\t\n\t\t\t\t\t\t\t\t\t\t\t<div class=\"pp-coupon-button-wrap\">\n\t\t\t\t\t\t\t<a  href=\"https:\/\/s.click.aliexpress.com\/e\/_c3zI9Foj\" target=\"_blank\">\n\t\t\t\t\t\t\t\t<div class=\"pp-coupon-button elementor-button elementor-size-sm\">\n\t\t\t\t\t\t\t\t\t\t\t\t<span class=\"pp-button-icon pp-icon\">\n\t\t\t\t<svg aria-hidden=\"true\" class=\"e-font-icon-svg e-fas-long-arrow-alt-right\" viewbox=\"0 0 448 512\" xmlns=\"http:\/\/www.w3.org\/2000\/svg\"><path d=\"M313.941 216H12c-6.627 0-12 5.373-12 12v56c0 6.627 5.373 12 12 12h301.941v46.059c0 21.382 25.851 32.09 40.971 16.971l86.059-86.059c9.373-9.373 9.373-24.569 0-33.941l-86.059-86.059c-15.119-15.119-40.971-4.411-40.971 16.971V216z\"><\/path><\/svg>\t\t\t<\/span>\n\t\t\t\t\t\t\t\t\t\t\t\t\t\t\t\t\t\t\t\t\t\t<span class=\"pp-button-text\">\n\t\t\t\t\t\t\t\t\t\t\tLien du produit\t\t\t\t\t\t\t\t\t\t<\/span>\n\t\t\t\t\t\t\t\t\t\t\t\t\t\t\t\t\t\t\t\t\t\t\t\t\t\t<\/div>\n\t\t\t\t\t\t\t<\/a>\n\t\t\t\t\t\t<\/div>\n\t\t\t\t\t\t\t\t\t\t\t\t\t\t<\/div>\n\t\t\t<\/div>\n\t\t\t\t\t\t<div class=\"pp-coupon elementor-grid-item\">\n\t\t\t\t\t\t\t\t\t<div class=\"pp-coupon-image-wrapper\">\n\t\t\t\t\t\t\n\t\t\t\t\t\t\n\t\t\t\t\t\t<img decoding=\"async\" src=\"https:\/\/france-coupon.fr\/wp-content\/uploads\/elementor\/thumbs\/boutik-logo-banggood-r4n5blgec3wiqt8949no8wht7se0vkf6p103o23u16.jpg\" alt=\"boutik logo banggood\">\n\t\t\t\t\t<\/div>\n\t\t\t\t\t\t\t\t\t\n\t\t\t\t\t\t\t\t<div class=\"pp-coupon-content\">\n\t\t\t\t\t<div class=\"pp-coupon-title-wrap\">\n\t\t\t\t\t\t<div class=\"pp-coupon-title-container\" href=\"https:\/\/fr.banggood.com\/%5BEU-DIRECT%5D-FENGQS-Q8-Electric-Bike-48V-17_5AH-Battery-750W-Motors-Recommended-Top-Speed-25KM-or-H-27_5inch-Tires-85KM-Max-Mileage-150KG-Max-Load-Electric-Bicycle-p-2038771.html?cur_warehouse=CZ&#038;ID=6287853&#038;p=EO130421552202201805&#038;custlinkid=5051564\" target=\"_blank\"><h4 class=\"pp-coupon-title\">879,00\u20ac<\/h4><\/div>\t\t\t\t\t<\/div>\n\n\t\t\t\t\t\n\t\t\t\t\t\t\t\t\t\t\t<hr class=\"pp-coupon-separator\">\n\t\t\t\t\t\n\t\t\t\t\t\t\t\t\t\t\t<div class=\"pp-coupon-button-wrap\">\n\t\t\t\t\t\t\t<a  href=\"https:\/\/fr.banggood.com\/%5BEU-DIRECT%5D-FENGQS-Q8-Electric-Bike-48V-17_5AH-Battery-750W-Motors-Recommended-Top-Speed-25KM-or-H-27_5inch-Tires-85KM-Max-Mileage-150KG-Max-Load-Electric-Bicycle-p-2038771.html?cur_warehouse=CZ&#038;ID=6287853&#038;p=EO130421552202201805&#038;custlinkid=5051564\" target=\"_blank\">\n\t\t\t\t\t\t\t\t<div class=\"pp-coupon-button elementor-button elementor-size-sm\">\n\t\t\t\t\t\t\t\t\t\t\t\t<span class=\"pp-button-icon pp-icon\">\n\t\t\t\t<svg aria-hidden=\"true\" class=\"e-font-icon-svg e-fas-long-arrow-alt-right\" viewbox=\"0 0 448 512\" xmlns=\"http:\/\/www.w3.org\/2000\/svg\"><path d=\"M313.941 216H12c-6.627 0-12 5.373-12 12v56c0 6.627 5.373 12 12 12h301.941v46.059c0 21.382 25.851 32.09 40.971 16.971l86.059-86.059c9.373-9.373 9.373-24.569 0-33.941l-86.059-86.059c-15.119-15.119-40.971-4.411-40.971 16.971V216z\"><\/path><\/svg>\t\t\t<\/span>\n\t\t\t\t\t\t\t\t\t\t\t\t\t\t\t\t\t\t\t\t\t\t<span class=\"pp-button-text\">\n\t\t\t\t\t\t\t\t\t\t\tLien du produit\t\t\t\t\t\t\t\t\t\t<\/span>\n\t\t\t\t\t\t\t\t\t\t\t\t\t\t\t\t\t\t\t\t\t\t\t\t\t\t<\/div>\n\t\t\t\t\t\t\t<\/a>\n\t\t\t\t\t\t<\/div>\n\t\t\t\t\t\t\t\t\t\t\t\t\t\t<\/div>\n\t\t\t<\/div>\n\t\t\t\t\t\t<div class=\"pp-coupon elementor-grid-item\">\n\t\t\t\t\t\t\t\t\t<div class=\"pp-coupon-image-wrapper\">\n\t\t\t\t\t\t\t\t\t\t\t\t\t<div class=\"pp-coupon-discount\">\n\t\t\t\t\t\t\t\tRecommand\u00e9\t\t\t\t\t\t\t<\/div>\n\t\t\t\t\t\t\n\t\t\t\t\t\t\t\t\t\t\t\t\t<div class=\"pp-coupon-code pp-coupon-style-reveal\" data-coupon-code=\"FENGQSQ8\">\n\t\t\t\t\t\t\t\t\t\t\t\t\t\t\t\t<div class='pp-coupon-reveal-wrap'>\n\t\t\t\t<span class='pp-coupon-reveal'>\n\t\t\t\t\t\t\t<span class=\"pp-coupon-code-icon pp-icon\">\n\t\t\t\t\t\t\t<svg aria-hidden=\"true\" class=\"e-font-icon-svg e-fas-eye\" viewbox=\"0 0 576 512\" xmlns=\"http:\/\/www.w3.org\/2000\/svg\"><path d=\"M572.52 241.4C518.29 135.59 410.93 64 288 64S57.68 135.64 3.48 241.41a32.35 32.35 0 0 0 0 29.19C57.71 376.41 165.07 448 288 448s230.32-71.64 284.52-177.41a32.35 32.35 0 0 0 0-29.19zM288 400a144 144 0 1 1 144-144 143.93 143.93 0 0 1-144 144zm0-240a95.31 95.31 0 0 0-25.31 3.79 47.85 47.85 0 0 1-66.9 66.9A95.78 95.78 0 1 0 288 160z\"><\/path><\/svg>\t\t\t\t\t<\/span>\n\t\tVoir code\t\t\t\t<\/span>\n\t\t\t<\/div>\n\t\t\t<div class='pp-coupon-code-text-wrap pp-unreavel'>\n\t\t\t\t<span class='pp-coupon-code-text' id='pp-coupon-code-657ac58c'>SQ8<\/span>\n\t\t\t\t<span class='pp-coupon-copy-text'style='display: none;'><\/span>\n\t\t\t<\/div>\n\t\t\t\t\t\t\t\t\t<\/div>\n\t\t\t\t\t\t\n\t\t\t\t\t\t<img decoding=\"async\" src=\"https:\/\/france-coupon.fr\/wp-content\/uploads\/elementor\/thumbs\/boutik-logo-geekbuying-e1730919204203-r6ygk52li06e2b30ahtaqwnhtvgitsxv7i94lg4yq2.jpg\" alt=\"boutik-logo-geekbuying-e1730919204203\">\n\t\t\t\t\t<\/div>\n\t\t\t\t\t\t\t\t\t\n\t\t\t\t\t\t\t\t<div class=\"pp-coupon-content\">\n\t\t\t\t\t<div class=\"pp-coupon-title-wrap\">\n\t\t\t\t\t\t<div class=\"pp-coupon-title-container\" href=\"https:\/\/fr.geekbuying.com\/item\/FENGQS-Q8-Velo-electrique-750-W-48-V-17-5-Ah-Blanc-10003409.html?idev_id=2179&#038;utm_source=affiliate.geekbuying.com&#038;utm_medium=affiliate_2179&#038;utm_campaign=2179&#038;utm_content=2179&#038;utm_term=weed37&#038;utm_term=1773162132\" target=\"_blank\"><h4 class=\"pp-coupon-title\">669,00\u20ac<\/h4><\/div>\t\t\t\t\t<\/div>\n\n\t\t\t\t\t\n\t\t\t\t\t\t\t\t\t\t\t<hr class=\"pp-coupon-separator\">\n\t\t\t\t\t\n\t\t\t\t\t\t\t\t\t\t\t<div class=\"pp-coupon-button-wrap\">\n\t\t\t\t\t\t\t<a  href=\"https:\/\/fr.geekbuying.com\/item\/FENGQS-Q8-Velo-electrique-750-W-48-V-17-5-Ah-Blanc-10003409.html?idev_id=2179&#038;utm_source=affiliate.geekbuying.com&#038;utm_medium=affiliate_2179&#038;utm_campaign=2179&#038;utm_content=2179&#038;utm_term=weed37&#038;utm_term=1773162132\" target=\"_blank\">\n\t\t\t\t\t\t\t\t<div class=\"pp-coupon-button elementor-button elementor-size-sm\">\n\t\t\t\t\t\t\t\t\t\t\t\t<span class=\"pp-button-icon pp-icon\">\n\t\t\t\t<svg aria-hidden=\"true\" class=\"e-font-icon-svg e-fas-long-arrow-alt-right\" viewbox=\"0 0 448 512\" xmlns=\"http:\/\/www.w3.org\/2000\/svg\"><path d=\"M313.941 216H12c-6.627 0-12 5.373-12 12v56c0 6.627 5.373 12 12 12h301.941v46.059c0 21.382 25.851 32.09 40.971 16.971l86.059-86.059c9.373-9.373 9.373-24.569 0-33.941l-86.059-86.059c-15.119-15.119-40.971-4.411-40.971 16.971V216z\"><\/path><\/svg>\t\t\t<\/span>\n\t\t\t\t\t\t\t\t\t\t\t\t\t\t\t\t\t\t\t\t\t\t<span class=\"pp-button-text\">\n\t\t\t\t\t\t\t\t\t\t\tLien du produit\t\t\t\t\t\t\t\t\t\t<\/span>\n\t\t\t\t\t\t\t\t\t\t\t\t\t\t\t\t\t\t\t\t\t\t\t\t\t\t<\/div>\n\t\t\t\t\t\t\t<\/a>\n\t\t\t\t\t\t<\/div>\n\t\t\t\t\t\t\t\t\t\t\t\t\t\t<\/div>\n\t\t\t<\/div>\n\t\t\t\t\t\t<div class=\"pp-coupon elementor-grid-item\">\n\t\t\t\t\t\t\t\t\t<div class=\"pp-coupon-image-wrapper\">\n\t\t\t\t\t\t\t\t\t\t\t\t\t<div class=\"pp-coupon-discount\">\n\t\t\t\t\t\t\t\tRecommand\u00e9\t\t\t\t\t\t\t<\/div>\n\t\t\t\t\t\t\n\t\t\t\t\t\t\t\t\t\t\t\t\t<div class=\"pp-coupon-code pp-coupon-style-reveal\" data-coupon-code=\"NNNFRFQ8\">\n\t\t\t\t\t\t\t\t\t\t\t\t\t\t\t\t<div class='pp-coupon-reveal-wrap'>\n\t\t\t\t<span class='pp-coupon-reveal'>\n\t\t\t\t\t\t\t<span class=\"pp-coupon-code-icon pp-icon\">\n\t\t\t\t\t\t\t<svg aria-hidden=\"true\" class=\"e-font-icon-svg e-fas-eye\" viewbox=\"0 0 576 512\" xmlns=\"http:\/\/www.w3.org\/2000\/svg\"><path d=\"M572.52 241.4C518.29 135.59 410.93 64 288 64S57.68 135.64 3.48 241.41a32.35 32.35 0 0 0 0 29.19C57.71 376.41 165.07 448 288 448s230.32-71.64 284.52-177.41a32.35 32.35 0 0 0 0-29.19zM288 400a144 144 0 1 1 144-144 143.93 143.93 0 0 1-144 144zm0-240a95.31 95.31 0 0 0-25.31 3.79 47.85 47.85 0 0 1-66.9 66.9A95.78 95.78 0 1 0 288 160z\"><\/path><\/svg>\t\t\t\t\t<\/span>\n\t\tVoir code\t\t\t\t<\/span>\n\t\t\t<\/div>\n\t\t\t<div class='pp-coupon-code-text-wrap pp-unreavel'>\n\t\t\t\t<span class='pp-coupon-code-text' id='pp-coupon-code-657ac58c'>FQ8<\/span>\n\t\t\t\t<span class='pp-coupon-copy-text'style='display: none;'><\/span>\n\t\t\t<\/div>\n\t\t\t\t\t\t\t\t\t<\/div>\n\t\t\t\t\t\t\n\t\t\t\t\t\t<img decoding=\"async\" src=\"https:\/\/france-coupon.fr\/wp-content\/uploads\/elementor\/thumbs\/boutik-logo-geekbuying-e1730919204203-r6ygk52li06e2b30ahtaqwnhtvgitsxv7i94lg4yq2.jpg\" alt=\"boutik-logo-geekbuying-e1730919204203\">\n\t\t\t\t\t<\/div>\n\t\t\t\t\t\t\t\t\t\n\t\t\t\t\t\t\t\t<div class=\"pp-coupon-content\">\n\t\t\t\t\t<div class=\"pp-coupon-title-wrap\">\n\t\t\t\t\t\t<div class=\"pp-coupon-title-container\" href=\"https:\/\/fr.geekbuying.com\/item\/FENGQS-Q8-Velo-electrique-750-W-48-V-17-5-Ah-Blanc-10003409.html?idev_id=2179&#038;utm_source=affiliate.geekbuying.com&#038;utm_medium=affiliate_2179&#038;utm_campaign=2179&#038;utm_content=2179&#038;utm_term=weed37&#038;utm_term=1773162132\" target=\"_blank\"><h4 class=\"pp-coupon-title\">669,00\u20ac<\/h4><\/div>\t\t\t\t\t<\/div>\n\n\t\t\t\t\t\n\t\t\t\t\t\t\t\t\t\t\t<hr class=\"pp-coupon-separator\">\n\t\t\t\t\t\n\t\t\t\t\t\t\t\t\t\t\t<div class=\"pp-coupon-button-wrap\">\n\t\t\t\t\t\t\t<a  href=\"https:\/\/fr.geekbuying.com\/item\/FENGQS-Q8-Velo-electrique-750-W-48-V-17-5-Ah-Blanc-10003409.html?idev_id=2179&#038;utm_source=affiliate.geekbuying.com&#038;utm_medium=affiliate_2179&#038;utm_campaign=2179&#038;utm_content=2179&#038;utm_term=weed37&#038;utm_term=1773162132\" target=\"_blank\">\n\t\t\t\t\t\t\t\t<div class=\"pp-coupon-button elementor-button elementor-size-sm\">\n\t\t\t\t\t\t\t\t\t\t\t\t<span class=\"pp-button-icon pp-icon\">\n\t\t\t\t<svg aria-hidden=\"true\" class=\"e-font-icon-svg e-fas-long-arrow-alt-right\" viewbox=\"0 0 448 512\" xmlns=\"http:\/\/www.w3.org\/2000\/svg\"><path d=\"M313.941 216H12c-6.627 0-12 5.373-12 12v56c0 6.627 5.373 12 12 12h301.941v46.059c0 21.382 25.851 32.09 40.971 16.971l86.059-86.059c9.373-9.373 9.373-24.569 0-33.941l-86.059-86.059c-15.119-15.119-40.971-4.411-40.971 16.971V216z\"><\/path><\/svg>\t\t\t<\/span>\n\t\t\t\t\t\t\t\t\t\t\t\t\t\t\t\t\t\t\t\t\t\t<span class=\"pp-button-text\">\n\t\t\t\t\t\t\t\t\t\t\tLien du produit\t\t\t\t\t\t\t\t\t\t<\/span>\n\t\t\t\t\t\t\t\t\t\t\t\t\t\t\t\t\t\t\t\t\t\t\t\t\t\t<\/div>\n\t\t\t\t\t\t\t<\/a>\n\t\t\t\t\t\t<\/div>\n\t\t\t\t\t\t\t\t\t\t\t\t\t\t<\/div>\n\t\t\t<\/div>\n\t\t\t\t\t\t\t<\/div>\n\t\t\t\t\t\t\t<\/div>\n\t\t\t\t\t\t\t<\/div>\n\t\t\t\t<\/div>\n\t\t\t\t<div class=\"elementor-element elementor-element-62d4d410 elementor-widget-divider--view-line elementor-widget elementor-widget-divider\" data-id=\"62d4d410\" data-element_type=\"widget\" data-widget_type=\"divider.default\">\n\t\t\t\t<div class=\"elementor-widget-container\">\n\t\t\t\t\t\t\t<div class=\"elementor-divider\">\n\t\t\t<span class=\"elementor-divider-separator\">\n\t\t\t\t\t\t<\/span>\n\t\t<\/div>\n\t\t\t\t\t\t<\/div>\n\t\t\t\t<\/div>\n\t\t<div class=\"elementor-element elementor-element-2fd62e76 e-grid e-con-full e-con e-child\" data-id=\"2fd62e76\" data-element_type=\"container\">\n\t\t\t\t<div class=\"elementor-element elementor-element-7c97e3a elementor-widget elementor-widget-text-editor\" data-id=\"7c97e3a\" data-element_type=\"widget\" data-widget_type=\"text-editor.default\">\n\t\t\t\t<div class=\"elementor-widget-container\">\n\t\t\t\t\t\t\t\t\t<h5 style=\"text-align: center;\"><em><strong><span style=\"color: #0000ff;\">Comment utiliser<br \/>un coupon r\u00e9duction?<\/span><\/strong><\/em><\/h5><p><em><strong><span style=\"color: #0000ff;\">How to use a discount coupon?<\/span><\/strong><\/em><\/p>\t\t\t\t\t\t\t\t<\/div>\n\t\t\t\t<\/div>\n\t\t\t\t<div class=\"elementor-element elementor-element-3da03530 elementor-widget elementor-widget-video\" data-id=\"3da03530\" data-element_type=\"widget\" data-settings=\"{&quot;youtube_url&quot;:&quot;https:\\\/\\\/www.youtube.com\\\/watch?v=eNNzTLooBIE&quot;,&quot;video_type&quot;:&quot;youtube&quot;,&quot;controls&quot;:&quot;yes&quot;}\" data-widget_type=\"video.default\">\n\t\t\t\t<div class=\"elementor-widget-container\">\n\t\t\t\t\t\t\t<div class=\"elementor-wrapper elementor-open-inline\">\n\t\t\t<div class=\"elementor-video\"><\/div>\t\t<\/div>\n\t\t\t\t\t\t<\/div>\n\t\t\t\t<\/div>\n\t\t\t\t<div class=\"elementor-element elementor-element-61a89d9f elementor-widget elementor-widget-text-editor\" data-id=\"61a89d9f\" data-element_type=\"widget\" data-widget_type=\"text-editor.default\">\n\t\t\t\t<div class=\"elementor-widget-container\">\n\t\t\t\t\t\t\t\t\t<p style=\"text-align: center;\">&#8221; Certains liens sont susceptibles d&#8217;\u00eatre affili\u00e9s. En tant que partenaire Amazon, je r\u00e9alise un b\u00e9n\u00e9fice sur les achats remplissant les conditions requises. &#8220;<\/p>\t\t\t\t\t\t\t\t<\/div>\n\t\t\t\t<\/div>\n\t\t\t\t<\/div>\n\t\t\t\t<\/div>\n\t\t<div class=\"elementor-element elementor-element-6b5be4bd e-flex e-con-boxed e-con e-parent\" data-id=\"6b5be4bd\" data-element_type=\"container\">\n\t\t\t\t\t<div class=\"e-con-inner\">\n\t\t\t\t<div class=\"elementor-element elementor-element-782a50ba elementor-widget elementor-widget-text-editor\" data-id=\"782a50ba\" data-element_type=\"widget\" data-widget_type=\"text-editor.default\">\n\t\t\t\t<div class=\"elementor-widget-container\">\n\t\t\t\t\t\t\t\t\t<ul><li>Le v\u00e9lo \u00e9lectrique FENGQS Q8 est \u00e9quip\u00e9 d&#8217;un moteur de 750 W, d&#8217;une vitesse maximale de 50 km\/h et de 21 vitesses, qui permettent de rouler facilement \u00e0 diff\u00e9rentes vitesses sur diff\u00e9rents terrains et de profiter du plaisir de la conduite en ext\u00e9rieur.<\/li><li>Equip\u00e9 d&#8217;une batterie amovible 48V 17,5AH, l&#8217;autonomie maximale peut atteindre 55 kilom\u00e8tres en mode \u00e9lectrique pur et 85 kilom\u00e8tres en mode assist\u00e9.<\/li><li>Le syst\u00e8me de freinage sensible \u00e9quip\u00e9 de disques avant et arri\u00e8re peut fournir une force de freinage suffisante m\u00eame dans les pires conditions.<\/li><li>L&#8217;\u00e9cran intelligent affiche la puissance, la vitesse, la vitesse et le kilom\u00e9trage, rendant votre conduite plus intelligente et plus pratique.<\/li><li>Les pneus antid\u00e9rapants durables de 27,5 pouces offrent une adh\u00e9rence ferme pour assurer une conduite douce et s\u00fbre.<\/li><\/ul><p><img decoding=\"async\" class=\"lazy_img\" src=\"https:\/\/img.gkbcdn.com\/d\/202507\/FENGQS-Q8-Electric-Bike-750W-48V-17-5Ah-White-529576-0._p1_.jpg\" alt=\"V\u00e9lo \u00e9lectrique FENGQS Q8, moteur 750 W, batterie 48 V 17,5 Ah, pneus 27,5 pouces, vitesse maximale 50 km\/h, autonomie 85 km, freins \u00e0 disque hydrauliques, 21 vitesses - Blanc\" data-original=\"\/\/img.gkbcdn.com\/d\/202507\/FENGQS-Q8-Electric-Bike-750W-48V-17-5Ah-White-529576-0._p1_.jpg\" \/><img decoding=\"async\" class=\"lazy_img\" src=\"https:\/\/img.gkbcdn.com\/d\/202507\/FENGQS-Q8-Electric-Bike-750W-48V-17-5Ah-White-529576-1._p1_.jpg\" alt=\"V\u00e9lo \u00e9lectrique FENGQS Q8, moteur 750 W, batterie 48 V 17,5 Ah, pneus 27,5 pouces, vitesse maximale 50 km\/h, autonomie 85 km, freins \u00e0 disque hydrauliques, 21 vitesses - Blanc\" data-original=\"\/\/img.gkbcdn.com\/d\/202507\/FENGQS-Q8-Electric-Bike-750W-48V-17-5Ah-White-529576-1._p1_.jpg\" \/><img decoding=\"async\" class=\"lazy_img\" src=\"https:\/\/img.gkbcdn.com\/d\/202507\/FENGQS-Q8-Electric-Bike-750W-48V-17-5Ah-White-529576-2._p1_.jpg\" alt=\"V\u00e9lo \u00e9lectrique FENGQS Q8, moteur 750 W, batterie 48 V 17,5 Ah, pneus 27,5 pouces, vitesse maximale 50 km\/h, autonomie 85 km, freins \u00e0 disque hydrauliques, 21 vitesses - Blanc\" data-original=\"\/\/img.gkbcdn.com\/d\/202507\/FENGQS-Q8-Electric-Bike-750W-48V-17-5Ah-White-529576-2._p1_.jpg\" \/><img decoding=\"async\" class=\"lazy_img\" src=\"https:\/\/img.gkbcdn.com\/d\/202507\/FENGQS-Q8-Electric-Bike-750W-48V-17-5Ah-White-529576-3._p1_.jpg\" alt=\"V\u00e9lo \u00e9lectrique FENGQS Q8, moteur 750 W, batterie 48 V 17,5 Ah, pneus 27,5 pouces, vitesse maximale 50 km\/h, autonomie 85 km, freins \u00e0 disque hydrauliques, 21 vitesses - Blanc\" data-original=\"\/\/img.gkbcdn.com\/d\/202507\/FENGQS-Q8-Electric-Bike-750W-48V-17-5Ah-White-529576-3._p1_.jpg\" \/><img decoding=\"async\" class=\"lazy_img\" src=\"https:\/\/img.gkbcdn.com\/d\/202507\/FENGQS-Q8-Electric-Bike-750W-48V-17-5Ah-White-529576-4._p1_.jpg\" alt=\"V\u00e9lo \u00e9lectrique FENGQS Q8, moteur 750 W, batterie 48 V 17,5 Ah, pneus 27,5 pouces, vitesse maximale 50 km\/h, autonomie 85 km, freins \u00e0 disque hydrauliques, 21 vitesses - Blanc\" data-original=\"\/\/img.gkbcdn.com\/d\/202507\/FENGQS-Q8-Electric-Bike-750W-48V-17-5Ah-White-529576-4._p1_.jpg\" \/><img decoding=\"async\" class=\"lazy_img\" src=\"https:\/\/img.gkbcdn.com\/d\/202507\/FENGQS-Q8-Electric-Bike-750W-48V-17-5Ah-White-529576-5._p1_.jpg\" alt=\"V\u00e9lo \u00e9lectrique FENGQS Q8, moteur 750 W, batterie 48 V 17,5 Ah, pneus 27,5 pouces, vitesse maximale 50 km\/h, autonomie 85 km, freins \u00e0 disque hydrauliques, 21 vitesses - Blanc\" data-original=\"\/\/img.gkbcdn.com\/d\/202507\/FENGQS-Q8-Electric-Bike-750W-48V-17-5Ah-White-529576-5._p1_.jpg\" \/><img decoding=\"async\" class=\"lazy_img\" src=\"https:\/\/img.gkbcdn.com\/d\/202508\/3b69476a-c34e-4fae-94b0-592863707b91._p1_.jpg\" alt=\"FENGQS Q8 V\u00e9lo \u00e9lectrique, moteur 750 W, batterie 48 V 17,5 Ah, pneus 27,5 pouces, vitesse maximale 50 km\/h, autonomie 85 km, freins \u00e0 disque, 21 vitesses - Blanc\" data-original=\"\/\/img.gkbcdn.com\/d\/202508\/3b69476a-c34e-4fae-94b0-592863707b91._p1_.jpg\" \/><img decoding=\"async\" class=\"lazy_img\" src=\"https:\/\/img.gkbcdn.com\/d\/202507\/FENGQS-Q8-Electric-Bike-750W-48V-17-5Ah-White-529576-7._p1_.jpg\" alt=\"V\u00e9lo \u00e9lectrique FENGQS Q8, moteur 750 W, batterie 48 V 17,5 Ah, pneus 27,5 pouces, vitesse maximale 50 km\/h, autonomie 85 km, freins \u00e0 disque hydrauliques, 21 vitesses - Blanc\" data-original=\"\/\/img.gkbcdn.com\/d\/202507\/FENGQS-Q8-Electric-Bike-750W-48V-17-5Ah-White-529576-7._p1_.jpg\" \/><img decoding=\"async\" class=\"lazy_img\" src=\"https:\/\/img.gkbcdn.com\/d\/202507\/FENGQS-Q8-Electric-Bike-750W-48V-17-5Ah-White-529576-8._p1_.jpg\" alt=\"V\u00e9lo \u00e9lectrique FENGQS Q8, moteur 750 W, batterie 48 V 17,5 Ah, pneus 27,5 pouces, vitesse maximale 50 km\/h, autonomie 85 km, freins \u00e0 disque hydrauliques, 21 vitesses - Blanc\" data-original=\"\/\/img.gkbcdn.com\/d\/202507\/FENGQS-Q8-Electric-Bike-750W-48V-17-5Ah-White-529576-8._p1_.jpg\" \/><img decoding=\"async\" class=\"lazy_img\" src=\"https:\/\/img.gkbcdn.com\/d\/202507\/b1697b7d-e4d3-42ee-8e28-1108aac5f012._p1_.jpg\" alt=\"FENGQS Q8 V\u00e9lo \u00e9lectrique, moteur 750 W, batterie 48 V 17,5 Ah, pneus 27,5 pouces, vitesse maximale 50 km\/h, autonomie 85 km, freins \u00e0 disque hydrauliques, 21 vitesses - Blanc\" data-original=\"\/\/img.gkbcdn.com\/d\/202507\/b1697b7d-e4d3-42ee-8e28-1108aac5f012._p1_.jpg\" \/><img decoding=\"async\" class=\"lazy_img\" src=\"https:\/\/img.gkbcdn.com\/d\/202507\/5e66a5c6-0e62-4da2-956f-85215b9e980b._p1_.jpg\" alt=\"FENGQS Q8 V\u00e9lo \u00e9lectrique, moteur 750 W, batterie 48 V 17,5 Ah, pneus 27,5 pouces, vitesse maximale 50 km\/h, autonomie 85 km, freins \u00e0 disque hydrauliques, 21 vitesses - Blanc\" data-original=\"\/\/img.gkbcdn.com\/d\/202507\/5e66a5c6-0e62-4da2-956f-85215b9e980b._p1_.jpg\" \/><img decoding=\"async\" class=\"lazy_img\" src=\"https:\/\/img.gkbcdn.com\/d\/202507\/664386ca-e592-45ba-a208-04f90a516d47._p1_.jpg\" alt=\"FENGQS Q8 V\u00e9lo \u00e9lectrique, moteur 750 W, batterie 48 V 17,5 Ah, pneus 27,5 pouces, vitesse maximale 50 km\/h, autonomie 85 km, freins \u00e0 disque hydrauliques, 21 vitesses - Blanc\" data-original=\"\/\/img.gkbcdn.com\/d\/202507\/664386ca-e592-45ba-a208-04f90a516d47._p1_.jpg\" \/><img decoding=\"async\" class=\"lazy_img\" src=\"https:\/\/img.gkbcdn.com\/d\/202507\/2e193a5e-e287-40e9-b7a4-1695fa5eae7f._p1_.jpg\" alt=\"FENGQS Q8 V\u00e9lo \u00e9lectrique, moteur 750 W, batterie 48 V 17,5 Ah, pneus 27,5 pouces, vitesse maximale 50 km\/h, autonomie 85 km, freins \u00e0 disque hydrauliques, 21 vitesses - Blanc\" data-original=\"\/\/img.gkbcdn.com\/d\/202507\/2e193a5e-e287-40e9-b7a4-1695fa5eae7f._p1_.jpg\" \/><img decoding=\"async\" class=\"lazy_img\" src=\"https:\/\/img.gkbcdn.com\/d\/202507\/cde4f750-0b96-40de-b245-0330482772f0._p1_.jpg\" alt=\"FENGQS Q8 V\u00e9lo \u00e9lectrique, moteur 750 W, batterie 48 V 17,5 Ah, pneus 27,5 pouces, vitesse maximale 50 km\/h, autonomie 85 km, freins \u00e0 disque hydrauliques, 21 vitesses - Blanc\" data-original=\"\/\/img.gkbcdn.com\/d\/202507\/cde4f750-0b96-40de-b245-0330482772f0._p1_.jpg\" \/><\/p><h2>Sp\u00e9cification<\/h2><table class=\"jbEidtTable\" border=\"1\" cellspacing=\"0\" cellpadding=\"5\"><tbody><tr><td><strong>G\u00e9n\u00e9ral<\/strong><\/td><td><p>Marque : FENGQS<br \/>Type : V\u00e9lo \u00e9lectrique<br \/>Mod\u00e8le : Q8<br \/>Couleur : Blanc<\/p><\/td><\/tr><tr><td><strong>Sp\u00e9cification<\/strong><\/td><td>Moteur : 750W<br \/>Batterie : 48V 17,5Ah<br \/>Pneus : 27,5 pouces<br \/>Vitesse maximale : 50 km\/h<br \/>Autonomie\u00a0: 55\u00a0km (mode \u00e9lectrique pur), 85\u00a0km (mode PAS)<br \/>Frein : Freins \u00e0 disque<br \/>Transmission : 21 vitesses<\/td><\/tr><tr><td><strong>Poids et taille<\/strong><\/td><td>Poids du produit : 24,8 kg<br \/>Poids du colis : 32,6 kg<br \/>Dimensions du colis (L x l x H) : 145 x 22 x 77 cm<\/td><\/tr><tr><td><strong>Contenu du colis<\/strong><\/td><td><p>1 x v\u00e9lo \u00e9lectrique<br \/>1 x chargeur<br \/>1 x bo\u00eete \u00e0 outils<br \/>1 x Manuel d&#8217;utilisation<\/p><\/td><\/tr><\/tbody><\/table>\t\t\t\t\t\t\t\t<\/div>\n\t\t\t\t<\/div>\n\t\t\t\t\t<\/div>\n\t\t\t\t<\/div>\n\t\t\t\t<\/div>","protected":false},"excerpt":{"rendered":"<p>V\u00e9lo \u00e9lectrique, moteur 750 W, batterie 48 V 17,5 Ah, pneus 27,5 pouces, vitesse maximale 50 km\/h, autonomie 85 km, freins \u00e0 disque, 21 vitesses&#8230;<\/p>","protected":false},"featured_media":27115,"comment_status":"closed","ping_status":"closed","template":"","meta":{"om_disable_all_campaigns":false,"_monsterinsights_skip_tracking":false,"_monsterinsights_sitenote_active":false,"_monsterinsights_sitenote_note":"","_monsterinsights_sitenote_category":0},"product_brand":[],"product_cat":[1823,1824],"product_tag":[1854,2370,1826,1828,1829,2216,1904,2369,1830],"class_list":{"0":"post-27114","1":"product","2":"type-product","3":"status-publish","4":"has-post-thumbnail","6":"product_cat-sport-loisirs","7":"product_cat-velo","8":"product_tag-48v","9":"product_tag-750w","10":"product_tag-bike","11":"product_tag-electric","12":"product_tag-electrique","13":"product_tag-fengqs","14":"product_tag-pliant","15":"product_tag-q8","16":"product_tag-velo","18":"first","19":"instock","20":"sale","21":"shipping-taxable","22":"product-type-external"},"aioseo_notices":[],"jetpack_sharing_enabled":true,"_links":{"self":[{"href":"http:\/\/france-coupon.fr\/en\/wp-json\/wp\/v2\/product\/27114","targetHints":{"allow":["GET"]}}],"collection":[{"href":"http:\/\/france-coupon.fr\/en\/wp-json\/wp\/v2\/product"}],"about":[{"href":"http:\/\/france-coupon.fr\/en\/wp-json\/wp\/v2\/types\/product"}],"replies":[{"embeddable":true,"href":"http:\/\/france-coupon.fr\/en\/wp-json\/wp\/v2\/comments?post=27114"}],"version-history":[{"count":0,"href":"http:\/\/france-coupon.fr\/en\/wp-json\/wp\/v2\/product\/27114\/revisions"}],"wp:featuredmedia":[{"embeddable":true,"href":"http:\/\/france-coupon.fr\/en\/wp-json\/wp\/v2\/media\/27115"}],"wp:attachment":[{"href":"http:\/\/france-coupon.fr\/en\/wp-json\/wp\/v2\/media?parent=27114"}],"wp:term":[{"taxonomy":"product_brand","embeddable":true,"href":"http:\/\/france-coupon.fr\/en\/wp-json\/wp\/v2\/product_brand?post=27114"},{"taxonomy":"product_cat","embeddable":true,"href":"http:\/\/france-coupon.fr\/en\/wp-json\/wp\/v2\/product_cat?post=27114"},{"taxonomy":"product_tag","embeddable":true,"href":"http:\/\/france-coupon.fr\/en\/wp-json\/wp\/v2\/product_tag?post=27114"}],"curies":[{"name":"wp","href":"https:\/\/api.w.org\/{rel}","templated":true}]}}