{"id":26696,"date":"2025-12-24T10:11:50","date_gmt":"2025-12-24T09:11:50","guid":{"rendered":"https:\/\/france-coupon.fr\/?post_type=product&#038;p=26696"},"modified":"2025-12-29T15:25:55","modified_gmt":"2025-12-29T14:25:55","slug":"creality-module-ir-2w","status":"publish","type":"product","link":"https:\/\/france-coupon.fr\/en\/product\/creality-module-ir-2w\/","title":{"rendered":"Creality Module IR-2w pour A1 Pro"},"content":{"rendered":"<div data-elementor-type=\"product-post\" data-elementor-id=\"26696\" class=\"elementor elementor-26696\" data-elementor-post-type=\"product\">\n\t\t\t\t<div class=\"elementor-element elementor-element-6a1d844 e-con-full e-flex e-con e-parent\" data-id=\"6a1d844\" data-element_type=\"container\">\n\t\t\t\t<div class=\"elementor-element elementor-element-6c9c0312 elementor-widget elementor-widget-heading\" data-id=\"6c9c0312\" data-element_type=\"widget\" data-widget_type=\"heading.default\">\n\t\t\t\t<div class=\"elementor-widget-container\">\n\t\t\t\t\t<h2 class=\"elementor-heading-title elementor-size-default\">\u2193 RETROUVEZ LES MEILLEURS PRIX \u2193<\/h2>\t\t\t\t<\/div>\n\t\t\t\t<\/div>\n\t\t\t\t<div class=\"elementor-element elementor-element-e5fae80 elementor-widget-divider--view-line elementor-widget elementor-widget-divider\" data-id=\"e5fae80\" data-element_type=\"widget\" data-widget_type=\"divider.default\">\n\t\t\t\t<div class=\"elementor-widget-container\">\n\t\t\t\t\t\t\t<div class=\"elementor-divider\">\n\t\t\t<span class=\"elementor-divider-separator\">\n\t\t\t\t\t\t<\/span>\n\t\t<\/div>\n\t\t\t\t\t\t<\/div>\n\t\t\t\t<\/div>\n\t\t\t\t<div class=\"elementor-element elementor-element-4759eea4 elementor-grid-4 pp-coupon-button-icon-before pp-coupon-code-right elementor-grid-tablet-2 elementor-grid-mobile-1 pp-coupon-discount-left elementor-widget elementor-widget-pp-coupons\" data-id=\"4759eea4\" data-element_type=\"widget\" data-settings=\"{&quot;coupon_style&quot;:&quot;reveal&quot;,&quot;layout&quot;:&quot;grid&quot;}\" data-widget_type=\"pp-coupons.default\">\n\t\t\t\t<div class=\"elementor-widget-container\">\n\t\t\t\t\t\t\t\t\t\t<div class=\"pp-coupons pp-coupons-grid\">\n\t\t\t\t<div class=\"elementor-grid pp-coupons-grid-wrapper\" data-query-type=\"custom\" data-layout=\"grid\" data-page=\"26696\" data-skin=\"4759eea4\">\n\t\t\t\t\t\t\t\t<div class=\"pp-coupon elementor-grid-item\">\n\t\t\t\t\t\t\t\t\t<div class=\"pp-coupon-image-wrapper\">\n\t\t\t\t\t\t\t\t\t\t\t\t\t<div class=\"pp-coupon-discount\">\n\t\t\t\t\t\t\t\tRecommand\u00e9\t\t\t\t\t\t\t<\/div>\n\t\t\t\t\t\t\n\t\t\t\t\t\t\n\t\t\t\t\t\t<img decoding=\"async\" src=\"https:\/\/france-coupon.fr\/wp-content\/uploads\/elementor\/thumbs\/boutik-logo-geekbuying-e1730919204203-r6ygk52li06e2b30ahtaqwnhtvgitsxv7i94lg4yq2.jpg\" alt=\"boutik-logo-geekbuying-e1730919204203\">\n\t\t\t\t\t<\/div>\n\t\t\t\t\t\t\t\t\t\n\t\t\t\t\t\t\t\t<div class=\"pp-coupon-content\">\n\t\t\t\t\t<div class=\"pp-coupon-title-wrap\">\n\t\t\t\t\t\t<div class=\"pp-coupon-title-container\" href=\"https:\/\/fr.geekbuying.com\/item\/Creality-Falcon-A1-Pro-2W-Module-laser-infrarouge-10003955.html?idev_id=2179&#038;utm_source=affiliate.geekbuying.com&#038;utm_medium=affiliate_2179&#038;utm_campaign=2179&#038;utm_content=2179&#038;utm_term=weed37&#038;utm_term=1758740064\" target=\"_blank\"><h4 class=\"pp-coupon-title\">349,00\u20ac<\/h4><\/div>\t\t\t\t\t<\/div>\n\n\t\t\t\t\t\n\t\t\t\t\t\t\t\t\t\t\t<hr class=\"pp-coupon-separator\">\n\t\t\t\t\t\n\t\t\t\t\t\t\t\t\t\t\t<div class=\"pp-coupon-button-wrap\">\n\t\t\t\t\t\t\t<a  href=\"https:\/\/fr.geekbuying.com\/item\/Creality-Falcon-A1-Pro-2W-Module-laser-infrarouge-10003955.html?idev_id=2179&#038;utm_source=affiliate.geekbuying.com&#038;utm_medium=affiliate_2179&#038;utm_campaign=2179&#038;utm_content=2179&#038;utm_term=weed37&#038;utm_term=1758740064\" target=\"_blank\">\n\t\t\t\t\t\t\t\t<div class=\"pp-coupon-button elementor-button elementor-size-sm\">\n\t\t\t\t\t\t\t\t\t\t\t\t<span class=\"pp-button-icon pp-icon\">\n\t\t\t\t<svg aria-hidden=\"true\" class=\"e-font-icon-svg e-fas-long-arrow-alt-right\" viewbox=\"0 0 448 512\" xmlns=\"http:\/\/www.w3.org\/2000\/svg\"><path d=\"M313.941 216H12c-6.627 0-12 5.373-12 12v56c0 6.627 5.373 12 12 12h301.941v46.059c0 21.382 25.851 32.09 40.971 16.971l86.059-86.059c9.373-9.373 9.373-24.569 0-33.941l-86.059-86.059c-15.119-15.119-40.971-4.411-40.971 16.971V216z\"><\/path><\/svg>\t\t\t<\/span>\n\t\t\t\t\t\t\t\t\t\t\t\t\t\t\t\t\t\t\t\t\t\t<span class=\"pp-button-text\">\n\t\t\t\t\t\t\t\t\t\t\tLien du produit\t\t\t\t\t\t\t\t\t\t<\/span>\n\t\t\t\t\t\t\t\t\t\t\t\t\t\t\t\t\t\t\t\t\t\t\t\t\t\t<\/div>\n\t\t\t\t\t\t\t<\/a>\n\t\t\t\t\t\t<\/div>\n\t\t\t\t\t\t\t\t\t\t\t\t\t\t<\/div>\n\t\t\t<\/div>\n\t\t\t\t\t\t\t<\/div>\n\t\t\t\t\t\t\t<\/div>\n\t\t\t\t\t\t\t<\/div>\n\t\t\t\t<\/div>\n\t\t\t\t<div class=\"elementor-element elementor-element-239e3fa4 elementor-widget-divider--view-line elementor-widget elementor-widget-divider\" data-id=\"239e3fa4\" data-element_type=\"widget\" data-widget_type=\"divider.default\">\n\t\t\t\t<div class=\"elementor-widget-container\">\n\t\t\t\t\t\t\t<div class=\"elementor-divider\">\n\t\t\t<span class=\"elementor-divider-separator\">\n\t\t\t\t\t\t<\/span>\n\t\t<\/div>\n\t\t\t\t\t\t<\/div>\n\t\t\t\t<\/div>\n\t\t<div class=\"elementor-element elementor-element-4aa7901f e-grid e-con-full e-con e-child\" data-id=\"4aa7901f\" data-element_type=\"container\">\n\t\t\t\t<div class=\"elementor-element elementor-element-4b57f7a8 elementor-widget elementor-widget-text-editor\" data-id=\"4b57f7a8\" data-element_type=\"widget\" data-widget_type=\"text-editor.default\">\n\t\t\t\t<div class=\"elementor-widget-container\">\n\t\t\t\t\t\t\t\t\t<h5 style=\"text-align: center;\"><em><strong><span style=\"color: #0000ff;\">Comment utiliser<br \/>un coupon r\u00e9duction?<\/span><\/strong><\/em><\/h5><p><em><strong><span style=\"color: #0000ff;\">How to use a discount coupon?<\/span><\/strong><\/em><\/p>\t\t\t\t\t\t\t\t<\/div>\n\t\t\t\t<\/div>\n\t\t\t\t<div class=\"elementor-element elementor-element-7d1ce0e3 elementor-widget elementor-widget-video\" data-id=\"7d1ce0e3\" data-element_type=\"widget\" data-settings=\"{&quot;youtube_url&quot;:&quot;https:\\\/\\\/www.youtube.com\\\/watch?v=eNNzTLooBIE&quot;,&quot;video_type&quot;:&quot;youtube&quot;,&quot;controls&quot;:&quot;yes&quot;}\" data-widget_type=\"video.default\">\n\t\t\t\t<div class=\"elementor-widget-container\">\n\t\t\t\t\t\t\t<div class=\"elementor-wrapper elementor-open-inline\">\n\t\t\t<div class=\"elementor-video\"><\/div>\t\t<\/div>\n\t\t\t\t\t\t<\/div>\n\t\t\t\t<\/div>\n\t\t\t\t<div class=\"elementor-element elementor-element-42cae379 elementor-widget elementor-widget-text-editor\" data-id=\"42cae379\" data-element_type=\"widget\" data-widget_type=\"text-editor.default\">\n\t\t\t\t<div class=\"elementor-widget-container\">\n\t\t\t\t\t\t\t\t\t<p style=\"text-align: center;\">&#8221; Certains liens sont susceptibles d&#8217;\u00eatre affili\u00e9s. En tant que partenaire Amazon, je r\u00e9alise un b\u00e9n\u00e9fice sur les achats remplissant les conditions requises. &#8220;<\/p>\t\t\t\t\t\t\t\t<\/div>\n\t\t\t\t<\/div>\n\t\t\t\t<\/div>\n\t\t\t\t<\/div>\n\t\t<div class=\"elementor-element elementor-element-4a2b3258 e-flex e-con-boxed e-con e-parent\" data-id=\"4a2b3258\" data-element_type=\"container\">\n\t\t\t\t\t<div class=\"e-con-inner\">\n\t\t\t\t<div class=\"elementor-element elementor-element-47af3aac elementor-widget elementor-widget-text-editor\" data-id=\"47af3aac\" data-element_type=\"widget\" data-widget_type=\"text-editor.default\">\n\t\t\t\t<div class=\"elementor-widget-container\">\n\t\t\t\t\t\t\t\t\t<p>Compatible avec la graveuse laser Creality Falcon A1 Pro.<\/p><p><img decoding=\"async\" class=\"lazy_img\" src=\"https:\/\/img.gkbcdn.com\/d\/202511\/Creality-Falcon-A1-Pro-2W-Infrared-Laser-Module-530469-0._p1_.jpg\" alt=\"Module laser infrarouge Creality 2 W pour graveur laser A1 Pro, vitesse de 600 mm\/s, pr\u00e9cision de d\u00e9placement de 0,01 mm, longueur d'onde de 1064 nm\" data-original=\"\/\/img.gkbcdn.com\/d\/202511\/Creality-Falcon-A1-Pro-2W-Infrared-Laser-Module-530469-0._p1_.jpg\" \/><img decoding=\"async\" class=\"lazy_img\" src=\"https:\/\/img.gkbcdn.com\/d\/202511\/Creality-Falcon-A1-Pro-2W-Infrared-Laser-Module-530469-1._p1_.jpg\" alt=\"Module laser infrarouge Creality 2 W pour graveur laser A1 Pro, vitesse de 600 mm\/s, pr\u00e9cision de d\u00e9placement de 0,01 mm, longueur d'onde de 1064 nm\" data-original=\"\/\/img.gkbcdn.com\/d\/202511\/Creality-Falcon-A1-Pro-2W-Infrared-Laser-Module-530469-1._p1_.jpg\" \/><img decoding=\"async\" class=\"lazy_img\" src=\"https:\/\/img.gkbcdn.com\/d\/202511\/Creality-Falcon-A1-Pro-2W-Infrared-Laser-Module-530469-2._p1_.jpg\" alt=\"Module laser infrarouge Creality 2 W pour graveur laser A1 Pro, vitesse de 600 mm\/s, pr\u00e9cision de d\u00e9placement de 0,01 mm, longueur d'onde de 1064 nm\" data-original=\"\/\/img.gkbcdn.com\/d\/202511\/Creality-Falcon-A1-Pro-2W-Infrared-Laser-Module-530469-2._p1_.jpg\" \/><img decoding=\"async\" class=\"lazy_img\" src=\"https:\/\/img.gkbcdn.com\/d\/202511\/Creality-Falcon-A1-Pro-2W-Infrared-Laser-Module-530469-3._p1_.jpg\" alt=\"Module laser infrarouge Creality 2 W pour graveur laser A1 Pro, vitesse de 600 mm\/s, pr\u00e9cision de d\u00e9placement de 0,01 mm, longueur d'onde de 1064 nm\" data-original=\"\/\/img.gkbcdn.com\/d\/202511\/Creality-Falcon-A1-Pro-2W-Infrared-Laser-Module-530469-3._p1_.jpg\" \/><img decoding=\"async\" class=\"lazy_img\" src=\"https:\/\/img.gkbcdn.com\/d\/202511\/Creality-Falcon-A1-Pro-2W-Infrared-Laser-Module-530469-4._p1_.jpg\" alt=\"Module laser infrarouge Creality 2 W pour graveur laser A1 Pro, vitesse de 600 mm\/s, pr\u00e9cision de d\u00e9placement de 0,01 mm, longueur d'onde de 1064 nm\" data-original=\"\/\/img.gkbcdn.com\/d\/202511\/Creality-Falcon-A1-Pro-2W-Infrared-Laser-Module-530469-4._p1_.jpg\" \/><img decoding=\"async\" class=\"lazy_img\" src=\"https:\/\/img.gkbcdn.com\/d\/202511\/Creality-Falcon-A1-Pro-2W-Infrared-Laser-Module-530469-5._p1_.jpg\" alt=\"Module laser infrarouge Creality 2 W pour graveur laser A1 Pro, vitesse de 600 mm\/s, pr\u00e9cision de d\u00e9placement de 0,01 mm, longueur d'onde de 1064 nm\" data-original=\"\/\/img.gkbcdn.com\/d\/202511\/Creality-Falcon-A1-Pro-2W-Infrared-Laser-Module-530469-5._p1_.jpg\" \/><\/p><h2>Sp\u00e9cification<\/h2><table class=\"jbEidtTable\" border=\"1\" cellspacing=\"0\" cellpadding=\"5\"><tbody><tr><td><strong>G\u00e9n\u00e9ral<\/strong><\/td><td><p>Marque : Creality<br \/>Type : Module laser<br \/>Mod\u00e8le : Falcon A1 Pro<\/p><\/td><\/tr><tr><td><strong>Sp\u00e9cification<\/strong><\/td><td>Source laser : laser \u00e0 semi-conducteurs<br \/>Puissance optique : 2 W<br \/>Longueur d&#8217;onde du laser\u00a0: 1064 \u00b1 1 nm<br \/>Mat\u00e9riaux compatibles\u00a0: or, argent, laiton, fer, aluminium, acier inoxydable, plastique, acrylique opaque fonc\u00e9, alliage de titane, m\u00e9tal \u00e9lectroplaqu\u00e9, schiste, sous-verres en c\u00e9ramique, etc.<\/td><\/tr><tr><td><strong>Poids et taille<\/strong><\/td><td>Poids du colis : 0,55 kg<br \/>Dimensions de l&#8217;emballage (L x l x H) : 16 x 11,5 x 7,6 cm<\/td><\/tr><tr><td><strong>Contenu de l&#8217;emballage<\/strong><\/td><td><p>1 x Module laser infrarouge de 2W<br \/>1 x Manuel d&#8217;utilisation<\/p><\/td><\/tr><\/tbody><\/table>\t\t\t\t\t\t\t\t<\/div>\n\t\t\t\t<\/div>\n\t\t\t\t\t<\/div>\n\t\t\t\t<\/div>\n\t\t\t\t<\/div>","protected":false},"excerpt":{"rendered":"<p>Module Laser Infrarouge Pour Graveur Laser A1 Pro, Vitesse de 600mm\/s, Pr\u00e9cision de D\u00e9placement de 0,01mm, Longueur d&#8217;onde de 1064nm&#8230;<\/p>","protected":false},"featured_media":26697,"comment_status":"closed","ping_status":"closed","template":"","meta":{"om_disable_all_campaigns":false,"_monsterinsights_skip_tracking":false,"_monsterinsights_sitenote_active":false,"_monsterinsights_sitenote_note":"","_monsterinsights_sitenote_category":0},"product_brand":[],"product_cat":[1498,1411,1404],"product_tag":[1453,1818,2325,1422,1574,1413,1749,2025,1414,1697],"class_list":{"0":"post-26696","1":"product","2":"type-product","3":"status-publish","4":"has-post-thumbnail","6":"product_cat-accessoires-laser","7":"product_cat-graveurs-laser","8":"product_cat-machines","9":"product_tag-2w","10":"product_tag-a1","11":"product_tag-a1-pro","12":"product_tag-creality","13":"product_tag-falcon","14":"product_tag-graveur","15":"product_tag-infrarouge","16":"product_tag-ir","17":"product_tag-laser","18":"product_tag-module","20":"first","21":"instock","22":"sale","23":"shipping-taxable","24":"product-type-external"},"aioseo_notices":[],"jetpack_sharing_enabled":true,"_links":{"self":[{"href":"https:\/\/france-coupon.fr\/en\/wp-json\/wp\/v2\/product\/26696","targetHints":{"allow":["GET"]}}],"collection":[{"href":"https:\/\/france-coupon.fr\/en\/wp-json\/wp\/v2\/product"}],"about":[{"href":"https:\/\/france-coupon.fr\/en\/wp-json\/wp\/v2\/types\/product"}],"replies":[{"embeddable":true,"href":"https:\/\/france-coupon.fr\/en\/wp-json\/wp\/v2\/comments?post=26696"}],"version-history":[{"count":0,"href":"https:\/\/france-coupon.fr\/en\/wp-json\/wp\/v2\/product\/26696\/revisions"}],"wp:featuredmedia":[{"embeddable":true,"href":"https:\/\/france-coupon.fr\/en\/wp-json\/wp\/v2\/media\/26697"}],"wp:attachment":[{"href":"https:\/\/france-coupon.fr\/en\/wp-json\/wp\/v2\/media?parent=26696"}],"wp:term":[{"taxonomy":"product_brand","embeddable":true,"href":"https:\/\/france-coupon.fr\/en\/wp-json\/wp\/v2\/product_brand?post=26696"},{"taxonomy":"product_cat","embeddable":true,"href":"https:\/\/france-coupon.fr\/en\/wp-json\/wp\/v2\/product_cat?post=26696"},{"taxonomy":"product_tag","embeddable":true,"href":"https:\/\/france-coupon.fr\/en\/wp-json\/wp\/v2\/product_tag?post=26696"}],"curies":[{"name":"wp","href":"https:\/\/api.w.org\/{rel}","templated":true}]}}