{"id":26709,"date":"2025-12-15T10:14:26","date_gmt":"2025-12-15T09:14:26","guid":{"rendered":"https:\/\/france-coupon.fr\/?post_type=product&#038;p=26709"},"modified":"2025-12-29T18:33:48","modified_gmt":"2025-12-29T17:33:48","slug":"mecpow-h43-plaque-alveolaire","status":"publish","type":"product","link":"https:\/\/france-coupon.fr\/en\/product\/mecpow-h43-plaque-alveolaire\/","title":{"rendered":"Mecpow H43 Plaque alv\u00e9olaire (pour Creality A1-A1 Pro)"},"content":{"rendered":"<div data-elementor-type=\"product-post\" data-elementor-id=\"26709\" class=\"elementor elementor-26709\" data-elementor-post-type=\"product\">\n\t\t\t\t<div class=\"elementor-element elementor-element-62ab7d21 e-con-full e-flex e-con e-parent\" data-id=\"62ab7d21\" data-element_type=\"container\">\n\t\t\t\t<div class=\"elementor-element elementor-element-51611a99 elementor-widget elementor-widget-heading\" data-id=\"51611a99\" data-element_type=\"widget\" data-widget_type=\"heading.default\">\n\t\t\t\t<div class=\"elementor-widget-container\">\n\t\t\t\t\t<h2 class=\"elementor-heading-title elementor-size-default\">\u2193 RETROUVEZ LES MEILLEURS PRIX \u2193<\/h2>\t\t\t\t<\/div>\n\t\t\t\t<\/div>\n\t\t\t\t<div class=\"elementor-element elementor-element-3a8fc477 elementor-widget-divider--view-line elementor-widget elementor-widget-divider\" data-id=\"3a8fc477\" data-element_type=\"widget\" data-widget_type=\"divider.default\">\n\t\t\t\t<div class=\"elementor-widget-container\">\n\t\t\t\t\t\t\t<div class=\"elementor-divider\">\n\t\t\t<span class=\"elementor-divider-separator\">\n\t\t\t\t\t\t<\/span>\n\t\t<\/div>\n\t\t\t\t\t\t<\/div>\n\t\t\t\t<\/div>\n\t\t\t\t<div class=\"elementor-element elementor-element-6e1c3789 elementor-grid-4 pp-coupon-button-icon-before pp-coupon-code-right elementor-grid-tablet-2 elementor-grid-mobile-1 pp-coupon-discount-left elementor-widget elementor-widget-pp-coupons\" data-id=\"6e1c3789\" data-element_type=\"widget\" data-settings=\"{&quot;coupon_style&quot;:&quot;reveal&quot;,&quot;layout&quot;:&quot;grid&quot;}\" data-widget_type=\"pp-coupons.default\">\n\t\t\t\t<div class=\"elementor-widget-container\">\n\t\t\t\t\t\t\t\t\t\t<div class=\"pp-coupons pp-coupons-grid\">\n\t\t\t\t<div class=\"elementor-grid pp-coupons-grid-wrapper\" data-query-type=\"custom\" data-layout=\"grid\" data-page=\"26709\" data-skin=\"6e1c3789\">\n\t\t\t\t\t\t\t\t<div class=\"pp-coupon elementor-grid-item\">\n\t\t\t\t\t\t\t\t\t<div class=\"pp-coupon-image-wrapper\">\n\t\t\t\t\t\t\t\t\t\t\t\t\t<div class=\"pp-coupon-discount\">\n\t\t\t\t\t\t\t\tRecommand\u00e9\t\t\t\t\t\t\t<\/div>\n\t\t\t\t\t\t\n\t\t\t\t\t\t\n\t\t\t\t\t\t<img decoding=\"async\" src=\"https:\/\/france-coupon.fr\/wp-content\/uploads\/elementor\/thumbs\/boutik-logo-geekbuying-e1730919204203-r6ygk52li06e2b30ahtaqwnhtvgitsxv7i94lg4yq2.jpg\" alt=\"boutik-logo-geekbuying-e1730919204203\">\n\t\t\t\t\t<\/div>\n\t\t\t\t\t\t\t\t\t\n\t\t\t\t\t\t\t\t<div class=\"pp-coupon-content\">\n\t\t\t\t\t<div class=\"pp-coupon-title-wrap\">\n\t\t\t\t\t\t<div class=\"pp-coupon-title-container\" href=\"https:\/\/fr.geekbuying.com\/item\/Mecpow-H43-410-x-340-x-16-mm-Lit-laser-en-nid-d-abeille-10003585.html?Currency=EUR&#038;idev_id=2179&#038;utm_source=affiliate.geekbuying.com&#038;utm_medium=affiliate_2179&#038;utm_campaign=2179&#038;utm_content=2179&#038;utm_term=weed37\" target=\"_blank\"><h4 class=\"pp-coupon-title\">31,99\u20ac<\/h4><\/div>\t\t\t\t\t<\/div>\n\n\t\t\t\t\t\n\t\t\t\t\t\t\t\t\t\t\t<hr class=\"pp-coupon-separator\">\n\t\t\t\t\t\n\t\t\t\t\t\t\t\t\t\t\t<div class=\"pp-coupon-button-wrap\">\n\t\t\t\t\t\t\t<a  href=\"https:\/\/fr.geekbuying.com\/item\/Mecpow-H43-410-x-340-x-16-mm-Lit-laser-en-nid-d-abeille-10003585.html?Currency=EUR&#038;idev_id=2179&#038;utm_source=affiliate.geekbuying.com&#038;utm_medium=affiliate_2179&#038;utm_campaign=2179&#038;utm_content=2179&#038;utm_term=weed37\" target=\"_blank\">\n\t\t\t\t\t\t\t\t<div class=\"pp-coupon-button elementor-button elementor-size-sm\">\n\t\t\t\t\t\t\t\t\t\t\t\t<span class=\"pp-button-icon pp-icon\">\n\t\t\t\t<svg aria-hidden=\"true\" class=\"e-font-icon-svg e-fas-long-arrow-alt-right\" viewbox=\"0 0 448 512\" xmlns=\"http:\/\/www.w3.org\/2000\/svg\"><path d=\"M313.941 216H12c-6.627 0-12 5.373-12 12v56c0 6.627 5.373 12 12 12h301.941v46.059c0 21.382 25.851 32.09 40.971 16.971l86.059-86.059c9.373-9.373 9.373-24.569 0-33.941l-86.059-86.059c-15.119-15.119-40.971-4.411-40.971 16.971V216z\"><\/path><\/svg>\t\t\t<\/span>\n\t\t\t\t\t\t\t\t\t\t\t\t\t\t\t\t\t\t\t\t\t\t<span class=\"pp-button-text\">\n\t\t\t\t\t\t\t\t\t\t\tLien du produit\t\t\t\t\t\t\t\t\t\t<\/span>\n\t\t\t\t\t\t\t\t\t\t\t\t\t\t\t\t\t\t\t\t\t\t\t\t\t\t<\/div>\n\t\t\t\t\t\t\t<\/a>\n\t\t\t\t\t\t<\/div>\n\t\t\t\t\t\t\t\t\t\t\t\t\t\t<\/div>\n\t\t\t<\/div>\n\t\t\t\t\t\t\t<\/div>\n\t\t\t\t\t\t\t<\/div>\n\t\t\t\t\t\t\t<\/div>\n\t\t\t\t<\/div>\n\t\t\t\t<div class=\"elementor-element elementor-element-ca9ad93 elementor-widget-divider--view-line elementor-widget elementor-widget-divider\" data-id=\"ca9ad93\" data-element_type=\"widget\" data-widget_type=\"divider.default\">\n\t\t\t\t<div class=\"elementor-widget-container\">\n\t\t\t\t\t\t\t<div class=\"elementor-divider\">\n\t\t\t<span class=\"elementor-divider-separator\">\n\t\t\t\t\t\t<\/span>\n\t\t<\/div>\n\t\t\t\t\t\t<\/div>\n\t\t\t\t<\/div>\n\t\t<div class=\"elementor-element elementor-element-6e5a6267 e-grid e-con-full e-con e-child\" data-id=\"6e5a6267\" data-element_type=\"container\">\n\t\t\t\t<div class=\"elementor-element elementor-element-18e2975d elementor-widget elementor-widget-text-editor\" data-id=\"18e2975d\" data-element_type=\"widget\" data-widget_type=\"text-editor.default\">\n\t\t\t\t<div class=\"elementor-widget-container\">\n\t\t\t\t\t\t\t\t\t<h5 style=\"text-align: center;\"><em><strong><span style=\"color: #0000ff;\">Comment utiliser<br \/>un coupon r\u00e9duction?<\/span><\/strong><\/em><\/h5><p><em><strong><span style=\"color: #0000ff;\">How to use a discount coupon?<\/span><\/strong><\/em><\/p>\t\t\t\t\t\t\t\t<\/div>\n\t\t\t\t<\/div>\n\t\t\t\t<div class=\"elementor-element elementor-element-5c364a1e elementor-widget elementor-widget-video\" data-id=\"5c364a1e\" data-element_type=\"widget\" data-settings=\"{&quot;youtube_url&quot;:&quot;https:\\\/\\\/www.youtube.com\\\/watch?v=eNNzTLooBIE&quot;,&quot;video_type&quot;:&quot;youtube&quot;,&quot;controls&quot;:&quot;yes&quot;}\" data-widget_type=\"video.default\">\n\t\t\t\t<div class=\"elementor-widget-container\">\n\t\t\t\t\t\t\t<div class=\"elementor-wrapper elementor-open-inline\">\n\t\t\t<div class=\"elementor-video\"><\/div>\t\t<\/div>\n\t\t\t\t\t\t<\/div>\n\t\t\t\t<\/div>\n\t\t\t\t<div class=\"elementor-element elementor-element-277b48e0 elementor-widget elementor-widget-text-editor\" data-id=\"277b48e0\" data-element_type=\"widget\" data-widget_type=\"text-editor.default\">\n\t\t\t\t<div class=\"elementor-widget-container\">\n\t\t\t\t\t\t\t\t\t<p style=\"text-align: center;\">&#8221; Certains liens sont susceptibles d&#8217;\u00eatre affili\u00e9s. En tant que partenaire Amazon, je r\u00e9alise un b\u00e9n\u00e9fice sur les achats remplissant les conditions requises. &#8220;<\/p>\t\t\t\t\t\t\t\t<\/div>\n\t\t\t\t<\/div>\n\t\t\t\t<\/div>\n\t\t\t\t<\/div>\n\t\t<div class=\"elementor-element elementor-element-72feda96 e-flex e-con-boxed e-con e-parent\" data-id=\"72feda96\" data-element_type=\"container\">\n\t\t\t\t\t<div class=\"e-con-inner\">\n\t\t\t\t<div class=\"elementor-element elementor-element-71ebf40a elementor-widget elementor-widget-text-editor\" data-id=\"71ebf40a\" data-element_type=\"widget\" data-widget_type=\"text-editor.default\">\n\t\t\t\t<div class=\"elementor-widget-container\">\n\t\t\t\t\t\t\t\t\t<h3>Performances de coupe am\u00e9lior\u00e9es<\/h3><p>La table de travail en nid d&#8217;abeille Mecpow est dot\u00e9e d&#8217;une structure creuse et ouverte unique en alliage d&#8217;aluminium. Cette conception optimise la circulation de l&#8217;air, r\u00e9duit l&#8217;accumulation de fum\u00e9e et assure une dissipation efficace de la chaleur, pour des coupes plus nettes et plus pr\u00e9cises, avec un minimum de traces de br\u00fblure. Profitez d&#8217;une pr\u00e9cision de gravure am\u00e9lior\u00e9e et d&#8217;une efficacit\u00e9 de coupe accrue pour une finition impeccable.<\/p><h3>Construction enti\u00e8rement m\u00e9tallique durable<\/h3><p>Fabriqu\u00e9 en alliage d&#8217;aluminium robuste avec des poteaux m\u00e9talliques renforc\u00e9s, le panneau alv\u00e9olaire est con\u00e7u pour durer. Les piliers centraux de soutien am\u00e9liorent la stabilit\u00e9 globale, tandis que le rev\u00eatement ignifuge et antirouille prot\u00e8ge la surface de l&#8217;exposition au laser et de l&#8217;usure des outils. Il est con\u00e7u pour une fiabilit\u00e9 \u00e0 long terme dans les environnements de travail exigeants.<\/p><h3>Marquages de mesure de pr\u00e9cision<\/h3><p>Dot\u00e9 de rep\u00e8res de mesure pr\u00e9cis sur deux bords, le panneau alv\u00e9ol\u00e9 Mecpow facilite l&#8217;alignement et le positionnement de vos mat\u00e9riaux pour la gravure laser. Cette fonctionnalit\u00e9 astucieuse am\u00e9liore la pr\u00e9cision du positionnement et optimise l&#8217;efficacit\u00e9 du flux de travail.<\/p><h3>Conception de protection compl\u00e8te<\/h3><p>Pour prot\u00e9ger votre \u00e9tabli, le kit comprend une plaque de support en aluminium adapt\u00e9e aux dimensions du panneau (410 x 340 mm). Plac\u00e9e sous le plateau alv\u00e9olaire, elle bloque efficacement la p\u00e9n\u00e9tration du laser. Le kit comprend \u00e9galement 10 clous en plastique et 10 patins en silicone pour fixer vos mat\u00e9riaux et les emp\u00eacher de bouger pendant l&#8217;utilisation, tandis que des protections d&#8217;angle garantissent une manipulation et une installation en toute s\u00e9curit\u00e9.<\/p><h3>Convivial et large compatibilit\u00e9<\/h3><p>Le plateau laser en nid d&#8217;abeille Mecpow ne n\u00e9cessite aucun assemblage : il suffit de le d\u00e9baller et de commencer \u00e0 l&#8217;utiliser imm\u00e9diatement. Il est compatible avec la plupart des graveurs laser jusqu&#8217;\u00e0 410 x 340 mm, y compris la Creality A1 et la Two Trees TTS-55 Pro. Que vous soyez d\u00e9butant ou professionnel, ce produit compl\u00e8tera facilement votre installation de gravure.<\/p><h3>Lit laser en nid d\u2019abeille Mecpow<\/h3><p>Prot\u00e8ge votre surface de travail | Zone de travail extra-large | Dissipation thermique rapide | Guides de mesure pr\u00e9cis<\/p><p><img decoding=\"async\" class=\"lazy_img\" src=\"https:\/\/img.gkbcdn.com\/d\/202508\/Mecpow-Honeycomb-Laser-Bed-Plate-10003585-0._p1_.jpg\" alt=\"Mecpow H43 410 x 340 x 16 mm Lit laser\" data-original=\"\/\/img.gkbcdn.com\/d\/202508\/Mecpow-Honeycomb-Laser-Bed-Plate-10003585-0._p1_.jpg\" \/><\/p><h3>Fonctionnement sans fum\u00e9e<\/h3><p>Une circulation d\u2019air efficace assure une \u00e9vacuation rapide et efficace de la fum\u00e9e.<\/p><p>Autres<\/p><p><img decoding=\"async\" class=\"lazy_img\" src=\"https:\/\/img.gkbcdn.com\/d\/202508\/Mecpow-Honeycomb-Laser-Bed-Plate-10003585-1._p1_.jpg\" alt=\"Mecpow H43 410 x 340 x 16 mm Lit laser\" data-original=\"\/\/img.gkbcdn.com\/d\/202508\/Mecpow-Honeycomb-Laser-Bed-Plate-10003585-1._p1_.jpg\" \/><\/p><h3>Protection double couche<\/h3><p>La conception double couche prot\u00e8ge votre bureau des dommages caus\u00e9s par le laser.<\/p><p>Protection des angles | Protection du dessous<\/p><p><img decoding=\"async\" class=\"lazy_img\" src=\"https:\/\/img.gkbcdn.com\/d\/202508\/Mecpow-Honeycomb-Laser-Bed-Plate-10003585-2._p1_.jpg\" alt=\"Mecpow H43 410 x 340 x 16 mm Lit laser\" data-original=\"\/\/img.gkbcdn.com\/d\/202508\/Mecpow-Honeycomb-Laser-Bed-Plate-10003585-2._p1_.jpg\" \/><\/p><h3>Pourquoi nous choisir ?<\/h3><p>Un savoir-faire artisanal jusque dans les moindres d\u00e9tails<\/p><p><img decoding=\"async\" class=\"lazy_img\" src=\"https:\/\/img.gkbcdn.com\/d\/202508\/Mecpow-Honeycomb-Laser-Bed-Plate-10003585-3._p1_.jpg\" alt=\"Mecpow H43 410 x 340 x 16 mm Lit laser\" data-original=\"\/\/img.gkbcdn.com\/d\/202508\/Mecpow-Honeycomb-Laser-Bed-Plate-10003585-3._p1_.jpg\" \/><\/p><h3>D\u00e9tails du produit<\/h3><p>Conception en nid d\u2019abeille pour une meilleure ventilation | Diam\u00e8tre des alv\u00e9oles : 7,5mm | R\u00e8gle carr\u00e9e int\u00e9gr\u00e9e<\/p><p>Panneau en aluminium r\u00e9sistant | Grande surface de coupe | Bords prot\u00e9g\u00e9s pour plus de s\u00e9curit\u00e9<\/p><p><img decoding=\"async\" class=\"lazy_img\" src=\"https:\/\/img.gkbcdn.com\/d\/202508\/Mecpow-Honeycomb-Laser-Bed-Plate-10003585-4._p1_.jpg\" alt=\"Mecpow H43 410 x 340 x 16 mm Lit laser\" data-original=\"\/\/img.gkbcdn.com\/d\/202508\/Mecpow-Honeycomb-Laser-Bed-Plate-10003585-4._p1_.jpg\" \/><img decoding=\"async\" class=\"lazy_img\" src=\"https:\/\/img.gkbcdn.com\/d\/202508\/Mecpow-Honeycomb-Laser-Bed-Plate-10003585-5._p1_.jpg\" alt=\"Mecpow H43 410 x 340 x 16 mm Lit laser\" data-original=\"\/\/img.gkbcdn.com\/d\/202508\/Mecpow-Honeycomb-Laser-Bed-Plate-10003585-5._p1_.jpg\" \/><\/p><h2>Sp\u00e9cification<\/h2><table border=\"1\" cellpadding=\"8\"><tbody><tr><td width=\"24.8000%\"><p><strong>G\u00e9n\u00e9ral<\/strong><\/p><\/td><td width=\"75.1800%\"><p>Marque : Mecpow<br \/>Type : plaque de lit laser en nid d&#8217;abeille<br \/>Mod\u00e8le : H43<br \/>Couleur : Noir<\/p><\/td><\/tr><tr><td width=\"24.8000%\"><p><strong>Sp\u00e9cifications de base<\/strong><\/p><\/td><td width=\"75.1800%\"><p>Mat\u00e9riau : alliage d&#8217;aluminium<br \/>Zone de travail : 380x310mm<\/p><\/td><\/tr><tr><td width=\"24.8000%\"><p><strong>Poids et taille<\/strong><\/p><\/td><td width=\"75.1800%\"><p>Poids du produit : 1,1 kg<br \/>Poids du colis : 1,7 kg<br \/>Dimensions du produit (L x l x H) : 410 x 340 x 16 mm<br \/>Dimensions du colis (L x l x H) : 439 x 359 x 40 mm<\/p><\/td><\/tr><tr><td width=\"24.8000%\"><p><strong>Liste des packages<\/strong><\/p><\/td><td width=\"75.1800%\"><p>1 x table de travail en nid d&#8217;abeille<br \/>1 x plaque en aluminium<br \/>10 clous en plastique<br \/>10 x coussinets en silicone<\/p><\/td><\/tr><\/tbody><\/table>\t\t\t\t\t\t\t\t<\/div>\n\t\t\t\t<\/div>\n\t\t\t\t\t<\/div>\n\t\t\t\t<\/div>\n\t\t\t\t<\/div>","protected":false},"excerpt":{"rendered":"<p><span class=\"\">Le plateau laser en nid d&#8217;abeille Mecpow ne n\u00e9cessite aucun assemblage : il suffit de le d\u00e9baller et de commencer \u00e0 l&#8217;utiliser imm\u00e9diatement. Il est compatible avec la plupart des graveurs laser jusqu&#8217;\u00e0 410 x 340 mm, y compris la Creality A1 et la Two Trees TTS-55 Pro.<\/span>..<\/p>","protected":false},"featured_media":26711,"comment_status":"closed","ping_status":"closed","template":"","meta":{"om_disable_all_campaigns":false,"_monsterinsights_skip_tracking":false,"_monsterinsights_sitenote_active":false,"_monsterinsights_sitenote_note":"","_monsterinsights_sitenote_category":0},"product_brand":[],"product_cat":[1498,1404],"product_tag":[1818,1533,1618,1422,1535,1413,1414,1721,1596,1501,1128],"class_list":{"0":"post-26709","1":"product","2":"type-product","3":"status-publish","4":"has-post-thumbnail","6":"product_cat-accessoires-laser","7":"product_cat-machines","8":"product_tag-a1","9":"product_tag-caisson","10":"product_tag-comb","11":"product_tag-creality","12":"product_tag-enclosure","13":"product_tag-graveur","14":"product_tag-laser","15":"product_tag-mecpow","16":"product_tag-plateau","17":"product_tag-plateforme","18":"product_tag-pro","20":"first","21":"instock","22":"sale","23":"shipping-taxable","24":"product-type-external"},"aioseo_notices":[],"jetpack_sharing_enabled":true,"_links":{"self":[{"href":"https:\/\/france-coupon.fr\/en\/wp-json\/wp\/v2\/product\/26709","targetHints":{"allow":["GET"]}}],"collection":[{"href":"https:\/\/france-coupon.fr\/en\/wp-json\/wp\/v2\/product"}],"about":[{"href":"https:\/\/france-coupon.fr\/en\/wp-json\/wp\/v2\/types\/product"}],"replies":[{"embeddable":true,"href":"https:\/\/france-coupon.fr\/en\/wp-json\/wp\/v2\/comments?post=26709"}],"version-history":[{"count":0,"href":"https:\/\/france-coupon.fr\/en\/wp-json\/wp\/v2\/product\/26709\/revisions"}],"wp:featuredmedia":[{"embeddable":true,"href":"https:\/\/france-coupon.fr\/en\/wp-json\/wp\/v2\/media\/26711"}],"wp:attachment":[{"href":"https:\/\/france-coupon.fr\/en\/wp-json\/wp\/v2\/media?parent=26709"}],"wp:term":[{"taxonomy":"product_brand","embeddable":true,"href":"https:\/\/france-coupon.fr\/en\/wp-json\/wp\/v2\/product_brand?post=26709"},{"taxonomy":"product_cat","embeddable":true,"href":"https:\/\/france-coupon.fr\/en\/wp-json\/wp\/v2\/product_cat?post=26709"},{"taxonomy":"product_tag","embeddable":true,"href":"https:\/\/france-coupon.fr\/en\/wp-json\/wp\/v2\/product_tag?post=26709"}],"curies":[{"name":"wp","href":"https:\/\/api.w.org\/{rel}","templated":true}]}}