{"id":26717,"date":"2026-03-23T09:59:36","date_gmt":"2026-03-23T08:59:36","guid":{"rendered":"https:\/\/france-coupon.fr\/?post_type=product&#038;p=26717"},"modified":"2026-03-23T20:27:44","modified_gmt":"2026-03-23T19:27:44","slug":"creality-kit-rouleau-rotatif-pour-falcon-a1","status":"publish","type":"product","link":"https:\/\/france-coupon.fr\/en\/product\/creality-kit-rouleau-rotatif-pour-falcon-a1\/","title":{"rendered":"Creality Kit Rouleau Rotatif pour Falcon A1"},"content":{"rendered":"<div data-elementor-type=\"product-post\" data-elementor-id=\"26717\" class=\"elementor elementor-26717\" data-elementor-post-type=\"product\">\n\t\t\t\t<div class=\"elementor-element elementor-element-62ab7d21 e-con-full e-flex e-con e-parent\" data-id=\"62ab7d21\" data-element_type=\"container\">\n\t\t\t\t<div class=\"elementor-element elementor-element-51611a99 elementor-widget elementor-widget-heading\" data-id=\"51611a99\" data-element_type=\"widget\" data-widget_type=\"heading.default\">\n\t\t\t\t<div class=\"elementor-widget-container\">\n\t\t\t\t\t<h2 class=\"elementor-heading-title elementor-size-default\">\u2193 RETROUVEZ LES MEILLEURS PRIX \u2193<\/h2>\t\t\t\t<\/div>\n\t\t\t\t<\/div>\n\t\t\t\t<div class=\"elementor-element elementor-element-3a8fc477 elementor-widget-divider--view-line elementor-widget elementor-widget-divider\" data-id=\"3a8fc477\" data-element_type=\"widget\" data-widget_type=\"divider.default\">\n\t\t\t\t<div class=\"elementor-widget-container\">\n\t\t\t\t\t\t\t<div class=\"elementor-divider\">\n\t\t\t<span class=\"elementor-divider-separator\">\n\t\t\t\t\t\t<\/span>\n\t\t<\/div>\n\t\t\t\t\t\t<\/div>\n\t\t\t\t<\/div>\n\t\t\t\t<div class=\"elementor-element elementor-element-6e1c3789 elementor-grid-4 pp-coupon-button-icon-before pp-coupon-code-right elementor-grid-tablet-2 elementor-grid-mobile-1 pp-coupon-discount-left elementor-widget elementor-widget-pp-coupons\" data-id=\"6e1c3789\" data-element_type=\"widget\" data-settings=\"{&quot;coupon_style&quot;:&quot;reveal&quot;,&quot;layout&quot;:&quot;grid&quot;}\" data-widget_type=\"pp-coupons.default\">\n\t\t\t\t<div class=\"elementor-widget-container\">\n\t\t\t\t\t\t\t\t\t\t<div class=\"pp-coupons pp-coupons-grid\">\n\t\t\t\t<div class=\"elementor-grid pp-coupons-grid-wrapper\" data-query-type=\"custom\" data-layout=\"grid\" data-page=\"26717\" data-skin=\"6e1c3789\">\n\t\t\t\t\t\t\t\t<div class=\"pp-coupon elementor-grid-item\">\n\t\t\t\t\t\t\t\t\t<div class=\"pp-coupon-image-wrapper\">\n\t\t\t\t\t\t\n\t\t\t\t\t\t\n\t\t\t\t\t\t<img decoding=\"async\" src=\"https:\/\/france-coupon.fr\/wp-content\/uploads\/elementor\/thumbs\/boutik-logo-amazon-r4n51ylya8ppqp82dlqc6u0q0lvkz968dc9xkye3t6.jpg\" alt=\"boutik logo amazon\">\n\t\t\t\t\t<\/div>\n\t\t\t\t\t\t\t\t\t\n\t\t\t\t\t\t\t\t<div class=\"pp-coupon-content\">\n\t\t\t\t\t<div class=\"pp-coupon-title-wrap\">\n\t\t\t\t\t\t<div class=\"pp-coupon-title-container\" href=\"https:\/\/amzn.to\/4skvCSc\" target=\"_blank\"><h4 class=\"pp-coupon-title\">169,99\u20ac<\/h4><\/div>\t\t\t\t\t<\/div>\n\n\t\t\t\t\t\n\t\t\t\t\t\t\t\t\t\t\t<hr class=\"pp-coupon-separator\">\n\t\t\t\t\t\n\t\t\t\t\t\t\t\t\t\t\t<div class=\"pp-coupon-button-wrap\">\n\t\t\t\t\t\t\t<a  href=\"https:\/\/amzn.to\/4skvCSc\" target=\"_blank\">\n\t\t\t\t\t\t\t\t<div class=\"pp-coupon-button elementor-button elementor-size-sm\">\n\t\t\t\t\t\t\t\t\t\t\t\t<span class=\"pp-button-icon pp-icon\">\n\t\t\t\t<svg aria-hidden=\"true\" class=\"e-font-icon-svg e-fas-long-arrow-alt-right\" viewbox=\"0 0 448 512\" xmlns=\"http:\/\/www.w3.org\/2000\/svg\"><path d=\"M313.941 216H12c-6.627 0-12 5.373-12 12v56c0 6.627 5.373 12 12 12h301.941v46.059c0 21.382 25.851 32.09 40.971 16.971l86.059-86.059c9.373-9.373 9.373-24.569 0-33.941l-86.059-86.059c-15.119-15.119-40.971-4.411-40.971 16.971V216z\"><\/path><\/svg>\t\t\t<\/span>\n\t\t\t\t\t\t\t\t\t\t\t\t\t\t\t\t\t\t\t\t\t\t<span class=\"pp-button-text\">\n\t\t\t\t\t\t\t\t\t\t\tLien du produit\t\t\t\t\t\t\t\t\t\t<\/span>\n\t\t\t\t\t\t\t\t\t\t\t\t\t\t\t\t\t\t\t\t\t\t\t\t\t\t<\/div>\n\t\t\t\t\t\t\t<\/a>\n\t\t\t\t\t\t<\/div>\n\t\t\t\t\t\t\t\t\t\t\t\t\t\t<\/div>\n\t\t\t<\/div>\n\t\t\t\t\t\t<div class=\"pp-coupon elementor-grid-item\">\n\t\t\t\t\t\t\t\t\t<div class=\"pp-coupon-image-wrapper\">\n\t\t\t\t\t\t\t\t\t\t\t\t\t<div class=\"pp-coupon-discount\">\n\t\t\t\t\t\t\t\tRecommand\u00e9\t\t\t\t\t\t\t<\/div>\n\t\t\t\t\t\t\n\t\t\t\t\t\t\t\t\t\t\t\t\t<div class=\"pp-coupon-code pp-coupon-style-reveal\" data-coupon-code=\"NNNFRCRK\">\n\t\t\t\t\t\t\t\t\t\t\t\t\t\t\t\t<div class='pp-coupon-reveal-wrap'>\n\t\t\t\t<span class='pp-coupon-reveal'>\n\t\t\t\t\t\t\t<span class=\"pp-coupon-code-icon pp-icon\">\n\t\t\t\t\t\t\t<svg aria-hidden=\"true\" class=\"e-font-icon-svg e-fas-eye\" viewbox=\"0 0 576 512\" xmlns=\"http:\/\/www.w3.org\/2000\/svg\"><path d=\"M572.52 241.4C518.29 135.59 410.93 64 288 64S57.68 135.64 3.48 241.41a32.35 32.35 0 0 0 0 29.19C57.71 376.41 165.07 448 288 448s230.32-71.64 284.52-177.41a32.35 32.35 0 0 0 0-29.19zM288 400a144 144 0 1 1 144-144 143.93 143.93 0 0 1-144 144zm0-240a95.31 95.31 0 0 0-25.31 3.79 47.85 47.85 0 0 1-66.9 66.9A95.78 95.78 0 1 0 288 160z\"><\/path><\/svg>\t\t\t\t\t<\/span>\n\t\tVoir code\t\t\t\t<\/span>\n\t\t\t<\/div>\n\t\t\t<div class='pp-coupon-code-text-wrap pp-unreavel'>\n\t\t\t\t<span class='pp-coupon-code-text' id='pp-coupon-code-6e1c3789'>CRK<\/span>\n\t\t\t\t<span class='pp-coupon-copy-text'style='display: none;'><\/span>\n\t\t\t<\/div>\n\t\t\t\t\t\t\t\t\t<\/div>\n\t\t\t\t\t\t\n\t\t\t\t\t\t<img decoding=\"async\" src=\"https:\/\/france-coupon.fr\/wp-content\/uploads\/elementor\/thumbs\/boutik-logo-geekbuying-e1730919204203-r6ygk52li06e2b30ahtaqwnhtvgitsxv7i94lg4yq2.jpg\" alt=\"boutik-logo-geekbuying-e1730919204203\">\n\t\t\t\t\t<\/div>\n\t\t\t\t\t\t\t\t\t\n\t\t\t\t\t\t\t\t<div class=\"pp-coupon-content\">\n\t\t\t\t\t<div class=\"pp-coupon-title-wrap\">\n\t\t\t\t\t\t<div class=\"pp-coupon-title-container\" href=\"https:\/\/fr.geekbuying.com\/item\/Creality-Kit-Rouleau-Rotatif-pour-Falcon-A1-10002727.html?idev_id=2179&#038;utm_source=affiliate.geekbuying.com&#038;utm_medium=affiliate_2179&#038;utm_campaign=2179&#038;utm_content=2179&#038;utm_term=weed37\" target=\"_blank\"><h4 class=\"pp-coupon-title\">139,00\u20ac<\/h4><\/div>\t\t\t\t\t<\/div>\n\n\t\t\t\t\t\n\t\t\t\t\t\t\t\t\t\t\t<hr class=\"pp-coupon-separator\">\n\t\t\t\t\t\n\t\t\t\t\t\t\t\t\t\t\t<div class=\"pp-coupon-button-wrap\">\n\t\t\t\t\t\t\t<a  href=\"https:\/\/fr.geekbuying.com\/item\/Creality-Kit-Rouleau-Rotatif-pour-Falcon-A1-10002727.html?idev_id=2179&#038;utm_source=affiliate.geekbuying.com&#038;utm_medium=affiliate_2179&#038;utm_campaign=2179&#038;utm_content=2179&#038;utm_term=weed37\" target=\"_blank\">\n\t\t\t\t\t\t\t\t<div class=\"pp-coupon-button elementor-button elementor-size-sm\">\n\t\t\t\t\t\t\t\t\t\t\t\t<span class=\"pp-button-icon pp-icon\">\n\t\t\t\t<svg aria-hidden=\"true\" class=\"e-font-icon-svg e-fas-long-arrow-alt-right\" viewbox=\"0 0 448 512\" xmlns=\"http:\/\/www.w3.org\/2000\/svg\"><path d=\"M313.941 216H12c-6.627 0-12 5.373-12 12v56c0 6.627 5.373 12 12 12h301.941v46.059c0 21.382 25.851 32.09 40.971 16.971l86.059-86.059c9.373-9.373 9.373-24.569 0-33.941l-86.059-86.059c-15.119-15.119-40.971-4.411-40.971 16.971V216z\"><\/path><\/svg>\t\t\t<\/span>\n\t\t\t\t\t\t\t\t\t\t\t\t\t\t\t\t\t\t\t\t\t\t<span class=\"pp-button-text\">\n\t\t\t\t\t\t\t\t\t\t\tLien du produit\t\t\t\t\t\t\t\t\t\t<\/span>\n\t\t\t\t\t\t\t\t\t\t\t\t\t\t\t\t\t\t\t\t\t\t\t\t\t\t<\/div>\n\t\t\t\t\t\t\t<\/a>\n\t\t\t\t\t\t<\/div>\n\t\t\t\t\t\t\t\t\t\t\t\t\t\t<\/div>\n\t\t\t<\/div>\n\t\t\t\t\t\t\t<\/div>\n\t\t\t\t\t\t\t<\/div>\n\t\t\t\t\t\t\t<\/div>\n\t\t\t\t<\/div>\n\t\t\t\t<div class=\"elementor-element elementor-element-ca9ad93 elementor-widget-divider--view-line elementor-widget elementor-widget-divider\" data-id=\"ca9ad93\" data-element_type=\"widget\" data-widget_type=\"divider.default\">\n\t\t\t\t<div class=\"elementor-widget-container\">\n\t\t\t\t\t\t\t<div class=\"elementor-divider\">\n\t\t\t<span class=\"elementor-divider-separator\">\n\t\t\t\t\t\t<\/span>\n\t\t<\/div>\n\t\t\t\t\t\t<\/div>\n\t\t\t\t<\/div>\n\t\t<div class=\"elementor-element elementor-element-6e5a6267 e-grid e-con-full e-con e-child\" data-id=\"6e5a6267\" data-element_type=\"container\">\n\t\t\t\t<div class=\"elementor-element elementor-element-18e2975d elementor-widget elementor-widget-text-editor\" data-id=\"18e2975d\" data-element_type=\"widget\" data-widget_type=\"text-editor.default\">\n\t\t\t\t<div class=\"elementor-widget-container\">\n\t\t\t\t\t\t\t\t\t<h5 style=\"text-align: center;\"><em><strong><span style=\"color: #0000ff;\">Comment utiliser<br \/>un coupon r\u00e9duction?<\/span><\/strong><\/em><\/h5><p><em><strong><span style=\"color: #0000ff;\">How to use a discount coupon?<\/span><\/strong><\/em><\/p>\t\t\t\t\t\t\t\t<\/div>\n\t\t\t\t<\/div>\n\t\t\t\t<div class=\"elementor-element elementor-element-5c364a1e elementor-widget elementor-widget-video\" data-id=\"5c364a1e\" data-element_type=\"widget\" data-settings=\"{&quot;youtube_url&quot;:&quot;https:\\\/\\\/www.youtube.com\\\/watch?v=eNNzTLooBIE&quot;,&quot;video_type&quot;:&quot;youtube&quot;,&quot;controls&quot;:&quot;yes&quot;}\" data-widget_type=\"video.default\">\n\t\t\t\t<div class=\"elementor-widget-container\">\n\t\t\t\t\t\t\t<div class=\"elementor-wrapper elementor-open-inline\">\n\t\t\t<div class=\"elementor-video\"><\/div>\t\t<\/div>\n\t\t\t\t\t\t<\/div>\n\t\t\t\t<\/div>\n\t\t\t\t<div class=\"elementor-element elementor-element-277b48e0 elementor-widget elementor-widget-text-editor\" data-id=\"277b48e0\" data-element_type=\"widget\" data-widget_type=\"text-editor.default\">\n\t\t\t\t<div class=\"elementor-widget-container\">\n\t\t\t\t\t\t\t\t\t<p style=\"text-align: center;\">&#8221; Certains liens sont susceptibles d&#8217;\u00eatre affili\u00e9s. En tant que partenaire Amazon, je r\u00e9alise un b\u00e9n\u00e9fice sur les achats remplissant les conditions requises. &#8220;<\/p>\t\t\t\t\t\t\t\t<\/div>\n\t\t\t\t<\/div>\n\t\t\t\t<\/div>\n\t\t\t\t<\/div>\n\t\t<div class=\"elementor-element elementor-element-72feda96 e-flex e-con-boxed e-con e-parent\" data-id=\"72feda96\" data-element_type=\"container\">\n\t\t\t\t\t<div class=\"e-con-inner\">\n\t\t\t\t<div class=\"elementor-element elementor-element-71ebf40a elementor-widget elementor-widget-text-editor\" data-id=\"71ebf40a\" data-element_type=\"widget\" data-widget_type=\"text-editor.default\">\n\t\t\t\t<div class=\"elementor-widget-container\">\n\t\t\t\t\t\t\t\t\t<h3>Compatibilit\u00e9 universelle du laser rotatif<\/h3><p>Con\u00e7u sp\u00e9cifiquement pour le graveur laser Falcon A1, ce syst\u00e8me rotatif laser offre une rotation parfaite pour les sph\u00e8res, les anneaux et les objets cylindriques avec des configurations de rehausse r\u00e9glables.<\/p><h3>Fonctionnalit\u00e9 du rouleau rotatif 3 en 1<\/h3><p>Comprend des modes rotatifs sph\u00e9riques (80-130 mm), rotatifs annulaires (0-33 mm) et rotatifs \u00e0 rouleaux (30-90 mm) pour g\u00e9rer des balles de baseball, des stylos, des bagues, des tasses thermos et plus encore avec votre graveur laser.<\/p><h3>Performances optimis\u00e9es par Creality<\/h3><p>Officiellement compatible avec les syst\u00e8mes laser Creality, ce rouleau rotatif laser maintient un alignement parfait pour une gravure sans distorsion sur des surfaces courbes.<\/p><p><img decoding=\"async\" class=\"lazy_img\" src=\"https:\/\/img.gkbcdn.com\/d\/202504\/Creality-Rotary-Roller-Kit-for-Falcon-A1-528274-0._p1_.jpg\" alt=\"Kit de rouleaux rotatifs Creality pour Falcon A1\" data-original=\"\/\/img.gkbcdn.com\/d\/202504\/Creality-Rotary-Roller-Kit-for-Falcon-A1-528274-0._p1_.jpg\" \/><img decoding=\"async\" class=\"lazy_img\" src=\"https:\/\/img.gkbcdn.com\/d\/202504\/Creality-Rotary-Roller-Kit-for-Falcon-A1-528274-1._p1_.jpg\" alt=\"Kit de rouleaux rotatifs Creality pour Falcon A1\" data-original=\"\/\/img.gkbcdn.com\/d\/202504\/Creality-Rotary-Roller-Kit-for-Falcon-A1-528274-1._p1_.jpg\" \/><img decoding=\"async\" class=\"lazy_img\" src=\"https:\/\/img.gkbcdn.com\/d\/202504\/Creality-Rotary-Roller-Kit-for-Falcon-A1-528274-2._p1_.jpg\" alt=\"Kit de rouleaux rotatifs Creality pour Falcon A1\" data-original=\"\/\/img.gkbcdn.com\/d\/202504\/Creality-Rotary-Roller-Kit-for-Falcon-A1-528274-2._p1_.jpg\" \/><img decoding=\"async\" class=\"lazy_img\" src=\"https:\/\/img.gkbcdn.com\/d\/202504\/Creality-Rotary-Roller-Kit-for-Falcon-A1-528274-3._p1_.jpg\" alt=\"Kit de rouleaux rotatifs Creality pour Falcon A1\" data-original=\"\/\/img.gkbcdn.com\/d\/202504\/Creality-Rotary-Roller-Kit-for-Falcon-A1-528274-3._p1_.jpg\" \/><img decoding=\"async\" class=\"lazy_img\" src=\"https:\/\/img.gkbcdn.com\/d\/202504\/Creality-Rotary-Roller-Kit-for-Falcon-A1-528274-4._p1_.jpg\" alt=\"Kit de rouleaux rotatifs Creality pour Falcon A1\" data-original=\"\/\/img.gkbcdn.com\/d\/202504\/Creality-Rotary-Roller-Kit-for-Falcon-A1-528274-4._p1_.jpg\" \/><img decoding=\"async\" class=\"lazy_img\" src=\"https:\/\/img.gkbcdn.com\/d\/202504\/Creality-Rotary-Roller-Kit-for-Falcon-A1-528274-5._p1_.jpg\" alt=\"Kit de rouleaux rotatifs Creality pour Falcon A1\" data-original=\"\/\/img.gkbcdn.com\/d\/202504\/Creality-Rotary-Roller-Kit-for-Falcon-A1-528274-5._p1_.jpg\" \/><img decoding=\"async\" class=\"lazy_img\" src=\"https:\/\/img.gkbcdn.com\/d\/202504\/Creality-Rotary-Roller-Kit-for-Falcon-A1-528274-6._p1_.jpg\" alt=\"Kit de rouleaux rotatifs Creality pour Falcon A1\" data-original=\"\/\/img.gkbcdn.com\/d\/202504\/Creality-Rotary-Roller-Kit-for-Falcon-A1-528274-6._p1_.jpg\" \/><\/p><h2>Sp\u00e9cification<\/h2><table class=\"jbEidtTable\" border=\"1\" cellspacing=\"0\" cellpadding=\"5\"><tbody><tr><td><strong>G\u00e9n\u00e9ral<\/strong><\/td><td>Marque : Creality<br \/>Type : <span data-slate-fragment=\"JTVCJTdCJTIydHlwZSUyMiUzQSUyMnBhcmFncmFwaCUyMiUyQyUyMmNoaWxkcmVuJTIyJTNBJTVCJTdCJTIyaWQlMjIlM0ElMjJZWnFOWGdlbjVyJTIyJTJDJTIycGFyYUlkeCUyMiUzQTAlMkMlMjJzcmMlMjIlM0ElMjJMYXNlciUyMGFjY2Vzc29yaWVzJTIyJTJDJTIyZHN0JTIyJTNBJTIyJUU2JUJGJTgwJUU1JTg1JTg5JUU5JTg1JThEJUU0JUJCJUI2JTIyJTJDJTIybWV0YWRhdGElMjIlM0ElMjIlMjIlMkMlMjJtYXRjaGVzJTIyJTNBbnVsbCUyQyUyMm1ldGFEYXRhJTIyJTNBJTVCJTVEJTJDJTIydGV4dCUyMiUzQSUyMkxhc2VyJTIwYWNjZXNzb3JpZXMlMjIlN0QlNUQlN0QlNUQ=\">Laser accessories<\/span><br \/>Mod\u00e8le : Creality Falcon A1<br \/>Couleur : Noir<\/td><\/tr><tr><td><strong>Sp\u00e9cification<\/strong><\/td><td>Compatibilit\u00e9 : Creality Falcon A1<\/td><\/tr><tr><td><strong>Poids et taille<\/strong><\/td><td>Poids du produit : 1,95 kg<br \/>Poids du colis : 2,81 kg<br \/>Dimensions du colis (L x l x H) : 39 x 13 x 13,5 cm<\/td><\/tr><tr><td><strong>Contenu du colis<\/strong><\/td><td>1 x kit rotatif<br \/>1 x lunettes de protection<br \/>4 x Releveurs<br \/>8 x relanceurs courts<br \/>1 x Manuel d&#8217;utilisation<\/td><\/tr><\/tbody><\/table>\t\t\t\t\t\t\t\t<\/div>\n\t\t\t\t<\/div>\n\t\t\t\t\t<\/div>\n\t\t\t\t<\/div>\n\t\t\t\t<\/div>","protected":false},"excerpt":{"rendered":"<p><span class=\"\">Con\u00e7u sp\u00e9cifiquement pour le graveur laser Falcon A1, ce syst\u00e8me rotatif laser offre une rotation parfaite pour les sph\u00e8res, les anneaux et les objets cylindriques avec des configurations de rehausse r\u00e9glables.<\/span>..<\/p>","protected":false},"featured_media":26718,"comment_status":"closed","ping_status":"closed","template":"","meta":{"om_disable_all_campaigns":false,"_monsterinsights_skip_tracking":false,"_monsterinsights_sitenote_active":false,"_monsterinsights_sitenote_note":"","_monsterinsights_sitenote_category":0},"product_brand":[],"product_cat":[1498,1411,1404],"product_tag":[1818,1422,1500,1414,1697,1128,1527,2326],"class_list":{"0":"post-26717","1":"product","2":"type-product","3":"status-publish","4":"has-post-thumbnail","6":"product_cat-accessoires-laser","7":"product_cat-graveurs-laser","8":"product_cat-machines","9":"product_tag-a1","10":"product_tag-creality","11":"product_tag-kit","12":"product_tag-laser","13":"product_tag-module","14":"product_tag-pro","15":"product_tag-rotatif","16":"product_tag-rouleau","18":"first","19":"instock","20":"sale","21":"shipping-taxable","22":"product-type-external"},"aioseo_notices":[],"jetpack_sharing_enabled":true,"_links":{"self":[{"href":"https:\/\/france-coupon.fr\/en\/wp-json\/wp\/v2\/product\/26717","targetHints":{"allow":["GET"]}}],"collection":[{"href":"https:\/\/france-coupon.fr\/en\/wp-json\/wp\/v2\/product"}],"about":[{"href":"https:\/\/france-coupon.fr\/en\/wp-json\/wp\/v2\/types\/product"}],"replies":[{"embeddable":true,"href":"https:\/\/france-coupon.fr\/en\/wp-json\/wp\/v2\/comments?post=26717"}],"version-history":[{"count":0,"href":"https:\/\/france-coupon.fr\/en\/wp-json\/wp\/v2\/product\/26717\/revisions"}],"wp:featuredmedia":[{"embeddable":true,"href":"https:\/\/france-coupon.fr\/en\/wp-json\/wp\/v2\/media\/26718"}],"wp:attachment":[{"href":"https:\/\/france-coupon.fr\/en\/wp-json\/wp\/v2\/media?parent=26717"}],"wp:term":[{"taxonomy":"product_brand","embeddable":true,"href":"https:\/\/france-coupon.fr\/en\/wp-json\/wp\/v2\/product_brand?post=26717"},{"taxonomy":"product_cat","embeddable":true,"href":"https:\/\/france-coupon.fr\/en\/wp-json\/wp\/v2\/product_cat?post=26717"},{"taxonomy":"product_tag","embeddable":true,"href":"https:\/\/france-coupon.fr\/en\/wp-json\/wp\/v2\/product_tag?post=26717"}],"curies":[{"name":"wp","href":"https:\/\/api.w.org\/{rel}","templated":true}]}}