{"id":26758,"date":"2026-01-06T09:38:10","date_gmt":"2026-01-06T08:38:10","guid":{"rendered":"https:\/\/france-coupon.fr\/?post_type=product&#038;p=26758"},"modified":"2026-01-06T20:45:14","modified_gmt":"2026-01-06T19:45:14","slug":"proscenic-p11","status":"publish","type":"product","link":"https:\/\/france-coupon.fr\/en\/product\/proscenic-p11\/","title":{"rendered":"Proscenic P11"},"content":{"rendered":"<div data-elementor-type=\"product-post\" data-elementor-id=\"26758\" class=\"elementor elementor-26758\" data-elementor-post-type=\"product\">\n\t\t\t\t<div class=\"elementor-element elementor-element-7bba7e7e e-con-full e-flex e-con e-parent\" data-id=\"7bba7e7e\" data-element_type=\"container\">\n\t\t\t\t<div class=\"elementor-element elementor-element-5fcbd590 elementor-widget elementor-widget-heading\" data-id=\"5fcbd590\" data-element_type=\"widget\" data-widget_type=\"heading.default\">\n\t\t\t\t<div class=\"elementor-widget-container\">\n\t\t\t\t\t<h2 class=\"elementor-heading-title elementor-size-default\">\u2193 RETROUVEZ LES MEILLEURS PRIX \u2193<\/h2>\t\t\t\t<\/div>\n\t\t\t\t<\/div>\n\t\t\t\t<div class=\"elementor-element elementor-element-725ecad elementor-widget-divider--view-line elementor-widget elementor-widget-divider\" data-id=\"725ecad\" data-element_type=\"widget\" data-widget_type=\"divider.default\">\n\t\t\t\t<div class=\"elementor-widget-container\">\n\t\t\t\t\t\t\t<div class=\"elementor-divider\">\n\t\t\t<span class=\"elementor-divider-separator\">\n\t\t\t\t\t\t<\/span>\n\t\t<\/div>\n\t\t\t\t\t\t<\/div>\n\t\t\t\t<\/div>\n\t\t\t\t<div class=\"elementor-element elementor-element-3203da06 elementor-grid-4 pp-coupon-button-icon-before pp-coupon-code-right elementor-grid-tablet-2 elementor-grid-mobile-1 pp-coupon-discount-left elementor-widget elementor-widget-pp-coupons\" data-id=\"3203da06\" data-element_type=\"widget\" data-settings=\"{&quot;coupon_style&quot;:&quot;reveal&quot;,&quot;layout&quot;:&quot;grid&quot;}\" data-widget_type=\"pp-coupons.default\">\n\t\t\t\t<div class=\"elementor-widget-container\">\n\t\t\t\t\t\t\t\t\t\t<div class=\"pp-coupons pp-coupons-grid\">\n\t\t\t\t<div class=\"elementor-grid pp-coupons-grid-wrapper\" data-query-type=\"custom\" data-layout=\"grid\" data-page=\"26758\" data-skin=\"3203da06\">\n\t\t\t\t\t\t\t\t<div class=\"pp-coupon elementor-grid-item\">\n\t\t\t\t\t\t\t\t\t<div class=\"pp-coupon-image-wrapper\">\n\t\t\t\t\t\t\n\t\t\t\t\t\t\n\t\t\t\t\t\t<img decoding=\"async\" src=\"https:\/\/france-coupon.fr\/wp-content\/uploads\/elementor\/thumbs\/boutik-logo-ali-r4n5b0ry5r47ne2ah0pvq1po5b7y6853a6nf3yyhu2.jpg\" alt=\"boutik logo ali\">\n\t\t\t\t\t<\/div>\n\t\t\t\t\t\t\t\t\t\n\t\t\t\t\t\t\t\t<div class=\"pp-coupon-content\">\n\t\t\t\t\t<div class=\"pp-coupon-title-wrap\">\n\t\t\t\t\t\t<div class=\"pp-coupon-title-container\" href=\"https:\/\/s.click.aliexpress.com\/e\/_c3qeWHP9\" target=\"_blank\"><h4 class=\"pp-coupon-title\">113,37\u20ac<\/h4><\/div>\t\t\t\t\t<\/div>\n\n\t\t\t\t\t\n\t\t\t\t\t\t\t\t\t\t\t<hr class=\"pp-coupon-separator\">\n\t\t\t\t\t\n\t\t\t\t\t\t\t\t\t\t\t<div class=\"pp-coupon-button-wrap\">\n\t\t\t\t\t\t\t<a  href=\"https:\/\/s.click.aliexpress.com\/e\/_c3qeWHP9\" target=\"_blank\">\n\t\t\t\t\t\t\t\t<div class=\"pp-coupon-button elementor-button elementor-size-sm\">\n\t\t\t\t\t\t\t\t\t\t\t\t<span class=\"pp-button-icon pp-icon\">\n\t\t\t\t<svg aria-hidden=\"true\" class=\"e-font-icon-svg e-fas-long-arrow-alt-right\" viewbox=\"0 0 448 512\" xmlns=\"http:\/\/www.w3.org\/2000\/svg\"><path d=\"M313.941 216H12c-6.627 0-12 5.373-12 12v56c0 6.627 5.373 12 12 12h301.941v46.059c0 21.382 25.851 32.09 40.971 16.971l86.059-86.059c9.373-9.373 9.373-24.569 0-33.941l-86.059-86.059c-15.119-15.119-40.971-4.411-40.971 16.971V216z\"><\/path><\/svg>\t\t\t<\/span>\n\t\t\t\t\t\t\t\t\t\t\t\t\t\t\t\t\t\t\t\t\t\t<span class=\"pp-button-text\">\n\t\t\t\t\t\t\t\t\t\t\tLien du produit\t\t\t\t\t\t\t\t\t\t<\/span>\n\t\t\t\t\t\t\t\t\t\t\t\t\t\t\t\t\t\t\t\t\t\t\t\t\t\t<\/div>\n\t\t\t\t\t\t\t<\/a>\n\t\t\t\t\t\t<\/div>\n\t\t\t\t\t\t\t\t\t\t\t\t\t\t<\/div>\n\t\t\t<\/div>\n\t\t\t\t\t\t<div class=\"pp-coupon elementor-grid-item\">\n\t\t\t\t\t\t\t\t\t<div class=\"pp-coupon-image-wrapper\">\n\t\t\t\t\t\t\n\t\t\t\t\t\t\n\t\t\t\t\t\t<img decoding=\"async\" src=\"https:\/\/france-coupon.fr\/wp-content\/uploads\/elementor\/thumbs\/boutik-logo-amazon-r4n51ylya8ppqp82dlqc6u0q0lvkz968dc9xkye3t6.jpg\" alt=\"boutik logo amazon\">\n\t\t\t\t\t<\/div>\n\t\t\t\t\t\t\t\t\t\n\t\t\t\t\t\t\t\t<div class=\"pp-coupon-content\">\n\t\t\t\t\t<div class=\"pp-coupon-title-wrap\">\n\t\t\t\t\t\t<div class=\"pp-coupon-title-container\" href=\"https:\/\/amzn.to\/3Lqzb8R\" target=\"_blank\"><h4 class=\"pp-coupon-title\">179,99\u20ac<\/h4><\/div>\t\t\t\t\t<\/div>\n\n\t\t\t\t\t\n\t\t\t\t\t\t\t\t\t\t\t<hr class=\"pp-coupon-separator\">\n\t\t\t\t\t\n\t\t\t\t\t\t\t\t\t\t\t<div class=\"pp-coupon-button-wrap\">\n\t\t\t\t\t\t\t<a  href=\"https:\/\/amzn.to\/3Lqzb8R\" target=\"_blank\">\n\t\t\t\t\t\t\t\t<div class=\"pp-coupon-button elementor-button elementor-size-sm\">\n\t\t\t\t\t\t\t\t\t\t\t\t<span class=\"pp-button-icon pp-icon\">\n\t\t\t\t<svg aria-hidden=\"true\" class=\"e-font-icon-svg e-fas-long-arrow-alt-right\" viewbox=\"0 0 448 512\" xmlns=\"http:\/\/www.w3.org\/2000\/svg\"><path d=\"M313.941 216H12c-6.627 0-12 5.373-12 12v56c0 6.627 5.373 12 12 12h301.941v46.059c0 21.382 25.851 32.09 40.971 16.971l86.059-86.059c9.373-9.373 9.373-24.569 0-33.941l-86.059-86.059c-15.119-15.119-40.971-4.411-40.971 16.971V216z\"><\/path><\/svg>\t\t\t<\/span>\n\t\t\t\t\t\t\t\t\t\t\t\t\t\t\t\t\t\t\t\t\t\t<span class=\"pp-button-text\">\n\t\t\t\t\t\t\t\t\t\t\tLien du produit\t\t\t\t\t\t\t\t\t\t<\/span>\n\t\t\t\t\t\t\t\t\t\t\t\t\t\t\t\t\t\t\t\t\t\t\t\t\t\t<\/div>\n\t\t\t\t\t\t\t<\/a>\n\t\t\t\t\t\t<\/div>\n\t\t\t\t\t\t\t\t\t\t\t\t\t\t<\/div>\n\t\t\t<\/div>\n\t\t\t\t\t\t<div class=\"pp-coupon elementor-grid-item\">\n\t\t\t\t\t\t\t\t\t<div class=\"pp-coupon-image-wrapper\">\n\t\t\t\t\t\t\t\t\t\t\t\t\t<div class=\"pp-coupon-discount\">\n\t\t\t\t\t\t\t\tRecommand\u00e9\t\t\t\t\t\t\t<\/div>\n\t\t\t\t\t\t\n\t\t\t\t\t\t\t\t\t\t\t\t\t<div class=\"pp-coupon-code pp-coupon-style-reveal\" data-coupon-code=\"NNNFRP11\">\n\t\t\t\t\t\t\t\t\t\t\t\t\t\t\t\t<div class='pp-coupon-reveal-wrap'>\n\t\t\t\t<span class='pp-coupon-reveal'>\n\t\t\t\t\t\t\t<span class=\"pp-coupon-code-icon pp-icon\">\n\t\t\t\t\t\t\t<svg aria-hidden=\"true\" class=\"e-font-icon-svg e-fas-eye\" viewbox=\"0 0 576 512\" xmlns=\"http:\/\/www.w3.org\/2000\/svg\"><path d=\"M572.52 241.4C518.29 135.59 410.93 64 288 64S57.68 135.64 3.48 241.41a32.35 32.35 0 0 0 0 29.19C57.71 376.41 165.07 448 288 448s230.32-71.64 284.52-177.41a32.35 32.35 0 0 0 0-29.19zM288 400a144 144 0 1 1 144-144 143.93 143.93 0 0 1-144 144zm0-240a95.31 95.31 0 0 0-25.31 3.79 47.85 47.85 0 0 1-66.9 66.9A95.78 95.78 0 1 0 288 160z\"><\/path><\/svg>\t\t\t\t\t<\/span>\n\t\tVoir code\t\t\t\t<\/span>\n\t\t\t<\/div>\n\t\t\t<div class='pp-coupon-code-text-wrap pp-unreavel'>\n\t\t\t\t<span class='pp-coupon-code-text' id='pp-coupon-code-3203da06'>P11<\/span>\n\t\t\t\t<span class='pp-coupon-copy-text'style='display: none;'><\/span>\n\t\t\t<\/div>\n\t\t\t\t\t\t\t\t\t<\/div>\n\t\t\t\t\t\t\n\t\t\t\t\t\t<img decoding=\"async\" src=\"https:\/\/france-coupon.fr\/wp-content\/uploads\/elementor\/thumbs\/boutik-logo-geekbuying-e1730919204203-r6ygk52li06e2b30ahtaqwnhtvgitsxv7i94lg4yq2.jpg\" alt=\"boutik-logo-geekbuying-e1730919204203\">\n\t\t\t\t\t<\/div>\n\t\t\t\t\t\t\t\t\t\n\t\t\t\t\t\t\t\t<div class=\"pp-coupon-content\">\n\t\t\t\t\t<div class=\"pp-coupon-title-wrap\">\n\t\t\t\t\t\t<div class=\"pp-coupon-title-container\" href=\"https:\/\/fr.geekbuying.com\/item\/Proscenic-P11-Aspirateur-sans-fil-10000745.html?idev_id=2179&#038;utm_source=affiliate.geekbuying.com&#038;utm_medium=affiliate_2179&#038;utm_campaign=2179&#038;utm_content=2179&#038;utm_term=weed37&#038;utm_term=1767728215\" target=\"_blank\"><h4 class=\"pp-coupon-title\">104,00\u20ac<\/h4><\/div>\t\t\t\t\t<\/div>\n\n\t\t\t\t\t\n\t\t\t\t\t\t\t\t\t\t\t<hr class=\"pp-coupon-separator\">\n\t\t\t\t\t\n\t\t\t\t\t\t\t\t\t\t\t<div class=\"pp-coupon-button-wrap\">\n\t\t\t\t\t\t\t<a  href=\"https:\/\/fr.geekbuying.com\/item\/Proscenic-P11-Aspirateur-sans-fil-10000745.html?idev_id=2179&#038;utm_source=affiliate.geekbuying.com&#038;utm_medium=affiliate_2179&#038;utm_campaign=2179&#038;utm_content=2179&#038;utm_term=weed37&#038;utm_term=1767728215\" target=\"_blank\">\n\t\t\t\t\t\t\t\t<div class=\"pp-coupon-button elementor-button elementor-size-sm\">\n\t\t\t\t\t\t\t\t\t\t\t\t<span class=\"pp-button-icon pp-icon\">\n\t\t\t\t<svg aria-hidden=\"true\" class=\"e-font-icon-svg e-fas-long-arrow-alt-right\" viewbox=\"0 0 448 512\" xmlns=\"http:\/\/www.w3.org\/2000\/svg\"><path d=\"M313.941 216H12c-6.627 0-12 5.373-12 12v56c0 6.627 5.373 12 12 12h301.941v46.059c0 21.382 25.851 32.09 40.971 16.971l86.059-86.059c9.373-9.373 9.373-24.569 0-33.941l-86.059-86.059c-15.119-15.119-40.971-4.411-40.971 16.971V216z\"><\/path><\/svg>\t\t\t<\/span>\n\t\t\t\t\t\t\t\t\t\t\t\t\t\t\t\t\t\t\t\t\t\t<span class=\"pp-button-text\">\n\t\t\t\t\t\t\t\t\t\t\tLien du produit\t\t\t\t\t\t\t\t\t\t<\/span>\n\t\t\t\t\t\t\t\t\t\t\t\t\t\t\t\t\t\t\t\t\t\t\t\t\t\t<\/div>\n\t\t\t\t\t\t\t<\/a>\n\t\t\t\t\t\t<\/div>\n\t\t\t\t\t\t\t\t\t\t\t\t\t\t<\/div>\n\t\t\t<\/div>\n\t\t\t\t\t\t\t<\/div>\n\t\t\t\t\t\t\t<\/div>\n\t\t\t\t\t\t\t<\/div>\n\t\t\t\t<\/div>\n\t\t\t\t<div class=\"elementor-element elementor-element-5bc1cbf3 elementor-widget-divider--view-line elementor-widget elementor-widget-divider\" data-id=\"5bc1cbf3\" data-element_type=\"widget\" data-widget_type=\"divider.default\">\n\t\t\t\t<div class=\"elementor-widget-container\">\n\t\t\t\t\t\t\t<div class=\"elementor-divider\">\n\t\t\t<span class=\"elementor-divider-separator\">\n\t\t\t\t\t\t<\/span>\n\t\t<\/div>\n\t\t\t\t\t\t<\/div>\n\t\t\t\t<\/div>\n\t\t<div class=\"elementor-element elementor-element-6f4bea64 e-grid e-con-full e-con e-child\" data-id=\"6f4bea64\" data-element_type=\"container\">\n\t\t\t\t<div class=\"elementor-element elementor-element-34480fea elementor-widget elementor-widget-text-editor\" data-id=\"34480fea\" data-element_type=\"widget\" data-widget_type=\"text-editor.default\">\n\t\t\t\t<div class=\"elementor-widget-container\">\n\t\t\t\t\t\t\t\t\t<h5 style=\"text-align: center;\"><em><strong><span style=\"color: #0000ff;\">Comment utiliser<br \/>un coupon r\u00e9duction?<\/span><\/strong><\/em><\/h5><p><em><strong><span style=\"color: #0000ff;\">How to use a discount coupon?<\/span><\/strong><\/em><\/p>\t\t\t\t\t\t\t\t<\/div>\n\t\t\t\t<\/div>\n\t\t\t\t<div class=\"elementor-element elementor-element-aea3d88 elementor-widget elementor-widget-video\" data-id=\"aea3d88\" data-element_type=\"widget\" data-settings=\"{&quot;youtube_url&quot;:&quot;https:\\\/\\\/www.youtube.com\\\/watch?v=eNNzTLooBIE&quot;,&quot;video_type&quot;:&quot;youtube&quot;,&quot;controls&quot;:&quot;yes&quot;}\" data-widget_type=\"video.default\">\n\t\t\t\t<div class=\"elementor-widget-container\">\n\t\t\t\t\t\t\t<div class=\"elementor-wrapper elementor-open-inline\">\n\t\t\t<div class=\"elementor-video\"><\/div>\t\t<\/div>\n\t\t\t\t\t\t<\/div>\n\t\t\t\t<\/div>\n\t\t\t\t<div class=\"elementor-element elementor-element-6dd6411b elementor-widget elementor-widget-text-editor\" data-id=\"6dd6411b\" data-element_type=\"widget\" data-widget_type=\"text-editor.default\">\n\t\t\t\t<div class=\"elementor-widget-container\">\n\t\t\t\t\t\t\t\t\t<p style=\"text-align: center;\">&#8221; Certains liens sont susceptibles d&#8217;\u00eatre affili\u00e9s. En tant que partenaire Amazon, je r\u00e9alise un b\u00e9n\u00e9fice sur les achats remplissant les conditions requises. &#8220;<\/p>\t\t\t\t\t\t\t\t<\/div>\n\t\t\t\t<\/div>\n\t\t\t\t<\/div>\n\t\t\t\t<\/div>\n\t\t<div class=\"elementor-element elementor-element-7333f241 e-flex e-con-boxed e-con e-parent\" data-id=\"7333f241\" data-element_type=\"container\">\n\t\t\t\t\t<div class=\"e-con-inner\">\n\t\t\t\t<div class=\"elementor-element elementor-element-2e07b3f5 elementor-widget elementor-widget-text-editor\" data-id=\"2e07b3f5\" data-element_type=\"widget\" data-widget_type=\"text-editor.default\">\n\t\t\t\t<div class=\"elementor-widget-container\">\n\t\t\t\t\t\t\t\t\t<h3>Base de nettoyage amovible<\/h3><p>Cet aspirateur balai sans fil dispose d&#8217;un r\u00e9servoir d&#8217;eau de 340 ml qui fournit suffisamment d&#8217;eau pour toute la t\u00e2che de nettoyage du sol ; avec une direction pivotante \u00e0 180 degr\u00e9s, il \u00e9vite facilement les obstacles pendant que vous nettoyez.<\/p><h3>Moteur num\u00e9rique ultra-silencieux et hautes performances<\/h3><p>L&#8217;aspirateur balai sans fil Proscenic est dot\u00e9 d&#8217;un moteur sans balai de 400 W et d&#8217;une puissance d&#8217;aspiration puissante de 35 kPa, fonctionne parfaitement sur les tapis et autres surfaces, et convient aux poils d&#8217;animaux et \u00e0 toutes sortes de salet\u00e9s et de d\u00e9bris.<\/p><h3>Sans fil, l\u00e9ger et convertible<\/h3><p>La longueur r\u00e9glable permet de le transformer facilement en aspirateur portatif avec des accessoires polyvalents pour nettoyer les escaliers, les voitures, les meubles et plus encore. La conception ergonomique de seulement 5,2 livres et la r\u00e9organisation optimis\u00e9e du centre de gravit\u00e9 cr\u00e9ent une sensation de l\u00e9g\u00e8ret\u00e9 lorsque vous tenez l&#8217;aspirateur, adapt\u00e9 aux t\u00e2ches de nettoyage de toute la maison. (Brosse \u00e0 \u00e9pousseter et suceur plat inclus)<\/p><h3>Notifications faciles, contr\u00f4le tactile plus facile<\/h3><p>L&#8217;\u00e9cran LED couleur int\u00e9gr\u00e9 et le panneau tactile surveillent les niveaux de batterie, les trois modes de nettoyage et les messages d&#8217;erreur pour une exp\u00e9rience de nettoyage de parquet intelligente.<\/p><h3>Brosse multi-surfaces avec lumi\u00e8re LED<\/h3><p>De puissantes lumi\u00e8res LED r\u00e9v\u00e8lent les d\u00e9bris cach\u00e9s, ainsi qu&#8217;une conception de brosse multi-surfaces, am\u00e9liorant consid\u00e9rablement l&#8217;efficacit\u00e9 du nettoyage.<\/p><h3>Batterie rempla\u00e7able<\/h3><p>Chargement mural ou retirez la batterie, chargez s\u00e9par\u00e9ment et doublez instantan\u00e9ment le temps de nettoyage.<\/p><p><img decoding=\"async\" class=\"lazy_img\" src=\"https:\/\/img.gkbcdn.com\/d\/202312\/21ee2e48-95e1-45f8-bdf6-127fc9ce1c1c._p1_.jpg\" alt=\"Aspirateur sans fil Proscenic P11, aspiration 35 KPa, bac \u00e0 poussi\u00e8re de 0,65 L, syst\u00e8me de filtration en 5 \u00e9tapes, batterie amovible de 2 000 mAh, jusqu'\u00e0 50 minutes d'autonomie, \u00e9cran tactile\" data-original=\"\/\/img.gkbcdn.com\/d\/202312\/21ee2e48-95e1-45f8-bdf6-127fc9ce1c1c._p1_.jpg\" \/><img decoding=\"async\" class=\"lazy_img\" src=\"https:\/\/img.gkbcdn.com\/d\/202312\/4fa32718-7ef6-4a0f-9f14-90af65d818e0._p1_.jpg\" alt=\"Aspirateur sans fil Proscenic P11, aspiration 35 KPa, bac \u00e0 poussi\u00e8re de 0,65 L, syst\u00e8me de filtration en 5 \u00e9tapes, batterie amovible de 2 000 mAh, jusqu'\u00e0 50 minutes d'autonomie, \u00e9cran tactile\" data-original=\"\/\/img.gkbcdn.com\/d\/202312\/4fa32718-7ef6-4a0f-9f14-90af65d818e0._p1_.jpg\" \/><img decoding=\"async\" class=\"lazy_img\" src=\"https:\/\/img.gkbcdn.com\/d\/202312\/eed8489e-26d4-47c0-bfc9-f403e2d0cb05._p1_.jpg\" alt=\"Aspirateur sans fil Proscenic P11, aspiration 35 KPa, bac \u00e0 poussi\u00e8re de 0,65 L, syst\u00e8me de filtration en 5 \u00e9tapes, batterie amovible de 2 000 mAh, jusqu'\u00e0 50 minutes d'autonomie, \u00e9cran tactile\" data-original=\"\/\/img.gkbcdn.com\/d\/202312\/eed8489e-26d4-47c0-bfc9-f403e2d0cb05._p1_.jpg\" \/><img decoding=\"async\" class=\"lazy_img\" src=\"https:\/\/img.gkbcdn.com\/d\/202312\/719aac15-5b1d-4fec-ab34-baf53979a1fd._p1_.jpg\" alt=\"Aspirateur sans fil Proscenic P11, aspiration 35 KPa, bac \u00e0 poussi\u00e8re de 0,65 L, syst\u00e8me de filtration en 5 \u00e9tapes, batterie amovible de 2 000 mAh, jusqu'\u00e0 50 minutes d'autonomie, \u00e9cran tactile\" data-original=\"\/\/img.gkbcdn.com\/d\/202312\/719aac15-5b1d-4fec-ab34-baf53979a1fd._p1_.jpg\" \/><img decoding=\"async\" class=\"lazy_img\" src=\"https:\/\/img.gkbcdn.com\/d\/202312\/d165061e-69e0-4b3a-b249-e97ee9fd9cb6._p1_.jpg\" alt=\"Aspirateur sans fil Proscenic P11, aspiration 35 KPa, bac \u00e0 poussi\u00e8re de 0,65 L, syst\u00e8me de filtration en 5 \u00e9tapes, batterie amovible de 2 000 mAh, jusqu'\u00e0 50 minutes d'autonomie, \u00e9cran tactile\" data-original=\"\/\/img.gkbcdn.com\/d\/202312\/d165061e-69e0-4b3a-b249-e97ee9fd9cb6._p1_.jpg\" \/><img decoding=\"async\" class=\"lazy_img\" src=\"https:\/\/img.gkbcdn.com\/d\/202312\/0aa3a7e3-53b7-4e86-9f3c-0f85b83ad617._p1_.jpg\" alt=\"Aspirateur sans fil Proscenic P11, aspiration 35 KPa, bac \u00e0 poussi\u00e8re de 0,65 L, syst\u00e8me de filtration en 5 \u00e9tapes, batterie amovible de 2 000 mAh, jusqu'\u00e0 50 minutes d'autonomie, \u00e9cran tactile\" data-original=\"\/\/img.gkbcdn.com\/d\/202312\/0aa3a7e3-53b7-4e86-9f3c-0f85b83ad617._p1_.jpg\" \/><img fetchpriority=\"high\" decoding=\"async\" class=\"lazy_img\" src=\"https:\/\/img.gkbcdn.com\/d\/202405\/261d14f7-f4df-4d3f-8a7a-753e822f8cbf._p1_.jpg\" alt=\"Aspirateur sans fil Proscenic P11, aspiration 35 KPa, bac \u00e0 poussi\u00e8re de 0,65 L, syst\u00e8me de filtration en 5 \u00e9tapes, batterie amovible de 2 000 mAh, jusqu'\u00e0 50 minutes d'autonomie, \u00e9cran tactile\" width=\"1000\" height=\"500\" data-original=\"\/\/img.gkbcdn.com\/d\/202405\/261d14f7-f4df-4d3f-8a7a-753e822f8cbf._p1_.jpg\" \/><img decoding=\"async\" class=\"lazy_img\" src=\"https:\/\/img.gkbcdn.com\/d\/202405\/23a82fba-7898-448d-ad53-542be2082d90._p1_.jpg\" alt=\"Aspirateur sans fil Proscenic P11, aspiration 35 KPa, bac \u00e0 poussi\u00e8re de 0,65 L, syst\u00e8me de filtration en 5 \u00e9tapes, batterie amovible de 2 000 mAh, jusqu'\u00e0 50 minutes d'autonomie, \u00e9cran tactile\" width=\"1000\" height=\"500\" data-original=\"\/\/img.gkbcdn.com\/d\/202405\/23a82fba-7898-448d-ad53-542be2082d90._p1_.jpg\" \/><img decoding=\"async\" class=\"lazy_img\" src=\"https:\/\/img.gkbcdn.com\/d\/202312\/f62d917e-e227-4b50-a903-dc1c4543b76e._p1_.jpg\" alt=\"Aspirateur sans fil Proscenic P11, aspiration 35 KPa, bac \u00e0 poussi\u00e8re de 0,65 L, syst\u00e8me de filtration en 5 \u00e9tapes, batterie amovible de 2 000 mAh, jusqu'\u00e0 50 minutes d'autonomie, \u00e9cran tactile\" data-original=\"\/\/img.gkbcdn.com\/d\/202312\/f62d917e-e227-4b50-a903-dc1c4543b76e._p1_.jpg\" \/><\/p><h2>Sp\u00e9cification<\/h2><table class=\"jbEidtTable\" border=\"1\" cellspacing=\"0\" cellpadding=\"5\"><tbody><tr><td><strong>G\u00e9n\u00e9ral<\/strong><\/td><td>Marque: Proscenic<br \/>Type : Aspirateur sans fil<br \/>Mod\u00e8le : P11 Nettoyage<br \/>Couleur: Noir<\/td><\/tr><tr><td><strong>Sp\u00e9cification<\/strong><\/td><td>Puissance d&#8217;aspiration maximale : 35 kPa<br \/>Dur\u00e9e : jusqu&#8217;\u00e0 50 minutes<br \/>Moteur : moteur sans balais de 400 W<br \/>Capacit\u00e9 de la batterie : 2000 mAh<br \/>Base de nettoyage amovible : OUI<br \/>Capacit\u00e9 de la poubelle : 0,65 L<br \/>Capacit\u00e9 du r\u00e9servoir d&#8217;eau : 340 ml<br \/>Niveaux d&#8217;aspiration : 3<br \/>Brosses polyvalentes : brosse \u00e0 plancher, suceur plat et brosse \u00e0 \u00e9pousseter<br \/>Batterie amovible : OUI<br \/>\u00c9cran LED : OUI<br \/>Phares \u00e0 LED : OUI<br \/>Tube t\u00e9lescopique : OUI<br \/>Filtration : Filtration \u00e0 cinq couches (syst\u00e8me cyclonique, maille en acier inoxydable, filtration conique, entr\u00e9e d&#8217;air Hepa et sortie d&#8217;air \u00e9ponge)<br \/>Direction pivotante : direction pivotante \u00e0 180\u00b0<br \/>Temps de charge : 4-5h<br \/>Niveau de bruit : \u2264 78 dB<\/td><\/tr><tr><td><strong>Poids et taille<\/strong><\/td><td>Poids du produit : 2,38 kg<br \/>Poids du colis : 3,9 kg<br \/>Taille du produit (L x l x H) : 12,3 x 25 x 23,9 cm<br \/>Dimensions du colis (L x l x H) : 44 x 33 x 19 cm<\/td><\/tr><tr><td><strong>Contenu du colis<\/strong><\/td><td>1 x Corps principal<br \/>1 x tuyau t\u00e9lescopique<br \/>1 x batterie<br \/>1 x brosse \u00e0 \u00e9pousseter 2 en 1<br \/>1 x suceur plat<br \/>1 x brosse \u00e0 plancher<br \/>2 x Entr\u00e9e d&#8217;air HEPA<br \/>1 x support mural<br \/>1 x adaptateur secteur<br \/>1 x brosse \u00e0 rouleau<br \/>1 x tampon de nettoyage<br \/>1 x r\u00e9servoir d&#8217;eau<br \/>1 x Manuel d&#8217;utilisation<\/td><\/tr><\/tbody><\/table>\t\t\t\t\t\t\t\t<\/div>\n\t\t\t\t<\/div>\n\t\t\t\t\t<\/div>\n\t\t\t\t<\/div>\n\t\t\t\t<\/div>","protected":false},"excerpt":{"rendered":"<p>Aspirateur sans fil, aspiration 35 KPa, bac \u00e0 poussi\u00e8re de 0,65 L, syst\u00e8me de filtration en 5 \u00e9tapes, batterie amovible de 2 000 mAh, jusqu&#8217;\u00e0 50 minutes d&#8217;autonomie, \u00e9cran tactile&#8230;<\/p>","protected":false},"featured_media":26759,"comment_status":"closed","ping_status":"closed","template":"","meta":{"om_disable_all_campaigns":false,"_monsterinsights_skip_tracking":false,"_monsterinsights_sitenote_active":false,"_monsterinsights_sitenote_note":"","_monsterinsights_sitenote_category":0},"product_brand":[],"product_cat":[1231,1230],"product_tag":[1232,2034,2036,1299,2330,2238,2035],"class_list":{"0":"post-26758","1":"product","2":"type-product","3":"status-publish","4":"has-post-thumbnail","6":"product_cat-aspirateur","7":"product_cat-electro-menager","8":"product_tag-aspirateur","9":"product_tag-balai","10":"product_tag-eclairage","11":"product_tag-led","12":"product_tag-p11","13":"product_tag-prosonic","14":"product_tag-sans-fil","16":"first","17":"instock","18":"sale","19":"shipping-taxable","20":"product-type-external"},"aioseo_notices":[],"jetpack_sharing_enabled":true,"_links":{"self":[{"href":"https:\/\/france-coupon.fr\/en\/wp-json\/wp\/v2\/product\/26758","targetHints":{"allow":["GET"]}}],"collection":[{"href":"https:\/\/france-coupon.fr\/en\/wp-json\/wp\/v2\/product"}],"about":[{"href":"https:\/\/france-coupon.fr\/en\/wp-json\/wp\/v2\/types\/product"}],"replies":[{"embeddable":true,"href":"https:\/\/france-coupon.fr\/en\/wp-json\/wp\/v2\/comments?post=26758"}],"version-history":[{"count":0,"href":"https:\/\/france-coupon.fr\/en\/wp-json\/wp\/v2\/product\/26758\/revisions"}],"wp:featuredmedia":[{"embeddable":true,"href":"https:\/\/france-coupon.fr\/en\/wp-json\/wp\/v2\/media\/26759"}],"wp:attachment":[{"href":"https:\/\/france-coupon.fr\/en\/wp-json\/wp\/v2\/media?parent=26758"}],"wp:term":[{"taxonomy":"product_brand","embeddable":true,"href":"https:\/\/france-coupon.fr\/en\/wp-json\/wp\/v2\/product_brand?post=26758"},{"taxonomy":"product_cat","embeddable":true,"href":"https:\/\/france-coupon.fr\/en\/wp-json\/wp\/v2\/product_cat?post=26758"},{"taxonomy":"product_tag","embeddable":true,"href":"https:\/\/france-coupon.fr\/en\/wp-json\/wp\/v2\/product_tag?post=26758"}],"curies":[{"name":"wp","href":"https:\/\/api.w.org\/{rel}","templated":true}]}}