{"id":26822,"date":"2026-01-11T10:07:59","date_gmt":"2026-01-11T09:07:59","guid":{"rendered":"https:\/\/france-coupon.fr\/?post_type=product&#038;p=26822"},"modified":"2026-01-11T22:13:57","modified_gmt":"2026-01-11T21:13:57","slug":"ikier-k1-ultra-36w","status":"publish","type":"product","link":"https:\/\/france-coupon.fr\/en\/product\/ikier-k1-ultra-36w\/","title":{"rendered":"Ikier K1 Ultra &#8211; 36w"},"content":{"rendered":"<div data-elementor-type=\"product-post\" data-elementor-id=\"26822\" class=\"elementor elementor-26822\" data-elementor-post-type=\"product\">\n\t\t\t\t<div class=\"elementor-element elementor-element-6a1d844 e-con-full e-flex e-con e-parent\" data-id=\"6a1d844\" data-element_type=\"container\">\n\t\t\t\t<div class=\"elementor-element elementor-element-6c9c0312 elementor-widget elementor-widget-heading\" data-id=\"6c9c0312\" data-element_type=\"widget\" data-widget_type=\"heading.default\">\n\t\t\t\t<div class=\"elementor-widget-container\">\n\t\t\t\t\t<h2 class=\"elementor-heading-title elementor-size-default\">\u2193 RETROUVEZ LES MEILLEURS PRIX \u2193<\/h2>\t\t\t\t<\/div>\n\t\t\t\t<\/div>\n\t\t\t\t<div class=\"elementor-element elementor-element-e5fae80 elementor-widget-divider--view-line elementor-widget elementor-widget-divider\" data-id=\"e5fae80\" data-element_type=\"widget\" data-widget_type=\"divider.default\">\n\t\t\t\t<div class=\"elementor-widget-container\">\n\t\t\t\t\t\t\t<div class=\"elementor-divider\">\n\t\t\t<span class=\"elementor-divider-separator\">\n\t\t\t\t\t\t<\/span>\n\t\t<\/div>\n\t\t\t\t\t\t<\/div>\n\t\t\t\t<\/div>\n\t\t\t\t<div class=\"elementor-element elementor-element-4759eea4 elementor-grid-4 pp-coupon-button-icon-before pp-coupon-code-right elementor-grid-tablet-2 elementor-grid-mobile-1 pp-coupon-discount-left elementor-widget elementor-widget-pp-coupons\" data-id=\"4759eea4\" data-element_type=\"widget\" data-settings=\"{&quot;coupon_style&quot;:&quot;reveal&quot;,&quot;layout&quot;:&quot;grid&quot;}\" data-widget_type=\"pp-coupons.default\">\n\t\t\t\t<div class=\"elementor-widget-container\">\n\t\t\t\t\t\t\t\t\t\t<div class=\"pp-coupons pp-coupons-grid\">\n\t\t\t\t<div class=\"elementor-grid pp-coupons-grid-wrapper\" data-query-type=\"custom\" data-layout=\"grid\" data-page=\"26822\" data-skin=\"4759eea4\">\n\t\t\t\t\t\t\t\t<div class=\"pp-coupon elementor-grid-item\">\n\t\t\t\t\t\t\t\t\t<div class=\"pp-coupon-image-wrapper\">\n\t\t\t\t\t\t\t\t\t\t\t\t\t<div class=\"pp-coupon-discount\">\n\t\t\t\t\t\t\t\trecommand\u00e9\t\t\t\t\t\t\t<\/div>\n\t\t\t\t\t\t\n\t\t\t\t\t\t\n\t\t\t\t\t\t<img decoding=\"async\" src=\"https:\/\/france-coupon.fr\/wp-content\/uploads\/elementor\/thumbs\/boutik-logo-amazon-r4n51ylya8ppqp82dlqc6u0q0lvkz968dc9xkye3t6.jpg\" alt=\"boutik logo amazon\">\n\t\t\t\t\t<\/div>\n\t\t\t\t\t\t\t\t\t\n\t\t\t\t\t\t\t\t<div class=\"pp-coupon-content\">\n\t\t\t\t\t<div class=\"pp-coupon-title-wrap\">\n\t\t\t\t\t\t<div class=\"pp-coupon-title-container\" href=\"https:\/\/amzn.to\/49rV1Rn\" target=\"_blank\"><h4 class=\"pp-coupon-title\">849,99\u20ac<\/h4><\/div>\t\t\t\t\t<\/div>\n\n\t\t\t\t\t\n\t\t\t\t\t\t\t\t\t\t\t<hr class=\"pp-coupon-separator\">\n\t\t\t\t\t\n\t\t\t\t\t\t\t\t\t\t\t<div class=\"pp-coupon-button-wrap\">\n\t\t\t\t\t\t\t<a  href=\"https:\/\/amzn.to\/49rV1Rn\" target=\"_blank\">\n\t\t\t\t\t\t\t\t<div class=\"pp-coupon-button elementor-button elementor-size-sm\">\n\t\t\t\t\t\t\t\t\t\t\t\t<span class=\"pp-button-icon pp-icon\">\n\t\t\t\t<svg aria-hidden=\"true\" class=\"e-font-icon-svg e-fas-long-arrow-alt-right\" viewbox=\"0 0 448 512\" xmlns=\"http:\/\/www.w3.org\/2000\/svg\"><path d=\"M313.941 216H12c-6.627 0-12 5.373-12 12v56c0 6.627 5.373 12 12 12h301.941v46.059c0 21.382 25.851 32.09 40.971 16.971l86.059-86.059c9.373-9.373 9.373-24.569 0-33.941l-86.059-86.059c-15.119-15.119-40.971-4.411-40.971 16.971V216z\"><\/path><\/svg>\t\t\t<\/span>\n\t\t\t\t\t\t\t\t\t\t\t\t\t\t\t\t\t\t\t\t\t\t<span class=\"pp-button-text\">\n\t\t\t\t\t\t\t\t\t\t\tLien du produit\t\t\t\t\t\t\t\t\t\t<\/span>\n\t\t\t\t\t\t\t\t\t\t\t\t\t\t\t\t\t\t\t\t\t\t\t\t\t\t<\/div>\n\t\t\t\t\t\t\t<\/a>\n\t\t\t\t\t\t<\/div>\n\t\t\t\t\t\t\t\t\t\t\t\t\t\t<\/div>\n\t\t\t<\/div>\n\t\t\t\t\t\t<div class=\"pp-coupon elementor-grid-item\">\n\t\t\t\t\t\t\t\t\t<div class=\"pp-coupon-image-wrapper\">\n\t\t\t\t\t\t\n\t\t\t\t\t\t\t\t\t\t\t\t\t<div class=\"pp-coupon-code pp-coupon-style-reveal\" data-coupon-code=\"NNNFRK36\">\n\t\t\t\t\t\t\t\t\t\t\t\t\t\t\t\t<div class='pp-coupon-reveal-wrap'>\n\t\t\t\t<span class='pp-coupon-reveal'>\n\t\t\t\t\t\t\t<span class=\"pp-coupon-code-icon pp-icon\">\n\t\t\t\t\t\t\t<svg aria-hidden=\"true\" class=\"e-font-icon-svg e-fas-eye\" viewbox=\"0 0 576 512\" xmlns=\"http:\/\/www.w3.org\/2000\/svg\"><path d=\"M572.52 241.4C518.29 135.59 410.93 64 288 64S57.68 135.64 3.48 241.41a32.35 32.35 0 0 0 0 29.19C57.71 376.41 165.07 448 288 448s230.32-71.64 284.52-177.41a32.35 32.35 0 0 0 0-29.19zM288 400a144 144 0 1 1 144-144 143.93 143.93 0 0 1-144 144zm0-240a95.31 95.31 0 0 0-25.31 3.79 47.85 47.85 0 0 1-66.9 66.9A95.78 95.78 0 1 0 288 160z\"><\/path><\/svg>\t\t\t\t\t<\/span>\n\t\tVoir code\t\t\t\t<\/span>\n\t\t\t<\/div>\n\t\t\t<div class='pp-coupon-code-text-wrap pp-unreavel'>\n\t\t\t\t<span class='pp-coupon-code-text' id='pp-coupon-code-4759eea4'>K36<\/span>\n\t\t\t\t<span class='pp-coupon-copy-text'style='display: none;'><\/span>\n\t\t\t<\/div>\n\t\t\t\t\t\t\t\t\t<\/div>\n\t\t\t\t\t\t\n\t\t\t\t\t\t<img decoding=\"async\" src=\"https:\/\/france-coupon.fr\/wp-content\/uploads\/elementor\/thumbs\/boutik-logo-geekbuying-e1730919204203-r6ygk52li06e2b30ahtaqwnhtvgitsxv7i94lg4yq2.jpg\" alt=\"boutik-logo-geekbuying-e1730919204203\">\n\t\t\t\t\t<\/div>\n\t\t\t\t\t\t\t\t\t\n\t\t\t\t\t\t\t\t<div class=\"pp-coupon-content\">\n\t\t\t\t\t<div class=\"pp-coupon-title-wrap\">\n\t\t\t\t\t\t<div class=\"pp-coupon-title-container\" href=\"https:\/\/fr.geekbuying.com\/item\/IKIER-K1-Ultra-36W-Graveur-laser-10004246.html?Currency=EUR&#038;idev_id=2179&#038;utm_source=affiliate.geekbuying.com&#038;utm_medium=affiliate_2179&#038;utm_campaign=2179&#038;utm_content=2179&#038;utm_term=weed37\" target=\"_blank\"><h4 class=\"pp-coupon-title\">999,00\u20ac<\/h4><\/div>\t\t\t\t\t<\/div>\n\n\t\t\t\t\t\n\t\t\t\t\t\t\t\t\t\t\t<hr class=\"pp-coupon-separator\">\n\t\t\t\t\t\n\t\t\t\t\t\t\t\t\t\t\t<div class=\"pp-coupon-button-wrap\">\n\t\t\t\t\t\t\t<a  href=\"https:\/\/fr.geekbuying.com\/item\/IKIER-K1-Ultra-36W-Graveur-laser-10004246.html?Currency=EUR&#038;idev_id=2179&#038;utm_source=affiliate.geekbuying.com&#038;utm_medium=affiliate_2179&#038;utm_campaign=2179&#038;utm_content=2179&#038;utm_term=weed37\" target=\"_blank\">\n\t\t\t\t\t\t\t\t<div class=\"pp-coupon-button elementor-button elementor-size-sm\">\n\t\t\t\t\t\t\t\t\t\t\t\t<span class=\"pp-button-icon pp-icon\">\n\t\t\t\t<svg aria-hidden=\"true\" class=\"e-font-icon-svg e-fas-long-arrow-alt-right\" viewbox=\"0 0 448 512\" xmlns=\"http:\/\/www.w3.org\/2000\/svg\"><path d=\"M313.941 216H12c-6.627 0-12 5.373-12 12v56c0 6.627 5.373 12 12 12h301.941v46.059c0 21.382 25.851 32.09 40.971 16.971l86.059-86.059c9.373-9.373 9.373-24.569 0-33.941l-86.059-86.059c-15.119-15.119-40.971-4.411-40.971 16.971V216z\"><\/path><\/svg>\t\t\t<\/span>\n\t\t\t\t\t\t\t\t\t\t\t\t\t\t\t\t\t\t\t\t\t\t<span class=\"pp-button-text\">\n\t\t\t\t\t\t\t\t\t\t\tLien du produit\t\t\t\t\t\t\t\t\t\t<\/span>\n\t\t\t\t\t\t\t\t\t\t\t\t\t\t\t\t\t\t\t\t\t\t\t\t\t\t<\/div>\n\t\t\t\t\t\t\t<\/a>\n\t\t\t\t\t\t<\/div>\n\t\t\t\t\t\t\t\t\t\t\t\t\t\t<\/div>\n\t\t\t<\/div>\n\t\t\t\t\t\t\t<\/div>\n\t\t\t\t\t\t\t<\/div>\n\t\t\t\t\t\t\t<\/div>\n\t\t\t\t<\/div>\n\t\t\t\t<div class=\"elementor-element elementor-element-239e3fa4 elementor-widget-divider--view-line elementor-widget elementor-widget-divider\" data-id=\"239e3fa4\" data-element_type=\"widget\" data-widget_type=\"divider.default\">\n\t\t\t\t<div class=\"elementor-widget-container\">\n\t\t\t\t\t\t\t<div class=\"elementor-divider\">\n\t\t\t<span class=\"elementor-divider-separator\">\n\t\t\t\t\t\t<\/span>\n\t\t<\/div>\n\t\t\t\t\t\t<\/div>\n\t\t\t\t<\/div>\n\t\t<div class=\"elementor-element elementor-element-4aa7901f e-grid e-con-full e-con e-child\" data-id=\"4aa7901f\" data-element_type=\"container\">\n\t\t\t\t<div class=\"elementor-element elementor-element-4b57f7a8 elementor-widget elementor-widget-text-editor\" data-id=\"4b57f7a8\" data-element_type=\"widget\" data-widget_type=\"text-editor.default\">\n\t\t\t\t<div class=\"elementor-widget-container\">\n\t\t\t\t\t\t\t\t\t<h5 style=\"text-align: center;\"><em><strong><span style=\"color: #0000ff;\">Comment utiliser<br \/>un coupon r\u00e9duction?<\/span><\/strong><\/em><\/h5><p><em><strong><span style=\"color: #0000ff;\">How to use a discount coupon?<\/span><\/strong><\/em><\/p>\t\t\t\t\t\t\t\t<\/div>\n\t\t\t\t<\/div>\n\t\t\t\t<div class=\"elementor-element elementor-element-7d1ce0e3 elementor-widget elementor-widget-video\" data-id=\"7d1ce0e3\" data-element_type=\"widget\" data-settings=\"{&quot;youtube_url&quot;:&quot;https:\\\/\\\/www.youtube.com\\\/watch?v=eNNzTLooBIE&quot;,&quot;video_type&quot;:&quot;youtube&quot;,&quot;controls&quot;:&quot;yes&quot;}\" data-widget_type=\"video.default\">\n\t\t\t\t<div class=\"elementor-widget-container\">\n\t\t\t\t\t\t\t<div class=\"elementor-wrapper elementor-open-inline\">\n\t\t\t<div class=\"elementor-video\"><\/div>\t\t<\/div>\n\t\t\t\t\t\t<\/div>\n\t\t\t\t<\/div>\n\t\t\t\t<div class=\"elementor-element elementor-element-42cae379 elementor-widget elementor-widget-text-editor\" data-id=\"42cae379\" data-element_type=\"widget\" data-widget_type=\"text-editor.default\">\n\t\t\t\t<div class=\"elementor-widget-container\">\n\t\t\t\t\t\t\t\t\t<p style=\"text-align: center;\">&#8221; Certains liens sont susceptibles d&#8217;\u00eatre affili\u00e9s. En tant que partenaire Amazon, je r\u00e9alise un b\u00e9n\u00e9fice sur les achats remplissant les conditions requises. &#8220;<\/p>\t\t\t\t\t\t\t\t<\/div>\n\t\t\t\t<\/div>\n\t\t\t\t<\/div>\n\t\t\t\t<\/div>\n\t\t<div class=\"elementor-element elementor-element-4a2b3258 e-flex e-con-boxed e-con e-parent\" data-id=\"4a2b3258\" data-element_type=\"container\">\n\t\t\t\t\t<div class=\"e-con-inner\">\n\t\t\t\t<div class=\"elementor-element elementor-element-47af3aac elementor-widget elementor-widget-text-editor\" data-id=\"47af3aac\" data-element_type=\"widget\" data-widget_type=\"text-editor.default\">\n\t\t\t\t<div class=\"elementor-widget-container\">\n\t\t\t\t\t\t\t\t\t<h3>Gravure ultra-rapide et d\u00e9coupe profonde<\/h3><p>Gravez jusqu&#8217;\u00e0 800 mm\/s et d\u00e9coupez 25 % plus profond\u00e9ment gr\u00e2ce \u00e0 la technologie d&#8217;enfoncement automatique, pour une efficacit\u00e9 et une pr\u00e9cision maximales.<\/p><h3>Axe Z motoris\u00e9 et mise au point automatique<\/h3><p>Mesure automatiquement la distance du mat\u00e9riau et ajuste la mise au point, pour une gravure parfaitement nette \u2013 sans intervention manuelle.<\/p><h3>Reprise apr\u00e8s coupure de courant et verrouillage de s\u00e9curit\u00e9 enfant<\/h3><p>Reprenez le travail apr\u00e8s des coupures de courant inattendues et prot\u00e9gez votre famille gr\u00e2ce \u00e0 un verrouillage de s\u00e9curit\u00e9 enfant int\u00e9gr\u00e9.<\/p><h3>Assistance pneumatique automatique et d\u00e9tection de flamme<\/h3><p>L&#8217;assistance pneumatique s&#8217;active pendant la d\u00e9coupe pour des r\u00e9sultats plus lisses, tandis que la d\u00e9tection de flamme assure la s\u00e9curit\u00e9 gr\u00e2ce \u00e0 des alarmes et des notifications mobiles.<\/p><h3>Positionnement infrarouge pour un alignement parfait<\/h3><p>Positionnez pr\u00e9cis\u00e9ment votre mat\u00e9riau gr\u00e2ce au guidage infrarouge, garantissant ainsi un alignement parfait de votre conception.<\/p><p><img decoding=\"async\" class=\"lazy_img\" src=\"https:\/\/img.gkbcdn.com\/d\/202601\/IKIER-K1-Ultra-36W-Laser-Engraver-530925-0._p1_.jpg\" alt=\"Graveur laser IKIER K1 Ultra 36 W, zone de travail 410 mm \u00d7 410 mm, vitesse 800 mm\/s, point laser 0,08 mm \u00d7 0,1 mm, pr\u00e9cision 0,01 mm, mise au point automatique, enfon\u00e7age automatique et d\u00e9coupe en une seule passe\" data-original=\"\/\/img.gkbcdn.com\/d\/202601\/IKIER-K1-Ultra-36W-Laser-Engraver-530925-0._p1_.jpg\" \/><img decoding=\"async\" class=\"lazy_img\" src=\"https:\/\/img.gkbcdn.com\/d\/202601\/IKIER-K1-Ultra-36W-Laser-Engraver-530925-1._p1_.jpg\" alt=\"Graveur laser IKIER K1 Ultra 36 W, zone de travail 410 mm \u00d7 410 mm, vitesse 800 mm\/s, point laser 0,08 mm \u00d7 0,1 mm, pr\u00e9cision 0,01 mm, mise au point automatique, enfon\u00e7age automatique et d\u00e9coupe en une seule passe\" data-original=\"\/\/img.gkbcdn.com\/d\/202601\/IKIER-K1-Ultra-36W-Laser-Engraver-530925-1._p1_.jpg\" \/><img decoding=\"async\" class=\"lazy_img\" src=\"https:\/\/img.gkbcdn.com\/d\/202601\/IKIER-K1-Ultra-36W-Laser-Engraver-530925-2._p1_.jpg\" alt=\"Graveur laser IKIER K1 Ultra 36 W, zone de travail 410 mm \u00d7 410 mm, vitesse 800 mm\/s, point laser 0,08 mm \u00d7 0,1 mm, pr\u00e9cision 0,01 mm, mise au point automatique, enfon\u00e7age automatique et d\u00e9coupe en une seule passe\" data-original=\"\/\/img.gkbcdn.com\/d\/202601\/IKIER-K1-Ultra-36W-Laser-Engraver-530925-2._p1_.jpg\" \/><img decoding=\"async\" class=\"lazy_img\" src=\"https:\/\/img.gkbcdn.com\/d\/202601\/IKIER-K1-Ultra-36W-Laser-Engraver-530925-3._p1_.jpg\" alt=\"Graveur laser IKIER K1 Ultra 36 W, zone de travail 410 mm \u00d7 410 mm, vitesse 800 mm\/s, point laser 0,08 mm \u00d7 0,1 mm, pr\u00e9cision 0,01 mm, mise au point automatique, enfon\u00e7age automatique et d\u00e9coupe en une seule passe\" data-original=\"\/\/img.gkbcdn.com\/d\/202601\/IKIER-K1-Ultra-36W-Laser-Engraver-530925-3._p1_.jpg\" \/><img decoding=\"async\" class=\"lazy_img\" src=\"https:\/\/img.gkbcdn.com\/d\/202601\/IKIER-K1-Ultra-36W-Laser-Engraver-530925-4._p1_.jpg\" alt=\"Graveur laser IKIER K1 Ultra 36 W, zone de travail 410 mm \u00d7 410 mm, vitesse 800 mm\/s, point laser 0,08 mm \u00d7 0,1 mm, pr\u00e9cision 0,01 mm, mise au point automatique, enfon\u00e7age automatique et d\u00e9coupe en une seule passe\" data-original=\"\/\/img.gkbcdn.com\/d\/202601\/IKIER-K1-Ultra-36W-Laser-Engraver-530925-4._p1_.jpg\" \/><img decoding=\"async\" class=\"lazy_img\" src=\"https:\/\/img.gkbcdn.com\/d\/202601\/IKIER-K1-Ultra-36W-Laser-Engraver-530925-5._p1_.jpg\" alt=\"Graveur laser IKIER K1 Ultra 36 W, zone de travail 410 mm \u00d7 410 mm, vitesse 800 mm\/s, point laser 0,08 mm \u00d7 0,1 mm, pr\u00e9cision 0,01 mm, mise au point automatique, enfon\u00e7age automatique et d\u00e9coupe en une seule passe\" data-original=\"\/\/img.gkbcdn.com\/d\/202601\/IKIER-K1-Ultra-36W-Laser-Engraver-530925-5._p1_.jpg\" \/><img decoding=\"async\" class=\"lazy_img\" src=\"https:\/\/img.gkbcdn.com\/d\/202601\/IKIER-K1-Ultra-36W-Laser-Engraver-530925-6._p1_.jpg\" alt=\"Graveur laser IKIER K1 Ultra 36 W, zone de travail 410 mm \u00d7 410 mm, vitesse 800 mm\/s, point laser 0,08 mm \u00d7 0,1 mm, pr\u00e9cision 0,01 mm, mise au point automatique, enfon\u00e7age automatique et d\u00e9coupe en une seule passe\" data-original=\"\/\/img.gkbcdn.com\/d\/202601\/IKIER-K1-Ultra-36W-Laser-Engraver-530925-6._p1_.jpg\" \/><img decoding=\"async\" class=\"lazy_img\" src=\"https:\/\/img.gkbcdn.com\/d\/202601\/IKIER-K1-Ultra-36W-Laser-Engraver-530925-7._p1_.jpg\" alt=\"Graveur laser IKIER K1 Ultra 36 W, zone de travail 410 mm \u00d7 410 mm, vitesse 800 mm\/s, point laser 0,08 mm \u00d7 0,1 mm, pr\u00e9cision 0,01 mm, mise au point automatique, enfon\u00e7age automatique et d\u00e9coupe en une seule passe\" data-original=\"\/\/img.gkbcdn.com\/d\/202601\/IKIER-K1-Ultra-36W-Laser-Engraver-530925-7._p1_.jpg\" \/><img decoding=\"async\" class=\"lazy_img\" src=\"https:\/\/img.gkbcdn.com\/d\/202601\/IKIER-K1-Ultra-36W-Laser-Engraver-530925-8._p1_.jpg\" alt=\"Graveur laser IKIER K1 Ultra 36 W, zone de travail 410 mm \u00d7 410 mm, vitesse 800 mm\/s, point laser 0,08 mm \u00d7 0,1 mm, pr\u00e9cision 0,01 mm, mise au point automatique, enfon\u00e7age automatique et d\u00e9coupe en une seule passe\" data-original=\"\/\/img.gkbcdn.com\/d\/202601\/IKIER-K1-Ultra-36W-Laser-Engraver-530925-8._p1_.jpg\" \/><img decoding=\"async\" class=\"lazy_img\" src=\"https:\/\/img.gkbcdn.com\/d\/202601\/IKIER-K1-Ultra-36W-Laser-Engraver-530925-9._p1_.jpg\" alt=\"Graveur laser IKIER K1 Ultra 36 W, zone de travail 410 mm \u00d7 410 mm, vitesse 800 mm\/s, point laser 0,08 mm \u00d7 0,1 mm, pr\u00e9cision 0,01 mm, mise au point automatique, enfon\u00e7age automatique et d\u00e9coupe en une seule passe\" data-original=\"\/\/img.gkbcdn.com\/d\/202601\/IKIER-K1-Ultra-36W-Laser-Engraver-530925-9._p1_.jpg\" \/><img decoding=\"async\" class=\"lazy_img\" src=\"https:\/\/img.gkbcdn.com\/d\/202601\/IKIER-K1-Ultra-36W-Laser-Engraver-530925-10._p1_.jpg\" alt=\"Graveur laser IKIER K1 Ultra 36 W, zone de travail 410 mm \u00d7 410 mm, vitesse 800 mm\/s, point laser 0,08 mm \u00d7 0,1 mm, pr\u00e9cision 0,01 mm, mise au point automatique, enfon\u00e7age automatique et d\u00e9coupe en une seule passe\" data-original=\"\/\/img.gkbcdn.com\/d\/202601\/IKIER-K1-Ultra-36W-Laser-Engraver-530925-10._p1_.jpg\" \/><img decoding=\"async\" class=\"lazy_img\" src=\"https:\/\/img.gkbcdn.com\/d\/202601\/IKIER-K1-Ultra-36W-Laser-Engraver-530925-11._p1_.jpg\" alt=\"Graveur laser IKIER K1 Ultra 36 W, zone de travail 410 mm \u00d7 410 mm, vitesse 800 mm\/s, point laser 0,08 mm \u00d7 0,1 mm, pr\u00e9cision 0,01 mm, mise au point automatique, enfon\u00e7age automatique et d\u00e9coupe en une seule passe\" data-original=\"\/\/img.gkbcdn.com\/d\/202601\/IKIER-K1-Ultra-36W-Laser-Engraver-530925-11._p1_.jpg\" \/><img decoding=\"async\" class=\"lazy_img\" src=\"https:\/\/img.gkbcdn.com\/d\/202601\/IKIER-K1-Ultra-36W-Laser-Engraver-530925-12._p1_.jpg\" alt=\"Graveur laser IKIER K1 Ultra 36 W, zone de travail 410 mm \u00d7 410 mm, vitesse 800 mm\/s, point laser 0,08 mm \u00d7 0,1 mm, pr\u00e9cision 0,01 mm, mise au point automatique, enfon\u00e7age automatique et d\u00e9coupe en une seule passe\" data-original=\"\/\/img.gkbcdn.com\/d\/202601\/IKIER-K1-Ultra-36W-Laser-Engraver-530925-12._p1_.jpg\" \/><img decoding=\"async\" class=\"lazy_img\" src=\"https:\/\/img.gkbcdn.com\/d\/202601\/IKIER-K1-Ultra-36W-Laser-Engraver-530925-13._p1_.jpg\" alt=\"Graveur laser IKIER K1 Ultra 36 W, zone de travail 410 mm \u00d7 410 mm, vitesse 800 mm\/s, point laser 0,08 mm \u00d7 0,1 mm, pr\u00e9cision 0,01 mm, mise au point automatique, enfon\u00e7age automatique et d\u00e9coupe en une seule passe\" data-original=\"\/\/img.gkbcdn.com\/d\/202601\/IKIER-K1-Ultra-36W-Laser-Engraver-530925-13._p1_.jpg\" \/><img decoding=\"async\" class=\"lazy_img\" src=\"https:\/\/img.gkbcdn.com\/d\/202601\/IKIER-K1-Ultra-36W-Laser-Engraver-530925-14._p1_.jpg\" alt=\"Graveur laser IKIER K1 Ultra 36 W, zone de travail 410 mm \u00d7 410 mm, vitesse 800 mm\/s, point laser 0,08 mm \u00d7 0,1 mm, pr\u00e9cision 0,01 mm, mise au point automatique, enfon\u00e7age automatique et d\u00e9coupe en une seule passe\" data-original=\"\/\/img.gkbcdn.com\/d\/202601\/IKIER-K1-Ultra-36W-Laser-Engraver-530925-14._p1_.jpg\" \/><img decoding=\"async\" class=\"lazy_img\" src=\"https:\/\/img.gkbcdn.com\/d\/202601\/IKIER-K1-Ultra-36W-Laser-Engraver-530925-15._p1_.jpg\" alt=\"Graveur laser IKIER K1 Ultra 36 W, zone de travail 410 mm \u00d7 410 mm, vitesse 800 mm\/s, point laser 0,08 mm \u00d7 0,1 mm, pr\u00e9cision 0,01 mm, mise au point automatique, enfon\u00e7age automatique et d\u00e9coupe en une seule passe\" data-original=\"\/\/img.gkbcdn.com\/d\/202601\/IKIER-K1-Ultra-36W-Laser-Engraver-530925-15._p1_.jpg\" \/><img decoding=\"async\" class=\"lazy_img\" src=\"https:\/\/img.gkbcdn.com\/d\/202601\/IKIER-K1-Ultra-36W-Laser-Engraver-530925-16._p1_.jpg\" alt=\"Graveur laser IKIER K1 Ultra 36 W, zone de travail 410 mm \u00d7 410 mm, vitesse 800 mm\/s, point laser 0,08 mm \u00d7 0,1 mm, pr\u00e9cision 0,01 mm, mise au point automatique, enfon\u00e7age automatique et d\u00e9coupe en une seule passe\" data-original=\"\/\/img.gkbcdn.com\/d\/202601\/IKIER-K1-Ultra-36W-Laser-Engraver-530925-16._p1_.jpg\" \/><img decoding=\"async\" class=\"lazy_img\" src=\"https:\/\/img.gkbcdn.com\/d\/202601\/IKIER-K1-Ultra-36W-Laser-Engraver-530925-17._p1_.jpg\" alt=\"Graveur laser IKIER K1 Ultra 36 W, zone de travail 410 mm \u00d7 410 mm, vitesse 800 mm\/s, point laser 0,08 mm \u00d7 0,1 mm, pr\u00e9cision 0,01 mm, mise au point automatique, enfon\u00e7age automatique et d\u00e9coupe en une seule passe\" data-original=\"\/\/img.gkbcdn.com\/d\/202601\/IKIER-K1-Ultra-36W-Laser-Engraver-530925-17._p1_.jpg\" \/><\/p><h2>Sp\u00e9cification<\/h2><table class=\"jbEidtTable\" border=\"1\" cellspacing=\"0\" cellpadding=\"5\"><tbody><tr><td><strong>Marque<\/strong><\/td><td>iKier<\/td><\/tr><tr><td><strong>Taper<\/strong><\/td><td>Graveur laser<\/td><\/tr><tr><td><strong>Mod\u00e8le<\/strong><\/td><td>K1 Ultra 36W<\/td><\/tr><tr><td><strong>Taille de la gravure<\/strong><\/td><td>410 mm \u00d7 410 mm<\/td><\/tr><tr><td><strong>\u00c9nergie \u00e9lectrique<\/strong><\/td><td>180 W<\/td><\/tr><tr><td><strong>Puissance laser<\/strong><\/td><td>33-36W<\/td><\/tr><tr><td><strong>Taille du spot<\/strong><\/td><td>0,08 mm \u00d7 0,1 mm<\/td><\/tr><tr><td><strong>Pr\u00e9cision de gravure<\/strong><\/td><td>0,01 mm<\/td><\/tr><tr><td><strong>Longueur focale du laser<\/strong><\/td><td>40 mm<\/td><\/tr><tr><td><strong>Onde laser<\/strong><\/td><td>455 \u00b1 5 nm<\/td><\/tr><tr><td><strong>M\u00e9thode de focalisation<\/strong><\/td><td>Mise au point automatique ou manuelle, avec positionnement infrarouge<\/td><\/tr><tr><td><strong>Axe Z avanc\u00e9<\/strong><\/td><td>Enfoncement automatique pendant la d\u00e9coupe<\/td><\/tr><tr><td><strong>Syst\u00e8mes d&#8217;exploitation<\/strong><\/td><td>Windows, macOS, Android, iOS<\/td><\/tr><tr><td><strong>Logiciel de contr\u00f4le<\/strong><\/td><td>LightBurn, LaserGRBL<\/td><\/tr><tr><td><strong>Types de fichiers<\/strong><\/td><td>SVG, DXF, JPG, JPEG, PNG, BMP, TIF, CR2, etc.<\/td><\/tr><tr><td><strong>Interfaces de connexion<\/strong><\/td><td>USB, Wi-Fi, carte TF<\/td><\/tr><tr><td><strong>Carte m\u00e8re<\/strong><\/td><td>Carte de contr\u00f4le 32 bits avec Wi-Fi<\/td><\/tr><tr><td><strong>Terminal de contr\u00f4le<\/strong><\/td><td>4,3 pouces<\/td><\/tr><tr><td><strong>Tension d&#8217;entr\u00e9e<\/strong><\/td><td>100-240 V CA, 50\/60 Hz<\/td><\/tr><tr><td><strong>Tension de sortie<\/strong><\/td><td>24 V CC, 5 A<\/td><\/tr><tr><td><strong>Certification<\/strong><\/td><td>Certifications CE, FCC, RoHS et FDA.<\/td><\/tr><tr><td><strong>Poids du produit<\/strong><\/td><td>12 kg<\/td><\/tr><tr><td><strong>Poids du colis<\/strong><\/td><td>13 kg<\/td><\/tr><tr><td><strong>Dimensions du produit (L x l x H)<\/strong><\/td><td>650 mm \u00d7 750 mm \u00d7 222 mm<\/td><\/tr><tr><td><strong>Dimensions de l&#8217;emballage (L x l x H)<\/strong><\/td><td>780 mm \u00d7 500 mm \u00d7 153 mm<\/td><\/tr><tr><td><strong>Contenu de l&#8217;emballage<\/strong><\/td><td>1 x machine laser 36W<br \/>1 x Tube de transfert d&#8217;air<br \/>1 x c\u00e2ble d&#8217;alimentation et de connexion<br \/>1 x c\u00e2ble HDMI<br \/>1 x c\u00e2ble d&#8217;alimentation \u00e0 assistance pneumatique<br \/>1 x c\u00e2ble de donn\u00e9es USB<br \/>1 x c\u00e2ble de transfert USB Type-C<br \/>2 x Cl\u00e9s d&#8217;alimentation<br \/>3 x clips de fixation<br \/>3 x cl\u00e9s hexagonales<br \/>4 x Rehausseurs<br \/>1 x paire de lunettes de s\u00e9curit\u00e9<br \/>1 x r\u00e8gle de mise au point manuelle<br \/>4 x vis M5<br \/>2 x vis M3<br \/>2 x vis M4 pour tige lumineuse<br \/>1 x Pompe \u00e0 air assist\u00e9e<br \/>1 x chiffon de nettoyage<br \/>1 x cl\u00e9 USB<br \/>1 x Manuel du logiciel<br \/>1 x Guide d&#8217;installation<br \/>1 x Manuel d&#8217;utilisation<\/td><\/tr><\/tbody><\/table>\t\t\t\t\t\t\t\t<\/div>\n\t\t\t\t<\/div>\n\t\t\t\t\t<\/div>\n\t\t\t\t<\/div>\n\t\t\t\t<\/div>","protected":false},"excerpt":{"rendered":"<p>Graveur laser, zone de travail 410mm\u00d7410mm, vitesse 800mm\/s, point laser 0.08mm\u00d70.1mm, pr\u00e9cision 0.01mm, mise au point automatique, enfoncement automatique et d\u00e9coupe en une seule passe&#8230;<\/p>","protected":false},"featured_media":26823,"comment_status":"closed","ping_status":"closed","template":"","meta":{"om_disable_all_campaigns":false,"_monsterinsights_skip_tracking":false,"_monsterinsights_sitenote_active":false,"_monsterinsights_sitenote_note":"","_monsterinsights_sitenote_category":0},"product_brand":[],"product_cat":[1411,1404],"product_tag":[2337,1413,2336,1626,1414,1239],"class_list":{"0":"post-26822","1":"product","2":"type-product","3":"status-publish","4":"has-post-thumbnail","6":"product_cat-graveurs-laser","7":"product_cat-machines","8":"product_tag-36w","9":"product_tag-graveur","10":"product_tag-ikier","11":"product_tag-k1","12":"product_tag-laser","13":"product_tag-ultra","15":"first","16":"instock","17":"sale","18":"shipping-taxable","19":"product-type-external"},"aioseo_notices":[],"jetpack_sharing_enabled":true,"_links":{"self":[{"href":"https:\/\/france-coupon.fr\/en\/wp-json\/wp\/v2\/product\/26822","targetHints":{"allow":["GET"]}}],"collection":[{"href":"https:\/\/france-coupon.fr\/en\/wp-json\/wp\/v2\/product"}],"about":[{"href":"https:\/\/france-coupon.fr\/en\/wp-json\/wp\/v2\/types\/product"}],"replies":[{"embeddable":true,"href":"https:\/\/france-coupon.fr\/en\/wp-json\/wp\/v2\/comments?post=26822"}],"version-history":[{"count":0,"href":"https:\/\/france-coupon.fr\/en\/wp-json\/wp\/v2\/product\/26822\/revisions"}],"wp:featuredmedia":[{"embeddable":true,"href":"https:\/\/france-coupon.fr\/en\/wp-json\/wp\/v2\/media\/26823"}],"wp:attachment":[{"href":"https:\/\/france-coupon.fr\/en\/wp-json\/wp\/v2\/media?parent=26822"}],"wp:term":[{"taxonomy":"product_brand","embeddable":true,"href":"https:\/\/france-coupon.fr\/en\/wp-json\/wp\/v2\/product_brand?post=26822"},{"taxonomy":"product_cat","embeddable":true,"href":"https:\/\/france-coupon.fr\/en\/wp-json\/wp\/v2\/product_cat?post=26822"},{"taxonomy":"product_tag","embeddable":true,"href":"https:\/\/france-coupon.fr\/en\/wp-json\/wp\/v2\/product_tag?post=26822"}],"curies":[{"name":"wp","href":"https:\/\/api.w.org\/{rel}","templated":true}]}}