{"id":26828,"date":"2026-01-11T10:14:21","date_gmt":"2026-01-11T09:14:21","guid":{"rendered":"https:\/\/france-coupon.fr\/?post_type=product&#038;p=26828"},"modified":"2026-01-11T22:19:10","modified_gmt":"2026-01-11T21:19:10","slug":"ikier-k1-pro-max-70w","status":"publish","type":"product","link":"https:\/\/france-coupon.fr\/en\/product\/ikier-k1-pro-max-70w\/","title":{"rendered":"Ikier K1 Pro Max &#8211; 70w"},"content":{"rendered":"<div data-elementor-type=\"product-post\" data-elementor-id=\"26828\" class=\"elementor elementor-26828\" data-elementor-post-type=\"product\">\n\t\t\t\t<div class=\"elementor-element elementor-element-6a1d844 e-con-full e-flex e-con e-parent\" data-id=\"6a1d844\" data-element_type=\"container\">\n\t\t\t\t<div class=\"elementor-element elementor-element-6c9c0312 elementor-widget elementor-widget-heading\" data-id=\"6c9c0312\" data-element_type=\"widget\" data-widget_type=\"heading.default\">\n\t\t\t\t<div class=\"elementor-widget-container\">\n\t\t\t\t\t<h2 class=\"elementor-heading-title elementor-size-default\">\u2193 RETROUVEZ LES MEILLEURS PRIX \u2193<\/h2>\t\t\t\t<\/div>\n\t\t\t\t<\/div>\n\t\t\t\t<div class=\"elementor-element elementor-element-e5fae80 elementor-widget-divider--view-line elementor-widget elementor-widget-divider\" data-id=\"e5fae80\" data-element_type=\"widget\" data-widget_type=\"divider.default\">\n\t\t\t\t<div class=\"elementor-widget-container\">\n\t\t\t\t\t\t\t<div class=\"elementor-divider\">\n\t\t\t<span class=\"elementor-divider-separator\">\n\t\t\t\t\t\t<\/span>\n\t\t<\/div>\n\t\t\t\t\t\t<\/div>\n\t\t\t\t<\/div>\n\t\t\t\t<div class=\"elementor-element elementor-element-4759eea4 elementor-grid-4 pp-coupon-button-icon-before pp-coupon-code-right elementor-grid-tablet-2 elementor-grid-mobile-1 pp-coupon-discount-left elementor-widget elementor-widget-pp-coupons\" data-id=\"4759eea4\" data-element_type=\"widget\" data-settings=\"{&quot;coupon_style&quot;:&quot;reveal&quot;,&quot;layout&quot;:&quot;grid&quot;}\" data-widget_type=\"pp-coupons.default\">\n\t\t\t\t<div class=\"elementor-widget-container\">\n\t\t\t\t\t\t\t\t\t\t<div class=\"pp-coupons pp-coupons-grid\">\n\t\t\t\t<div class=\"elementor-grid pp-coupons-grid-wrapper\" data-query-type=\"custom\" data-layout=\"grid\" data-page=\"26828\" data-skin=\"4759eea4\">\n\t\t\t\t\t\t\t\t<div class=\"pp-coupon elementor-grid-item\">\n\t\t\t\t\t\t\t\t\t<div class=\"pp-coupon-image-wrapper\">\n\t\t\t\t\t\t\n\t\t\t\t\t\t\n\t\t\t\t\t\t<img decoding=\"async\" src=\"https:\/\/france-coupon.fr\/wp-content\/uploads\/elementor\/thumbs\/boutik-logo-amazon-r4n51ylya8ppqp82dlqc6u0q0lvkz968dc9xkye3t6.jpg\" alt=\"boutik logo amazon\">\n\t\t\t\t\t<\/div>\n\t\t\t\t\t\t\t\t\t\n\t\t\t\t\t\t\t\t<div class=\"pp-coupon-content\">\n\t\t\t\t\t<div class=\"pp-coupon-title-wrap\">\n\t\t\t\t\t\t<div class=\"pp-coupon-title-container\" href=\"https:\/\/amzn.to\/3LlZcX5\" target=\"_blank\"><h4 class=\"pp-coupon-title\">1799,00\u20ac<\/h4><\/div>\t\t\t\t\t<\/div>\n\n\t\t\t\t\t\n\t\t\t\t\t\t\t\t\t\t\t<hr class=\"pp-coupon-separator\">\n\t\t\t\t\t\n\t\t\t\t\t\t\t\t\t\t\t<div class=\"pp-coupon-button-wrap\">\n\t\t\t\t\t\t\t<a  href=\"https:\/\/amzn.to\/3LlZcX5\" target=\"_blank\">\n\t\t\t\t\t\t\t\t<div class=\"pp-coupon-button elementor-button elementor-size-sm\">\n\t\t\t\t\t\t\t\t\t\t\t\t<span class=\"pp-button-icon pp-icon\">\n\t\t\t\t<svg aria-hidden=\"true\" class=\"e-font-icon-svg e-fas-long-arrow-alt-right\" viewbox=\"0 0 448 512\" xmlns=\"http:\/\/www.w3.org\/2000\/svg\"><path d=\"M313.941 216H12c-6.627 0-12 5.373-12 12v56c0 6.627 5.373 12 12 12h301.941v46.059c0 21.382 25.851 32.09 40.971 16.971l86.059-86.059c9.373-9.373 9.373-24.569 0-33.941l-86.059-86.059c-15.119-15.119-40.971-4.411-40.971 16.971V216z\"><\/path><\/svg>\t\t\t<\/span>\n\t\t\t\t\t\t\t\t\t\t\t\t\t\t\t\t\t\t\t\t\t\t<span class=\"pp-button-text\">\n\t\t\t\t\t\t\t\t\t\t\tLien du produit\t\t\t\t\t\t\t\t\t\t<\/span>\n\t\t\t\t\t\t\t\t\t\t\t\t\t\t\t\t\t\t\t\t\t\t\t\t\t\t<\/div>\n\t\t\t\t\t\t\t<\/a>\n\t\t\t\t\t\t<\/div>\n\t\t\t\t\t\t\t\t\t\t\t\t\t\t<\/div>\n\t\t\t<\/div>\n\t\t\t\t\t\t<div class=\"pp-coupon elementor-grid-item\">\n\t\t\t\t\t\t\t\t\t<div class=\"pp-coupon-image-wrapper\">\n\t\t\t\t\t\t\t\t\t\t\t\t\t<div class=\"pp-coupon-discount\">\n\t\t\t\t\t\t\t\trecommand\u00e9\t\t\t\t\t\t\t<\/div>\n\t\t\t\t\t\t\n\t\t\t\t\t\t\t\t\t\t\t\t\t<div class=\"pp-coupon-code pp-coupon-style-reveal\" data-coupon-code=\"NNNFRKP70\">\n\t\t\t\t\t\t\t\t\t\t\t\t\t\t\t\t<div class='pp-coupon-reveal-wrap'>\n\t\t\t\t<span class='pp-coupon-reveal'>\n\t\t\t\t\t\t\t<span class=\"pp-coupon-code-icon pp-icon\">\n\t\t\t\t\t\t\t<svg aria-hidden=\"true\" class=\"e-font-icon-svg e-fas-eye\" viewbox=\"0 0 576 512\" xmlns=\"http:\/\/www.w3.org\/2000\/svg\"><path d=\"M572.52 241.4C518.29 135.59 410.93 64 288 64S57.68 135.64 3.48 241.41a32.35 32.35 0 0 0 0 29.19C57.71 376.41 165.07 448 288 448s230.32-71.64 284.52-177.41a32.35 32.35 0 0 0 0-29.19zM288 400a144 144 0 1 1 144-144 143.93 143.93 0 0 1-144 144zm0-240a95.31 95.31 0 0 0-25.31 3.79 47.85 47.85 0 0 1-66.9 66.9A95.78 95.78 0 1 0 288 160z\"><\/path><\/svg>\t\t\t\t\t<\/span>\n\t\tVoir code\t\t\t\t<\/span>\n\t\t\t<\/div>\n\t\t\t<div class='pp-coupon-code-text-wrap pp-unreavel'>\n\t\t\t\t<span class='pp-coupon-code-text' id='pp-coupon-code-4759eea4'>P70<\/span>\n\t\t\t\t<span class='pp-coupon-copy-text'style='display: none;'><\/span>\n\t\t\t<\/div>\n\t\t\t\t\t\t\t\t\t<\/div>\n\t\t\t\t\t\t\n\t\t\t\t\t\t<img decoding=\"async\" src=\"https:\/\/france-coupon.fr\/wp-content\/uploads\/elementor\/thumbs\/boutik-logo-geekbuying-e1730919204203-r6ygk52li06e2b30ahtaqwnhtvgitsxv7i94lg4yq2.jpg\" alt=\"boutik-logo-geekbuying-e1730919204203\">\n\t\t\t\t\t<\/div>\n\t\t\t\t\t\t\t\t\t\n\t\t\t\t\t\t\t\t<div class=\"pp-coupon-content\">\n\t\t\t\t\t<div class=\"pp-coupon-title-wrap\">\n\t\t\t\t\t\t<div class=\"pp-coupon-title-container\" href=\"https:\/\/fr.geekbuying.com\/item\/IKIER-K1-Pro-Max-70W-Graveur-laser-a-diodes-10004243.html?Currency=EUR&#038;idev_id=2179&#038;utm_source=affiliate.geekbuying.com&#038;utm_medium=affiliate_2179&#038;utm_campaign=2179&#038;utm_content=2179&#038;utm_term=weed37\" target=\"_blank\"><h4 class=\"pp-coupon-title\">1399,00\u20ac<\/h4><\/div>\t\t\t\t\t<\/div>\n\n\t\t\t\t\t\n\t\t\t\t\t\t\t\t\t\t\t<hr class=\"pp-coupon-separator\">\n\t\t\t\t\t\n\t\t\t\t\t\t\t\t\t\t\t<div class=\"pp-coupon-button-wrap\">\n\t\t\t\t\t\t\t<a  href=\"https:\/\/fr.geekbuying.com\/item\/IKIER-K1-Pro-Max-70W-Graveur-laser-a-diodes-10004243.html?Currency=EUR&#038;idev_id=2179&#038;utm_source=affiliate.geekbuying.com&#038;utm_medium=affiliate_2179&#038;utm_campaign=2179&#038;utm_content=2179&#038;utm_term=weed37\" target=\"_blank\">\n\t\t\t\t\t\t\t\t<div class=\"pp-coupon-button elementor-button elementor-size-sm\">\n\t\t\t\t\t\t\t\t\t\t\t\t<span class=\"pp-button-icon pp-icon\">\n\t\t\t\t<svg aria-hidden=\"true\" class=\"e-font-icon-svg e-fas-long-arrow-alt-right\" viewbox=\"0 0 448 512\" xmlns=\"http:\/\/www.w3.org\/2000\/svg\"><path d=\"M313.941 216H12c-6.627 0-12 5.373-12 12v56c0 6.627 5.373 12 12 12h301.941v46.059c0 21.382 25.851 32.09 40.971 16.971l86.059-86.059c9.373-9.373 9.373-24.569 0-33.941l-86.059-86.059c-15.119-15.119-40.971-4.411-40.971 16.971V216z\"><\/path><\/svg>\t\t\t<\/span>\n\t\t\t\t\t\t\t\t\t\t\t\t\t\t\t\t\t\t\t\t\t\t<span class=\"pp-button-text\">\n\t\t\t\t\t\t\t\t\t\t\tLien du produit\t\t\t\t\t\t\t\t\t\t<\/span>\n\t\t\t\t\t\t\t\t\t\t\t\t\t\t\t\t\t\t\t\t\t\t\t\t\t\t<\/div>\n\t\t\t\t\t\t\t<\/a>\n\t\t\t\t\t\t<\/div>\n\t\t\t\t\t\t\t\t\t\t\t\t\t\t<\/div>\n\t\t\t<\/div>\n\t\t\t\t\t\t\t<\/div>\n\t\t\t\t\t\t\t<\/div>\n\t\t\t\t\t\t\t<\/div>\n\t\t\t\t<\/div>\n\t\t\t\t<div class=\"elementor-element elementor-element-239e3fa4 elementor-widget-divider--view-line elementor-widget elementor-widget-divider\" data-id=\"239e3fa4\" data-element_type=\"widget\" data-widget_type=\"divider.default\">\n\t\t\t\t<div class=\"elementor-widget-container\">\n\t\t\t\t\t\t\t<div class=\"elementor-divider\">\n\t\t\t<span class=\"elementor-divider-separator\">\n\t\t\t\t\t\t<\/span>\n\t\t<\/div>\n\t\t\t\t\t\t<\/div>\n\t\t\t\t<\/div>\n\t\t<div class=\"elementor-element elementor-element-4aa7901f e-grid e-con-full e-con e-child\" data-id=\"4aa7901f\" data-element_type=\"container\">\n\t\t\t\t<div class=\"elementor-element elementor-element-4b57f7a8 elementor-widget elementor-widget-text-editor\" data-id=\"4b57f7a8\" data-element_type=\"widget\" data-widget_type=\"text-editor.default\">\n\t\t\t\t<div class=\"elementor-widget-container\">\n\t\t\t\t\t\t\t\t\t<h5 style=\"text-align: center;\"><em><strong><span style=\"color: #0000ff;\">Comment utiliser<br \/>un coupon r\u00e9duction?<\/span><\/strong><\/em><\/h5><p><em><strong><span style=\"color: #0000ff;\">How to use a discount coupon?<\/span><\/strong><\/em><\/p>\t\t\t\t\t\t\t\t<\/div>\n\t\t\t\t<\/div>\n\t\t\t\t<div class=\"elementor-element elementor-element-7d1ce0e3 elementor-widget elementor-widget-video\" data-id=\"7d1ce0e3\" data-element_type=\"widget\" data-settings=\"{&quot;youtube_url&quot;:&quot;https:\\\/\\\/www.youtube.com\\\/watch?v=eNNzTLooBIE&quot;,&quot;video_type&quot;:&quot;youtube&quot;,&quot;controls&quot;:&quot;yes&quot;}\" data-widget_type=\"video.default\">\n\t\t\t\t<div class=\"elementor-widget-container\">\n\t\t\t\t\t\t\t<div class=\"elementor-wrapper elementor-open-inline\">\n\t\t\t<div class=\"elementor-video\"><\/div>\t\t<\/div>\n\t\t\t\t\t\t<\/div>\n\t\t\t\t<\/div>\n\t\t\t\t<div class=\"elementor-element elementor-element-42cae379 elementor-widget elementor-widget-text-editor\" data-id=\"42cae379\" data-element_type=\"widget\" data-widget_type=\"text-editor.default\">\n\t\t\t\t<div class=\"elementor-widget-container\">\n\t\t\t\t\t\t\t\t\t<p style=\"text-align: center;\">&#8221; Certains liens sont susceptibles d&#8217;\u00eatre affili\u00e9s. En tant que partenaire Amazon, je r\u00e9alise un b\u00e9n\u00e9fice sur les achats remplissant les conditions requises. &#8220;<\/p>\t\t\t\t\t\t\t\t<\/div>\n\t\t\t\t<\/div>\n\t\t\t\t<\/div>\n\t\t\t\t<\/div>\n\t\t<div class=\"elementor-element elementor-element-4a2b3258 e-flex e-con-boxed e-con e-parent\" data-id=\"4a2b3258\" data-element_type=\"container\">\n\t\t\t\t\t<div class=\"e-con-inner\">\n\t\t\t\t<div class=\"elementor-element elementor-element-47af3aac elementor-widget elementor-widget-text-editor\" data-id=\"47af3aac\" data-element_type=\"widget\" data-widget_type=\"text-editor.default\">\n\t\t\t\t<div class=\"elementor-widget-container\">\n\t\t\t\t\t\t\t\t\t<h3>Performances exceptionnelles et d\u00e9coupe de pr\u00e9cision<\/h3><p>Dot\u00e9e du laser le plus puissant du march\u00e9, l&#8217;IKIER K1 PRO MAX offre une puissance optique de 70 \u00e0 77 W, soit une puissance de d\u00e9coupe 90 \u00e0 100 % sup\u00e9rieure \u00e0 celle des machines standard de 40 W. Elle peut d\u00e9couper en une seule passe du contreplaqu\u00e9 de 25 mm, du bois de paulownia de 30 mm, de l&#8217;acrylique noir de 18 mm, du MDF de 12 mm, du pin de 30 mm et m\u00eame de l&#8217;acier inoxydable de 0,05 mm. Son point laser ultrafin de 0,15 \u00d7 0,2 mm garantit une gravure et une d\u00e9coupe haute densit\u00e9 et haute pr\u00e9cision, rivalisant avec les lasers CO2 de 120 \u00e0 150 W.<\/p><h3>Vitesse de travail ultra-rapide et pr\u00e9cision ultra-\u00e9lev\u00e9e<\/h3><p>La structure de mouvement de l&#8217;axe optique et du guidage lin\u00e9aire de la machine permet une vitesse de d\u00e9placement allant jusqu&#8217;\u00e0 900 mm\/s tout en maintenant une pr\u00e9cision de gravure de 0,01 mm. Le fonctionnement \u00e0 haute vitesse am\u00e9liore consid\u00e9rablement l&#8217;efficacit\u00e9 du flux de travail sans sacrifier la pr\u00e9cision.<\/p><h3>Axe Z intelligent et mise au point automatique en un clic<\/h3><p>L&#8217;axe Z intelligent exclusif permet des r\u00e9glages \u00e9lectriques et manuels, offrant un contr\u00f4le sur trois axes pour une utilisation plus intuitive et conviviale. Associ\u00e9 \u00e0 une mise au point automatique en un clic en 8 secondes, votre laser effectue une mise au point pr\u00e9cise et automatique, simplifiant la configuration m\u00eame pour les travaux en s\u00e9rie.<\/p><h3>D\u00e9coupe \u00e0 enfon\u00e7age automatique et couplage de mise au point am\u00e9lior\u00e9<\/h3><p>La carte m\u00e8re intelligente, d\u00e9velopp\u00e9e en interne, et l&#8217;algorithme laser optimis\u00e9 contr\u00f4lent la descente automatique du laser, augmentant la profondeur de coupe maximale de 30 \u00e0 50 % selon le mat\u00e9riau. Associ\u00e9e \u00e0 une technologie de couplage de mise au point am\u00e9lior\u00e9e, elle garantit des coupes profondes et nettes ainsi qu&#8217;une gravure pr\u00e9cise sur une large gamme de mat\u00e9riaux, notamment l&#8217;acier inoxydable poli miroir, la c\u00e9ramique et l&#8217;acrylique noir.<\/p><h3>Contr\u00f4leur hors ligne intelligent de 4,3 pouces<\/h3><p>Le grand \u00e9cran tactile LCD permet un fonctionnement hors ligne, affranchissant ainsi la machine de toute d\u00e9pendance \u00e0 un ordinateur. Il offre une interface plus conviviale et intuitive, dot\u00e9e de fonctions de contr\u00f4le am\u00e9lior\u00e9es pour une utilisation simplifi\u00e9e.<\/p><h3>Gestion compl\u00e8te de la s\u00e9curit\u00e9 et de l&#8217;air<\/h3><p>IKIER privil\u00e9gie la s\u00e9curit\u00e9 de l&#8217;utilisateur gr\u00e2ce \u00e0 un interrupteur physique, un d\u00e9tecteur de flamme, un syst\u00e8me de d\u00e9tection d&#8217;inclinaison\/gyroscope et d&#8217;autres dispositifs de s\u00e9curit\u00e9. Un syst\u00e8me de ventilation int\u00e9gr\u00e9 avec guide d&#8217;air \u00e0 double couche ajuste automatiquement le flux d&#8217;air et le refroidissement pendant le fonctionnement, garantissant un environnement de travail silencieux, efficace et \u00e9conome en \u00e9nergie. Un indicateur LED d&#8217;\u00e9nergie laser fournit un retour visuel en temps r\u00e9el de la puissance du laser.<\/p><p><img decoding=\"async\" class=\"lazy_img\" src=\"https:\/\/img.gkbcdn.com\/d\/202601\/IKIER-K1-Pro-Max-70W-Diode-Laser-Engraver-530922-0._p1_.jpg\" alt=\"Graveur laser IKIER K1 Pro Max 70 W, zone de travail 410 \u00d7 410 mm, vitesse de 900 mm\/s, pr\u00e9cision de 0,01 mm, laser \u00e0 double engrenage, mise au point automatique et d\u00e9coupe par enfon\u00e7age automatique\" data-original=\"\/\/img.gkbcdn.com\/d\/202601\/IKIER-K1-Pro-Max-70W-Diode-Laser-Engraver-530922-0._p1_.jpg\" \/><img decoding=\"async\" class=\"lazy_img\" src=\"https:\/\/img.gkbcdn.com\/d\/202601\/IKIER-K1-Pro-Max-70W-Diode-Laser-Engraver-530922-1._p1_.jpg\" alt=\"Graveur laser IKIER K1 Pro Max 70 W, zone de travail 410 \u00d7 410 mm, vitesse de 900 mm\/s, pr\u00e9cision de 0,01 mm, laser \u00e0 double engrenage, mise au point automatique et d\u00e9coupe par enfon\u00e7age automatique\" data-original=\"\/\/img.gkbcdn.com\/d\/202601\/IKIER-K1-Pro-Max-70W-Diode-Laser-Engraver-530922-1._p1_.jpg\" \/><img decoding=\"async\" class=\"lazy_img\" src=\"https:\/\/img.gkbcdn.com\/d\/202601\/IKIER-K1-Pro-Max-70W-Diode-Laser-Engraver-530922-2._p1_.jpg\" alt=\"Graveur laser IKIER K1 Pro Max 70 W, zone de travail 410 \u00d7 410 mm, vitesse de 900 mm\/s, pr\u00e9cision de 0,01 mm, laser \u00e0 double engrenage, mise au point automatique et d\u00e9coupe par enfon\u00e7age automatique\" data-original=\"\/\/img.gkbcdn.com\/d\/202601\/IKIER-K1-Pro-Max-70W-Diode-Laser-Engraver-530922-2._p1_.jpg\" \/><img decoding=\"async\" class=\"lazy_img\" src=\"https:\/\/img.gkbcdn.com\/d\/202601\/IKIER-K1-Pro-Max-70W-Diode-Laser-Engraver-530922-3._p1_.jpg\" alt=\"Graveur laser IKIER K1 Pro Max 70 W, zone de travail 410 \u00d7 410 mm, vitesse de 900 mm\/s, pr\u00e9cision de 0,01 mm, laser \u00e0 double engrenage, mise au point automatique et d\u00e9coupe par enfon\u00e7age automatique\" data-original=\"\/\/img.gkbcdn.com\/d\/202601\/IKIER-K1-Pro-Max-70W-Diode-Laser-Engraver-530922-3._p1_.jpg\" \/><img decoding=\"async\" class=\"lazy_img\" src=\"https:\/\/img.gkbcdn.com\/d\/202601\/IKIER-K1-Pro-Max-70W-Diode-Laser-Engraver-530922-4._p1_.jpg\" alt=\"Graveur laser IKIER K1 Pro Max 70 W, zone de travail 410 \u00d7 410 mm, vitesse de 900 mm\/s, pr\u00e9cision de 0,01 mm, laser \u00e0 double engrenage, mise au point automatique et d\u00e9coupe par enfon\u00e7age automatique\" data-original=\"\/\/img.gkbcdn.com\/d\/202601\/IKIER-K1-Pro-Max-70W-Diode-Laser-Engraver-530922-4._p1_.jpg\" \/><img decoding=\"async\" class=\"lazy_img\" src=\"https:\/\/img.gkbcdn.com\/d\/202601\/IKIER-K1-Pro-Max-70W-Diode-Laser-Engraver-530922-5._p1_.jpg\" alt=\"Graveur laser IKIER K1 Pro Max 70 W, zone de travail 410 \u00d7 410 mm, vitesse de 900 mm\/s, pr\u00e9cision de 0,01 mm, laser \u00e0 double engrenage, mise au point automatique et d\u00e9coupe par enfon\u00e7age automatique\" data-original=\"\/\/img.gkbcdn.com\/d\/202601\/IKIER-K1-Pro-Max-70W-Diode-Laser-Engraver-530922-5._p1_.jpg\" \/><img decoding=\"async\" class=\"lazy_img\" src=\"https:\/\/img.gkbcdn.com\/d\/202601\/IKIER-K1-Pro-Max-70W-Diode-Laser-Engraver-530922-6._p1_.jpg\" alt=\"Graveur laser IKIER K1 Pro Max 70 W, zone de travail 410 \u00d7 410 mm, vitesse de 900 mm\/s, pr\u00e9cision de 0,01 mm, laser \u00e0 double engrenage, mise au point automatique et d\u00e9coupe par enfon\u00e7age automatique\" data-original=\"\/\/img.gkbcdn.com\/d\/202601\/IKIER-K1-Pro-Max-70W-Diode-Laser-Engraver-530922-6._p1_.jpg\" \/><img decoding=\"async\" class=\"lazy_img\" src=\"https:\/\/img.gkbcdn.com\/d\/202601\/IKIER-K1-Pro-Max-70W-Diode-Laser-Engraver-530922-7._p1_.jpg\" alt=\"Graveur laser IKIER K1 Pro Max 70 W, zone de travail 410 \u00d7 410 mm, vitesse de 900 mm\/s, pr\u00e9cision de 0,01 mm, laser \u00e0 double engrenage, mise au point automatique et d\u00e9coupe par enfon\u00e7age automatique\" data-original=\"\/\/img.gkbcdn.com\/d\/202601\/IKIER-K1-Pro-Max-70W-Diode-Laser-Engraver-530922-7._p1_.jpg\" \/><img decoding=\"async\" class=\"lazy_img\" src=\"https:\/\/img.gkbcdn.com\/d\/202601\/IKIER-K1-Pro-Max-70W-Diode-Laser-Engraver-530922-8._p1_.jpg\" alt=\"Graveur laser IKIER K1 Pro Max 70 W, zone de travail 410 \u00d7 410 mm, vitesse de 900 mm\/s, pr\u00e9cision de 0,01 mm, laser \u00e0 double engrenage, mise au point automatique et d\u00e9coupe par enfon\u00e7age automatique\" data-original=\"\/\/img.gkbcdn.com\/d\/202601\/IKIER-K1-Pro-Max-70W-Diode-Laser-Engraver-530922-8._p1_.jpg\" \/><img decoding=\"async\" class=\"lazy_img\" src=\"https:\/\/img.gkbcdn.com\/d\/202601\/IKIER-K1-Pro-Max-70W-Diode-Laser-Engraver-530922-9._p1_.jpg\" alt=\"Graveur laser IKIER K1 Pro Max 70 W, zone de travail 410 \u00d7 410 mm, vitesse de 900 mm\/s, pr\u00e9cision de 0,01 mm, laser \u00e0 double engrenage, mise au point automatique et d\u00e9coupe par enfon\u00e7age automatique\" data-original=\"\/\/img.gkbcdn.com\/d\/202601\/IKIER-K1-Pro-Max-70W-Diode-Laser-Engraver-530922-9._p1_.jpg\" \/><img decoding=\"async\" class=\"lazy_img\" src=\"https:\/\/img.gkbcdn.com\/d\/202601\/IKIER-K1-Pro-Max-70W-Diode-Laser-Engraver-530922-10._p1_.jpg\" alt=\"Graveur laser IKIER K1 Pro Max 70 W, zone de travail 410 \u00d7 410 mm, vitesse de 900 mm\/s, pr\u00e9cision de 0,01 mm, laser \u00e0 double engrenage, mise au point automatique et d\u00e9coupe par enfon\u00e7age automatique\" data-original=\"\/\/img.gkbcdn.com\/d\/202601\/IKIER-K1-Pro-Max-70W-Diode-Laser-Engraver-530922-10._p1_.jpg\" \/><\/p><h2>Sp\u00e9cification<\/h2><table class=\"jbEidtTable\" border=\"1\" cellspacing=\"0\" cellpadding=\"5\"><tbody><tr><td><strong>Marque<\/strong><\/td><td>iKier<\/td><\/tr><tr><td><strong>Taper<\/strong><\/td><td>Graveur laser<\/td><\/tr><tr><td><strong>Mod\u00e8le<\/strong><\/td><td>K1 Pro Max 70W<\/td><\/tr><tr><td><strong>Taille de la gravure<\/strong><\/td><td>410 mm \u00d7 410 mm<\/td><\/tr><tr><td><strong>\u00c9nergie \u00e9lectrique<\/strong><\/td><td>360 W<\/td><\/tr><tr><td><strong>Puissance laser<\/strong><\/td><td>70\u201377 W \/ 35\u201339 W (double vitesse)<\/td><\/tr><tr><td><strong>Vitesse de d\u00e9placement maximale<\/strong><\/td><td>900 mm\/s<\/td><\/tr><tr><td><strong>Taille du spot<\/strong><\/td><td>0,15 mm \u00d7 0,2 mm (70 W) ; 0,1 mm \u00d7 0,15 mm (35 W)<\/td><\/tr><tr><td><strong>Pr\u00e9cision de gravure<\/strong><\/td><td>0,01 mm<\/td><\/tr><tr><td><strong>Longueur d&#8217;onde du laser<\/strong><\/td><td>455 \u00b1 5 nm<\/td><\/tr><tr><td><strong>M\u00e9thode de focalisation<\/strong><\/td><td>Mise au point automatique ou manuelle, avec positionnement infrarouge<\/td><\/tr><tr><td><strong>Axe Z avanc\u00e9<\/strong><\/td><td>Enfoncement automatique pendant la coupe<\/td><\/tr><tr><td><strong>Syst\u00e8mes d&#8217;exploitation<\/strong><\/td><td>Windows, macOS, Android, iOS<\/td><\/tr><tr><td><strong>Logiciel de contr\u00f4le<\/strong><\/td><td>LightBurn, LaserGRBL<\/td><\/tr><tr><td><strong>Types de fichiers pris en charge<\/strong><\/td><td>SVG, DXF, JPG, JPEG, PNG, BMP, TIF, CR2, etc.<\/td><\/tr><tr><td><strong>Interfaces de connexion<\/strong><\/td><td>USB, Wi-Fi, carte TF<\/td><\/tr><tr><td><strong>Carte m\u00e8re<\/strong><\/td><td>Carte de contr\u00f4le 32 bits avec Wi-Fi<\/td><\/tr><tr><td><strong>Terminal de contr\u00f4le<\/strong><\/td><td>\u00c9cran de 4,3 pouces<\/td><\/tr><tr><td><strong>Interrupteurs de fin de course<\/strong><\/td><td>5 (Axe X 2, Axe Y 2, Axe Z 1)<\/td><\/tr><tr><td><strong>Flux d&#8217;assistance a\u00e9rienne<\/strong><\/td><td>0\u201360 L\/min, r\u00e9glable en continu<\/td><\/tr><tr><td><strong>Certifications<\/strong><\/td><td>Certifications CE, FCC, RoHS et FDA.<\/td><\/tr><tr><td><strong>Mat\u00e9riaux de gravure recommand\u00e9s<\/strong><\/td><td>Bois, bambou, carton, plastique, cuir, circuits imprim\u00e9s, aluminium oxyd\u00e9, m\u00e9taux \u00e9lectroplaqu\u00e9s et peints non r\u00e9fl\u00e9chissants, acier inoxydable 304 poli miroir, verre, c\u00e9ramique, coton, ardoise, et bien plus encore<\/td><\/tr><tr><td><strong>Mat\u00e9riaux de coupe recommand\u00e9s<\/strong><\/td><td>Carton, tissus non tiss\u00e9s, bois, acrylique, quelques feuilles de plastique fines, \u00e9ponges<\/td><\/tr><tr><td><strong>Poids du produit<\/strong><\/td><td>13 kg<\/td><\/tr><tr><td><strong>Poids du colis<\/strong><\/td><td>14 kg<\/td><\/tr><tr><td><strong>Taille du produit<\/strong><\/td><td>683 mm \u00d7 710 mm \u00d7 215 mm<\/td><\/tr><tr><td><strong>Taille de l&#8217;emballage<\/strong><\/td><td>800 mm \u00d7 700 mm \u00d7 200 mm<\/td><\/tr><tr><td><strong>Contenu de l&#8217;emballage<\/strong><\/td><td>1 x rail d&#8217;axe X<br \/>1 x module laser<br \/>1 x \u00e9cran de contr\u00f4le<br \/>1 x Alimentation<br \/>1 x Cadre de machine<br \/>1 x Manuel d&#8217;utilisation<\/td><\/tr><\/tbody><\/table>\t\t\t\t\t\t\t\t<\/div>\n\t\t\t\t<\/div>\n\t\t\t\t\t<\/div>\n\t\t\t\t<\/div>\n\t\t\t\t<\/div>","protected":false},"excerpt":{"rendered":"<p>Graveur laser, zone de travail 410mm\u00d7410mm, vitesse de 900mm\/s, pr\u00e9cision de 0,01mm, laser \u00e0 double engrenage, autofocus \u00e0 une touche et d\u00e9coupe automatique&#8230;<\/p>","protected":false},"featured_media":26829,"comment_status":"closed","ping_status":"closed","template":"","meta":{"om_disable_all_campaigns":false,"_monsterinsights_skip_tracking":false,"_monsterinsights_sitenote_active":false,"_monsterinsights_sitenote_note":"","_monsterinsights_sitenote_category":0},"product_brand":[],"product_cat":[1411,1404],"product_tag":[1929,1413,2336,1626,1414,1114,1128],"class_list":{"0":"post-26828","1":"product","2":"type-product","3":"status-publish","4":"has-post-thumbnail","6":"product_cat-graveurs-laser","7":"product_cat-machines","8":"product_tag-70w","9":"product_tag-graveur","10":"product_tag-ikier","11":"product_tag-k1","12":"product_tag-laser","13":"product_tag-max","14":"product_tag-pro","16":"first","17":"instock","18":"sale","19":"shipping-taxable","20":"product-type-external"},"aioseo_notices":[],"jetpack_sharing_enabled":true,"_links":{"self":[{"href":"https:\/\/france-coupon.fr\/en\/wp-json\/wp\/v2\/product\/26828","targetHints":{"allow":["GET"]}}],"collection":[{"href":"https:\/\/france-coupon.fr\/en\/wp-json\/wp\/v2\/product"}],"about":[{"href":"https:\/\/france-coupon.fr\/en\/wp-json\/wp\/v2\/types\/product"}],"replies":[{"embeddable":true,"href":"https:\/\/france-coupon.fr\/en\/wp-json\/wp\/v2\/comments?post=26828"}],"version-history":[{"count":0,"href":"https:\/\/france-coupon.fr\/en\/wp-json\/wp\/v2\/product\/26828\/revisions"}],"wp:featuredmedia":[{"embeddable":true,"href":"https:\/\/france-coupon.fr\/en\/wp-json\/wp\/v2\/media\/26829"}],"wp:attachment":[{"href":"https:\/\/france-coupon.fr\/en\/wp-json\/wp\/v2\/media?parent=26828"}],"wp:term":[{"taxonomy":"product_brand","embeddable":true,"href":"https:\/\/france-coupon.fr\/en\/wp-json\/wp\/v2\/product_brand?post=26828"},{"taxonomy":"product_cat","embeddable":true,"href":"https:\/\/france-coupon.fr\/en\/wp-json\/wp\/v2\/product_cat?post=26828"},{"taxonomy":"product_tag","embeddable":true,"href":"https:\/\/france-coupon.fr\/en\/wp-json\/wp\/v2\/product_tag?post=26828"}],"curies":[{"name":"wp","href":"https:\/\/api.w.org\/{rel}","templated":true}]}}