{"id":26840,"date":"2026-01-11T10:24:27","date_gmt":"2026-01-11T09:24:27","guid":{"rendered":"https:\/\/france-coupon.fr\/?post_type=product&#038;p=26840"},"modified":"2026-01-11T22:28:17","modified_gmt":"2026-01-11T21:28:17","slug":"ikier-k1-pro-max-48w","status":"publish","type":"product","link":"https:\/\/france-coupon.fr\/en\/product\/ikier-k1-pro-max-48w\/","title":{"rendered":"Ikier K1 Pro Max &#8211; 48w"},"content":{"rendered":"<div data-elementor-type=\"product-post\" data-elementor-id=\"26840\" class=\"elementor elementor-26840\" data-elementor-post-type=\"product\">\n\t\t\t\t<div class=\"elementor-element elementor-element-6a1d844 e-con-full e-flex e-con e-parent\" data-id=\"6a1d844\" data-element_type=\"container\">\n\t\t\t\t<div class=\"elementor-element elementor-element-6c9c0312 elementor-widget elementor-widget-heading\" data-id=\"6c9c0312\" data-element_type=\"widget\" data-widget_type=\"heading.default\">\n\t\t\t\t<div class=\"elementor-widget-container\">\n\t\t\t\t\t<h2 class=\"elementor-heading-title elementor-size-default\">\u2193 RETROUVEZ LES MEILLEURS PRIX \u2193<\/h2>\t\t\t\t<\/div>\n\t\t\t\t<\/div>\n\t\t\t\t<div class=\"elementor-element elementor-element-e5fae80 elementor-widget-divider--view-line elementor-widget elementor-widget-divider\" data-id=\"e5fae80\" data-element_type=\"widget\" data-widget_type=\"divider.default\">\n\t\t\t\t<div class=\"elementor-widget-container\">\n\t\t\t\t\t\t\t<div class=\"elementor-divider\">\n\t\t\t<span class=\"elementor-divider-separator\">\n\t\t\t\t\t\t<\/span>\n\t\t<\/div>\n\t\t\t\t\t\t<\/div>\n\t\t\t\t<\/div>\n\t\t\t\t<div class=\"elementor-element elementor-element-4759eea4 elementor-grid-4 pp-coupon-button-icon-before pp-coupon-code-right elementor-grid-tablet-2 elementor-grid-mobile-1 pp-coupon-discount-left elementor-widget elementor-widget-pp-coupons\" data-id=\"4759eea4\" data-element_type=\"widget\" data-settings=\"{&quot;coupon_style&quot;:&quot;reveal&quot;,&quot;layout&quot;:&quot;grid&quot;}\" data-widget_type=\"pp-coupons.default\">\n\t\t\t\t<div class=\"elementor-widget-container\">\n\t\t\t\t\t\t\t\t\t\t<div class=\"pp-coupons pp-coupons-grid\">\n\t\t\t\t<div class=\"elementor-grid pp-coupons-grid-wrapper\" data-query-type=\"custom\" data-layout=\"grid\" data-page=\"26840\" data-skin=\"4759eea4\">\n\t\t\t\t\t\t\t\t<div class=\"pp-coupon elementor-grid-item\">\n\t\t\t\t\t\t\t\t\t<div class=\"pp-coupon-image-wrapper\">\n\t\t\t\t\t\t\n\t\t\t\t\t\t\n\t\t\t\t\t\t<img decoding=\"async\" src=\"https:\/\/france-coupon.fr\/wp-content\/uploads\/elementor\/thumbs\/boutik-logo-amazon-r4n51ylya8ppqp82dlqc6u0q0lvkz968dc9xkye3t6.jpg\" alt=\"boutik logo amazon\">\n\t\t\t\t\t<\/div>\n\t\t\t\t\t\t\t\t\t\n\t\t\t\t\t\t\t\t<div class=\"pp-coupon-content\">\n\t\t\t\t\t<div class=\"pp-coupon-title-wrap\">\n\t\t\t\t\t\t<div class=\"pp-coupon-title-container\" href=\"https:\/\/amzn.to\/3LFH3DC\" target=\"_blank\"><h4 class=\"pp-coupon-title\">1499,00\u20ac<\/h4><\/div>\t\t\t\t\t<\/div>\n\n\t\t\t\t\t\n\t\t\t\t\t\t\t\t\t\t\t<hr class=\"pp-coupon-separator\">\n\t\t\t\t\t\n\t\t\t\t\t\t\t\t\t\t\t<div class=\"pp-coupon-button-wrap\">\n\t\t\t\t\t\t\t<a  href=\"https:\/\/amzn.to\/3LFH3DC\" target=\"_blank\">\n\t\t\t\t\t\t\t\t<div class=\"pp-coupon-button elementor-button elementor-size-sm\">\n\t\t\t\t\t\t\t\t\t\t\t\t<span class=\"pp-button-icon pp-icon\">\n\t\t\t\t<svg aria-hidden=\"true\" class=\"e-font-icon-svg e-fas-long-arrow-alt-right\" viewbox=\"0 0 448 512\" xmlns=\"http:\/\/www.w3.org\/2000\/svg\"><path d=\"M313.941 216H12c-6.627 0-12 5.373-12 12v56c0 6.627 5.373 12 12 12h301.941v46.059c0 21.382 25.851 32.09 40.971 16.971l86.059-86.059c9.373-9.373 9.373-24.569 0-33.941l-86.059-86.059c-15.119-15.119-40.971-4.411-40.971 16.971V216z\"><\/path><\/svg>\t\t\t<\/span>\n\t\t\t\t\t\t\t\t\t\t\t\t\t\t\t\t\t\t\t\t\t\t<span class=\"pp-button-text\">\n\t\t\t\t\t\t\t\t\t\t\tLien du produit\t\t\t\t\t\t\t\t\t\t<\/span>\n\t\t\t\t\t\t\t\t\t\t\t\t\t\t\t\t\t\t\t\t\t\t\t\t\t\t<\/div>\n\t\t\t\t\t\t\t<\/a>\n\t\t\t\t\t\t<\/div>\n\t\t\t\t\t\t\t\t\t\t\t\t\t\t<\/div>\n\t\t\t<\/div>\n\t\t\t\t\t\t<div class=\"pp-coupon elementor-grid-item\">\n\t\t\t\t\t\t\t\t\t<div class=\"pp-coupon-image-wrapper\">\n\t\t\t\t\t\t\t\t\t\t\t\t\t<div class=\"pp-coupon-discount\">\n\t\t\t\t\t\t\t\trecommand\u00e9\t\t\t\t\t\t\t<\/div>\n\t\t\t\t\t\t\n\t\t\t\t\t\t\t\t\t\t\t\t\t<div class=\"pp-coupon-code pp-coupon-style-reveal\" data-coupon-code=\"NNNFRK1PM\">\n\t\t\t\t\t\t\t\t\t\t\t\t\t\t\t\t<div class='pp-coupon-reveal-wrap'>\n\t\t\t\t<span class='pp-coupon-reveal'>\n\t\t\t\t\t\t\t<span class=\"pp-coupon-code-icon pp-icon\">\n\t\t\t\t\t\t\t<svg aria-hidden=\"true\" class=\"e-font-icon-svg e-fas-eye\" viewbox=\"0 0 576 512\" xmlns=\"http:\/\/www.w3.org\/2000\/svg\"><path d=\"M572.52 241.4C518.29 135.59 410.93 64 288 64S57.68 135.64 3.48 241.41a32.35 32.35 0 0 0 0 29.19C57.71 376.41 165.07 448 288 448s230.32-71.64 284.52-177.41a32.35 32.35 0 0 0 0-29.19zM288 400a144 144 0 1 1 144-144 143.93 143.93 0 0 1-144 144zm0-240a95.31 95.31 0 0 0-25.31 3.79 47.85 47.85 0 0 1-66.9 66.9A95.78 95.78 0 1 0 288 160z\"><\/path><\/svg>\t\t\t\t\t<\/span>\n\t\tVoir code\t\t\t\t<\/span>\n\t\t\t<\/div>\n\t\t\t<div class='pp-coupon-code-text-wrap pp-unreavel'>\n\t\t\t\t<span class='pp-coupon-code-text' id='pp-coupon-code-4759eea4'>1PM<\/span>\n\t\t\t\t<span class='pp-coupon-copy-text'style='display: none;'><\/span>\n\t\t\t<\/div>\n\t\t\t\t\t\t\t\t\t<\/div>\n\t\t\t\t\t\t\n\t\t\t\t\t\t<img decoding=\"async\" src=\"https:\/\/france-coupon.fr\/wp-content\/uploads\/elementor\/thumbs\/boutik-logo-geekbuying-e1730919204203-r6ygk52li06e2b30ahtaqwnhtvgitsxv7i94lg4yq2.jpg\" alt=\"boutik-logo-geekbuying-e1730919204203\">\n\t\t\t\t\t<\/div>\n\t\t\t\t\t\t\t\t\t\n\t\t\t\t\t\t\t\t<div class=\"pp-coupon-content\">\n\t\t\t\t\t<div class=\"pp-coupon-title-wrap\">\n\t\t\t\t\t\t<div class=\"pp-coupon-title-container\" href=\"https:\/\/fr.geekbuying.com\/item\/IKIER-K1-Pro-Max-48W-Graveur-laser-a-diodes-10004244.html?Currency=EUR&#038;idev_id=2179&#038;utm_source=affiliate.geekbuying.com&#038;utm_medium=affiliate_2179&#038;utm_campaign=2179&#038;utm_content=2179&#038;utm_term=weed37\" target=\"_blank\"><h4 class=\"pp-coupon-title\">899,00\u20ac<\/h4><\/div>\t\t\t\t\t<\/div>\n\n\t\t\t\t\t\n\t\t\t\t\t\t\t\t\t\t\t<hr class=\"pp-coupon-separator\">\n\t\t\t\t\t\n\t\t\t\t\t\t\t\t\t\t\t<div class=\"pp-coupon-button-wrap\">\n\t\t\t\t\t\t\t<a  href=\"https:\/\/fr.geekbuying.com\/item\/IKIER-K1-Pro-Max-48W-Graveur-laser-a-diodes-10004244.html?Currency=EUR&#038;idev_id=2179&#038;utm_source=affiliate.geekbuying.com&#038;utm_medium=affiliate_2179&#038;utm_campaign=2179&#038;utm_content=2179&#038;utm_term=weed37\" target=\"_blank\">\n\t\t\t\t\t\t\t\t<div class=\"pp-coupon-button elementor-button elementor-size-sm\">\n\t\t\t\t\t\t\t\t\t\t\t\t<span class=\"pp-button-icon pp-icon\">\n\t\t\t\t<svg aria-hidden=\"true\" class=\"e-font-icon-svg e-fas-long-arrow-alt-right\" viewbox=\"0 0 448 512\" xmlns=\"http:\/\/www.w3.org\/2000\/svg\"><path d=\"M313.941 216H12c-6.627 0-12 5.373-12 12v56c0 6.627 5.373 12 12 12h301.941v46.059c0 21.382 25.851 32.09 40.971 16.971l86.059-86.059c9.373-9.373 9.373-24.569 0-33.941l-86.059-86.059c-15.119-15.119-40.971-4.411-40.971 16.971V216z\"><\/path><\/svg>\t\t\t<\/span>\n\t\t\t\t\t\t\t\t\t\t\t\t\t\t\t\t\t\t\t\t\t\t<span class=\"pp-button-text\">\n\t\t\t\t\t\t\t\t\t\t\tLien du produit\t\t\t\t\t\t\t\t\t\t<\/span>\n\t\t\t\t\t\t\t\t\t\t\t\t\t\t\t\t\t\t\t\t\t\t\t\t\t\t<\/div>\n\t\t\t\t\t\t\t<\/a>\n\t\t\t\t\t\t<\/div>\n\t\t\t\t\t\t\t\t\t\t\t\t\t\t<\/div>\n\t\t\t<\/div>\n\t\t\t\t\t\t\t<\/div>\n\t\t\t\t\t\t\t<\/div>\n\t\t\t\t\t\t\t<\/div>\n\t\t\t\t<\/div>\n\t\t\t\t<div class=\"elementor-element elementor-element-239e3fa4 elementor-widget-divider--view-line elementor-widget elementor-widget-divider\" data-id=\"239e3fa4\" data-element_type=\"widget\" data-widget_type=\"divider.default\">\n\t\t\t\t<div class=\"elementor-widget-container\">\n\t\t\t\t\t\t\t<div class=\"elementor-divider\">\n\t\t\t<span class=\"elementor-divider-separator\">\n\t\t\t\t\t\t<\/span>\n\t\t<\/div>\n\t\t\t\t\t\t<\/div>\n\t\t\t\t<\/div>\n\t\t<div class=\"elementor-element elementor-element-4aa7901f e-grid e-con-full e-con e-child\" data-id=\"4aa7901f\" data-element_type=\"container\">\n\t\t\t\t<div class=\"elementor-element elementor-element-4b57f7a8 elementor-widget elementor-widget-text-editor\" data-id=\"4b57f7a8\" data-element_type=\"widget\" data-widget_type=\"text-editor.default\">\n\t\t\t\t<div class=\"elementor-widget-container\">\n\t\t\t\t\t\t\t\t\t<h5 style=\"text-align: center;\"><em><strong><span style=\"color: #0000ff;\">Comment utiliser<br \/>un coupon r\u00e9duction?<\/span><\/strong><\/em><\/h5><p><em><strong><span style=\"color: #0000ff;\">How to use a discount coupon?<\/span><\/strong><\/em><\/p>\t\t\t\t\t\t\t\t<\/div>\n\t\t\t\t<\/div>\n\t\t\t\t<div class=\"elementor-element elementor-element-7d1ce0e3 elementor-widget elementor-widget-video\" data-id=\"7d1ce0e3\" data-element_type=\"widget\" data-settings=\"{&quot;youtube_url&quot;:&quot;https:\\\/\\\/www.youtube.com\\\/watch?v=eNNzTLooBIE&quot;,&quot;video_type&quot;:&quot;youtube&quot;,&quot;controls&quot;:&quot;yes&quot;}\" data-widget_type=\"video.default\">\n\t\t\t\t<div class=\"elementor-widget-container\">\n\t\t\t\t\t\t\t<div class=\"elementor-wrapper elementor-open-inline\">\n\t\t\t<div class=\"elementor-video\"><\/div>\t\t<\/div>\n\t\t\t\t\t\t<\/div>\n\t\t\t\t<\/div>\n\t\t\t\t<div class=\"elementor-element elementor-element-42cae379 elementor-widget elementor-widget-text-editor\" data-id=\"42cae379\" data-element_type=\"widget\" data-widget_type=\"text-editor.default\">\n\t\t\t\t<div class=\"elementor-widget-container\">\n\t\t\t\t\t\t\t\t\t<p style=\"text-align: center;\">&#8221; Certains liens sont susceptibles d&#8217;\u00eatre affili\u00e9s. En tant que partenaire Amazon, je r\u00e9alise un b\u00e9n\u00e9fice sur les achats remplissant les conditions requises. &#8220;<\/p>\t\t\t\t\t\t\t\t<\/div>\n\t\t\t\t<\/div>\n\t\t\t\t<\/div>\n\t\t\t\t<\/div>\n\t\t<div class=\"elementor-element elementor-element-4a2b3258 e-flex e-con-boxed e-con e-parent\" data-id=\"4a2b3258\" data-element_type=\"container\">\n\t\t\t\t\t<div class=\"e-con-inner\">\n\t\t\t\t<div class=\"elementor-element elementor-element-47af3aac elementor-widget elementor-widget-text-editor\" data-id=\"47af3aac\" data-element_type=\"widget\" data-widget_type=\"text-editor.default\">\n\t\t\t\t<div class=\"elementor-widget-container\">\n\t\t\t\t\t\t\t\t\t<h3>Commutation de puissance laser 48 W \/ 24 W \u2014 Premier module laser \u00e0 commutation au monde<\/h3><p>Passez facilement de la d\u00e9coupe haute puissance de 48 W \u00e0 la gravure de pr\u00e9cision de 24 W. Utilisez la puissance de 48 W pour une d\u00e9coupe performante et celle de 24 W pour une gravure d&#8217;une extr\u00eame finesse\u00a0: une seule machine, deux fonctionnalit\u00e9s.<\/p><h3>Gravure ultra-rapide jusqu&#8217;\u00e0 900 mm\/s + axe Z motoris\u00e9 avec autofocus intelligent<\/h3><p>Elle atteint des vitesses jusqu&#8217;\u00e0 900 mm\/s, soit quatre fois plus rapides que les machines classiques. Gr\u00e2ce \u00e0 son axe Z motoris\u00e9 et \u00e0 sa mesure automatique des distances, le syst\u00e8me maintient le laser parfaitement focalis\u00e9 en permanence, pour des r\u00e9sultats plus nets et plus pr\u00e9cis.<\/p><h3>Coupe en profondeur automatique \u2014 Profondeur de coupe accrue de 35 % + assistance pneumatique automatique<\/h3><p>La technologie d&#8217;enfoncement automatique abaisse progressivement le laser pendant la d\u00e9coupe, augmentant la profondeur de coupe jusqu&#8217;\u00e0 35 % tout en am\u00e9liorant la finition des bords. Lors du passage de la gravure \u00e0 la d\u00e9coupe, l&#8217;assistance d&#8217;air s&#8217;active automatiquement pour r\u00e9duire les br\u00fblures et optimiser la qualit\u00e9 de coupe.<\/p><h3>Reprise de la gravure apr\u00e8s une panne de courant \u2014 Plus de gaspillage de mat\u00e9riaux<\/h3><p>Une fonction de reprise apr\u00e8s coupure de courant, une premi\u00e8re mondiale, permet \u00e0 la machine de red\u00e9marrer exactement l\u00e0 o\u00f9 elle s&#8217;\u00e9tait arr\u00eat\u00e9e apr\u00e8s une panne, \u00e9vitant ainsi les \u00e9checs de travaux et le gaspillage inutile de mat\u00e9riaux.<\/p><h3>Positionnement infrarouge pour un alignement pr\u00e9cis<\/h3><p>Le syst\u00e8me de positionnement infrarouge projette un guide visible sur le mat\u00e9riau, ce qui facilite l&#8217;alignement pr\u00e9cis de votre motif avec la zone de gravure : ce que vous voyez est ce qui est grav\u00e9.<\/p><h3>Protection de s\u00e9curit\u00e9 avanc\u00e9e \u2014 D\u00e9tection de flamme et verrouillage de s\u00e9curit\u00e9 enfant<\/h3><p>En cas de d\u00e9tection de flamme, l&#8217;appareil \u00e9met une alarme, envoie une notification sur mobile et replace automatiquement le module laser \u00e0 sa position initiale. Le verrouillage de s\u00e9curit\u00e9 enfant emp\u00eache toute activation accidentelle, garantissant ainsi une utilisation plus s\u00fbre \u00e0 domicile ou dans les espaces de travail partag\u00e9s.<\/p><p><img decoding=\"async\" class=\"lazy_img\" src=\"https:\/\/img.gkbcdn.com\/d\/202601\/IKIER-K1-Pro-Max-48W-Diode-Laser-Engraver-530923-0._p1_.jpg\" alt=\"Graveur laser IKIER K1 Pro Max 48 W, zone de travail 410 mm \u00d7 410 mm, pr\u00e9cision 0,01 mm, vitesse de 900 mm\/s, laser \u00e0 double engrenage, mise au point automatique intelligente et d\u00e9coupe par enfon\u00e7age automatique\" data-original=\"\/\/img.gkbcdn.com\/d\/202601\/IKIER-K1-Pro-Max-48W-Diode-Laser-Engraver-530923-0._p1_.jpg\" \/><img decoding=\"async\" class=\"lazy_img\" src=\"https:\/\/img.gkbcdn.com\/d\/202601\/IKIER-K1-Pro-Max-48W-Diode-Laser-Engraver-530923-1._p1_.jpg\" alt=\"Graveur laser IKIER K1 Pro Max 48 W, zone de travail 410 mm \u00d7 410 mm, pr\u00e9cision 0,01 mm, vitesse de 900 mm\/s, laser \u00e0 double engrenage, mise au point automatique intelligente et d\u00e9coupe par enfon\u00e7age automatique\" data-original=\"\/\/img.gkbcdn.com\/d\/202601\/IKIER-K1-Pro-Max-48W-Diode-Laser-Engraver-530923-1._p1_.jpg\" \/><img decoding=\"async\" class=\"lazy_img\" src=\"https:\/\/img.gkbcdn.com\/d\/202601\/IKIER-K1-Pro-Max-48W-Diode-Laser-Engraver-530923-2._p1_.jpg\" alt=\"Graveur laser IKIER K1 Pro Max 48 W, zone de travail 410 mm \u00d7 410 mm, pr\u00e9cision 0,01 mm, vitesse de 900 mm\/s, laser \u00e0 double engrenage, mise au point automatique intelligente et d\u00e9coupe par enfon\u00e7age automatique\" data-original=\"\/\/img.gkbcdn.com\/d\/202601\/IKIER-K1-Pro-Max-48W-Diode-Laser-Engraver-530923-2._p1_.jpg\" \/><img decoding=\"async\" class=\"lazy_img\" src=\"https:\/\/img.gkbcdn.com\/d\/202601\/IKIER-K1-Pro-Max-48W-Diode-Laser-Engraver-530923-3._p1_.jpg\" alt=\"Graveur laser IKIER K1 Pro Max 48 W, zone de travail 410 mm \u00d7 410 mm, pr\u00e9cision 0,01 mm, vitesse de 900 mm\/s, laser \u00e0 double engrenage, mise au point automatique intelligente et d\u00e9coupe par enfon\u00e7age automatique\" data-original=\"\/\/img.gkbcdn.com\/d\/202601\/IKIER-K1-Pro-Max-48W-Diode-Laser-Engraver-530923-3._p1_.jpg\" \/><img decoding=\"async\" class=\"lazy_img\" src=\"https:\/\/img.gkbcdn.com\/d\/202601\/IKIER-K1-Pro-Max-48W-Diode-Laser-Engraver-530923-4._p1_.jpg\" alt=\"Graveur laser IKIER K1 Pro Max 48 W, zone de travail 410 mm \u00d7 410 mm, pr\u00e9cision 0,01 mm, vitesse de 900 mm\/s, laser \u00e0 double engrenage, mise au point automatique intelligente et d\u00e9coupe par enfon\u00e7age automatique\" data-original=\"\/\/img.gkbcdn.com\/d\/202601\/IKIER-K1-Pro-Max-48W-Diode-Laser-Engraver-530923-4._p1_.jpg\" \/><img decoding=\"async\" class=\"lazy_img\" src=\"https:\/\/img.gkbcdn.com\/d\/202601\/IKIER-K1-Pro-Max-48W-Diode-Laser-Engraver-530923-5._p1_.jpg\" alt=\"Graveur laser IKIER K1 Pro Max 48 W, zone de travail 410 mm \u00d7 410 mm, pr\u00e9cision 0,01 mm, vitesse de 900 mm\/s, laser \u00e0 double engrenage, mise au point automatique intelligente et d\u00e9coupe par enfon\u00e7age automatique\" data-original=\"\/\/img.gkbcdn.com\/d\/202601\/IKIER-K1-Pro-Max-48W-Diode-Laser-Engraver-530923-5._p1_.jpg\" \/><img decoding=\"async\" class=\"lazy_img\" src=\"https:\/\/img.gkbcdn.com\/d\/202601\/IKIER-K1-Pro-Max-48W-Diode-Laser-Engraver-530923-6._p1_.jpg\" alt=\"Graveur laser IKIER K1 Pro Max 48 W, zone de travail 410 mm \u00d7 410 mm, pr\u00e9cision 0,01 mm, vitesse de 900 mm\/s, laser \u00e0 double engrenage, mise au point automatique intelligente et d\u00e9coupe par enfon\u00e7age automatique\" data-original=\"\/\/img.gkbcdn.com\/d\/202601\/IKIER-K1-Pro-Max-48W-Diode-Laser-Engraver-530923-6._p1_.jpg\" \/><img decoding=\"async\" class=\"lazy_img\" src=\"https:\/\/img.gkbcdn.com\/d\/202601\/IKIER-K1-Pro-Max-48W-Diode-Laser-Engraver-530923-7._p1_.jpg\" alt=\"Graveur laser IKIER K1 Pro Max 48 W, zone de travail 410 mm \u00d7 410 mm, pr\u00e9cision 0,01 mm, vitesse de 900 mm\/s, laser \u00e0 double engrenage, mise au point automatique intelligente et d\u00e9coupe par enfon\u00e7age automatique\" data-original=\"\/\/img.gkbcdn.com\/d\/202601\/IKIER-K1-Pro-Max-48W-Diode-Laser-Engraver-530923-7._p1_.jpg\" \/><img decoding=\"async\" class=\"lazy_img\" src=\"https:\/\/img.gkbcdn.com\/d\/202601\/IKIER-K1-Pro-Max-48W-Diode-Laser-Engraver-530923-8._p1_.jpg\" alt=\"Graveur laser IKIER K1 Pro Max 48 W, zone de travail 410 mm \u00d7 410 mm, pr\u00e9cision 0,01 mm, vitesse de 900 mm\/s, laser \u00e0 double engrenage, mise au point automatique intelligente et d\u00e9coupe par enfon\u00e7age automatique\" data-original=\"\/\/img.gkbcdn.com\/d\/202601\/IKIER-K1-Pro-Max-48W-Diode-Laser-Engraver-530923-8._p1_.jpg\" \/><img decoding=\"async\" class=\"lazy_img\" src=\"https:\/\/img.gkbcdn.com\/d\/202601\/IKIER-K1-Pro-Max-48W-Diode-Laser-Engraver-530923-9._p1_.jpg\" alt=\"Graveur laser IKIER K1 Pro Max 48 W, zone de travail 410 mm \u00d7 410 mm, pr\u00e9cision 0,01 mm, vitesse de 900 mm\/s, laser \u00e0 double engrenage, mise au point automatique intelligente et d\u00e9coupe par enfon\u00e7age automatique\" data-original=\"\/\/img.gkbcdn.com\/d\/202601\/IKIER-K1-Pro-Max-48W-Diode-Laser-Engraver-530923-9._p1_.jpg\" \/><img decoding=\"async\" class=\"lazy_img\" src=\"https:\/\/img.gkbcdn.com\/d\/202601\/IKIER-K1-Pro-Max-48W-Diode-Laser-Engraver-530923-10._p1_.jpg\" alt=\"Graveur laser IKIER K1 Pro Max 48 W, zone de travail 410 mm \u00d7 410 mm, pr\u00e9cision 0,01 mm, vitesse de 900 mm\/s, laser \u00e0 double engrenage, mise au point automatique intelligente et d\u00e9coupe par enfon\u00e7age automatique\" data-original=\"\/\/img.gkbcdn.com\/d\/202601\/IKIER-K1-Pro-Max-48W-Diode-Laser-Engraver-530923-10._p1_.jpg\" \/><img decoding=\"async\" class=\"lazy_img\" src=\"https:\/\/img.gkbcdn.com\/d\/202601\/IKIER-K1-Pro-Max-48W-Diode-Laser-Engraver-530923-11._p1_.jpg\" alt=\"Graveur laser IKIER K1 Pro Max 48 W, zone de travail 410 mm \u00d7 410 mm, pr\u00e9cision 0,01 mm, vitesse de 900 mm\/s, laser \u00e0 double engrenage, mise au point automatique intelligente et d\u00e9coupe par enfon\u00e7age automatique\" data-original=\"\/\/img.gkbcdn.com\/d\/202601\/IKIER-K1-Pro-Max-48W-Diode-Laser-Engraver-530923-11._p1_.jpg\" \/><img decoding=\"async\" class=\"lazy_img\" src=\"https:\/\/img.gkbcdn.com\/d\/202601\/IKIER-K1-Pro-Max-48W-Diode-Laser-Engraver-530923-12._p1_.jpg\" alt=\"Graveur laser IKIER K1 Pro Max 48 W, zone de travail 410 mm \u00d7 410 mm, pr\u00e9cision 0,01 mm, vitesse de 900 mm\/s, laser \u00e0 double engrenage, mise au point automatique intelligente et d\u00e9coupe par enfon\u00e7age automatique\" data-original=\"\/\/img.gkbcdn.com\/d\/202601\/IKIER-K1-Pro-Max-48W-Diode-Laser-Engraver-530923-12._p1_.jpg\" \/><img decoding=\"async\" class=\"lazy_img\" src=\"https:\/\/img.gkbcdn.com\/d\/202601\/IKIER-K1-Pro-Max-48W-Diode-Laser-Engraver-530923-13._p1_.jpg\" alt=\"Graveur laser IKIER K1 Pro Max 48 W, zone de travail 410 mm \u00d7 410 mm, pr\u00e9cision 0,01 mm, vitesse de 900 mm\/s, laser \u00e0 double engrenage, mise au point automatique intelligente et d\u00e9coupe par enfon\u00e7age automatique\" data-original=\"\/\/img.gkbcdn.com\/d\/202601\/IKIER-K1-Pro-Max-48W-Diode-Laser-Engraver-530923-13._p1_.jpg\" \/><img decoding=\"async\" class=\"lazy_img\" src=\"https:\/\/img.gkbcdn.com\/d\/202601\/IKIER-K1-Pro-Max-48W-Diode-Laser-Engraver-530923-14._p1_.jpg\" alt=\"Graveur laser IKIER K1 Pro Max 48 W, zone de travail 410 mm \u00d7 410 mm, pr\u00e9cision 0,01 mm, vitesse de 900 mm\/s, laser \u00e0 double engrenage, mise au point automatique intelligente et d\u00e9coupe par enfon\u00e7age automatique\" data-original=\"\/\/img.gkbcdn.com\/d\/202601\/IKIER-K1-Pro-Max-48W-Diode-Laser-Engraver-530923-14._p1_.jpg\" \/><img decoding=\"async\" class=\"lazy_img\" src=\"https:\/\/img.gkbcdn.com\/d\/202601\/IKIER-K1-Pro-Max-48W-Diode-Laser-Engraver-530923-15._p1_.jpg\" alt=\"Graveur laser IKIER K1 Pro Max 48 W, zone de travail 410 mm \u00d7 410 mm, pr\u00e9cision 0,01 mm, vitesse de 900 mm\/s, laser \u00e0 double engrenage, mise au point automatique intelligente et d\u00e9coupe par enfon\u00e7age automatique\" data-original=\"\/\/img.gkbcdn.com\/d\/202601\/IKIER-K1-Pro-Max-48W-Diode-Laser-Engraver-530923-15._p1_.jpg\" \/><img decoding=\"async\" class=\"lazy_img\" src=\"https:\/\/img.gkbcdn.com\/d\/202601\/IKIER-K1-Pro-Max-48W-Diode-Laser-Engraver-530923-16._p1_.jpg\" alt=\"Graveur laser IKIER K1 Pro Max 48 W, zone de travail 410 mm \u00d7 410 mm, pr\u00e9cision 0,01 mm, vitesse de 900 mm\/s, laser \u00e0 double engrenage, mise au point automatique intelligente et d\u00e9coupe par enfon\u00e7age automatique\" data-original=\"\/\/img.gkbcdn.com\/d\/202601\/IKIER-K1-Pro-Max-48W-Diode-Laser-Engraver-530923-16._p1_.jpg\" \/><img decoding=\"async\" class=\"lazy_img\" src=\"https:\/\/img.gkbcdn.com\/d\/202601\/IKIER-K1-Pro-Max-48W-Diode-Laser-Engraver-530923-17._p1_.jpg\" alt=\"Graveur laser IKIER K1 Pro Max 48 W, zone de travail 410 mm \u00d7 410 mm, pr\u00e9cision 0,01 mm, vitesse de 900 mm\/s, laser \u00e0 double engrenage, mise au point automatique intelligente et d\u00e9coupe par enfon\u00e7age automatique\" data-original=\"\/\/img.gkbcdn.com\/d\/202601\/IKIER-K1-Pro-Max-48W-Diode-Laser-Engraver-530923-17._p1_.jpg\" \/><\/p><h2>Sp\u00e9cification<\/h2><table class=\"jbEidtTable\" border=\"1\" cellspacing=\"0\" cellpadding=\"5\"><tbody><tr><td><strong>Marque<\/strong><\/td><td>iKier<\/td><\/tr><tr><td><strong>Taper<\/strong><\/td><td>Graveur laser<\/td><\/tr><tr><td><strong>Mod\u00e8le<\/strong><\/td><td>K1 Pro Max 48W<\/td><\/tr><tr><td><strong>Taille de la gravure<\/strong><\/td><td>410 mm \u00d7 410 mm<\/td><\/tr><tr><td><strong>\u00c9nergie \u00e9lectrique<\/strong><\/td><td>220 W<\/td><\/tr><tr><td><strong>Puissance laser<\/strong><\/td><td>44-48 W \/ 21-24 W<\/td><\/tr><tr><td><strong>Taille du spot<\/strong><\/td><td>0,08 mm \u00d7 0,1 mm (24 W) ; 0,1 mm \u00d7 0,15 mm (48 W)<\/td><\/tr><tr><td><strong>Pr\u00e9cision de gravure<\/strong><\/td><td>0,01 mm<\/td><\/tr><tr><td><strong>Longueur focale du laser<\/strong><\/td><td>40 mm<\/td><\/tr><tr><td><strong>Onde laser<\/strong><\/td><td>455 \u00b1 5 nm<\/td><\/tr><tr><td><strong>M\u00e9thode de focalisation<\/strong><\/td><td>Mise au point automatique ou manuelle, avec positionnement infrarouge<\/td><\/tr><tr><td><strong>Axe Z avanc\u00e9<\/strong><\/td><td>Enfoncement automatique pendant la d\u00e9coupe<\/td><\/tr><tr><td><strong>Syst\u00e8mes d&#8217;exploitation<\/strong><\/td><td>Windows, macOS, Android, iOS<\/td><\/tr><tr><td><strong>Logiciel de contr\u00f4le<\/strong><\/td><td>Lightburn, Laser GRBL<\/td><\/tr><tr><td><strong>Types de fichiers<\/strong><\/td><td>SVG, DXF, JPG, JPEG, PNG, BMP, TIF, CR2, etc.<\/td><\/tr><tr><td><strong>Interfaces de connexion<\/strong><\/td><td>USB, Wi-Fi, carte TF<\/td><\/tr><tr><td><strong>Carte m\u00e8re<\/strong><\/td><td>Carte de contr\u00f4le 32 bits avec Wi-Fi<\/td><\/tr><tr><td><strong>Terminal de contr\u00f4le<\/strong><\/td><td>4,3 pouces<\/td><\/tr><tr><td><strong>Tension d&#8217;entr\u00e9e<\/strong><\/td><td>100-240 V CA, 50\/60 Hz<\/td><\/tr><tr><td><strong>Tension de sortie<\/strong><\/td><td>24 V CC, 5 A<\/td><\/tr><tr><td><strong>Certification<\/strong><\/td><td>Certifications CE, FCC, RoHS et FDA.<\/td><\/tr><tr><td><strong>Poids du produit<\/strong><\/td><td>13 kg<\/td><\/tr><tr><td><strong>Poids du colis<\/strong><\/td><td>15,4 kg<\/td><\/tr><tr><td><strong>Taille du produit<\/strong><\/td><td>650 mm \u00d7 750 mm \u00d7 222 mm<\/td><\/tr><tr><td><strong>Taille de l&#8217;emballage<\/strong><\/td><td>780 mm \u00d7 500 mm \u00d7 160 mm<\/td><\/tr><tr><td><strong>Contenu de l&#8217;emballage<\/strong><\/td><td>1 x machine laser 48W<br \/>1 x Tube de transfert d&#8217;air<br \/>1 x c\u00e2ble d&#8217;alimentation et de connexion<br \/>1 x c\u00e2ble HDMI<br \/>1 x c\u00e2ble d&#8217;alimentation \u00e0 assistance pneumatique<br \/>1 x c\u00e2ble de donn\u00e9es USB<br \/>1 x c\u00e2ble de transfert USB Type-C<br \/>2 x Cl\u00e9s d&#8217;alimentation<br \/>3 x clips de fixation<br \/>3 x cl\u00e9s hexagonales<br \/>4 x Rehausseurs<br \/>1 x paire de lunettes de s\u00e9curit\u00e9<br \/>1 x r\u00e8gle de mise au point manuelle<br \/>4 x vis M5<br \/>2 x vis M3<br \/>2 x vis M4 pour tige lumineuse<br \/>1 x Pompe \u00e0 air assist\u00e9e<br \/>1 x chiffon de nettoyage<br \/>1 x cl\u00e9 USB<br \/>1 x Manuel du logiciel<br \/>1 x Guide d&#8217;installation<br \/>1 x Manuel d&#8217;utilisation<\/td><\/tr><\/tbody><\/table>\t\t\t\t\t\t\t\t<\/div>\n\t\t\t\t<\/div>\n\t\t\t\t\t<\/div>\n\t\t\t\t<\/div>\n\t\t\t\t<\/div>","protected":false},"excerpt":{"rendered":"<p>Graveur laser, zone de travail de 410mm\u00d7410mm, pr\u00e9cision de 0.01mm, vitesse rapide de 900mm\/s, laser \u00e0 double engrenage, mise au point automatique intelligente et d\u00e9coupe automatique&#8230;<\/p>","protected":false},"featured_media":26841,"comment_status":"closed","ping_status":"closed","template":"","meta":{"om_disable_all_campaigns":false,"_monsterinsights_skip_tracking":false,"_monsterinsights_sitenote_active":false,"_monsterinsights_sitenote_note":"","_monsterinsights_sitenote_category":0},"product_brand":[],"product_cat":[1411,1404],"product_tag":[1674,1413,2336,1626,1414,1114,1128],"class_list":{"0":"post-26840","1":"product","2":"type-product","3":"status-publish","4":"has-post-thumbnail","6":"product_cat-graveurs-laser","7":"product_cat-machines","8":"product_tag-48w","9":"product_tag-graveur","10":"product_tag-ikier","11":"product_tag-k1","12":"product_tag-laser","13":"product_tag-max","14":"product_tag-pro","16":"first","17":"instock","18":"sale","19":"shipping-taxable","20":"product-type-external"},"aioseo_notices":[],"jetpack_sharing_enabled":true,"_links":{"self":[{"href":"https:\/\/france-coupon.fr\/en\/wp-json\/wp\/v2\/product\/26840","targetHints":{"allow":["GET"]}}],"collection":[{"href":"https:\/\/france-coupon.fr\/en\/wp-json\/wp\/v2\/product"}],"about":[{"href":"https:\/\/france-coupon.fr\/en\/wp-json\/wp\/v2\/types\/product"}],"replies":[{"embeddable":true,"href":"https:\/\/france-coupon.fr\/en\/wp-json\/wp\/v2\/comments?post=26840"}],"version-history":[{"count":0,"href":"https:\/\/france-coupon.fr\/en\/wp-json\/wp\/v2\/product\/26840\/revisions"}],"wp:featuredmedia":[{"embeddable":true,"href":"https:\/\/france-coupon.fr\/en\/wp-json\/wp\/v2\/media\/26841"}],"wp:attachment":[{"href":"https:\/\/france-coupon.fr\/en\/wp-json\/wp\/v2\/media?parent=26840"}],"wp:term":[{"taxonomy":"product_brand","embeddable":true,"href":"https:\/\/france-coupon.fr\/en\/wp-json\/wp\/v2\/product_brand?post=26840"},{"taxonomy":"product_cat","embeddable":true,"href":"https:\/\/france-coupon.fr\/en\/wp-json\/wp\/v2\/product_cat?post=26840"},{"taxonomy":"product_tag","embeddable":true,"href":"https:\/\/france-coupon.fr\/en\/wp-json\/wp\/v2\/product_tag?post=26840"}],"curies":[{"name":"wp","href":"https:\/\/api.w.org\/{rel}","templated":true}]}}