{"id":26852,"date":"2026-01-12T10:02:57","date_gmt":"2026-01-12T09:02:57","guid":{"rendered":"https:\/\/france-coupon.fr\/?post_type=product&#038;p=26852"},"modified":"2026-01-12T21:09:41","modified_gmt":"2026-01-12T20:09:41","slug":"mecpow-g5-rouleau-rotatif","status":"publish","type":"product","link":"https:\/\/france-coupon.fr\/en\/product\/mecpow-g5-rouleau-rotatif\/","title":{"rendered":"Mecpow G5 Rouleau Rotatif"},"content":{"rendered":"<div data-elementor-type=\"product-post\" data-elementor-id=\"26852\" class=\"elementor elementor-26852\" data-elementor-post-type=\"product\">\n\t\t\t\t<div class=\"elementor-element elementor-element-62ab7d21 e-con-full e-flex e-con e-parent\" data-id=\"62ab7d21\" data-element_type=\"container\">\n\t\t\t\t<div class=\"elementor-element elementor-element-51611a99 elementor-widget elementor-widget-heading\" data-id=\"51611a99\" data-element_type=\"widget\" data-widget_type=\"heading.default\">\n\t\t\t\t<div class=\"elementor-widget-container\">\n\t\t\t\t\t<h2 class=\"elementor-heading-title elementor-size-default\">\u2193 RETROUVEZ LES MEILLEURS PRIX \u2193<\/h2>\t\t\t\t<\/div>\n\t\t\t\t<\/div>\n\t\t\t\t<div class=\"elementor-element elementor-element-3a8fc477 elementor-widget-divider--view-line elementor-widget elementor-widget-divider\" data-id=\"3a8fc477\" data-element_type=\"widget\" data-widget_type=\"divider.default\">\n\t\t\t\t<div class=\"elementor-widget-container\">\n\t\t\t\t\t\t\t<div class=\"elementor-divider\">\n\t\t\t<span class=\"elementor-divider-separator\">\n\t\t\t\t\t\t<\/span>\n\t\t<\/div>\n\t\t\t\t\t\t<\/div>\n\t\t\t\t<\/div>\n\t\t\t\t<div class=\"elementor-element elementor-element-6e1c3789 elementor-grid-4 pp-coupon-button-icon-before pp-coupon-code-right elementor-grid-tablet-2 elementor-grid-mobile-1 pp-coupon-discount-left elementor-widget elementor-widget-pp-coupons\" data-id=\"6e1c3789\" data-element_type=\"widget\" data-settings=\"{&quot;coupon_style&quot;:&quot;reveal&quot;,&quot;layout&quot;:&quot;grid&quot;}\" data-widget_type=\"pp-coupons.default\">\n\t\t\t\t<div class=\"elementor-widget-container\">\n\t\t\t\t\t\t\t\t\t\t<div class=\"pp-coupons pp-coupons-grid\">\n\t\t\t\t<div class=\"elementor-grid pp-coupons-grid-wrapper\" data-query-type=\"custom\" data-layout=\"grid\" data-page=\"26852\" data-skin=\"6e1c3789\">\n\t\t\t\t\t\t\t\t<div class=\"pp-coupon elementor-grid-item\">\n\t\t\t\t\t\t\t\t\t<div class=\"pp-coupon-image-wrapper\">\n\t\t\t\t\t\t\n\t\t\t\t\t\t\n\t\t\t\t\t\t<img decoding=\"async\" src=\"https:\/\/france-coupon.fr\/wp-content\/uploads\/elementor\/thumbs\/boutik-logo-amazon-r4n51ylya8ppqp82dlqc6u0q0lvkz968dc9xkye3t6.jpg\" alt=\"boutik logo amazon\">\n\t\t\t\t\t<\/div>\n\t\t\t\t\t\t\t\t\t\n\t\t\t\t\t\t\t\t<div class=\"pp-coupon-content\">\n\t\t\t\t\t<div class=\"pp-coupon-title-wrap\">\n\t\t\t\t\t\t<div class=\"pp-coupon-title-container\" href=\"https:\/\/amzn.to\/3Z9XxXK\" target=\"_blank\"><h4 class=\"pp-coupon-title\">99,99\u20ac<\/h4><\/div>\t\t\t\t\t<\/div>\n\n\t\t\t\t\t\n\t\t\t\t\t\t\t\t\t\t\t<hr class=\"pp-coupon-separator\">\n\t\t\t\t\t\n\t\t\t\t\t\t\t\t\t\t\t<div class=\"pp-coupon-button-wrap\">\n\t\t\t\t\t\t\t<a  href=\"https:\/\/amzn.to\/3Z9XxXK\" target=\"_blank\">\n\t\t\t\t\t\t\t\t<div class=\"pp-coupon-button elementor-button elementor-size-sm\">\n\t\t\t\t\t\t\t\t\t\t\t\t<span class=\"pp-button-icon pp-icon\">\n\t\t\t\t<svg aria-hidden=\"true\" class=\"e-font-icon-svg e-fas-long-arrow-alt-right\" viewbox=\"0 0 448 512\" xmlns=\"http:\/\/www.w3.org\/2000\/svg\"><path d=\"M313.941 216H12c-6.627 0-12 5.373-12 12v56c0 6.627 5.373 12 12 12h301.941v46.059c0 21.382 25.851 32.09 40.971 16.971l86.059-86.059c9.373-9.373 9.373-24.569 0-33.941l-86.059-86.059c-15.119-15.119-40.971-4.411-40.971 16.971V216z\"><\/path><\/svg>\t\t\t<\/span>\n\t\t\t\t\t\t\t\t\t\t\t\t\t\t\t\t\t\t\t\t\t\t<span class=\"pp-button-text\">\n\t\t\t\t\t\t\t\t\t\t\tLien du produit\t\t\t\t\t\t\t\t\t\t<\/span>\n\t\t\t\t\t\t\t\t\t\t\t\t\t\t\t\t\t\t\t\t\t\t\t\t\t\t<\/div>\n\t\t\t\t\t\t\t<\/a>\n\t\t\t\t\t\t<\/div>\n\t\t\t\t\t\t\t\t\t\t\t\t\t\t<\/div>\n\t\t\t<\/div>\n\t\t\t\t\t\t<div class=\"pp-coupon elementor-grid-item\">\n\t\t\t\t\t\t\t\t\t<div class=\"pp-coupon-image-wrapper\">\n\t\t\t\t\t\t\t\t\t\t\t\t\t<div class=\"pp-coupon-discount\">\n\t\t\t\t\t\t\t\tRecommand\u00e9\t\t\t\t\t\t\t<\/div>\n\t\t\t\t\t\t\n\t\t\t\t\t\t\n\t\t\t\t\t\t<img decoding=\"async\" src=\"https:\/\/france-coupon.fr\/wp-content\/uploads\/elementor\/thumbs\/boutik-logo-geekbuying-e1730919204203-r6ygk52li06e2b30ahtaqwnhtvgitsxv7i94lg4yq2.jpg\" alt=\"boutik-logo-geekbuying-e1730919204203\">\n\t\t\t\t\t<\/div>\n\t\t\t\t\t\t\t\t\t\n\t\t\t\t\t\t\t\t<div class=\"pp-coupon-content\">\n\t\t\t\t\t<div class=\"pp-coupon-title-wrap\">\n\t\t\t\t\t\t<div class=\"pp-coupon-title-container\" href=\"https:\/\/fr.geekbuying.com\/item\/Mecpow-G5-Mandrin-a-rouleau-rotatif-pour-Mecpow-et-autres-marques-10001319.html?idev_id=2179&#038;utm_source=affiliate.geekbuying.com&#038;utm_medium=affiliate_2179&#038;utm_campaign=2179&#038;utm_content=2179&#038;utm_term=weed37\" target=\"_blank\"><h4 class=\"pp-coupon-title\">79,00\u20ac<\/h4><\/div>\t\t\t\t\t<\/div>\n\n\t\t\t\t\t\n\t\t\t\t\t\t\t\t\t\t\t<hr class=\"pp-coupon-separator\">\n\t\t\t\t\t\n\t\t\t\t\t\t\t\t\t\t\t<div class=\"pp-coupon-button-wrap\">\n\t\t\t\t\t\t\t<a  href=\"https:\/\/fr.geekbuying.com\/item\/Mecpow-G5-Mandrin-a-rouleau-rotatif-pour-Mecpow-et-autres-marques-10001319.html?idev_id=2179&#038;utm_source=affiliate.geekbuying.com&#038;utm_medium=affiliate_2179&#038;utm_campaign=2179&#038;utm_content=2179&#038;utm_term=weed37\" target=\"_blank\">\n\t\t\t\t\t\t\t\t<div class=\"pp-coupon-button elementor-button elementor-size-sm\">\n\t\t\t\t\t\t\t\t\t\t\t\t<span class=\"pp-button-icon pp-icon\">\n\t\t\t\t<svg aria-hidden=\"true\" class=\"e-font-icon-svg e-fas-long-arrow-alt-right\" viewbox=\"0 0 448 512\" xmlns=\"http:\/\/www.w3.org\/2000\/svg\"><path d=\"M313.941 216H12c-6.627 0-12 5.373-12 12v56c0 6.627 5.373 12 12 12h301.941v46.059c0 21.382 25.851 32.09 40.971 16.971l86.059-86.059c9.373-9.373 9.373-24.569 0-33.941l-86.059-86.059c-15.119-15.119-40.971-4.411-40.971 16.971V216z\"><\/path><\/svg>\t\t\t<\/span>\n\t\t\t\t\t\t\t\t\t\t\t\t\t\t\t\t\t\t\t\t\t\t<span class=\"pp-button-text\">\n\t\t\t\t\t\t\t\t\t\t\tLien du produit\t\t\t\t\t\t\t\t\t\t<\/span>\n\t\t\t\t\t\t\t\t\t\t\t\t\t\t\t\t\t\t\t\t\t\t\t\t\t\t<\/div>\n\t\t\t\t\t\t\t<\/a>\n\t\t\t\t\t\t<\/div>\n\t\t\t\t\t\t\t\t\t\t\t\t\t\t<\/div>\n\t\t\t<\/div>\n\t\t\t\t\t\t\t<\/div>\n\t\t\t\t\t\t\t<\/div>\n\t\t\t\t\t\t\t<\/div>\n\t\t\t\t<\/div>\n\t\t\t\t<div class=\"elementor-element elementor-element-ca9ad93 elementor-widget-divider--view-line elementor-widget elementor-widget-divider\" data-id=\"ca9ad93\" data-element_type=\"widget\" data-widget_type=\"divider.default\">\n\t\t\t\t<div class=\"elementor-widget-container\">\n\t\t\t\t\t\t\t<div class=\"elementor-divider\">\n\t\t\t<span class=\"elementor-divider-separator\">\n\t\t\t\t\t\t<\/span>\n\t\t<\/div>\n\t\t\t\t\t\t<\/div>\n\t\t\t\t<\/div>\n\t\t<div class=\"elementor-element elementor-element-6e5a6267 e-grid e-con-full e-con e-child\" data-id=\"6e5a6267\" data-element_type=\"container\">\n\t\t\t\t<div class=\"elementor-element elementor-element-18e2975d elementor-widget elementor-widget-text-editor\" data-id=\"18e2975d\" data-element_type=\"widget\" data-widget_type=\"text-editor.default\">\n\t\t\t\t<div class=\"elementor-widget-container\">\n\t\t\t\t\t\t\t\t\t<h5 style=\"text-align: center;\"><em><strong><span style=\"color: #0000ff;\">Comment utiliser<br \/>un coupon r\u00e9duction?<\/span><\/strong><\/em><\/h5><p><em><strong><span style=\"color: #0000ff;\">How to use a discount coupon?<\/span><\/strong><\/em><\/p>\t\t\t\t\t\t\t\t<\/div>\n\t\t\t\t<\/div>\n\t\t\t\t<div class=\"elementor-element elementor-element-5c364a1e elementor-widget elementor-widget-video\" data-id=\"5c364a1e\" data-element_type=\"widget\" data-settings=\"{&quot;youtube_url&quot;:&quot;https:\\\/\\\/www.youtube.com\\\/watch?v=eNNzTLooBIE&quot;,&quot;video_type&quot;:&quot;youtube&quot;,&quot;controls&quot;:&quot;yes&quot;}\" data-widget_type=\"video.default\">\n\t\t\t\t<div class=\"elementor-widget-container\">\n\t\t\t\t\t\t\t<div class=\"elementor-wrapper elementor-open-inline\">\n\t\t\t<div class=\"elementor-video\"><\/div>\t\t<\/div>\n\t\t\t\t\t\t<\/div>\n\t\t\t\t<\/div>\n\t\t\t\t<div class=\"elementor-element elementor-element-277b48e0 elementor-widget elementor-widget-text-editor\" data-id=\"277b48e0\" data-element_type=\"widget\" data-widget_type=\"text-editor.default\">\n\t\t\t\t<div class=\"elementor-widget-container\">\n\t\t\t\t\t\t\t\t\t<p style=\"text-align: center;\">&#8221; Certains liens sont susceptibles d&#8217;\u00eatre affili\u00e9s. En tant que partenaire Amazon, je r\u00e9alise un b\u00e9n\u00e9fice sur les achats remplissant les conditions requises. &#8220;<\/p>\t\t\t\t\t\t\t\t<\/div>\n\t\t\t\t<\/div>\n\t\t\t\t<\/div>\n\t\t\t\t<\/div>\n\t\t<div class=\"elementor-element elementor-element-72feda96 e-flex e-con-boxed e-con e-parent\" data-id=\"72feda96\" data-element_type=\"container\">\n\t\t\t\t\t<div class=\"e-con-inner\">\n\t\t\t\t<div class=\"elementor-element elementor-element-71ebf40a elementor-widget elementor-widget-text-editor\" data-id=\"71ebf40a\" data-element_type=\"widget\" data-widget_type=\"text-editor.default\">\n\t\t\t\t<div class=\"elementor-widget-container\">\n\t\t\t\t\t\t\t\t\t<h3>Diff\u00e9rents types de m\u00e2choires<\/h3><p>Le mandrin rotatif Mecpow G5 est un accessoire polyvalent dot\u00e9 de trois types de m\u00e2choires interchangeables : \u00e0 \u00e9chelle, carr\u00e9es et \u00e0 goujon, permettant de maintenir fermement divers objets cylindriques tels que bagues, bracelets et gobelets. Ces m\u00e2choires peuvent maintenir en toute s\u00e9curit\u00e9 des objets \u00e0 graver tels que des bagues, des bracelets, des objets circulaires et des objets de forme cylindrique. Vous pouvez choisir n&#8217;importe quelle m\u00e2choire \u00e0 graver.<\/p><h3>R\u00e9glage pr\u00e9cis de l&#8217;angle et rotation \u00e0 360\u00b0<\/h3><p>Le module \u00e0 rouleau rotatif Mecpow dispose d&#8217;un angle r\u00e9glable de 90\u00b0 pour graver sur des objets distinctifs, tels que des canettes de boisson, des balles de baseball, des gobelets, etc. Il est con\u00e7u avec une ligne d&#8217;angle pour une visualisation facile et un calibrage pr\u00e9cis. Le bloc rotatif \u00e0 360\u00b0 am\u00e9liore la stabilit\u00e9 et la pr\u00e9cision de la gravure. Vous pouvez cr\u00e9er des gravures ing\u00e9nieuses de mani\u00e8re non conventionnelle.<\/p><h3>Plusieurs choix de gravure<\/h3><p>Le rouleau rotatif Mecpow G5 permet de graver sur divers objets en assemblant les m\u00e2choires de diff\u00e9rentes mani\u00e8res. Les m\u00e2choires carr\u00e9es et les m\u00e2choires \u00e0 \u00e9chelle peuvent \u00eatre utilis\u00e9es pour le serrage interne et externe, ou remplac\u00e9es par un serrage \u00e0 m\u00e2choires \u00e0 goujon. Vous avez la possibilit\u00e9 d&#8217;ajuster la position de la colonne de support pour graver des objets de diff\u00e9rentes longueurs et tailles.<\/p><h3>Conception facile \u00e0 assembler et mat\u00e9riau durable<\/h3><p>Le Mecpow G5 ne n\u00e9cessite aucun assemblage, ce qui le rend facile \u00e0 utiliser d\u00e8s sa sortie de la bo\u00eete. Il est fabriqu\u00e9 en alliage d&#8217;aluminium et en acier inoxydable, garantissant une utilisation durable et r\u00e9sistante.<\/p><h3>Large compatibilit\u00e9<\/h3><p>Le bloc rotatif est compatible avec tous les graveurs Mecpow et 95 % des machines de gravure laser du march\u00e9. Il peut \u00eatre connect\u00e9 \u00e0 des logiciels comme LightBurn et LaserGRBL pour plus de commodit\u00e9.<\/p><h3>Module de rouleau rotatif G5<\/h3><p>Aucun assemblage requis | M\u00e2choires multifonctions | Mandrin rotatif r\u00e9glable | Colonne de support<\/p><p><img decoding=\"async\" class=\"lazy_img\" src=\"https:\/\/img.gkbcdn.com\/d\/202407\/Mecpow-G5-Rotary-Roller-Module-for-Mecpow-and-Other-Brands-524993-0._p1_.jpg\" alt=\"Module de rouleau rotatif Mecpow G5, avec m\u00e2choires polyvalentes, mandrin rotatif r\u00e9glable, colonne de support, pour Mecpow et autres marques\" data-original=\"\/\/img.gkbcdn.com\/d\/202407\/Mecpow-G5-Rotary-Roller-Module-for-Mecpow-and-Other-Brands-524993-0._p1_.jpg\" \/><\/p><h3>M\u00e2choires polyvalentes pour objets de toutes formes<\/h3><p><strong>Serrage externe: <\/strong>Pour objets cylindriques d&#8217;un diam\u00e8tre de<\/p><p><strong>Serrage interne: <\/strong>Pour objets cylindriques d&#8217;un diam\u00e8tre de 25 \u00e0 75mm<\/p><p><strong>Serrage \u00e0 m\u00e2choires \u00e0 goujon: <\/strong>Pour bagues, bracelets et objets circulaires d&#8217;un diam\u00e8tre de 10 \u00e0 95mm<\/p><p><img decoding=\"async\" class=\"lazy_img\" src=\"https:\/\/img.gkbcdn.com\/d\/202407\/Mecpow-G5-Rotary-Roller-Module-for-Mecpow-and-Other-Brands-524993-1._p1_.jpg\" alt=\"Module de rouleau rotatif Mecpow G5, avec m\u00e2choires polyvalentes, mandrin rotatif r\u00e9glable, colonne de support, pour Mecpow et autres marques\" data-original=\"\/\/img.gkbcdn.com\/d\/202407\/Mecpow-G5-Rotary-Roller-Module-for-Mecpow-and-Other-Brands-524993-1._p1_.jpg\" \/><\/p><h3>Angle r\u00e9glable \u00e0 90\u00b0 pour divers objets<\/h3><p>Gravez vos objets plus facilement et laissez libre cours \u00e0 votre cr\u00e9ativit\u00e9.<\/p><p><img decoding=\"async\" class=\"lazy_img\" src=\"https:\/\/img.gkbcdn.com\/d\/202407\/Mecpow-G5-Rotary-Roller-Module-for-Mecpow-and-Other-Brands-524993-2._p1_.jpg\" alt=\"Module de rouleau rotatif Mecpow G5, avec m\u00e2choires polyvalentes, mandrin rotatif r\u00e9glable, colonne de support, pour Mecpow et autres marques\" data-original=\"\/\/img.gkbcdn.com\/d\/202407\/Mecpow-G5-Rotary-Roller-Module-for-Mecpow-and-Other-Brands-524993-2._p1_.jpg\" \/><\/p><h3>Mandrin rotatif \u00e0 r\u00e9glage libre<\/h3><p>Haute pr\u00e9cision pour une gravure plus pr\u00e9cise et des finitions plus soign\u00e9es<\/p><p><img decoding=\"async\" class=\"lazy_img\" src=\"https:\/\/img.gkbcdn.com\/d\/202407\/Mecpow-G5-Rotary-Roller-Module-for-Mecpow-and-Other-Brands-524993-3._p1_.jpg\" alt=\"Module de rouleau rotatif Mecpow G5, avec m\u00e2choires polyvalentes, mandrin rotatif r\u00e9glable, colonne de support, pour Mecpow et autres marques\" data-original=\"\/\/img.gkbcdn.com\/d\/202407\/Mecpow-G5-Rotary-Roller-Module-for-Mecpow-and-Other-Brands-524993-3._p1_.jpg\" \/><\/p><h3>Gravure stable sur diff\u00e9rentes tailles<\/h3><p>Colonne de support id\u00e9ale pour graver des objets de diff\u00e9rentes longueurs et dimensions<\/p><p><img decoding=\"async\" class=\"lazy_img\" src=\"https:\/\/img.gkbcdn.com\/d\/202407\/Mecpow-G5-Rotary-Roller-Module-for-Mecpow-and-Other-Brands-524993-4._p1_.jpg\" alt=\"Module de rouleau rotatif Mecpow G5, avec m\u00e2choires polyvalentes, mandrin rotatif r\u00e9glable, colonne de support, pour Mecpow et autres marques\" data-original=\"\/\/img.gkbcdn.com\/d\/202407\/Mecpow-G5-Rotary-Roller-Module-for-Mecpow-and-Other-Brands-524993-4._p1_.jpg\" \/><\/p><h3>D\u00e9corez votre monde: soyez cr\u00e9atif!<\/h3><p>Tasse | Gobelet | Bague | Balle de baseball | Bo\u00eete | Pot de fleurs | Gamelle | Collier | Rouleau \u00e0 p\u00e2tisserie | YETI | Gobelet | Bouteille de vin<\/p><p><img decoding=\"async\" class=\"lazy_img\" src=\"https:\/\/img.gkbcdn.com\/d\/202407\/Mecpow-G5-Rotary-Roller-Module-for-Mecpow-and-Other-Brands-524993-5._p1_.jpg\" alt=\"Module de rouleau rotatif Mecpow G5, avec m\u00e2choires polyvalentes, mandrin rotatif r\u00e9glable, colonne de support, pour Mecpow et autres marques\" data-original=\"\/\/img.gkbcdn.com\/d\/202407\/Mecpow-G5-Rotary-Roller-Module-for-Mecpow-and-Other-Brands-524993-5._p1_.jpg\" \/><\/p><h3>4 rehausseurs pour objets volumineux<\/h3><p>Pour Mecpow X3, X3 Pro, X5, X5 Pro<\/p><p><img decoding=\"async\" class=\"lazy_img\" src=\"https:\/\/img.gkbcdn.com\/d\/202407\/Mecpow-G5-Rotary-Roller-Module-for-Mecpow-and-Other-Brands-524993-6._p1_.jpg\" alt=\"Module de rouleau rotatif Mecpow G5, avec m\u00e2choires polyvalentes, mandrin rotatif r\u00e9glable, colonne de support, pour Mecpow et autres marques\" data-original=\"\/\/img.gkbcdn.com\/d\/202407\/Mecpow-G5-Rotary-Roller-Module-for-Mecpow-and-Other-Brands-524993-6._p1_.jpg\" \/><\/p><h3>Pr\u00eat \u00e0 l&#8217;emploi<\/h3><p>La conception int\u00e9gr\u00e9e permet une utilisation imm\u00e9diate sans installation suppl\u00e9mentaire.<\/p><p><img decoding=\"async\" class=\"lazy_img\" src=\"https:\/\/img.gkbcdn.com\/d\/202407\/Mecpow-G5-Rotary-Roller-Module-for-Mecpow-and-Other-Brands-524993-7._p1_.jpg\" alt=\"Module de rouleau rotatif Mecpow G5, avec m\u00e2choires polyvalentes, mandrin rotatif r\u00e9glable, colonne de support, pour Mecpow et autres marques\" data-original=\"\/\/img.gkbcdn.com\/d\/202407\/Mecpow-G5-Rotary-Roller-Module-for-Mecpow-and-Other-Brands-524993-7._p1_.jpg\" \/><\/p><h3>Grande adaptabilit\u00e9<\/h3><p>Compatible avec 95% des graveurs laser du march\u00e9<\/p><p>Pour Mecpow | Autres marques<\/p><p><img decoding=\"async\" class=\"lazy_img\" src=\"https:\/\/img.gkbcdn.com\/d\/202407\/Mecpow-G5-Rotary-Roller-Module-for-Mecpow-and-Other-Brands-524993-8._p1_.jpg\" alt=\"Module de rouleau rotatif Mecpow G5, avec m\u00e2choires polyvalentes, mandrin rotatif r\u00e9glable, colonne de support, pour Mecpow et autres marques\" data-original=\"\/\/img.gkbcdn.com\/d\/202407\/Mecpow-G5-Rotary-Roller-Module-for-Mecpow-and-Other-Brands-524993-8._p1_.jpg\" \/><img decoding=\"async\" class=\"lazy_img\" src=\"https:\/\/img.gkbcdn.com\/d\/202407\/Mecpow-G5-Rotary-Roller-Module-for-Mecpow-and-Other-Brands-524993-9._p1_.jpg\" alt=\"Module de rouleau rotatif Mecpow G5, avec m\u00e2choires polyvalentes, mandrin rotatif r\u00e9glable, colonne de support, pour Mecpow et autres marques\" data-original=\"\/\/img.gkbcdn.com\/d\/202407\/Mecpow-G5-Rotary-Roller-Module-for-Mecpow-and-Other-Brands-524993-9._p1_.jpg\" \/><img decoding=\"async\" class=\"lazy_img\" src=\"https:\/\/img.gkbcdn.com\/d\/202407\/Mecpow-G5-Rotary-Roller-Module-for-Mecpow-and-Other-Brands-524993-10._p1_.jpg\" alt=\"Module de rouleau rotatif Mecpow G5, avec m\u00e2choires polyvalentes, mandrin rotatif r\u00e9glable, colonne de support, pour Mecpow et autres marques\" data-original=\"\/\/img.gkbcdn.com\/d\/202407\/Mecpow-G5-Rotary-Roller-Module-for-Mecpow-and-Other-Brands-524993-10._p1_.jpg\" \/><\/p><h2>Sp\u00e9cification<\/h2><table border=\"1\" cellpadding=\"8\"><tbody><tr><td width=\"137\"><p><strong>G\u00e9n\u00e9ral<\/strong><\/p><\/td><td width=\"465\">Marque: Mecpow<br \/>Type : Module \u00e0 rouleaux rotatifs<br \/>Mod\u00e8le : G5<br \/>Couleur: Noir<\/td><\/tr><tr><td width=\"137\"><p><strong>Caract\u00e9ristiques<\/strong><\/p><\/td><td width=\"465\">Puissance : 5 W<br \/>Moteur : Moteur pas \u00e0 pas de 42 mm<br \/>Longueur du rouleau de gravure : 240 mm<br \/>Distance de gravure r\u00e9glable : 5 mm \u00e0 90 mm<br \/>Module \u00e0 rouleau rotatif Mat\u00e9riau : alliage d&#8217;aluminium, acier inoxydable, fer, silicone et plastique<br \/>Compatibilit\u00e9 : Compatible avec 95% des machines de gravure laser du march\u00e9<\/td><\/tr><tr><td width=\"137\"><p><strong>Caract\u00e9ristiques<\/strong><\/p><\/td><td width=\"465\"><p>Bouton de r\u00e9glage de l&#8217;angle : Oui<br \/>Bouton de r\u00e9glage de la m\u00e2choire : Oui<br \/>M\u00e2choire d&#8217;\u00e9chelle : Oui<\/p><p>M\u00e2choire \u00e0 goujon : Oui<br \/>M\u00e2choire carr\u00e9e : Oui<br \/>Boulons de r\u00e9glage : Oui<br \/>Absorbeur de silicone puissant : Oui<br \/>Conception int\u00e9gr\u00e9e : Oui<br \/>Supports de rehaussement : 4<br \/>Largeur de gravure r\u00e9glable : Oui<br \/>Gravure rotative \u00e0 360\u00b0 : Oui<br \/>R\u00e9glage de l&#8217;angle : 0-90\u00b0<\/p><\/td><\/tr><tr><td width=\"137\"><p><strong>Poids et taille<\/strong><\/p><\/td><td width=\"465\">Poids brut : 2,26 kg<br \/>Poids net : 1,65 kg<br \/>Dimensions du produit (L x l x H) : 360 x 76 x 120 mm<br \/>Dimensions du colis (L x l x H) : 341 x 272 x 88 mm<\/td><\/tr><tr><td width=\"137\"><p><strong>Emballer<\/strong> <strong>\u00a0<\/strong> <strong>Contenu<\/strong><\/p><\/td><td width=\"465\">1 x module \u00e0 rouleau rotatif<br \/>3 x m\u00e2choires \u00e0 goujon<br \/>3 x M\u00e2choires carr\u00e9es<br \/>3 x m\u00e2choires d&#8217;\u00e9chelle<br \/>4 x Support de rehaussement (pour Mecpow X3, X3 Pro, X5, X5Pro)<br \/>1 x c\u00e2ble avec connecteurs blancs (pour Mecpow)<br \/>1 x c\u00e2ble avec connecteurs noirs (pour d&#8217;autres marques)<br \/>1 x m\u00e8tre ruban<br \/>8 x vis<br \/>1 x tournevis<br \/>1 x Manuel d&#8217;utilisation<\/td><\/tr><\/tbody><\/table>\t\t\t\t\t\t\t\t<\/div>\n\t\t\t\t<\/div>\n\t\t\t\t\t<\/div>\n\t\t\t\t<\/div>\n\t\t\t\t<\/div>","protected":false},"excerpt":{"rendered":"<p>Le mandrin rotatif Mecpow G5 est un accessoire polyvalent dot\u00e9 de trois types de m\u00e2choires interchangeables : \u00e0 \u00e9chelle, carr\u00e9es et \u00e0 goujon, permettant de maintenir fermement divers objets cylindriques tels que bagues, bracelets et gobelets. Ces m\u00e2choires peuvent maintenir en toute s\u00e9curit\u00e9 des objets \u00e0 graver tels que des bagues, des bracelets&#8230;<\/p>","protected":false},"featured_media":26853,"comment_status":"closed","ping_status":"closed","template":"","meta":{"om_disable_all_campaigns":false,"_monsterinsights_skip_tracking":false,"_monsterinsights_sitenote_active":false,"_monsterinsights_sitenote_note":"","_monsterinsights_sitenote_category":0},"product_brand":[],"product_cat":[1498,1404],"product_tag":[2338,1500,1414,1721,1697,1128,1527,2326],"class_list":{"0":"post-26852","1":"product","2":"type-product","3":"status-publish","4":"has-post-thumbnail","6":"product_cat-accessoires-laser","7":"product_cat-machines","8":"product_tag-g5","9":"product_tag-kit","10":"product_tag-laser","11":"product_tag-mecpow","12":"product_tag-module","13":"product_tag-pro","14":"product_tag-rotatif","15":"product_tag-rouleau","17":"first","18":"instock","19":"sale","20":"shipping-taxable","21":"product-type-external"},"aioseo_notices":[],"jetpack_sharing_enabled":true,"_links":{"self":[{"href":"https:\/\/france-coupon.fr\/en\/wp-json\/wp\/v2\/product\/26852","targetHints":{"allow":["GET"]}}],"collection":[{"href":"https:\/\/france-coupon.fr\/en\/wp-json\/wp\/v2\/product"}],"about":[{"href":"https:\/\/france-coupon.fr\/en\/wp-json\/wp\/v2\/types\/product"}],"replies":[{"embeddable":true,"href":"https:\/\/france-coupon.fr\/en\/wp-json\/wp\/v2\/comments?post=26852"}],"version-history":[{"count":0,"href":"https:\/\/france-coupon.fr\/en\/wp-json\/wp\/v2\/product\/26852\/revisions"}],"wp:featuredmedia":[{"embeddable":true,"href":"https:\/\/france-coupon.fr\/en\/wp-json\/wp\/v2\/media\/26853"}],"wp:attachment":[{"href":"https:\/\/france-coupon.fr\/en\/wp-json\/wp\/v2\/media?parent=26852"}],"wp:term":[{"taxonomy":"product_brand","embeddable":true,"href":"https:\/\/france-coupon.fr\/en\/wp-json\/wp\/v2\/product_brand?post=26852"},{"taxonomy":"product_cat","embeddable":true,"href":"https:\/\/france-coupon.fr\/en\/wp-json\/wp\/v2\/product_cat?post=26852"},{"taxonomy":"product_tag","embeddable":true,"href":"https:\/\/france-coupon.fr\/en\/wp-json\/wp\/v2\/product_tag?post=26852"}],"curies":[{"name":"wp","href":"https:\/\/api.w.org\/{rel}","templated":true}]}}