{"id":26926,"date":"2026-01-25T10:01:38","date_gmt":"2026-01-25T09:01:38","guid":{"rendered":"https:\/\/france-coupon.fr\/?post_type=product&#038;p=26926"},"modified":"2026-01-25T20:12:31","modified_gmt":"2026-01-25T19:12:31","slug":"cybertake-s2-pro-climatiseur-portable","status":"publish","type":"product","link":"https:\/\/france-coupon.fr\/en\/product\/cybertake-s2-pro-climatiseur-portable\/","title":{"rendered":"Cybertake S2 Pro Climatiseur portable"},"content":{"rendered":"<div data-elementor-type=\"product-post\" data-elementor-id=\"26926\" class=\"elementor elementor-26926\" data-elementor-post-type=\"product\">\n\t\t\t\t<div class=\"elementor-element elementor-element-416c665e e-con-full e-flex e-con e-parent\" data-id=\"416c665e\" data-element_type=\"container\">\n\t\t\t\t<div class=\"elementor-element elementor-element-6b4362f2 elementor-widget elementor-widget-heading\" data-id=\"6b4362f2\" data-element_type=\"widget\" data-widget_type=\"heading.default\">\n\t\t\t\t<div class=\"elementor-widget-container\">\n\t\t\t\t\t<h2 class=\"elementor-heading-title elementor-size-default\">\u2193 RETROUVEZ LES MEILLEURS PRIX \u2193<\/h2>\t\t\t\t<\/div>\n\t\t\t\t<\/div>\n\t\t\t\t<div class=\"elementor-element elementor-element-2ab2b004 elementor-widget-divider--view-line elementor-widget elementor-widget-divider\" data-id=\"2ab2b004\" data-element_type=\"widget\" data-widget_type=\"divider.default\">\n\t\t\t\t<div class=\"elementor-widget-container\">\n\t\t\t\t\t\t\t<div class=\"elementor-divider\">\n\t\t\t<span class=\"elementor-divider-separator\">\n\t\t\t\t\t\t<\/span>\n\t\t<\/div>\n\t\t\t\t\t\t<\/div>\n\t\t\t\t<\/div>\n\t\t\t\t<div class=\"elementor-element elementor-element-2fa00c3e elementor-grid-4 pp-coupon-button-icon-before pp-coupon-code-right elementor-grid-tablet-2 elementor-grid-mobile-1 pp-coupon-discount-left elementor-widget elementor-widget-pp-coupons\" data-id=\"2fa00c3e\" data-element_type=\"widget\" data-settings=\"{&quot;coupon_style&quot;:&quot;reveal&quot;,&quot;layout&quot;:&quot;grid&quot;}\" data-widget_type=\"pp-coupons.default\">\n\t\t\t\t<div class=\"elementor-widget-container\">\n\t\t\t\t\t\t\t\t\t\t<div class=\"pp-coupons pp-coupons-grid\">\n\t\t\t\t<div class=\"elementor-grid pp-coupons-grid-wrapper\" data-query-type=\"custom\" data-layout=\"grid\" data-page=\"26926\" data-skin=\"2fa00c3e\">\n\t\t\t\t\t\t\t\t<div class=\"pp-coupon elementor-grid-item\">\n\t\t\t\t\t\t\t\t\t<div class=\"pp-coupon-image-wrapper\">\n\t\t\t\t\t\t\n\t\t\t\t\t\t\n\t\t\t\t\t\t<img decoding=\"async\" src=\"https:\/\/france-coupon.fr\/wp-content\/uploads\/elementor\/thumbs\/boutik-logo-cdiscount-e1730919413112-r6ygf7f3mbf740923v0t5nhdk1s5f0clj2ycw5gde2.jpg\" alt=\"boutik-logo-cdiscount-e1730919413112\">\n\t\t\t\t\t<\/div>\n\t\t\t\t\t\t\t\t\t\n\t\t\t\t\t\t\t\t<div class=\"pp-coupon-content\">\n\t\t\t\t\t<div class=\"pp-coupon-title-wrap\">\n\t\t\t\t\t\t<div class=\"pp-coupon-title-container\" href=\"https:\/\/www.cdiscount.com\/bricolage\/climatisation\/cybertake-s2-pro-climatiseur\/f-166130102-aaaxg47583.html?sv1=affiliate&#038;sv_campaign_id=568011&#038;awc=6948_1769368340_b932a097b75e3ac44ba1460e9ecc523a&#038;cid=affil&#038;cm_mmc=zanoxpb-_-568011&#038;sv1=affiliate&#038;sv_campaign_id=568011\" target=\"_blank\"><h4 class=\"pp-coupon-title\">799,00\u20ac<\/h4><\/div>\t\t\t\t\t<\/div>\n\n\t\t\t\t\t\n\t\t\t\t\t\t\t\t\t\t\t<hr class=\"pp-coupon-separator\">\n\t\t\t\t\t\n\t\t\t\t\t\t\t\t\t\t\t<div class=\"pp-coupon-button-wrap\">\n\t\t\t\t\t\t\t<a  href=\"https:\/\/www.cdiscount.com\/bricolage\/climatisation\/cybertake-s2-pro-climatiseur\/f-166130102-aaaxg47583.html?sv1=affiliate&#038;sv_campaign_id=568011&#038;awc=6948_1769368340_b932a097b75e3ac44ba1460e9ecc523a&#038;cid=affil&#038;cm_mmc=zanoxpb-_-568011&#038;sv1=affiliate&#038;sv_campaign_id=568011\" target=\"_blank\">\n\t\t\t\t\t\t\t\t<div class=\"pp-coupon-button elementor-button elementor-size-sm\">\n\t\t\t\t\t\t\t\t\t\t\t\t<span class=\"pp-button-icon pp-icon\">\n\t\t\t\t<svg aria-hidden=\"true\" class=\"e-font-icon-svg e-fas-long-arrow-alt-right\" viewbox=\"0 0 448 512\" xmlns=\"http:\/\/www.w3.org\/2000\/svg\"><path d=\"M313.941 216H12c-6.627 0-12 5.373-12 12v56c0 6.627 5.373 12 12 12h301.941v46.059c0 21.382 25.851 32.09 40.971 16.971l86.059-86.059c9.373-9.373 9.373-24.569 0-33.941l-86.059-86.059c-15.119-15.119-40.971-4.411-40.971 16.971V216z\"><\/path><\/svg>\t\t\t<\/span>\n\t\t\t\t\t\t\t\t\t\t\t\t\t\t\t\t\t\t\t\t\t\t<span class=\"pp-button-text\">\n\t\t\t\t\t\t\t\t\t\t\tLien du produit\t\t\t\t\t\t\t\t\t\t<\/span>\n\t\t\t\t\t\t\t\t\t\t\t\t\t\t\t\t\t\t\t\t\t\t\t\t\t\t<\/div>\n\t\t\t\t\t\t\t<\/a>\n\t\t\t\t\t\t<\/div>\n\t\t\t\t\t\t\t\t\t\t\t\t\t\t<\/div>\n\t\t\t<\/div>\n\t\t\t\t\t\t<div class=\"pp-coupon elementor-grid-item\">\n\t\t\t\t\t\t\t\t\t<div class=\"pp-coupon-image-wrapper\">\n\t\t\t\t\t\t\t\t\t\t\t\t\t<div class=\"pp-coupon-discount\">\n\t\t\t\t\t\t\t\tRecommand\u00e9\t\t\t\t\t\t\t<\/div>\n\t\t\t\t\t\t\n\t\t\t\t\t\t\t\t\t\t\t\t\t<div class=\"pp-coupon-code pp-coupon-style-reveal\" data-coupon-code=\"NNNFRCS2P\">\n\t\t\t\t\t\t\t\t\t\t\t\t\t\t\t\t<div class='pp-coupon-reveal-wrap'>\n\t\t\t\t<span class='pp-coupon-reveal'>\n\t\t\t\t\t\t\t<span class=\"pp-coupon-code-icon pp-icon\">\n\t\t\t\t\t\t\t<svg aria-hidden=\"true\" class=\"e-font-icon-svg e-fas-eye\" viewbox=\"0 0 576 512\" xmlns=\"http:\/\/www.w3.org\/2000\/svg\"><path d=\"M572.52 241.4C518.29 135.59 410.93 64 288 64S57.68 135.64 3.48 241.41a32.35 32.35 0 0 0 0 29.19C57.71 376.41 165.07 448 288 448s230.32-71.64 284.52-177.41a32.35 32.35 0 0 0 0-29.19zM288 400a144 144 0 1 1 144-144 143.93 143.93 0 0 1-144 144zm0-240a95.31 95.31 0 0 0-25.31 3.79 47.85 47.85 0 0 1-66.9 66.9A95.78 95.78 0 1 0 288 160z\"><\/path><\/svg>\t\t\t\t\t<\/span>\n\t\tVoir code\t\t\t\t<\/span>\n\t\t\t<\/div>\n\t\t\t<div class='pp-coupon-code-text-wrap pp-unreavel'>\n\t\t\t\t<span class='pp-coupon-code-text' id='pp-coupon-code-2fa00c3e'>S2P<\/span>\n\t\t\t\t<span class='pp-coupon-copy-text'style='display: none;'><\/span>\n\t\t\t<\/div>\n\t\t\t\t\t\t\t\t\t<\/div>\n\t\t\t\t\t\t\n\t\t\t\t\t\t<img decoding=\"async\" src=\"https:\/\/france-coupon.fr\/wp-content\/uploads\/elementor\/thumbs\/boutik-logo-geekbuying-e1730919204203-r6ygk52li06e2b30ahtaqwnhtvgitsxv7i94lg4yq2.jpg\" alt=\"boutik-logo-geekbuying-e1730919204203\">\n\t\t\t\t\t<\/div>\n\t\t\t\t\t\t\t\t\t\n\t\t\t\t\t\t\t\t<div class=\"pp-coupon-content\">\n\t\t\t\t\t<div class=\"pp-coupon-title-wrap\">\n\t\t\t\t\t\t<div class=\"pp-coupon-title-container\" href=\"https:\/\/fr.geekbuying.com\/item\/CYBERTAKE-S2-Pro-Climatiseur-exterieur-portable-10003317.html?idev_id=2179&#038;utm_source=affiliate.geekbuying.com&#038;utm_medium=affiliate_2179&#038;utm_campaign=2179\" target=\"_blank\"><h4 class=\"pp-coupon-title\">729,00\u20ac<\/h4><\/div>\t\t\t\t\t<\/div>\n\n\t\t\t\t\t\n\t\t\t\t\t\t\t\t\t\t\t<hr class=\"pp-coupon-separator\">\n\t\t\t\t\t\n\t\t\t\t\t\t\t\t\t\t\t<div class=\"pp-coupon-button-wrap\">\n\t\t\t\t\t\t\t<a  href=\"https:\/\/fr.geekbuying.com\/item\/CYBERTAKE-S2-Pro-Climatiseur-exterieur-portable-10003317.html?idev_id=2179&#038;utm_source=affiliate.geekbuying.com&#038;utm_medium=affiliate_2179&#038;utm_campaign=2179\" target=\"_blank\">\n\t\t\t\t\t\t\t\t<div class=\"pp-coupon-button elementor-button elementor-size-sm\">\n\t\t\t\t\t\t\t\t\t\t\t\t<span class=\"pp-button-icon pp-icon\">\n\t\t\t\t<svg aria-hidden=\"true\" class=\"e-font-icon-svg e-fas-long-arrow-alt-right\" viewbox=\"0 0 448 512\" xmlns=\"http:\/\/www.w3.org\/2000\/svg\"><path d=\"M313.941 216H12c-6.627 0-12 5.373-12 12v56c0 6.627 5.373 12 12 12h301.941v46.059c0 21.382 25.851 32.09 40.971 16.971l86.059-86.059c9.373-9.373 9.373-24.569 0-33.941l-86.059-86.059c-15.119-15.119-40.971-4.411-40.971 16.971V216z\"><\/path><\/svg>\t\t\t<\/span>\n\t\t\t\t\t\t\t\t\t\t\t\t\t\t\t\t\t\t\t\t\t\t<span class=\"pp-button-text\">\n\t\t\t\t\t\t\t\t\t\t\tLien du produit\t\t\t\t\t\t\t\t\t\t<\/span>\n\t\t\t\t\t\t\t\t\t\t\t\t\t\t\t\t\t\t\t\t\t\t\t\t\t\t<\/div>\n\t\t\t\t\t\t\t<\/a>\n\t\t\t\t\t\t<\/div>\n\t\t\t\t\t\t\t\t\t\t\t\t\t\t<\/div>\n\t\t\t<\/div>\n\t\t\t\t\t\t\t<\/div>\n\t\t\t\t\t\t\t<\/div>\n\t\t\t\t\t\t\t<\/div>\n\t\t\t\t<\/div>\n\t\t\t\t<div class=\"elementor-element elementor-element-63d50df8 elementor-widget-divider--view-line elementor-widget elementor-widget-divider\" data-id=\"63d50df8\" data-element_type=\"widget\" data-widget_type=\"divider.default\">\n\t\t\t\t<div class=\"elementor-widget-container\">\n\t\t\t\t\t\t\t<div class=\"elementor-divider\">\n\t\t\t<span class=\"elementor-divider-separator\">\n\t\t\t\t\t\t<\/span>\n\t\t<\/div>\n\t\t\t\t\t\t<\/div>\n\t\t\t\t<\/div>\n\t\t<div class=\"elementor-element elementor-element-5d921f87 e-grid e-con-full e-con e-child\" data-id=\"5d921f87\" data-element_type=\"container\">\n\t\t\t\t<div class=\"elementor-element elementor-element-6f963e88 elementor-widget elementor-widget-text-editor\" data-id=\"6f963e88\" data-element_type=\"widget\" data-widget_type=\"text-editor.default\">\n\t\t\t\t<div class=\"elementor-widget-container\">\n\t\t\t\t\t\t\t\t\t<h5 style=\"text-align: center;\"><em><strong><span style=\"color: #0000ff;\">Comment utiliser<br \/>un coupon r\u00e9duction?<\/span><\/strong><\/em><\/h5><p><em><strong><span style=\"color: #0000ff;\">How to use a discount coupon?<\/span><\/strong><\/em><\/p>\t\t\t\t\t\t\t\t<\/div>\n\t\t\t\t<\/div>\n\t\t\t\t<div class=\"elementor-element elementor-element-12a0a16b elementor-widget elementor-widget-video\" data-id=\"12a0a16b\" data-element_type=\"widget\" data-settings=\"{&quot;youtube_url&quot;:&quot;https:\\\/\\\/www.youtube.com\\\/watch?v=eNNzTLooBIE&quot;,&quot;video_type&quot;:&quot;youtube&quot;,&quot;controls&quot;:&quot;yes&quot;}\" data-widget_type=\"video.default\">\n\t\t\t\t<div class=\"elementor-widget-container\">\n\t\t\t\t\t\t\t<div class=\"elementor-wrapper elementor-open-inline\">\n\t\t\t<div class=\"elementor-video\"><\/div>\t\t<\/div>\n\t\t\t\t\t\t<\/div>\n\t\t\t\t<\/div>\n\t\t\t\t<div class=\"elementor-element elementor-element-5aacbb42 elementor-widget elementor-widget-text-editor\" data-id=\"5aacbb42\" data-element_type=\"widget\" data-widget_type=\"text-editor.default\">\n\t\t\t\t<div class=\"elementor-widget-container\">\n\t\t\t\t\t\t\t\t\t<p style=\"text-align: center;\">&#8221; Certains liens sont susceptibles d&#8217;\u00eatre affili\u00e9s. En tant que partenaire Amazon, je r\u00e9alise un b\u00e9n\u00e9fice sur les achats remplissant les conditions requises. &#8220;<\/p>\t\t\t\t\t\t\t\t<\/div>\n\t\t\t\t<\/div>\n\t\t\t\t<\/div>\n\t\t\t\t<\/div>\n\t\t<div class=\"elementor-element elementor-element-71f9439d e-flex e-con-boxed e-con e-parent\" data-id=\"71f9439d\" data-element_type=\"container\">\n\t\t\t\t\t<div class=\"e-con-inner\">\n\t\t\t\t<div class=\"elementor-element elementor-element-551aad5 elementor-widget elementor-widget-text-editor\" data-id=\"551aad5\" data-element_type=\"widget\" data-widget_type=\"text-editor.default\">\n\t\t\t\t<div class=\"elementor-widget-container\">\n\t\t\t\t\t\t\t\t\t<h3>Refroidissement et chauffage puissants<\/h3><p>Les climatiseurs portables Cybertake S2 Pro pour camping offrent des performances remarquables. En seulement 5 minutes, il rafra\u00eechit votre espace de 10 \u00b0C (18 \u00b0F) gr\u00e2ce \u00e0 son puissant mode refroidissement de 5\u00a0100 BTU. Lorsque la temp\u00e9rature baisse, il est \u00e9quip\u00e9 d&#8217;un chauffage auxiliaire efficace de 1\u00a0800 W, permettant une mont\u00e9e en temp\u00e9rature rapide dans les environnements froids. Cet appareil est \u00e9quip\u00e9 d&#8217;un compresseur Inverter Panasonic pour un fonctionnement fiable.<\/p><h3>\u00c9conome en \u00e9nergie et silencieux<\/h3><p>Dot\u00e9 d&#8217;un syst\u00e8me 48 V CC haute efficacit\u00e9 int\u00e9gr\u00e9 \u00e0 un algorithme d&#8217;onduleur intelligent 3.0, il permet des \u00e9conomies d&#8217;\u00e9nergie maximales. En mode veille, ce climatiseur de tente pour camping ne consomme que 100 W par heure, ce qui vous permet de profiter de 10 heures de refroidissement avec seulement 1 kWh. Son faible niveau sonore de 40 \u00e0 55 dB est id\u00e9al pour travailler, \u00e9tudier ou dormir.<\/p><h3>Compact et portable<\/h3><p>Avec un poids de seulement 11,6 kg, le climatiseur de camping Cybertake est l&#8217;un des plus l\u00e9gers de sa cat\u00e9gorie. Son cadre en alliage d&#8217;aluminium et sa poign\u00e9e ergonomique le rendent facile \u00e0 transporter pour les femmes et les adolescents, m\u00eame lors de longues randonn\u00e9es.<\/p><h3>\u00c0 utiliser dans une vari\u00e9t\u00e9 de sc\u00e9narios<\/h3><p>Le climatiseur portable Cybertake peut fournir de l&#8217;air frais \u00e0 votre tente, camping, camion, camping-car, p\u00eache ou \u00e0 l&#8217;int\u00e9rieur de mani\u00e8re stable et efficace pour vous faire sentir au frais tout le temps pendant l&#8217;\u00e9t\u00e9 chaud. L&#8217;\u00e9vent r\u00e9glable (90 degr\u00e9s) vous permet de diriger la brise rafra\u00eechissante exactement l\u00e0 o\u00f9 vous en avez besoin, assurant un confort durable dans n&#8217;importe quel environnement.<\/p><h3>Polyvalence 6 en 1<\/h3><p>Les climatiseurs portables pour voiture r\u00e9unissent six fonctions essentielles en un seul appareil\u00a0: contr\u00f4le via application Wi-Fi, climatisation, chauffage, d\u00e9shumidificateur, ventilateur, mode veille \u00e9co et minuterie 24\u00a0h. Ils sont \u00e9galement dot\u00e9s d&#8217;un panneau de commande sup\u00e9rieur avec \u00e9cran LED, pour un contr\u00f4le total et un confort optimal \u00e0 port\u00e9e de main.<\/p><h3>Durabilit\u00e9 robuste pour toutes les aventures<\/h3><p>Conception antichoc multi-niveaux pour r\u00e9sister aux terrains difficiles. Boutons m\u00e9caniques \u00e9tanches pour l&#8217;ext\u00e9rieur et bo\u00eetier de type armure pour une protection maximale. R\u00e9siste aux intemp\u00e9ries, aux irr\u00e9gularit\u00e9s de la route et \u00e0 tous les d\u00e9fis avec aisance.<\/p><p><img decoding=\"async\" class=\"lazy_img\" src=\"https:\/\/img.gkbcdn.com\/d\/202507\/CYBERTAKE-S2-Pro-Portable-Outdoor-Air-Conditioner-529468-0._p1_.jpg\" alt=\"Climatiseur ext\u00e9rieur portable CYBERTAKE S2 Pro, refroidissement et chauffage rapides, syst\u00e8me de drainage actif, 6 modes de fonctionnement\" data-original=\"\/\/img.gkbcdn.com\/d\/202507\/CYBERTAKE-S2-Pro-Portable-Outdoor-Air-Conditioner-529468-0._p1_.jpg\" \/><img decoding=\"async\" class=\"lazy_img\" src=\"https:\/\/img.gkbcdn.com\/d\/202507\/CYBERTAKE-S2-Pro-Portable-Outdoor-Air-Conditioner-529468-1._p1_.jpg\" alt=\"Climatiseur ext\u00e9rieur portable CYBERTAKE S2 Pro, refroidissement et chauffage rapides, syst\u00e8me de drainage actif, 6 modes de fonctionnement\" data-original=\"\/\/img.gkbcdn.com\/d\/202507\/CYBERTAKE-S2-Pro-Portable-Outdoor-Air-Conditioner-529468-1._p1_.jpg\" \/><img decoding=\"async\" class=\"lazy_img\" src=\"https:\/\/img.gkbcdn.com\/d\/202507\/CYBERTAKE-S2-Pro-Portable-Outdoor-Air-Conditioner-529468-2._p1_.jpg\" alt=\"Climatiseur ext\u00e9rieur portable CYBERTAKE S2 Pro, refroidissement et chauffage rapides, syst\u00e8me de drainage actif, 6 modes de fonctionnement\" data-original=\"\/\/img.gkbcdn.com\/d\/202507\/CYBERTAKE-S2-Pro-Portable-Outdoor-Air-Conditioner-529468-2._p1_.jpg\" \/><img decoding=\"async\" class=\"lazy_img\" src=\"https:\/\/img.gkbcdn.com\/d\/202507\/CYBERTAKE-S2-Pro-Portable-Outdoor-Air-Conditioner-529468-3._p1_.jpg\" alt=\"Climatiseur ext\u00e9rieur portable CYBERTAKE S2 Pro, refroidissement et chauffage rapides, syst\u00e8me de drainage actif, 6 modes de fonctionnement\" data-original=\"\/\/img.gkbcdn.com\/d\/202507\/CYBERTAKE-S2-Pro-Portable-Outdoor-Air-Conditioner-529468-3._p1_.jpg\" \/><img decoding=\"async\" class=\"lazy_img\" src=\"https:\/\/img.gkbcdn.com\/d\/202507\/CYBERTAKE-S2-Pro-Portable-Outdoor-Air-Conditioner-529468-4._p1_.jpg\" alt=\"Climatiseur ext\u00e9rieur portable CYBERTAKE S2 Pro, refroidissement et chauffage rapides, syst\u00e8me de drainage actif, 6 modes de fonctionnement\" data-original=\"\/\/img.gkbcdn.com\/d\/202507\/CYBERTAKE-S2-Pro-Portable-Outdoor-Air-Conditioner-529468-4._p1_.jpg\" \/><img decoding=\"async\" class=\"lazy_img\" src=\"https:\/\/img.gkbcdn.com\/d\/202507\/CYBERTAKE-S2-Pro-Portable-Outdoor-Air-Conditioner-529468-5._p1_.jpg\" alt=\"Climatiseur ext\u00e9rieur portable CYBERTAKE S2 Pro, refroidissement et chauffage rapides, syst\u00e8me de drainage actif, 6 modes de fonctionnement\" data-original=\"\/\/img.gkbcdn.com\/d\/202507\/CYBERTAKE-S2-Pro-Portable-Outdoor-Air-Conditioner-529468-5._p1_.jpg\" \/><img decoding=\"async\" class=\"lazy_img\" src=\"https:\/\/img.gkbcdn.com\/d\/202507\/CYBERTAKE-S2-Pro-Portable-Outdoor-Air-Conditioner-529468-6._p1_.jpg\" alt=\"Climatiseur ext\u00e9rieur portable CYBERTAKE S2 Pro, refroidissement et chauffage rapides, syst\u00e8me de drainage actif, 6 modes de fonctionnement\" data-original=\"\/\/img.gkbcdn.com\/d\/202507\/CYBERTAKE-S2-Pro-Portable-Outdoor-Air-Conditioner-529468-6._p1_.jpg\" \/><\/p><h2>Sp\u00e9cification<\/h2><table class=\"jbEidtTable\" border=\"1\" cellspacing=\"0\" cellpadding=\"5\"><tbody><tr><td><strong>G\u00e9n\u00e9ral<\/strong><\/td><td>Marque : CYBERTAKE<br \/>Type : Climatiseur portable<br \/>Mod\u00e8le : S2 Pro<\/td><\/tr><tr><td><strong>Sp\u00e9cification<\/strong><\/td><td><p>Capacit\u00e9 de refroidissement : 1500 W\/ 5100 BTU<br \/>Capacit\u00e9 de chauffage : 1800 W\/ 6100 BTU<br \/>Mode de fonctionnement : Refroidissement rapide MAX \/ Auto \/ \u00c9conomie d&#8217;\u00e9nergie Eco \/ Veille Eco + \/ D\u00e9shumidification \/ Mode d&#8217;alimentation en air<br \/>Puissance nominale de refroidissement\u00a0: 550\u00a0W<br \/>Niveau de vitesse du vent : 6<br \/>Tension de fonctionnement nominale : 48 V CC<br \/>Tension d&#8217;entr\u00e9e : DC 12\/24 (n\u00e9cessite un booster), 48 V<\/p><p>R\u00e9glage du thermostat :<br \/>Refroidissement : 16\u00b0C &#8211; 28\u00b0C<br \/>Chauffage : 16\u00b0C &#8211; 32\u00b0C<br \/>D\u00e9shumidification : 15 % &#8211; 90 % d&#8217;humidit\u00e9 relative<\/p><p>Entr\u00e9e de l&#8217;adaptateur secteur\u00a0: 100\u00a0V-240\u00a0V (50\u00a0Hz\/60\u00a0Hz)<br \/>Temp\u00e9rature ambiante de fonctionnement : 10\u00b0C-40\u00b0C<br \/>Temp\u00e9rature ambiante de stockage : -10\u00b0C-60\u00b0C<br \/>R\u00e9frig\u00e9rant : R290<br \/>Protection contre l&#8217;humidit\u00e9 : IPX4<br \/>Configuration de ventilation : double tuyau<\/p><\/td><\/tr><tr><td><strong>Poids et taille<\/strong><\/td><td>Poids du produit : 11,6 kg<br \/>Poids du colis : 17,8 kg<br \/>Dimensions du produit (L x l x H) : 48 x 26 x 35,6 cm<br \/>Dimensions du colis (L x l x H) : 69 x 37 x 43 cm<\/td><\/tr><tr><td><strong>Contenu du colis<\/strong><\/td><td>1 x climatiseur portable<br \/>1 x adaptateur de sortie avant<br \/>1 x adaptateur Intel\/prise arri\u00e8re<br \/>2 x Accessoire de capot A<br \/>2 x Accessoire de capot B<br \/>1 x conduit de sortie avant\/conduit de sortie arri\u00e8re (P : 11 cm, L : 150 cm)<br \/>1 x Conduit Intel avant\/Conduit Intel arri\u00e8re (P\u00a0: 13\u00a0cm, L\u00a0: 150\u00a0cm)<br \/>1 x tuyau de vidange<br \/>1 x Manuel d&#8217;utilisation<\/td><\/tr><\/tbody><\/table>\t\t\t\t\t\t\t\t<\/div>\n\t\t\t\t<\/div>\n\t\t\t\t\t<\/div>\n\t\t\t\t<\/div>\n\t\t\t\t<\/div>","protected":false},"excerpt":{"rendered":"<p>Climatiseur portable d&#8217;ext\u00e9rieur, refroidissement et chauffage rapides, syst\u00e8me de drainage actif, 6 modes de fonctionnement&#8230;<\/p>","protected":false},"featured_media":22839,"comment_status":"closed","ping_status":"closed","template":"","meta":{"om_disable_all_campaigns":false,"_monsterinsights_skip_tracking":false,"_monsterinsights_sitenote_active":false,"_monsterinsights_sitenote_note":"","_monsterinsights_sitenote_category":0},"product_brand":[],"product_cat":[1091,1083,1082],"product_tag":[1084,1930,1931,1932,1935,1936,1089,2129,2339,1090],"class_list":{"0":"post-26926","1":"product","2":"type-product","3":"status-publish","4":"has-post-thumbnail","6":"product_cat-accessoires-batteries","7":"product_cat-batterie","8":"product_cat-bricolage","9":"product_tag-batterie","10":"product_tag-bluetooth","11":"product_tag-climatiseur","12":"product_tag-cybertake","13":"product_tag-mobile","14":"product_tag-mortable","15":"product_tag-nomade","16":"product_tag-s2","17":"product_tag-s2-pro","18":"product_tag-solaire","20":"first","21":"instock","22":"sale","23":"shipping-taxable","24":"product-type-external"},"aioseo_notices":[],"jetpack_sharing_enabled":true,"_links":{"self":[{"href":"https:\/\/france-coupon.fr\/en\/wp-json\/wp\/v2\/product\/26926","targetHints":{"allow":["GET"]}}],"collection":[{"href":"https:\/\/france-coupon.fr\/en\/wp-json\/wp\/v2\/product"}],"about":[{"href":"https:\/\/france-coupon.fr\/en\/wp-json\/wp\/v2\/types\/product"}],"replies":[{"embeddable":true,"href":"https:\/\/france-coupon.fr\/en\/wp-json\/wp\/v2\/comments?post=26926"}],"version-history":[{"count":0,"href":"https:\/\/france-coupon.fr\/en\/wp-json\/wp\/v2\/product\/26926\/revisions"}],"wp:featuredmedia":[{"embeddable":true,"href":"https:\/\/france-coupon.fr\/en\/wp-json\/wp\/v2\/media\/22839"}],"wp:attachment":[{"href":"https:\/\/france-coupon.fr\/en\/wp-json\/wp\/v2\/media?parent=26926"}],"wp:term":[{"taxonomy":"product_brand","embeddable":true,"href":"https:\/\/france-coupon.fr\/en\/wp-json\/wp\/v2\/product_brand?post=26926"},{"taxonomy":"product_cat","embeddable":true,"href":"https:\/\/france-coupon.fr\/en\/wp-json\/wp\/v2\/product_cat?post=26926"},{"taxonomy":"product_tag","embeddable":true,"href":"https:\/\/france-coupon.fr\/en\/wp-json\/wp\/v2\/product_tag?post=26926"}],"curies":[{"name":"wp","href":"https:\/\/api.w.org\/{rel}","templated":true}]}}