{"id":26984,"date":"2026-02-13T09:43:05","date_gmt":"2026-02-13T08:43:05","guid":{"rendered":"https:\/\/france-coupon.fr\/?post_type=product&#038;p=26984"},"modified":"2026-02-13T18:50:33","modified_gmt":"2026-02-13T17:50:33","slug":"acgam-cg-5345m","status":"publish","type":"product","link":"https:\/\/france-coupon.fr\/en\/product\/acgam-cg-5345m\/","title":{"rendered":"Acgam CG-5345M"},"content":{"rendered":"<div data-elementor-type=\"product-post\" data-elementor-id=\"26984\" class=\"elementor elementor-26984\" data-elementor-post-type=\"product\">\n\t\t\t\t<div class=\"elementor-element elementor-element-43a5152c e-con-full e-flex e-con e-parent\" data-id=\"43a5152c\" data-element_type=\"container\">\n\t\t\t\t<div class=\"elementor-element elementor-element-529aa01e elementor-widget elementor-widget-heading\" data-id=\"529aa01e\" data-element_type=\"widget\" data-widget_type=\"heading.default\">\n\t\t\t\t<div class=\"elementor-widget-container\">\n\t\t\t\t\t<h2 class=\"elementor-heading-title elementor-size-default\">\u2193 RETROUVEZ LES MEILLEURS PRIX \u2193<\/h2>\t\t\t\t<\/div>\n\t\t\t\t<\/div>\n\t\t\t\t<div class=\"elementor-element elementor-element-22aa6fab elementor-widget-divider--view-line elementor-widget elementor-widget-divider\" data-id=\"22aa6fab\" data-element_type=\"widget\" data-widget_type=\"divider.default\">\n\t\t\t\t<div class=\"elementor-widget-container\">\n\t\t\t\t\t\t\t<div class=\"elementor-divider\">\n\t\t\t<span class=\"elementor-divider-separator\">\n\t\t\t\t\t\t<\/span>\n\t\t<\/div>\n\t\t\t\t\t\t<\/div>\n\t\t\t\t<\/div>\n\t\t\t\t<div class=\"elementor-element elementor-element-770c9a1c elementor-grid-4 pp-coupon-button-icon-before pp-coupon-code-right elementor-grid-tablet-2 elementor-grid-mobile-1 pp-coupon-discount-left elementor-widget elementor-widget-pp-coupons\" data-id=\"770c9a1c\" data-element_type=\"widget\" data-settings=\"{&quot;coupon_style&quot;:&quot;reveal&quot;,&quot;layout&quot;:&quot;grid&quot;}\" data-widget_type=\"pp-coupons.default\">\n\t\t\t\t<div class=\"elementor-widget-container\">\n\t\t\t\t\t\t\t\t\t\t<div class=\"pp-coupons pp-coupons-grid\">\n\t\t\t\t<div class=\"elementor-grid pp-coupons-grid-wrapper\" data-query-type=\"custom\" data-layout=\"grid\" data-page=\"26984\" data-skin=\"770c9a1c\">\n\t\t\t\t\t\t\t\t<div class=\"pp-coupon elementor-grid-item\">\n\t\t\t\t\t\t\t\t\t<div class=\"pp-coupon-image-wrapper\">\n\t\t\t\t\t\t\n\t\t\t\t\t\t\n\t\t\t\t\t\t<img decoding=\"async\" src=\"https:\/\/france-coupon.fr\/wp-content\/uploads\/elementor\/thumbs\/boutik-logo-ali-r4n5b0ry5r47ne2ah0pvq1po5b7y6853a6nf3yyhu2.jpg\" alt=\"boutik logo ali\">\n\t\t\t\t\t<\/div>\n\t\t\t\t\t\t\t\t\t\n\t\t\t\t\t\t\t\t<div class=\"pp-coupon-content\">\n\t\t\t\t\t<div class=\"pp-coupon-title-wrap\">\n\t\t\t\t\t\t<div class=\"pp-coupon-title-container\" href=\"https:\/\/s.click.aliexpress.com\/e\/_c4cLqhTv\" target=\"_blank\"><h4 class=\"pp-coupon-title\">203,49\u20ac<\/h4><\/div>\t\t\t\t\t<\/div>\n\n\t\t\t\t\t\n\t\t\t\t\t\t\t\t\t\t\t<hr class=\"pp-coupon-separator\">\n\t\t\t\t\t\n\t\t\t\t\t\t\t\t\t\t\t<div class=\"pp-coupon-button-wrap\">\n\t\t\t\t\t\t\t<a  href=\"https:\/\/s.click.aliexpress.com\/e\/_c4cLqhTv\" target=\"_blank\">\n\t\t\t\t\t\t\t\t<div class=\"pp-coupon-button elementor-button elementor-size-sm\">\n\t\t\t\t\t\t\t\t\t\t\t\t<span class=\"pp-button-icon pp-icon\">\n\t\t\t\t<svg aria-hidden=\"true\" class=\"e-font-icon-svg e-fas-long-arrow-alt-right\" viewbox=\"0 0 448 512\" xmlns=\"http:\/\/www.w3.org\/2000\/svg\"><path d=\"M313.941 216H12c-6.627 0-12 5.373-12 12v56c0 6.627 5.373 12 12 12h301.941v46.059c0 21.382 25.851 32.09 40.971 16.971l86.059-86.059c9.373-9.373 9.373-24.569 0-33.941l-86.059-86.059c-15.119-15.119-40.971-4.411-40.971 16.971V216z\"><\/path><\/svg>\t\t\t<\/span>\n\t\t\t\t\t\t\t\t\t\t\t\t\t\t\t\t\t\t\t\t\t\t<span class=\"pp-button-text\">\n\t\t\t\t\t\t\t\t\t\t\tLien du produit\t\t\t\t\t\t\t\t\t\t<\/span>\n\t\t\t\t\t\t\t\t\t\t\t\t\t\t\t\t\t\t\t\t\t\t\t\t\t\t<\/div>\n\t\t\t\t\t\t\t<\/a>\n\t\t\t\t\t\t<\/div>\n\t\t\t\t\t\t\t\t\t\t\t\t\t\t<\/div>\n\t\t\t<\/div>\n\t\t\t\t\t\t<div class=\"pp-coupon elementor-grid-item\">\n\t\t\t\t\t\t\t\t\t<div class=\"pp-coupon-image-wrapper\">\n\t\t\t\t\t\t\t\t\t\t\t\t\t<div class=\"pp-coupon-discount\">\n\t\t\t\t\t\t\t\tRecommand\u00e9\t\t\t\t\t\t\t<\/div>\n\t\t\t\t\t\t\n\t\t\t\t\t\t\t\t\t\t\t\t\t<div class=\"pp-coupon-code pp-coupon-style-reveal\" data-coupon-code=\"NNNFRACG53\">\n\t\t\t\t\t\t\t\t\t\t\t\t\t\t\t\t<div class='pp-coupon-reveal-wrap'>\n\t\t\t\t<span class='pp-coupon-reveal'>\n\t\t\t\t\t\t\t<span class=\"pp-coupon-code-icon pp-icon\">\n\t\t\t\t\t\t\t<svg aria-hidden=\"true\" class=\"e-font-icon-svg e-fas-eye\" viewbox=\"0 0 576 512\" xmlns=\"http:\/\/www.w3.org\/2000\/svg\"><path d=\"M572.52 241.4C518.29 135.59 410.93 64 288 64S57.68 135.64 3.48 241.41a32.35 32.35 0 0 0 0 29.19C57.71 376.41 165.07 448 288 448s230.32-71.64 284.52-177.41a32.35 32.35 0 0 0 0-29.19zM288 400a144 144 0 1 1 144-144 143.93 143.93 0 0 1-144 144zm0-240a95.31 95.31 0 0 0-25.31 3.79 47.85 47.85 0 0 1-66.9 66.9A95.78 95.78 0 1 0 288 160z\"><\/path><\/svg>\t\t\t\t\t<\/span>\n\t\tVoir code\t\t\t\t<\/span>\n\t\t\t<\/div>\n\t\t\t<div class='pp-coupon-code-text-wrap pp-unreavel'>\n\t\t\t\t<span class='pp-coupon-code-text' id='pp-coupon-code-770c9a1c'>G53<\/span>\n\t\t\t\t<span class='pp-coupon-copy-text'style='display: none;'><\/span>\n\t\t\t<\/div>\n\t\t\t\t\t\t\t\t\t<\/div>\n\t\t\t\t\t\t\n\t\t\t\t\t\t<img decoding=\"async\" src=\"https:\/\/france-coupon.fr\/wp-content\/uploads\/elementor\/thumbs\/boutik-logo-geekbuying-e1730919204203-r6ygk52li06e2b30ahtaqwnhtvgitsxv7i94lg4yq2.jpg\" alt=\"boutik-logo-geekbuying-e1730919204203\">\n\t\t\t\t\t<\/div>\n\t\t\t\t\t\t\t\t\t\n\t\t\t\t\t\t\t\t<div class=\"pp-coupon-content\">\n\t\t\t\t\t<div class=\"pp-coupon-title-wrap\">\n\t\t\t\t\t\t<div class=\"pp-coupon-title-container\" href=\"https:\/\/fr.geekbuying.com\/item\/ACGAM-CG-5345M-Chaise-de-bureau-ergonomique-10004231.html?idev_id=2179&#038;utm_source=affiliate.geekbuying.com&#038;utm_medium=affiliate_2179&#038;utm_campaign=2179&#038;utm_content=2179&#038;utm_term=weed37&#038;utm_term=1771003670\" target=\"_blank\"><h4 class=\"pp-coupon-title\">149,00\u20ac<\/h4><\/div>\t\t\t\t\t<\/div>\n\n\t\t\t\t\t\n\t\t\t\t\t\t\t\t\t\t\t<hr class=\"pp-coupon-separator\">\n\t\t\t\t\t\n\t\t\t\t\t\t\t\t\t\t\t<div class=\"pp-coupon-button-wrap\">\n\t\t\t\t\t\t\t<a  href=\"https:\/\/fr.geekbuying.com\/item\/ACGAM-CG-5345M-Chaise-de-bureau-ergonomique-10004231.html?idev_id=2179&#038;utm_source=affiliate.geekbuying.com&#038;utm_medium=affiliate_2179&#038;utm_campaign=2179&#038;utm_content=2179&#038;utm_term=weed37&#038;utm_term=1771003670\" target=\"_blank\">\n\t\t\t\t\t\t\t\t<div class=\"pp-coupon-button elementor-button elementor-size-sm\">\n\t\t\t\t\t\t\t\t\t\t\t\t<span class=\"pp-button-icon pp-icon\">\n\t\t\t\t<svg aria-hidden=\"true\" class=\"e-font-icon-svg e-fas-long-arrow-alt-right\" viewbox=\"0 0 448 512\" xmlns=\"http:\/\/www.w3.org\/2000\/svg\"><path d=\"M313.941 216H12c-6.627 0-12 5.373-12 12v56c0 6.627 5.373 12 12 12h301.941v46.059c0 21.382 25.851 32.09 40.971 16.971l86.059-86.059c9.373-9.373 9.373-24.569 0-33.941l-86.059-86.059c-15.119-15.119-40.971-4.411-40.971 16.971V216z\"><\/path><\/svg>\t\t\t<\/span>\n\t\t\t\t\t\t\t\t\t\t\t\t\t\t\t\t\t\t\t\t\t\t<span class=\"pp-button-text\">\n\t\t\t\t\t\t\t\t\t\t\tLien du produit\t\t\t\t\t\t\t\t\t\t<\/span>\n\t\t\t\t\t\t\t\t\t\t\t\t\t\t\t\t\t\t\t\t\t\t\t\t\t\t<\/div>\n\t\t\t\t\t\t\t<\/a>\n\t\t\t\t\t\t<\/div>\n\t\t\t\t\t\t\t\t\t\t\t\t\t\t<\/div>\n\t\t\t<\/div>\n\t\t\t\t\t\t\t<\/div>\n\t\t\t\t\t\t\t<\/div>\n\t\t\t\t\t\t\t<\/div>\n\t\t\t\t<\/div>\n\t\t\t\t<div class=\"elementor-element elementor-element-4e92babc elementor-widget-divider--view-line elementor-widget elementor-widget-divider\" data-id=\"4e92babc\" data-element_type=\"widget\" data-widget_type=\"divider.default\">\n\t\t\t\t<div class=\"elementor-widget-container\">\n\t\t\t\t\t\t\t<div class=\"elementor-divider\">\n\t\t\t<span class=\"elementor-divider-separator\">\n\t\t\t\t\t\t<\/span>\n\t\t<\/div>\n\t\t\t\t\t\t<\/div>\n\t\t\t\t<\/div>\n\t\t<div class=\"elementor-element elementor-element-3afdf96d e-grid e-con-full e-con e-child\" data-id=\"3afdf96d\" data-element_type=\"container\">\n\t\t\t\t<div class=\"elementor-element elementor-element-2968f7ef elementor-widget elementor-widget-text-editor\" data-id=\"2968f7ef\" data-element_type=\"widget\" data-widget_type=\"text-editor.default\">\n\t\t\t\t<div class=\"elementor-widget-container\">\n\t\t\t\t\t\t\t\t\t<h5 style=\"text-align: center;\"><em><strong><span style=\"color: #0000ff;\">Comment utiliser<br \/>un coupon r\u00e9duction?<\/span><\/strong><\/em><\/h5><p><em><strong><span style=\"color: #0000ff;\">How to use a discount coupon?<\/span><\/strong><\/em><\/p>\t\t\t\t\t\t\t\t<\/div>\n\t\t\t\t<\/div>\n\t\t\t\t<div class=\"elementor-element elementor-element-b380909 elementor-widget elementor-widget-video\" data-id=\"b380909\" data-element_type=\"widget\" data-settings=\"{&quot;youtube_url&quot;:&quot;https:\\\/\\\/www.youtube.com\\\/watch?v=eNNzTLooBIE&quot;,&quot;video_type&quot;:&quot;youtube&quot;,&quot;controls&quot;:&quot;yes&quot;}\" data-widget_type=\"video.default\">\n\t\t\t\t<div class=\"elementor-widget-container\">\n\t\t\t\t\t\t\t<div class=\"elementor-wrapper elementor-open-inline\">\n\t\t\t<div class=\"elementor-video\"><\/div>\t\t<\/div>\n\t\t\t\t\t\t<\/div>\n\t\t\t\t<\/div>\n\t\t\t\t<div class=\"elementor-element elementor-element-2199cb59 elementor-widget elementor-widget-text-editor\" data-id=\"2199cb59\" data-element_type=\"widget\" data-widget_type=\"text-editor.default\">\n\t\t\t\t<div class=\"elementor-widget-container\">\n\t\t\t\t\t\t\t\t\t<p style=\"text-align: center;\">&#8221; Certains liens sont susceptibles d&#8217;\u00eatre affili\u00e9s. En tant que partenaire Amazon, je r\u00e9alise un b\u00e9n\u00e9fice sur les achats remplissant les conditions requises. &#8220;<\/p>\t\t\t\t\t\t\t\t<\/div>\n\t\t\t\t<\/div>\n\t\t\t\t<\/div>\n\t\t\t\t<\/div>\n\t\t<div class=\"elementor-element elementor-element-334a0a26 e-flex e-con-boxed e-con e-parent\" data-id=\"334a0a26\" data-element_type=\"container\">\n\t\t\t\t\t<div class=\"e-con-inner\">\n\t\t\t\t<div class=\"elementor-element elementor-element-4d8fc1bd elementor-widget elementor-widget-text-editor\" data-id=\"4d8fc1bd\" data-element_type=\"widget\" data-widget_type=\"text-editor.default\">\n\t\t\t\t<div class=\"elementor-widget-container\">\n\t\t\t\t\t\t\t\t\t<h3>Conception ergonomique pour un confort optimal<\/h3><p>Ce fauteuil ergonomique ACGAM CG-5345M est sp\u00e9cialement con\u00e7u pour les employ\u00e9s de bureau et les joueurs qui passent de longues heures assis. Il est dot\u00e9 d&#8217;un appui-t\u00eate 2D, d&#8217;un soutien lombaire r\u00e9glable et d&#8217;un dossier inclinable en hauteur, convenant aux personnes mesurant entre 160 et 190 cm. Sa conception \u00e9pouse les courbes naturelles du corps et offre un soutien stable \u00e0 la nuque, au dos et aux lombaires. Il am\u00e9liore la posture et soulage les douleurs lombaires et dorsales dues \u00e0 une position assise prolong\u00e9e.<\/p><h3>Angle d&#8217;inclinaison personnalisable<\/h3><p>Le fauteuil de bureau ACGAM CG-5345M est \u00e9quip\u00e9 d&#8217;un dossier et d&#8217;un appui-t\u00eate r\u00e9glables. Le dossier s&#8217;incline de 90\u00b0 \u00e0 130\u00b0, tandis que l&#8217;appui-t\u00eate offre un r\u00e9glage vertical de 7 cm, vous permettant de vous d\u00e9tendre confortablement pendant vos pauses. Cette conception ergonomique favorise un bon \u00e9quilibre entre vie professionnelle et vie personnelle et vous aide \u00e0 rester dynamique tout au long de la journ\u00e9e.<\/p><h3>Accoudoirs 3D r\u00e9glables<\/h3><p>Le fauteuil de bureau ergonomique ACGAM CG-5345M est dot\u00e9 d&#8217;accoudoirs 3D offrant de multiples r\u00e9glages\u00a0: hauteur (7,5\u00a0cm), profondeur (4\u00a0cm) et rotation lat\u00e9rale \u00e0 36\u00b0. Il r\u00e9duit ainsi efficacement la fatigue des \u00e9paules et des poignets. Que ce soit pour jouer, taper \u00e0 l&#8217;ordinateur, se reposer ou travailler, son soutien personnalisable garantit un confort optimal.<\/p><h3>Conception fiable et durable<\/h3><p>Le fauteuil ergonomique ACGAM CG-5345M est dot\u00e9 d&#8217;un pi\u00e8tement m\u00e9tallique robuste et d&#8217;un m\u00e9canisme de levage \u00e0 gaz certifi\u00e9 SGS, garantissant durabilit\u00e9 et fiabilit\u00e9 avec une capacit\u00e9 de charge de 150 kg. Il est \u00e9galement \u00e9quip\u00e9 de roulettes silencieuses en polyur\u00e9thane permettant une rotation fluide \u00e0 360\u00b0 pour une mobilit\u00e9 sans effort.<\/p><h3>Confort respirant<\/h3><p>Le fauteuil de bureau CG-5345M est dot\u00e9 d&#8217;un dossier en maille respirante qui favorise la circulation de l&#8217;air et pr\u00e9vient efficacement l&#8217;accumulation de chaleur lors de longues sessions de travail ou de jeu. Son assise en mousse \u00e0 m\u00e9moire de forme de 9 cm offre un soutien ferme et stable, r\u00e9duisant ainsi la pression sur le bas du corps et contribuant \u00e0 une posture assise plus saine.<\/p><p><img decoding=\"async\" class=\"lazy_img\" src=\"https:\/\/img.gkbcdn.com\/d\/202601\/ACGAM-CG-5345M-Adjustable-Ergonomic-Chair-530910-0._p1_.jpg\" alt=\"Chaise ergonomique ACGAM CG-5345M, dossier inclinable de 90 \u00e0 130\u00b0, accoudoirs 3D, appui-t\u00eate 2D, soutien lombaire, tissu mesh respirant, assise en mousse \u00e0 m\u00e9moire de forme, capacit\u00e9 de charge de 150 kg\" data-original=\"\/\/img.gkbcdn.com\/d\/202601\/ACGAM-CG-5345M-Adjustable-Ergonomic-Chair-530910-0._p1_.jpg\" \/><img decoding=\"async\" class=\"lazy_img\" src=\"https:\/\/img.gkbcdn.com\/d\/202601\/cc7e15a7-72b1-4b9d-81d9-9dcf91fe1f84._p1_.jpg\" alt=\"ACGAM CG-5345M Chaise Ergonomique pour Bureau et Gaming, Soutien Lombaire R\u00e9glable, Accoudoirs 3D, Dossier en Maille, Assise en Mousse M\u00e9moire, Capacit\u00e9 150 kg\" data-original=\"\/\/img.gkbcdn.com\/d\/202601\/cc7e15a7-72b1-4b9d-81d9-9dcf91fe1f84._p1_.jpg\" \/><img decoding=\"async\" class=\"lazy_img\" src=\"https:\/\/img.gkbcdn.com\/d\/202601\/ACGAM-CG-5345M-Adjustable-Ergonomic-Chair-530910-2._p1_.jpg\" alt=\"Chaise ergonomique ACGAM CG-5345M, dossier inclinable de 90 \u00e0 130\u00b0, accoudoirs 3D, appui-t\u00eate 2D, soutien lombaire, tissu mesh respirant, assise en mousse \u00e0 m\u00e9moire de forme, capacit\u00e9 de charge de 150 kg\" data-original=\"\/\/img.gkbcdn.com\/d\/202601\/ACGAM-CG-5345M-Adjustable-Ergonomic-Chair-530910-2._p1_.jpg\" \/><img decoding=\"async\" class=\"lazy_img\" src=\"https:\/\/img.gkbcdn.com\/d\/202601\/ACGAM-CG-5345M-Adjustable-Ergonomic-Chair-530910-3._p1_.jpg\" alt=\"Chaise ergonomique ACGAM CG-5345M, dossier inclinable de 90 \u00e0 130\u00b0, accoudoirs 3D, appui-t\u00eate 2D, soutien lombaire, tissu mesh respirant, assise en mousse \u00e0 m\u00e9moire de forme, capacit\u00e9 de charge de 150 kg\" data-original=\"\/\/img.gkbcdn.com\/d\/202601\/ACGAM-CG-5345M-Adjustable-Ergonomic-Chair-530910-3._p1_.jpg\" \/><img decoding=\"async\" class=\"lazy_img\" src=\"https:\/\/img.gkbcdn.com\/d\/202601\/ACGAM-CG-5345M-Adjustable-Ergonomic-Chair-530910-4._p1_.jpg\" alt=\"Chaise ergonomique ACGAM CG-5345M, dossier inclinable de 90 \u00e0 130\u00b0, accoudoirs 3D, appui-t\u00eate 2D, soutien lombaire, tissu mesh respirant, assise en mousse \u00e0 m\u00e9moire de forme, capacit\u00e9 de charge de 150 kg\" data-original=\"\/\/img.gkbcdn.com\/d\/202601\/ACGAM-CG-5345M-Adjustable-Ergonomic-Chair-530910-4._p1_.jpg\" \/><img decoding=\"async\" class=\"lazy_img\" src=\"https:\/\/img.gkbcdn.com\/d\/202601\/ACGAM-CG-5345M-Adjustable-Ergonomic-Chair-530910-5._p1_.jpg\" alt=\"Chaise ergonomique ACGAM CG-5345M, dossier inclinable de 90 \u00e0 130\u00b0, accoudoirs 3D, appui-t\u00eate 2D, soutien lombaire, tissu mesh respirant, assise en mousse \u00e0 m\u00e9moire de forme, capacit\u00e9 de charge de 150 kg\" data-original=\"\/\/img.gkbcdn.com\/d\/202601\/ACGAM-CG-5345M-Adjustable-Ergonomic-Chair-530910-5._p1_.jpg\" \/><img decoding=\"async\" class=\"lazy_img\" src=\"https:\/\/img.gkbcdn.com\/d\/202601\/ACGAM-CG-5345M-Adjustable-Ergonomic-Chair-530910-6._p1_.jpg\" alt=\"Chaise ergonomique ACGAM CG-5345M, dossier inclinable de 90 \u00e0 130\u00b0, accoudoirs 3D, appui-t\u00eate 2D, soutien lombaire, tissu mesh respirant, assise en mousse \u00e0 m\u00e9moire de forme, capacit\u00e9 de charge de 150 kg\" data-original=\"\/\/img.gkbcdn.com\/d\/202601\/ACGAM-CG-5345M-Adjustable-Ergonomic-Chair-530910-6._p1_.jpg\" \/><img decoding=\"async\" class=\"lazy_img\" src=\"https:\/\/img.gkbcdn.com\/d\/202601\/ACGAM-CG-5345M-Adjustable-Ergonomic-Chair-530910-7._p1_.jpg\" alt=\"Chaise ergonomique ACGAM CG-5345M, dossier inclinable de 90 \u00e0 130\u00b0, accoudoirs 3D, appui-t\u00eate 2D, soutien lombaire, tissu mesh respirant, assise en mousse \u00e0 m\u00e9moire de forme, capacit\u00e9 de charge de 150 kg\" data-original=\"\/\/img.gkbcdn.com\/d\/202601\/ACGAM-CG-5345M-Adjustable-Ergonomic-Chair-530910-7._p1_.jpg\" \/><img decoding=\"async\" class=\"lazy_img\" src=\"https:\/\/img.gkbcdn.com\/d\/202601\/8f4adfbf-a08b-4809-bca7-165217e7404e._p1_.jpg\" alt=\"ACGAM CG-5345M Chaise Ergonomique pour Bureau et Gaming, Soutien Lombaire R\u00e9glable, Accoudoirs 3D, Dossier en Maille, Assise en Mousse M\u00e9moire, Capacit\u00e9 150 kg\" data-original=\"\/\/img.gkbcdn.com\/d\/202601\/8f4adfbf-a08b-4809-bca7-165217e7404e._p1_.jpg\" \/><img decoding=\"async\" class=\"lazy_img\" src=\"https:\/\/img.gkbcdn.com\/d\/202601\/ACGAM-CG-5345M-Adjustable-Ergonomic-Chair-530910-9._p1_.jpg\" alt=\"Chaise ergonomique ACGAM CG-5345M, dossier inclinable de 90 \u00e0 130\u00b0, accoudoirs 3D, appui-t\u00eate 2D, soutien lombaire, tissu mesh respirant, assise en mousse \u00e0 m\u00e9moire de forme, capacit\u00e9 de charge de 150 kg\" data-original=\"\/\/img.gkbcdn.com\/d\/202601\/ACGAM-CG-5345M-Adjustable-Ergonomic-Chair-530910-9._p1_.jpg\" \/><img decoding=\"async\" class=\"lazy_img\" src=\"https:\/\/img.gkbcdn.com\/d\/202601\/ACGAM-CG-5345M-Adjustable-Ergonomic-Chair-530910-10._p1_.jpg\" alt=\"Chaise ergonomique ACGAM CG-5345M, dossier inclinable de 90 \u00e0 130\u00b0, accoudoirs 3D, appui-t\u00eate 2D, soutien lombaire, tissu mesh respirant, assise en mousse \u00e0 m\u00e9moire de forme, capacit\u00e9 de charge de 150 kg\" data-original=\"\/\/img.gkbcdn.com\/d\/202601\/ACGAM-CG-5345M-Adjustable-Ergonomic-Chair-530910-10._p1_.jpg\" \/><img decoding=\"async\" class=\"lazy_img\" src=\"https:\/\/img.gkbcdn.com\/d\/202601\/ACGAM-CG-5345M-Adjustable-Ergonomic-Chair-530910-11._p1_.jpg\" alt=\"Chaise ergonomique ACGAM CG-5345M, dossier inclinable de 90 \u00e0 130\u00b0, accoudoirs 3D, appui-t\u00eate 2D, soutien lombaire, tissu mesh respirant, assise en mousse \u00e0 m\u00e9moire de forme, capacit\u00e9 de charge de 150 kg\" data-original=\"\/\/img.gkbcdn.com\/d\/202601\/ACGAM-CG-5345M-Adjustable-Ergonomic-Chair-530910-11._p1_.jpg\" \/><img decoding=\"async\" class=\"lazy_img\" src=\"https:\/\/img.gkbcdn.com\/d\/202601\/ACGAM-CG-5345M-Adjustable-Ergonomic-Chair-530910-12._p1_.jpg\" alt=\"Chaise ergonomique ACGAM CG-5345M, dossier inclinable de 90 \u00e0 130\u00b0, accoudoirs 3D, appui-t\u00eate 2D, soutien lombaire, tissu mesh respirant, assise en mousse \u00e0 m\u00e9moire de forme, capacit\u00e9 de charge de 150 kg\" data-original=\"\/\/img.gkbcdn.com\/d\/202601\/ACGAM-CG-5345M-Adjustable-Ergonomic-Chair-530910-12._p1_.jpg\" \/><img decoding=\"async\" class=\"lazy_img\" src=\"https:\/\/img.gkbcdn.com\/d\/202601\/ACGAM-CG-5345M-Adjustable-Ergonomic-Chair-530910-13._p1_.jpg\" alt=\"Chaise ergonomique ACGAM CG-5345M, dossier inclinable de 90 \u00e0 130\u00b0, accoudoirs 3D, appui-t\u00eate 2D, soutien lombaire, tissu mesh respirant, assise en mousse \u00e0 m\u00e9moire de forme, capacit\u00e9 de charge de 150 kg\" data-original=\"\/\/img.gkbcdn.com\/d\/202601\/ACGAM-CG-5345M-Adjustable-Ergonomic-Chair-530910-13._p1_.jpg\" \/><\/p><h2>Sp\u00e9cification<\/h2><table border=\"1\" cellspacing=\"0\" cellpadding=\"5\"><tbody><tr><td><strong>Marque<\/strong><\/td><td>ACGAM<\/td><\/tr><tr><td><strong>Taper<\/strong><\/td><td>Chaise de bureau gaming<\/td><\/tr><tr><td><strong>Mod\u00e8le<\/strong><\/td><td>CG-5345M<\/td><\/tr><tr><td><strong>Couleur<\/strong><\/td><td>Noir<\/td><\/tr><tr><td><strong>Mat\u00e9riau des accoudoirs<\/strong><\/td><td>Surface d&#8217;accoudoir PA + PU<\/td><\/tr><tr><td><strong>Mat\u00e9riau du dossier<\/strong><\/td><td>PP<\/td><\/tr><tr><td><strong>Mat\u00e9riau du coussin de si\u00e8ge<\/strong><\/td><td>mousse \u00e0 m\u00e9moire de forme<\/td><\/tr><tr><td><strong>Mat\u00e9riau des roulettes<\/strong><\/td><td>PU<\/td><\/tr><tr><td><strong>Coussin plus large et plus \u00e9pais<\/strong><\/td><td>Oui<\/td><\/tr><tr><td><strong>Tension d&#8217;inclinaison<\/strong><\/td><td>90\u00b0\u2013130\u00b0<\/td><\/tr><tr><td><strong>Hauteur du si\u00e8ge r\u00e9glable<\/strong><\/td><td>46\u201355,5 cm (R\u00e9glage jusqu&#8217;\u00e0 9,5 cm)<\/td><\/tr><tr><td><strong>Charge maximale<\/strong><\/td><td>150 kg<\/td><\/tr><tr><td><strong>Support pour la nuque<\/strong><\/td><td>Oui<\/td><\/tr><tr><td><strong>Soutien lombaire<\/strong><\/td><td>Oui<\/td><\/tr><tr><td><strong>Accoudoirs<\/strong><\/td><td>Oui<\/td><\/tr><tr><td><strong>Pivotant \u00e0 360\u00b0<\/strong><\/td><td>Oui<\/td><\/tr><tr><td><strong>Roulettes silencieuses \u00e0 360\u00b0<\/strong><\/td><td>Oui<\/td><\/tr><tr><td><strong>Base robuste<\/strong><\/td><td>Oui<\/td><\/tr><tr><td><strong>Poids du produit<\/strong><\/td><td>19,04 kg<\/td><\/tr><tr><td><strong>Poids du colis<\/strong><\/td><td>20,75 kg<\/td><\/tr><tr><td><strong>Dimensions du produit (L \u00d7 l \u00d7 H)<\/strong><\/td><td>70 \u00d7 75 \u00d7 128\u2013137 cm<\/td><\/tr><tr><td><strong>Dimensions de l&#8217;emballage (L \u00d7 l \u00d7 H)<\/strong><\/td><td>71 \u00d7 32 \u00d7 53 cm<\/td><\/tr><tr><td><strong>Largeur du dossier<\/strong><\/td><td>51,5 cm<\/td><\/tr><tr><td><strong>Hauteur du dossier<\/strong><\/td><td>57,5\u201362,5 cm<\/td><\/tr><tr><td><strong>Largeur des accoudoirs<\/strong><\/td><td>9 cm<\/td><\/tr><tr><td><strong>Hauteur de l&#8217;accoudoir (du sol \u00e0 l&#8217;accoudoir)<\/strong><\/td><td>64\u201371,5 cm<\/td><\/tr><tr><td><strong>Longueur des accoudoirs<\/strong><\/td><td>24,5 cm<\/td><\/tr><tr><td><strong>Largeur du coussin d&#8217;assise<\/strong><\/td><td>54 cm<\/td><\/tr><tr><td><strong>\u00c9paisseur du coussin de si\u00e8ge<\/strong><\/td><td>9 cm<\/td><\/tr><tr><td><strong>Hauteur du coussin d&#8217;assise (du sol au si\u00e8ge)<\/strong><\/td><td>46\u201355,5 cm<\/td><\/tr><tr><td><strong>Contenu de l&#8217;emballage<\/strong><\/td><td>5 x Roulettes<br \/>1 x Douille cylindrique<br \/>5 x Pieds en m\u00e9tal<br \/>1 x Couvercle de douille cylindrique<br \/>1 x V\u00e9rin \u00e0 gaz<br \/>1 x M\u00e9canisme de commande d&#8217;inclinaison<br \/>2 x Accoudoirs gauche et droit<br \/>1 x Dossier<br \/>1 x Si\u00e8ge<br \/>1 x Appui-t\u00eate<br \/>1 x Support lombaire<br \/>1 x Bouton de support lombaire<br \/>5 x M6x14mm<br \/>4 x M6x20mm<br \/>6 x M6x35mm<br \/>3 x M6x25mm<br \/>2 x M6x20 mm<br \/>6 x Rondelles plates M6x14x0,1mm<br \/>1 x Cl\u00e9 Allen<br \/>1 x Guide d&#8217;installation rapide<\/td><\/tr><\/tbody><\/table>\t\t\t\t\t\t\t\t<\/div>\n\t\t\t\t<\/div>\n\t\t\t\t\t<\/div>\n\t\t\t\t<\/div>\n\t\t\t\t<\/div>","protected":false},"excerpt":{"rendered":"<p>Chaise de bureau ergonomique avec support lombaire r\u00e9glable, accoudoirs 3D, dossier en maille et assise en mousse \u00e0 m\u00e9moire de forme, inclinaison 90\u00b0\u2011130\u00b0, capacit\u00e9 150\u202fkg&#8230;<\/p>","protected":false},"featured_media":26985,"comment_status":"closed","ping_status":"closed","template":"","meta":{"om_disable_all_campaigns":false,"_monsterinsights_skip_tracking":false,"_monsterinsights_sitenote_active":false,"_monsterinsights_sitenote_note":"","_monsterinsights_sitenote_category":0},"product_brand":[],"product_cat":[1260,1302],"product_tag":[2350,2005,2250,2249,2252,1184,2245,2248,2251],"class_list":{"0":"post-26984","1":"product","2":"type-product","3":"status-publish","4":"has-post-thumbnail","6":"product_cat-high-tech","7":"product_cat-peripheriques","8":"product_tag-5345m","9":"product_tag-acgam","10":"product_tag-appui","11":"product_tag-apui","12":"product_tag-cg","13":"product_tag-chaise","14":"product_tag-ergonomique","15":"product_tag-repose-pied","16":"product_tag-tete","18":"first","19":"instock","20":"sale","21":"shipping-taxable","22":"product-type-external"},"aioseo_notices":[],"jetpack_sharing_enabled":true,"_links":{"self":[{"href":"https:\/\/france-coupon.fr\/en\/wp-json\/wp\/v2\/product\/26984","targetHints":{"allow":["GET"]}}],"collection":[{"href":"https:\/\/france-coupon.fr\/en\/wp-json\/wp\/v2\/product"}],"about":[{"href":"https:\/\/france-coupon.fr\/en\/wp-json\/wp\/v2\/types\/product"}],"replies":[{"embeddable":true,"href":"https:\/\/france-coupon.fr\/en\/wp-json\/wp\/v2\/comments?post=26984"}],"version-history":[{"count":0,"href":"https:\/\/france-coupon.fr\/en\/wp-json\/wp\/v2\/product\/26984\/revisions"}],"wp:featuredmedia":[{"embeddable":true,"href":"https:\/\/france-coupon.fr\/en\/wp-json\/wp\/v2\/media\/26985"}],"wp:attachment":[{"href":"https:\/\/france-coupon.fr\/en\/wp-json\/wp\/v2\/media?parent=26984"}],"wp:term":[{"taxonomy":"product_brand","embeddable":true,"href":"https:\/\/france-coupon.fr\/en\/wp-json\/wp\/v2\/product_brand?post=26984"},{"taxonomy":"product_cat","embeddable":true,"href":"https:\/\/france-coupon.fr\/en\/wp-json\/wp\/v2\/product_cat?post=26984"},{"taxonomy":"product_tag","embeddable":true,"href":"https:\/\/france-coupon.fr\/en\/wp-json\/wp\/v2\/product_tag?post=26984"}],"curies":[{"name":"wp","href":"https:\/\/api.w.org\/{rel}","templated":true}]}}