{"id":27056,"date":"2026-03-03T10:25:03","date_gmt":"2026-03-03T09:25:03","guid":{"rendered":"https:\/\/france-coupon.fr\/?post_type=product&#038;p=27056"},"modified":"2026-03-03T18:30:58","modified_gmt":"2026-03-03T17:30:58","slug":"ausom-laluz-2-pro","status":"publish","type":"product","link":"https:\/\/france-coupon.fr\/en\/product\/ausom-laluz-2-pro\/","title":{"rendered":"Ausom Laluz 2 Pro"},"content":{"rendered":"<div data-elementor-type=\"product-post\" data-elementor-id=\"27056\" class=\"elementor elementor-27056\" data-elementor-post-type=\"product\">\n\t\t\t\t<div class=\"elementor-element elementor-element-197026cb e-con-full e-flex e-con e-parent\" data-id=\"197026cb\" data-element_type=\"container\">\n\t\t\t\t<div class=\"elementor-element elementor-element-797dd6c3 elementor-widget elementor-widget-heading\" data-id=\"797dd6c3\" data-element_type=\"widget\" data-widget_type=\"heading.default\">\n\t\t\t\t<div class=\"elementor-widget-container\">\n\t\t\t\t\t<h2 class=\"elementor-heading-title elementor-size-default\">\u2193 RETROUVEZ LES MEILLEURS PRIX \u2193<\/h2>\t\t\t\t<\/div>\n\t\t\t\t<\/div>\n\t\t\t\t<div class=\"elementor-element elementor-element-6bc1707 elementor-widget-divider--view-line elementor-widget elementor-widget-divider\" data-id=\"6bc1707\" data-element_type=\"widget\" data-widget_type=\"divider.default\">\n\t\t\t\t<div class=\"elementor-widget-container\">\n\t\t\t\t\t\t\t<div class=\"elementor-divider\">\n\t\t\t<span class=\"elementor-divider-separator\">\n\t\t\t\t\t\t<\/span>\n\t\t<\/div>\n\t\t\t\t\t\t<\/div>\n\t\t\t\t<\/div>\n\t\t\t\t<div class=\"elementor-element elementor-element-21083bca elementor-grid-4 pp-coupon-button-icon-before pp-coupon-code-right elementor-grid-tablet-2 elementor-grid-mobile-1 pp-coupon-discount-left elementor-widget elementor-widget-pp-coupons\" data-id=\"21083bca\" data-element_type=\"widget\" data-settings=\"{&quot;coupon_style&quot;:&quot;reveal&quot;,&quot;layout&quot;:&quot;grid&quot;}\" data-widget_type=\"pp-coupons.default\">\n\t\t\t\t<div class=\"elementor-widget-container\">\n\t\t\t\t\t\t\t\t\t\t<div class=\"pp-coupons pp-coupons-grid\">\n\t\t\t\t<div class=\"elementor-grid pp-coupons-grid-wrapper\" data-query-type=\"custom\" data-layout=\"grid\" data-page=\"27056\" data-skin=\"21083bca\">\n\t\t\t\t\t\t\t\t<div class=\"pp-coupon elementor-grid-item\">\n\t\t\t\t\t\t\t\t\t<div class=\"pp-coupon-image-wrapper\">\n\t\t\t\t\t\t\t\t\t\t\t\t\t<div class=\"pp-coupon-discount\">\n\t\t\t\t\t\t\t\tRecommand\u00e9\t\t\t\t\t\t\t<\/div>\n\t\t\t\t\t\t\n\t\t\t\t\t\t\t\t\t\t\t\t\t<div class=\"pp-coupon-code pp-coupon-style-reveal\" data-coupon-code=\"NNNFRALZ\">\n\t\t\t\t\t\t\t\t\t\t\t\t\t\t\t\t<div class='pp-coupon-reveal-wrap'>\n\t\t\t\t<span class='pp-coupon-reveal'>\n\t\t\t\t\t\t\t<span class=\"pp-coupon-code-icon pp-icon\">\n\t\t\t\t\t\t\t<svg aria-hidden=\"true\" class=\"e-font-icon-svg e-fas-eye\" viewbox=\"0 0 576 512\" xmlns=\"http:\/\/www.w3.org\/2000\/svg\"><path d=\"M572.52 241.4C518.29 135.59 410.93 64 288 64S57.68 135.64 3.48 241.41a32.35 32.35 0 0 0 0 29.19C57.71 376.41 165.07 448 288 448s230.32-71.64 284.52-177.41a32.35 32.35 0 0 0 0-29.19zM288 400a144 144 0 1 1 144-144 143.93 143.93 0 0 1-144 144zm0-240a95.31 95.31 0 0 0-25.31 3.79 47.85 47.85 0 0 1-66.9 66.9A95.78 95.78 0 1 0 288 160z\"><\/path><\/svg>\t\t\t\t\t<\/span>\n\t\tVoir code\t\t\t\t<\/span>\n\t\t\t<\/div>\n\t\t\t<div class='pp-coupon-code-text-wrap pp-unreavel'>\n\t\t\t\t<span class='pp-coupon-code-text' id='pp-coupon-code-21083bca'>ALZ<\/span>\n\t\t\t\t<span class='pp-coupon-copy-text'style='display: none;'><\/span>\n\t\t\t<\/div>\n\t\t\t\t\t\t\t\t\t<\/div>\n\t\t\t\t\t\t\n\t\t\t\t\t\t<img decoding=\"async\" src=\"https:\/\/france-coupon.fr\/wp-content\/uploads\/elementor\/thumbs\/boutik-logo-geekbuying-e1730919204203-r6ygk52li06e2b30ahtaqwnhtvgitsxv7i94lg4yq2.jpg\" alt=\"boutik-logo-geekbuying-e1730919204203\">\n\t\t\t\t\t<\/div>\n\t\t\t\t\t\t\t\t\t\n\t\t\t\t\t\t\t\t<div class=\"pp-coupon-content\">\n\t\t\t\t\t<div class=\"pp-coupon-title-wrap\">\n\t\t\t\t\t\t<div class=\"pp-coupon-title-container\" href=\"https:\/\/fr.geekbuying.com\/item\/Ausom-Laluz-2-Pro-EU-Plug-48V18Ah-1000W-E-Scooter-10004395.html?idev_id=2179&#038;utm_source=affiliate.geekbuying.com&#038;utm_medium=affiliate_2179&#038;utm_campaign=2179&#038;utm_content=2179&#038;utm_term=weed37&#038;utm_term=1772558672\" target=\"_blank\"><h4 class=\"pp-coupon-title\">449,00\u20ac<\/h4><\/div>\t\t\t\t\t<\/div>\n\n\t\t\t\t\t\n\t\t\t\t\t\t\t\t\t\t\t<hr class=\"pp-coupon-separator\">\n\t\t\t\t\t\n\t\t\t\t\t\t\t\t\t\t\t<div class=\"pp-coupon-button-wrap\">\n\t\t\t\t\t\t\t<a  href=\"https:\/\/fr.geekbuying.com\/item\/Ausom-Laluz-2-Pro-EU-Plug-48V18Ah-1000W-E-Scooter-10004395.html?idev_id=2179&#038;utm_source=affiliate.geekbuying.com&#038;utm_medium=affiliate_2179&#038;utm_campaign=2179&#038;utm_content=2179&#038;utm_term=weed37&#038;utm_term=1772558672\" target=\"_blank\">\n\t\t\t\t\t\t\t\t<div class=\"pp-coupon-button elementor-button elementor-size-sm\">\n\t\t\t\t\t\t\t\t\t\t\t\t<span class=\"pp-button-icon pp-icon\">\n\t\t\t\t<svg aria-hidden=\"true\" class=\"e-font-icon-svg e-fas-long-arrow-alt-right\" viewbox=\"0 0 448 512\" xmlns=\"http:\/\/www.w3.org\/2000\/svg\"><path d=\"M313.941 216H12c-6.627 0-12 5.373-12 12v56c0 6.627 5.373 12 12 12h301.941v46.059c0 21.382 25.851 32.09 40.971 16.971l86.059-86.059c9.373-9.373 9.373-24.569 0-33.941l-86.059-86.059c-15.119-15.119-40.971-4.411-40.971 16.971V216z\"><\/path><\/svg>\t\t\t<\/span>\n\t\t\t\t\t\t\t\t\t\t\t\t\t\t\t\t\t\t\t\t\t\t<span class=\"pp-button-text\">\n\t\t\t\t\t\t\t\t\t\t\tLien du produit\t\t\t\t\t\t\t\t\t\t<\/span>\n\t\t\t\t\t\t\t\t\t\t\t\t\t\t\t\t\t\t\t\t\t\t\t\t\t\t<\/div>\n\t\t\t\t\t\t\t<\/a>\n\t\t\t\t\t\t<\/div>\n\t\t\t\t\t\t\t\t\t\t\t\t\t\t<\/div>\n\t\t\t<\/div>\n\t\t\t\t\t\t\t<\/div>\n\t\t\t\t\t\t\t<\/div>\n\t\t\t\t\t\t\t<\/div>\n\t\t\t\t<\/div>\n\t\t\t\t<div class=\"elementor-element elementor-element-7e909432 elementor-widget-divider--view-line elementor-widget elementor-widget-divider\" data-id=\"7e909432\" data-element_type=\"widget\" data-widget_type=\"divider.default\">\n\t\t\t\t<div class=\"elementor-widget-container\">\n\t\t\t\t\t\t\t<div class=\"elementor-divider\">\n\t\t\t<span class=\"elementor-divider-separator\">\n\t\t\t\t\t\t<\/span>\n\t\t<\/div>\n\t\t\t\t\t\t<\/div>\n\t\t\t\t<\/div>\n\t\t<div class=\"elementor-element elementor-element-3ed52d36 e-grid e-con-full e-con e-child\" data-id=\"3ed52d36\" data-element_type=\"container\">\n\t\t\t\t<div class=\"elementor-element elementor-element-6228a420 elementor-widget elementor-widget-text-editor\" data-id=\"6228a420\" data-element_type=\"widget\" data-widget_type=\"text-editor.default\">\n\t\t\t\t<div class=\"elementor-widget-container\">\n\t\t\t\t\t\t\t\t\t<h5 style=\"text-align: center;\"><em><strong><span style=\"color: #0000ff;\">Comment utiliser<br \/>un coupon r\u00e9duction?<\/span><\/strong><\/em><\/h5><p><em><strong><span style=\"color: #0000ff;\">How to use a discount coupon?<\/span><\/strong><\/em><\/p>\t\t\t\t\t\t\t\t<\/div>\n\t\t\t\t<\/div>\n\t\t\t\t<div class=\"elementor-element elementor-element-2cec1e31 elementor-widget elementor-widget-video\" data-id=\"2cec1e31\" data-element_type=\"widget\" data-settings=\"{&quot;youtube_url&quot;:&quot;https:\\\/\\\/www.youtube.com\\\/watch?v=eNNzTLooBIE&quot;,&quot;video_type&quot;:&quot;youtube&quot;,&quot;controls&quot;:&quot;yes&quot;}\" data-widget_type=\"video.default\">\n\t\t\t\t<div class=\"elementor-widget-container\">\n\t\t\t\t\t\t\t<div class=\"elementor-wrapper elementor-open-inline\">\n\t\t\t<div class=\"elementor-video\"><\/div>\t\t<\/div>\n\t\t\t\t\t\t<\/div>\n\t\t\t\t<\/div>\n\t\t\t\t<div class=\"elementor-element elementor-element-bd48363 elementor-widget elementor-widget-text-editor\" data-id=\"bd48363\" data-element_type=\"widget\" data-widget_type=\"text-editor.default\">\n\t\t\t\t<div class=\"elementor-widget-container\">\n\t\t\t\t\t\t\t\t\t<p style=\"text-align: center;\">&#8221; Certains liens sont susceptibles d&#8217;\u00eatre affili\u00e9s. En tant que partenaire Amazon, je r\u00e9alise un b\u00e9n\u00e9fice sur les achats remplissant les conditions requises. &#8220;<\/p>\t\t\t\t\t\t\t\t<\/div>\n\t\t\t\t<\/div>\n\t\t\t\t<\/div>\n\t\t\t\t<\/div>\n\t\t<div class=\"elementor-element elementor-element-780f7530 e-flex e-con-boxed e-con e-parent\" data-id=\"780f7530\" data-element_type=\"container\">\n\t\t\t\t\t<div class=\"e-con-inner\">\n\t\t\t\t<div class=\"elementor-element elementor-element-740fc3ec elementor-widget elementor-widget-text-editor\" data-id=\"740fc3ec\" data-element_type=\"widget\" data-widget_type=\"text-editor.default\">\n\t\t\t\t<div class=\"elementor-widget-container\">\n\t\t\t\t\t\t\t\t\t<h3>Plus de port\u00e9e, moins de charges<\/h3><p>Le scooter \u00e9lectrique Laluz 2 Pro est \u00e9quip\u00e9 d&#8217;une batterie haute capacit\u00e9 de 864Wh, offrant une autonomie impressionnante allant jusqu&#8217;\u00e0 90 km (56 miles) avec une seule charge. Con\u00e7u pour les cyclistes qui exigent une autonomie plus longue, il minimise l&#8217;anxi\u00e9t\u00e9 li\u00e9e \u00e0 la batterie et r\u00e9duit la fr\u00e9quence de recharge, ce qui le rend id\u00e9al pour les trajets quotidiens et les longs voyages. prolong\u00e9es, la batterie puissante garantit des performances stables et fiables kilom\u00e8tre apr\u00e8s kilom\u00e8tre.<\/p><h3>Performances fiables pour les d\u00e9placements urbains<\/h3><p>Propuls\u00e9 par un moteur \u00e0 haut rendement offrant jusqu&#8217;\u00e0 1400W, le scooter \u00e9lectrique Laluz 2 Pro offre une acc\u00e9l\u00e9ration puissante et r\u00e9active ainsi qu&#8217;excellentes performances en mont\u00e9e, id\u00e9ales pour les trajets quotidiens. (287 lbs) pour des performances fiables au quotidien.<\/p><h3>Suspension avanc\u00e9e et pneus durables<\/h3><p>Dot\u00e9 d&#8217;une fourche \u00e0 suspension avant et d&#8217;un bras oscillant arri\u00e8re double face r\u00e9glable ShocFree, le scooter \u00e9lectrique Laluz 2 Pro pour adultes absorbe efficacement les chocs et les vibrations pour offrir une stabilit\u00e9 et un confort de conduite am\u00e9lior\u00e9s. Ajust\u00e9 aux pneus tubeless de 10&#8243;\u00d72.5&#8243;, il offre une excellente adh\u00e9rence, durabilit\u00e9 et r\u00e9sistance aux crevaisons, assurant une conduite fluide et contr\u00f4l\u00e9e sur le gravier, les routes accident\u00e9es et les terrains mixtes.<\/p><h3>Conception ergonomique orient\u00e9e sur le confort<\/h3><p>Le scooter \u00e9lectrique Laluz 2 Pro est dot\u00e9 d&#8217;un guidon ergonomique de type &#8220;moullet d&#8217;oiseau&#8221;, vous permettant de rouler dans une posture debout plus naturelle et \u00e9tendue, ce qui am\u00e9liore le confort g\u00e9n\u00e9ral et r\u00e9duit la fatigue lors des trajets prolong\u00e9s. Il est \u00e9galement \u00e9quip\u00e9 d&#8217;une planche plus large et plus longue (520&#215;185 mm\/20,5&#215;7,3 po), offrant un espace g\u00e9n\u00e9reux pour les pieds pour un meilleur \u00e9quilibre et un confort accru.<\/p><h3>S\u00e9curit\u00e9 intelligente, style \u00e9l\u00e9gant<\/h3><p>Pour une s\u00e9curit\u00e9 accrue, le Laluz 2 Pro est dot\u00e9 d&#8217;un syst\u00e8me de d\u00e9verrouillage double avec acc\u00e8s par NFC et code d&#8217;acc\u00e8s, offrant une protection antivol fiable. Ce scooter \u00e9lectrique est \u00e9galement \u00e9quip\u00e9 d&#8217;un syst\u00e8me de freinage avanc\u00e9 qui combine des freins \u00e0 disque avant et arri\u00e8re avec la technologie E-ABS, assurant un freinage fluide et r\u00e9actif, un contr\u00f4le am\u00e9lior\u00e9 et des performances durables. d&#8217;ambiance.Ce syst\u00e8me d&#8217;\u00e9clairage am\u00e9liore la visibilit\u00e9 et la s\u00e9curit\u00e9 lors des trajets nocturnes ou dans des conditions de faible luminosit\u00e9, tout en ajoutant une apparence \u00e9l\u00e9gante et moderne.<\/p><p><img decoding=\"async\" class=\"lazy_img\" src=\"https:\/\/img.gkbcdn.com\/d\/202603\/1bbca7c1-d4b6-4fb4-b98b-ef2de9803e4d._p1_.jpg\" alt=\"Ausom Laluz 2 Pro Trotinette \u00c9lectrique, Moteur 1000W, Batterie 48V 18Ah, Pneus 10 pouces, Vitesse maximale 25 km\/h, Autonomie 90 km, Freins \u00e0 disques avant et arri\u00e8re, Double suspension avant, D\u00e9verrouillage NFC\" data-original=\"\/\/img.gkbcdn.com\/d\/202603\/1bbca7c1-d4b6-4fb4-b98b-ef2de9803e4d._p1_.jpg\" \/><img decoding=\"async\" class=\"lazy_img\" src=\"https:\/\/img.gkbcdn.com\/d\/202603\/1ad9e922-31a3-4c3f-ae4b-3569ba2427c5._p1_.jpg\" alt=\"Ausom Laluz 2 Pro Trotinette \u00c9lectrique, Moteur 1000W, Batterie 48V 18Ah, Pneus 10 pouces, Vitesse maximale 50 km\/h, Autonomie 90 km, Freins \u00e0 disques avant et arri\u00e8re, Double suspension avant, D\u00e9verrouillage NFC\" data-original=\"\/\/img.gkbcdn.com\/d\/202603\/1ad9e922-31a3-4c3f-ae4b-3569ba2427c5._p1_.jpg\" \/><img decoding=\"async\" class=\"lazy_img\" src=\"https:\/\/img.gkbcdn.com\/d\/202603\/10652345-f525-4fa2-8c9f-e0922595a8a6._p1_.jpg\" alt=\"Ausom Laluz 2 Pro Trotinette \u00c9lectrique, Moteur 1000W, Batterie 48V 18Ah, Pneus 10 pouces, Vitesse maximale 25 km\/h, Autonomie 90 km, Freins \u00e0 disques avant et arri\u00e8re, Double suspension avant, D\u00e9verrouillage NFC\" data-original=\"\/\/img.gkbcdn.com\/d\/202603\/10652345-f525-4fa2-8c9f-e0922595a8a6._p1_.jpg\" \/><img decoding=\"async\" class=\"lazy_img\" src=\"https:\/\/img.gkbcdn.com\/d\/202603\/e6bc9fd6-3242-4171-948d-d9eaa80da2ad._p1_.jpg\" alt=\"Ausom Laluz 2 Pro Trotinette \u00c9lectrique, Moteur 1000W, Batterie 48V 18Ah, Pneus 10 pouces, Vitesse maximale 50 km\/h, Autonomie 90 km, Freins \u00e0 disques avant et arri\u00e8re, Double suspension avant, D\u00e9verrouillage NFC\" data-original=\"\/\/img.gkbcdn.com\/d\/202603\/e6bc9fd6-3242-4171-948d-d9eaa80da2ad._p1_.jpg\" \/><img decoding=\"async\" class=\"lazy_img\" src=\"https:\/\/img.gkbcdn.com\/d\/202603\/6208e539-6259-4aee-ba8a-1912fbb08054._p1_.jpg\" alt=\"Ausom Laluz 2 Pro Trotinette \u00c9lectrique, Moteur 1000W, Batterie 48V 18Ah, Pneus 10 pouces, Vitesse maximale 25 km\/h, Autonomie 90 km, Freins \u00e0 disques avant et arri\u00e8re, Double suspension avant, D\u00e9verrouillage NFC\" data-original=\"\/\/img.gkbcdn.com\/d\/202603\/6208e539-6259-4aee-ba8a-1912fbb08054._p1_.jpg\" \/><img decoding=\"async\" class=\"lazy_img\" src=\"https:\/\/img.gkbcdn.com\/d\/202603\/49b578f2-1e37-4fc1-9ffa-a5676c6f3fb3._p1_.jpg\" alt=\"Ausom Laluz 2 Pro Trotinette \u00c9lectrique, Moteur 1000W, Batterie 48V 18Ah, Pneus 10 pouces, Vitesse maximale 25 km\/h, Autonomie 90 km, Freins \u00e0 disques avant et arri\u00e8re, Double suspension avant, D\u00e9verrouillage NFC\" data-original=\"\/\/img.gkbcdn.com\/d\/202603\/49b578f2-1e37-4fc1-9ffa-a5676c6f3fb3._p1_.jpg\" \/><img decoding=\"async\" class=\"lazy_img\" src=\"https:\/\/img.gkbcdn.com\/d\/202603\/99cee902-b54b-4c22-aca8-8823465abfc4._p1_.jpg\" alt=\"Ausom Laluz 2 Pro Trotinette \u00c9lectrique, Moteur 1000W, Batterie 48V 18Ah, Pneus 10 pouces, Vitesse maximale 25 km\/h, Autonomie 90 km, Freins \u00e0 disques avant et arri\u00e8re, Double suspension avant, D\u00e9verrouillage NFC\" data-original=\"\/\/img.gkbcdn.com\/d\/202603\/99cee902-b54b-4c22-aca8-8823465abfc4._p1_.jpg\" \/><img decoding=\"async\" class=\"lazy_img\" src=\"https:\/\/img.gkbcdn.com\/d\/202603\/a56ee627-683c-48c9-b623-605b624ebe59._p1_.jpg\" alt=\"Ausom Laluz 2 Pro Trotinette \u00c9lectrique, Moteur 1000W, Batterie 48V 18Ah, Pneus 10 pouces, Vitesse maximale 25 km\/h, Autonomie 90 km, Freins \u00e0 disques avant et arri\u00e8re, Double suspension avant, D\u00e9verrouillage NFC\" data-original=\"\/\/img.gkbcdn.com\/d\/202603\/a56ee627-683c-48c9-b623-605b624ebe59._p1_.jpg\" \/><img decoding=\"async\" class=\"lazy_img\" src=\"https:\/\/img.gkbcdn.com\/d\/202603\/238e3909-f62a-4e07-ba16-d6c209fe948c._p1_.jpg\" alt=\"Ausom Laluz 2 Pro Trotinette \u00c9lectrique, Moteur 1000W, Batterie 48V 18Ah, Pneus 10 pouces, Vitesse maximale 25 km\/h, Autonomie 90 km, Freins \u00e0 disques avant et arri\u00e8re, Double suspension avant, D\u00e9verrouillage NFC\" data-original=\"\/\/img.gkbcdn.com\/d\/202603\/238e3909-f62a-4e07-ba16-d6c209fe948c._p1_.jpg\" \/><img decoding=\"async\" class=\"lazy_img\" src=\"https:\/\/img.gkbcdn.com\/d\/202603\/d2dd5fc2-e046-4a27-aa29-ab8d390ae909._p1_.jpg\" alt=\"Ausom Laluz 2 Pro Trotinette \u00c9lectrique, Moteur 1000W, Batterie 48V 18Ah, Pneus 10 pouces, Vitesse maximale 25 km\/h, Autonomie 90 km, Freins \u00e0 disques avant et arri\u00e8re, Double suspension avant, D\u00e9verrouillage NFC\" data-original=\"\/\/img.gkbcdn.com\/d\/202603\/d2dd5fc2-e046-4a27-aa29-ab8d390ae909._p1_.jpg\" \/><img decoding=\"async\" class=\"lazy_img\" src=\"https:\/\/img.gkbcdn.com\/d\/202603\/071ed488-1984-46b7-aed0-740bd3c88a05._p1_.jpg\" alt=\"Ausom Laluz 2 Pro Trotinette \u00c9lectrique, Moteur 1000W, Batterie 48V 18Ah, Pneus 10 pouces, Vitesse maximale 25 km\/h, Autonomie 90 km, Freins \u00e0 disques avant et arri\u00e8re, Double suspension avant, D\u00e9verrouillage NFC\" data-original=\"\/\/img.gkbcdn.com\/d\/202603\/071ed488-1984-46b7-aed0-740bd3c88a05._p1_.jpg\" \/><img decoding=\"async\" class=\"lazy_img\" src=\"https:\/\/img.gkbcdn.com\/d\/202603\/f86bac14-235f-4eb6-8d3c-b0a658f135de._p1_.jpg\" alt=\"Ausom Laluz 2 Pro Trotinette \u00c9lectrique, Moteur 1000W, Batterie 48V 18Ah, Pneus 10 pouces, Vitesse maximale 25 km\/h, Autonomie 90 km, Freins \u00e0 disques avant et arri\u00e8re, Double suspension avant, D\u00e9verrouillage NFC\" data-original=\"\/\/img.gkbcdn.com\/d\/202603\/f86bac14-235f-4eb6-8d3c-b0a658f135de._p1_.jpg\" \/><img decoding=\"async\" class=\"lazy_img\" src=\"https:\/\/img.gkbcdn.com\/d\/202603\/aed7c5d0-424d-4c67-8b04-5e8ab25cccd9._p1_.jpg\" alt=\"Ausom Laluz 2 Pro Trotinette \u00c9lectrique, Moteur 1000W, Batterie 48V 18Ah, Pneus 10 pouces, Vitesse maximale 25 km\/h, Autonomie 90 km, Freins \u00e0 disques avant et arri\u00e8re, Double suspension avant, D\u00e9verrouillage NFC\" data-original=\"\/\/img.gkbcdn.com\/d\/202603\/aed7c5d0-424d-4c67-8b04-5e8ab25cccd9._p1_.jpg\" \/><img decoding=\"async\" class=\"lazy_img\" src=\"https:\/\/img.gkbcdn.com\/d\/202603\/06982367-754e-4913-9b83-f065df1ed26f._p1_.jpg\" alt=\"Ausom Laluz 2 Pro Trotinette \u00c9lectrique, Moteur 1000W, Batterie 48V 18Ah, Pneus 10 pouces, Vitesse maximale 25 km\/h, Autonomie 90 km, Freins \u00e0 disques avant et arri\u00e8re, Double suspension avant, D\u00e9verrouillage NFC\" data-original=\"\/\/img.gkbcdn.com\/d\/202603\/06982367-754e-4913-9b83-f065df1ed26f._p1_.jpg\" \/><img decoding=\"async\" class=\"lazy_img\" src=\"https:\/\/img.gkbcdn.com\/d\/202603\/8e62b649-56ee-4981-a280-bb0605fa3061._p1_.jpg\" alt=\"Ausom Laluz 2 Pro Trotinette \u00c9lectrique, Moteur 1000W, Batterie 48V 18Ah, Pneus 10 pouces, Vitesse maximale 25 km\/h, Autonomie 90 km, Freins \u00e0 disques avant et arri\u00e8re, Double suspension avant, D\u00e9verrouillage NFC\" data-original=\"\/\/img.gkbcdn.com\/d\/202603\/8e62b649-56ee-4981-a280-bb0605fa3061._p1_.jpg\" \/><\/p><h2>Sp\u00e9cification<\/h2><table border=\"1\" cellspacing=\"0\" cellpadding=\"8\"><tbody><tr><td>Marque<\/td><td>Ausom<\/td><\/tr><tr><td>Type<\/td><td>Trottinette \u00e9lectrique<\/td><\/tr><tr><td>Mod\u00e8le<\/td><td>Laluz 2 Pro<\/td><\/tr><tr><td>Version<\/td><td>Moteur unique<\/td><\/tr><tr><td>Couleur<\/td><td>Gris fonc\u00e9<\/td><\/tr><tr><td>Longueur du guidon<\/td><td>720 mm<\/td><\/tr><tr><td>Hauteur du guidon au sol<\/td><td>1330 mm<\/td><\/tr><tr><td>Garde au sol (dessous)<\/td><td>150 mm<\/td><\/tr><tr><td>Hauteur du plateau au sol (dessus)<\/td><td>240 mm<\/td><\/tr><tr><td>Dimensions du plateau<\/td><td>520 \u00d7 185 mm<\/td><\/tr><tr><td>Taille recommand\u00e9e du conducteur<\/td><td>150\u2013200 cm<\/td><\/tr><tr><td>Capacit\u00e9 en c\u00f4te<\/td><td>27 %<\/td><\/tr><tr><td>Charge maximale<\/td><td>130 kg<\/td><\/tr><tr><td>Niveau d&#8217;\u00e9tanch\u00e9it\u00e9<\/td><td>IP54<\/td><\/tr><tr><td>Mat\u00e9riau du cadre<\/td><td>STL<\/td><\/tr><tr><td>Autonomie maximale<\/td><td>90 km<\/td><\/tr><tr><td>Modes de vitesse<\/td><td>25 \/ 40 \/ 50 km\/h<\/td><\/tr><tr><td>Syst\u00e8me de freinage<\/td><td>E-ABS + freins \u00e0 disque avant et arri\u00e8re<\/td><\/tr><tr><td>Tension nominale<\/td><td>48 V<\/td><\/tr><tr><td>Puissance maximale<\/td><td>1400 W<\/td><\/tr><tr><td>Couple maximal<\/td><td>28 Nm<\/td><\/tr><tr><td>Capacit\u00e9 batterie<\/td><td>18 Ah<\/td><\/tr><tr><td>Tension batterie<\/td><td>48 V<\/td><\/tr><tr><td>Capacit\u00e9 \u00e9nerg\u00e9tique<\/td><td>864 Wh<\/td><\/tr><tr><td>Temps de charge<\/td><td>9 h<\/td><\/tr><tr><td>Syst\u00e8me de protection<\/td><td>Oui<\/td><\/tr><tr><td>Entr\u00e9e chargeur<\/td><td>200\u2013240 V, 2 A<\/td><\/tr><tr><td>Sortie chargeur<\/td><td>54,6 V, 2 A<\/td><\/tr><tr><td>Dimensions des pneus<\/td><td>10&#8243; \u00d7 2,5&#8243;<\/td><\/tr><tr><td>Type de pneus<\/td><td>Pneus en caoutchouc sans chambre \u00e0 air<\/td><\/tr><tr><td>Pression optimale<\/td><td>44\u201350 PSI<\/td><\/tr><tr><td>Type d&#8217;affichage<\/td><td>LCD<\/td><\/tr><tr><td>Taille de l&#8217;\u00e9cran<\/td><td>4,5 pouces<\/td><\/tr><tr><td>NFC<\/td><td>Oui<\/td><\/tr><tr><td>Poids du produit<\/td><td>26,4 kg<\/td><\/tr><tr><td>Poids du colis<\/td><td>30,6 kg<\/td><\/tr><tr><td>Dimensions d\u00e9pli\u00e9es<\/td><td>1170 \u00d7 720 \u00d7 1330 mm<\/td><\/tr><tr><td>Dimensions pli\u00e9es<\/td><td>1170 \u00d7 720 \u00d7 515 mm<\/td><\/tr><tr><td>Dimensions du colis<\/td><td>1200 \u00d7 220 \u00d7 570 mm<\/td><\/tr><tr><td>Contenu du paquet<\/td><td>1 x Trottinette \u00e9lectrique<br \/>1 x Manuel d&#8217;utilisation<br \/>1 x Chargeur<br \/>1 x Cl\u00e9 Allen 2,5 mm<br \/>1 x Cl\u00e9 Allen 3 mm<br \/>1 x Cl\u00e9 Allen 4 mm<br \/>1 x Paire de gants<br \/>3 x Cartes NFC<\/td><\/tr><\/tbody><\/table>\t\t\t\t\t\t\t\t<\/div>\n\t\t\t\t<\/div>\n\t\t\t\t\t<\/div>\n\t\t\t\t<\/div>\n\t\t\t\t<\/div>","protected":false},"excerpt":{"rendered":"<p>Trotinette \u00c9lectrique, Moteur 1000W, Batterie 48V 18Ah, Pneus 10 pouces, Vitesse maximale 50 km\/h, Autonomie 90 km, Freins \u00e0 disques avant et arri\u00e8re, Double suspension avant, D\u00e9verrouillage NFC&#8230;<\/p>","protected":false},"featured_media":27057,"comment_status":"closed","ping_status":"closed","template":"","meta":{"om_disable_all_campaigns":false,"_monsterinsights_skip_tracking":false,"_monsterinsights_sitenote_active":false,"_monsterinsights_sitenote_note":"","_monsterinsights_sitenote_category":0},"product_brand":[],"product_cat":[1823,1835],"product_tag":[1113,1290,1854,1987,1828,1829,2356,1114,1836,1837],"class_list":{"0":"post-27056","1":"product","2":"type-product","3":"status-publish","4":"has-post-thumbnail","6":"product_cat-sport-loisirs","7":"product_cat-trottinette","8":"product_tag-1000w","9":"product_tag-10pouces","10":"product_tag-48v","11":"product_tag-ausom","12":"product_tag-electric","13":"product_tag-electrique","14":"product_tag-laluz","15":"product_tag-max","16":"product_tag-scooter","17":"product_tag-trotinette","19":"first","20":"instock","21":"sale","22":"shipping-taxable","23":"product-type-external"},"aioseo_notices":[],"jetpack_sharing_enabled":true,"_links":{"self":[{"href":"https:\/\/france-coupon.fr\/en\/wp-json\/wp\/v2\/product\/27056","targetHints":{"allow":["GET"]}}],"collection":[{"href":"https:\/\/france-coupon.fr\/en\/wp-json\/wp\/v2\/product"}],"about":[{"href":"https:\/\/france-coupon.fr\/en\/wp-json\/wp\/v2\/types\/product"}],"replies":[{"embeddable":true,"href":"https:\/\/france-coupon.fr\/en\/wp-json\/wp\/v2\/comments?post=27056"}],"version-history":[{"count":0,"href":"https:\/\/france-coupon.fr\/en\/wp-json\/wp\/v2\/product\/27056\/revisions"}],"wp:featuredmedia":[{"embeddable":true,"href":"https:\/\/france-coupon.fr\/en\/wp-json\/wp\/v2\/media\/27057"}],"wp:attachment":[{"href":"https:\/\/france-coupon.fr\/en\/wp-json\/wp\/v2\/media?parent=27056"}],"wp:term":[{"taxonomy":"product_brand","embeddable":true,"href":"https:\/\/france-coupon.fr\/en\/wp-json\/wp\/v2\/product_brand?post=27056"},{"taxonomy":"product_cat","embeddable":true,"href":"https:\/\/france-coupon.fr\/en\/wp-json\/wp\/v2\/product_cat?post=27056"},{"taxonomy":"product_tag","embeddable":true,"href":"https:\/\/france-coupon.fr\/en\/wp-json\/wp\/v2\/product_tag?post=27056"}],"curies":[{"name":"wp","href":"https:\/\/api.w.org\/{rel}","templated":true}]}}