{"id":27062,"date":"2026-03-03T10:31:19","date_gmt":"2026-03-03T09:31:19","guid":{"rendered":"https:\/\/france-coupon.fr\/?post_type=product&#038;p=27062"},"modified":"2026-03-03T18:45:30","modified_gmt":"2026-03-03T17:45:30","slug":"ausom-gosoul-2","status":"publish","type":"product","link":"https:\/\/france-coupon.fr\/en\/product\/ausom-gosoul-2\/","title":{"rendered":"Ausom Gosoul 2"},"content":{"rendered":"<div data-elementor-type=\"product-post\" data-elementor-id=\"27062\" class=\"elementor elementor-27062\" data-elementor-post-type=\"product\">\n\t\t\t\t<div class=\"elementor-element elementor-element-197026cb e-con-full e-flex e-con e-parent\" data-id=\"197026cb\" data-element_type=\"container\">\n\t\t\t\t<div class=\"elementor-element elementor-element-797dd6c3 elementor-widget elementor-widget-heading\" data-id=\"797dd6c3\" data-element_type=\"widget\" data-widget_type=\"heading.default\">\n\t\t\t\t<div class=\"elementor-widget-container\">\n\t\t\t\t\t<h2 class=\"elementor-heading-title elementor-size-default\">\u2193 RETROUVEZ LES MEILLEURS PRIX \u2193<\/h2>\t\t\t\t<\/div>\n\t\t\t\t<\/div>\n\t\t\t\t<div class=\"elementor-element elementor-element-6bc1707 elementor-widget-divider--view-line elementor-widget elementor-widget-divider\" data-id=\"6bc1707\" data-element_type=\"widget\" data-widget_type=\"divider.default\">\n\t\t\t\t<div class=\"elementor-widget-container\">\n\t\t\t\t\t\t\t<div class=\"elementor-divider\">\n\t\t\t<span class=\"elementor-divider-separator\">\n\t\t\t\t\t\t<\/span>\n\t\t<\/div>\n\t\t\t\t\t\t<\/div>\n\t\t\t\t<\/div>\n\t\t\t\t<div class=\"elementor-element elementor-element-21083bca elementor-grid-4 pp-coupon-button-icon-before pp-coupon-code-right elementor-grid-tablet-2 elementor-grid-mobile-1 pp-coupon-discount-left elementor-widget elementor-widget-pp-coupons\" data-id=\"21083bca\" data-element_type=\"widget\" data-settings=\"{&quot;coupon_style&quot;:&quot;reveal&quot;,&quot;layout&quot;:&quot;grid&quot;}\" data-widget_type=\"pp-coupons.default\">\n\t\t\t\t<div class=\"elementor-widget-container\">\n\t\t\t\t\t\t\t\t\t\t<div class=\"pp-coupons pp-coupons-grid\">\n\t\t\t\t<div class=\"elementor-grid pp-coupons-grid-wrapper\" data-query-type=\"custom\" data-layout=\"grid\" data-page=\"27062\" data-skin=\"21083bca\">\n\t\t\t\t\t\t\t\t<div class=\"pp-coupon elementor-grid-item\">\n\t\t\t\t\t\t\t\t\t<div class=\"pp-coupon-image-wrapper\">\n\t\t\t\t\t\t\t\t\t\t\t\t\t<div class=\"pp-coupon-discount\">\n\t\t\t\t\t\t\t\tRecommand\u00e9\t\t\t\t\t\t\t<\/div>\n\t\t\t\t\t\t\n\t\t\t\t\t\t\t\t\t\t\t\t\t<div class=\"pp-coupon-code pp-coupon-style-reveal\" data-coupon-code=\"NNNFRAGT\">\n\t\t\t\t\t\t\t\t\t\t\t\t\t\t\t\t<div class='pp-coupon-reveal-wrap'>\n\t\t\t\t<span class='pp-coupon-reveal'>\n\t\t\t\t\t\t\t<span class=\"pp-coupon-code-icon pp-icon\">\n\t\t\t\t\t\t\t<svg aria-hidden=\"true\" class=\"e-font-icon-svg e-fas-eye\" viewbox=\"0 0 576 512\" xmlns=\"http:\/\/www.w3.org\/2000\/svg\"><path d=\"M572.52 241.4C518.29 135.59 410.93 64 288 64S57.68 135.64 3.48 241.41a32.35 32.35 0 0 0 0 29.19C57.71 376.41 165.07 448 288 448s230.32-71.64 284.52-177.41a32.35 32.35 0 0 0 0-29.19zM288 400a144 144 0 1 1 144-144 143.93 143.93 0 0 1-144 144zm0-240a95.31 95.31 0 0 0-25.31 3.79 47.85 47.85 0 0 1-66.9 66.9A95.78 95.78 0 1 0 288 160z\"><\/path><\/svg>\t\t\t\t\t<\/span>\n\t\tVoir code\t\t\t\t<\/span>\n\t\t\t<\/div>\n\t\t\t<div class='pp-coupon-code-text-wrap pp-unreavel'>\n\t\t\t\t<span class='pp-coupon-code-text' id='pp-coupon-code-21083bca'>AGT<\/span>\n\t\t\t\t<span class='pp-coupon-copy-text'style='display: none;'><\/span>\n\t\t\t<\/div>\n\t\t\t\t\t\t\t\t\t<\/div>\n\t\t\t\t\t\t\n\t\t\t\t\t\t<img decoding=\"async\" src=\"https:\/\/france-coupon.fr\/wp-content\/uploads\/elementor\/thumbs\/boutik-logo-geekbuying-e1730919204203-r6ygk52li06e2b30ahtaqwnhtvgitsxv7i94lg4yq2.jpg\" alt=\"boutik-logo-geekbuying-e1730919204203\">\n\t\t\t\t\t<\/div>\n\t\t\t\t\t\t\t\t\t\n\t\t\t\t\t\t\t\t<div class=\"pp-coupon-content\">\n\t\t\t\t\t<div class=\"pp-coupon-title-wrap\">\n\t\t\t\t\t\t<div class=\"pp-coupon-title-container\" href=\"https:\/\/fr.geekbuying.com\/item\/Ausom-Gosoul-2-Trottinette-Electrique-800W-48V-13Ah-10004396.html?idev_id=2179&#038;utm_source=affiliate.geekbuying.com&#038;utm_medium=affiliate_2179&#038;utm_campaign=2179&#038;utm_content=2179&#038;utm_term=weed37&#038;utm_term=1772558669\" target=\"_blank\"><h4 class=\"pp-coupon-title\">429,00\u20ac<\/h4><\/div>\t\t\t\t\t<\/div>\n\n\t\t\t\t\t\n\t\t\t\t\t\t\t\t\t\t\t<hr class=\"pp-coupon-separator\">\n\t\t\t\t\t\n\t\t\t\t\t\t\t\t\t\t\t<div class=\"pp-coupon-button-wrap\">\n\t\t\t\t\t\t\t<a  href=\"https:\/\/fr.geekbuying.com\/item\/Ausom-Gosoul-2-Trottinette-Electrique-800W-48V-13Ah-10004396.html?idev_id=2179&#038;utm_source=affiliate.geekbuying.com&#038;utm_medium=affiliate_2179&#038;utm_campaign=2179&#038;utm_content=2179&#038;utm_term=weed37&#038;utm_term=1772558669\" target=\"_blank\">\n\t\t\t\t\t\t\t\t<div class=\"pp-coupon-button elementor-button elementor-size-sm\">\n\t\t\t\t\t\t\t\t\t\t\t\t<span class=\"pp-button-icon pp-icon\">\n\t\t\t\t<svg aria-hidden=\"true\" class=\"e-font-icon-svg e-fas-long-arrow-alt-right\" viewbox=\"0 0 448 512\" xmlns=\"http:\/\/www.w3.org\/2000\/svg\"><path d=\"M313.941 216H12c-6.627 0-12 5.373-12 12v56c0 6.627 5.373 12 12 12h301.941v46.059c0 21.382 25.851 32.09 40.971 16.971l86.059-86.059c9.373-9.373 9.373-24.569 0-33.941l-86.059-86.059c-15.119-15.119-40.971-4.411-40.971 16.971V216z\"><\/path><\/svg>\t\t\t<\/span>\n\t\t\t\t\t\t\t\t\t\t\t\t\t\t\t\t\t\t\t\t\t\t<span class=\"pp-button-text\">\n\t\t\t\t\t\t\t\t\t\t\tLien du produit\t\t\t\t\t\t\t\t\t\t<\/span>\n\t\t\t\t\t\t\t\t\t\t\t\t\t\t\t\t\t\t\t\t\t\t\t\t\t\t<\/div>\n\t\t\t\t\t\t\t<\/a>\n\t\t\t\t\t\t<\/div>\n\t\t\t\t\t\t\t\t\t\t\t\t\t\t<\/div>\n\t\t\t<\/div>\n\t\t\t\t\t\t\t<\/div>\n\t\t\t\t\t\t\t<\/div>\n\t\t\t\t\t\t\t<\/div>\n\t\t\t\t<\/div>\n\t\t\t\t<div class=\"elementor-element elementor-element-7e909432 elementor-widget-divider--view-line elementor-widget elementor-widget-divider\" data-id=\"7e909432\" data-element_type=\"widget\" data-widget_type=\"divider.default\">\n\t\t\t\t<div class=\"elementor-widget-container\">\n\t\t\t\t\t\t\t<div class=\"elementor-divider\">\n\t\t\t<span class=\"elementor-divider-separator\">\n\t\t\t\t\t\t<\/span>\n\t\t<\/div>\n\t\t\t\t\t\t<\/div>\n\t\t\t\t<\/div>\n\t\t<div class=\"elementor-element elementor-element-3ed52d36 e-grid e-con-full e-con e-child\" data-id=\"3ed52d36\" data-element_type=\"container\">\n\t\t\t\t<div class=\"elementor-element elementor-element-6228a420 elementor-widget elementor-widget-text-editor\" data-id=\"6228a420\" data-element_type=\"widget\" data-widget_type=\"text-editor.default\">\n\t\t\t\t<div class=\"elementor-widget-container\">\n\t\t\t\t\t\t\t\t\t<h5 style=\"text-align: center;\"><em><strong><span style=\"color: #0000ff;\">Comment utiliser<br \/>un coupon r\u00e9duction?<\/span><\/strong><\/em><\/h5><p><em><strong><span style=\"color: #0000ff;\">How to use a discount coupon?<\/span><\/strong><\/em><\/p>\t\t\t\t\t\t\t\t<\/div>\n\t\t\t\t<\/div>\n\t\t\t\t<div class=\"elementor-element elementor-element-2cec1e31 elementor-widget elementor-widget-video\" data-id=\"2cec1e31\" data-element_type=\"widget\" data-settings=\"{&quot;youtube_url&quot;:&quot;https:\\\/\\\/www.youtube.com\\\/watch?v=eNNzTLooBIE&quot;,&quot;video_type&quot;:&quot;youtube&quot;,&quot;controls&quot;:&quot;yes&quot;}\" data-widget_type=\"video.default\">\n\t\t\t\t<div class=\"elementor-widget-container\">\n\t\t\t\t\t\t\t<div class=\"elementor-wrapper elementor-open-inline\">\n\t\t\t<div class=\"elementor-video\"><\/div>\t\t<\/div>\n\t\t\t\t\t\t<\/div>\n\t\t\t\t<\/div>\n\t\t\t\t<div class=\"elementor-element elementor-element-bd48363 elementor-widget elementor-widget-text-editor\" data-id=\"bd48363\" data-element_type=\"widget\" data-widget_type=\"text-editor.default\">\n\t\t\t\t<div class=\"elementor-widget-container\">\n\t\t\t\t\t\t\t\t\t<p style=\"text-align: center;\">&#8221; Certains liens sont susceptibles d&#8217;\u00eatre affili\u00e9s. En tant que partenaire Amazon, je r\u00e9alise un b\u00e9n\u00e9fice sur les achats remplissant les conditions requises. &#8220;<\/p>\t\t\t\t\t\t\t\t<\/div>\n\t\t\t\t<\/div>\n\t\t\t\t<\/div>\n\t\t\t\t<\/div>\n\t\t<div class=\"elementor-element elementor-element-780f7530 e-flex e-con-boxed e-con e-parent\" data-id=\"780f7530\" data-element_type=\"container\">\n\t\t\t\t\t<div class=\"e-con-inner\">\n\t\t\t\t<div class=\"elementor-element elementor-element-740fc3ec elementor-widget elementor-widget-text-editor\" data-id=\"740fc3ec\" data-element_type=\"widget\" data-widget_type=\"text-editor.default\">\n\t\t\t\t<div class=\"elementor-widget-container\">\n\t\t\t\t\t\t\t\t\t<h3>Conduite urbaine fluide et stable<\/h3><p>L&#8217;Ausom Gosoul 2 est \u00e9quip\u00e9 d&#8217;une suspension \u00e0 bras oscillant ShocFree de pointe, sp\u00e9cialement con\u00e7ue pour les trajets urbains. Ce syst\u00e8me absorbe les chocs des nids-de-poule, des dos d&#8217;\u00e2ne, des routes de gravier et des surfaces irr\u00e9guli\u00e8res, assurant une stabilit\u00e9 optimale m\u00eame en virage. Associ\u00e9 \u00e0 des pneus tubeless de 10 pouces, le Gosoul 2 offre une adh\u00e9rence accrue et un roulement fluide, pour un confort digne d&#8217;un SUV au quotidien.<\/p><h3>Performances exceptionnelles pour la conduite en ville<\/h3><p>La trottinette \u00e9lectrique Ausom Gosoul 2 est \u00e9quip\u00e9e d&#8217;un moteur haute performance d\u00e9livrant une puissance maximale de 1 100 W et un couple de 26 Nm pour une acc\u00e9l\u00e9ration fluide et r\u00e9active. Elle se faufile ais\u00e9ment en ville, atteignant une vitesse de 45 km\/h et gravissant des pentes jusqu&#8217;\u00e0 20 %. Avec une capacit\u00e9 de charge maximale de 130 kg, la trottinette conserve une conduite souple et stable, m\u00eame charg\u00e9e, pour un confort et une ma\u00eetrise optimaux.<\/p><h3>Autonomie \u00e9tendue pour les trajets quotidiens<\/h3><p>Dot\u00e9 d&#8217;une batterie haute capacit\u00e9 de 624 Wh, le scooter \u00e9lectrique Gosoul 2 pour adultes offre une autonomie maximale de 70 km (44 miles) sur une seule charge. Con\u00e7u pour les longs trajets quotidiens, il r\u00e9duit la fr\u00e9quence de recharge tout en fournissant une puissance constante tout au long du trajet\u00a0: id\u00e9al pour les personnes qui privil\u00e9gient l&#8217;efficacit\u00e9 et la fiabilit\u00e9.<\/p><h3>Con\u00e7u pour un confort durable<\/h3><p>La trottinette \u00e9lectrique Gosoul 2 est dot\u00e9e d&#8217;un guidon ergonomique qui favorise une position de conduite naturelle, r\u00e9duisant ainsi la fatigue des bras et des poignets lors des longs trajets. Son plateau plus long et plus large (520 x 185 mm) offre un espace g\u00e9n\u00e9reux pour les pieds, assurant une meilleure r\u00e9partition du poids et un confort, une stabilit\u00e9 et un contr\u00f4le optimaux pour les d\u00e9placements quotidiens.<\/p><h3>Fonctions de s\u00e9curit\u00e9 compl\u00e8tes<\/h3><p>La trottinette \u00e9lectrique Gosoul 2 est \u00e9quip\u00e9e de freins \u00e0 disque avant et arri\u00e8re associ\u00e9s \u00e0 la technologie E-ABS, offrant un freinage stable et pr\u00e9cis tout en pr\u00e9venant le blocage des roues et en assurant une bonne tenue de route. Pour une protection antivol optimale, la Gosoul 2 dispose d&#8217;un double syst\u00e8me de d\u00e9verrouillage NFC et par code, garantissant s\u00e9curit\u00e9 et tranquillit\u00e9 d&#8217;esprit au quotidien. Enfin, pour une s\u00e9curit\u00e9 accrue, la trottinette est dot\u00e9e d&#8217;un syst\u00e8me d&#8217;\u00e9clairage complet comprenant un phare avant puissant, un feu arri\u00e8re et des clignotants, am\u00e9liorant la visibilit\u00e9 et la s\u00e9curit\u00e9 lors des trajets nocturnes ou par faible luminosit\u00e9.<\/p><p><img decoding=\"async\" class=\"lazy_img\" src=\"https:\/\/img.gkbcdn.com\/d\/202603\/e339b764-8f64-40c6-97c3-49fa882841f0._p1_.jpg\" alt=\"Ausom Gosoul 2 Trotinette \u00c9lectrique, Moteur 800W, Batterie 48V 13Ah, Pneus de 10 pouces, Vitesse Maximale 20 km\/h, Port\u00e9e 70 km, Freins \u00e0 Disques Avant et Arri\u00e8re, Suspension Avant Double, D\u00e9verrouillage NFC\" data-original=\"\/\/img.gkbcdn.com\/d\/202603\/e339b764-8f64-40c6-97c3-49fa882841f0._p1_.jpg\" \/><img decoding=\"async\" class=\"lazy_img\" src=\"https:\/\/img.gkbcdn.com\/d\/202603\/1159f34f-d5db-4f38-977e-0c177e940e37._p1_.png\" alt=\"Ausom Gosoul 2 Trotinette \u00c9lectrique, Moteur 800W, Batterie 48V 13Ah, Pneus de 10 pouces, Vitesse Maximale 45 km\/h, Port\u00e9e 70 km, Freins \u00e0 Disques Avant et Arri\u00e8re, Suspension Avant Double, D\u00e9verrouillage NFC\" data-original=\"\/\/img.gkbcdn.com\/d\/202603\/1159f34f-d5db-4f38-977e-0c177e940e37._p1_.png\" \/><img decoding=\"async\" class=\"lazy_img\" src=\"https:\/\/img.gkbcdn.com\/d\/202603\/b8d23ecd-1488-4364-a921-d11ab2353b6f._p1_.jpg\" alt=\"Ausom Gosoul 2 Trotinette \u00c9lectrique, Moteur 800W, Batterie 48V 13Ah, Pneus de 10 pouces, Vitesse Maximale 20 km\/h, Port\u00e9e 70 km, Freins \u00e0 Disques Avant et Arri\u00e8re, Suspension Avant Double, D\u00e9verrouillage NFC\" data-original=\"\/\/img.gkbcdn.com\/d\/202603\/b8d23ecd-1488-4364-a921-d11ab2353b6f._p1_.jpg\" \/><img fetchpriority=\"high\" decoding=\"async\" class=\"lazy_img\" src=\"https:\/\/img.gkbcdn.com\/d\/202603\/5f94d172-f95f-42c4-b4cc-f981b0cb25a5._p1_.png\" alt=\"Ausom Gosoul 2 Trotinette \u00c9lectrique, Moteur 800W, Batterie 48V 13Ah, Pneus de 10 pouces, Vitesse Maximale 45 km\/h, Port\u00e9e 70 km, Freins \u00e0 Disques Avant et Arri\u00e8re, Suspension Avant Double, D\u00e9verrouillage NFC\" width=\"1000\" height=\"1000\" data-original=\"\/\/img.gkbcdn.com\/d\/202603\/5f94d172-f95f-42c4-b4cc-f981b0cb25a5._p1_.png\" \/><img decoding=\"async\" class=\"lazy_img\" src=\"https:\/\/img.gkbcdn.com\/d\/202603\/a5e4ce7d-17dc-4a15-9e8f-945e67b8aba1._p1_.jpg\" alt=\"Ausom Gosoul 2 Trotinette \u00c9lectrique, Moteur 800W, Batterie 48V 13Ah, Pneus de 10 pouces, Vitesse Maximale 20 km\/h, Port\u00e9e 70 km, Freins \u00e0 Disques Avant et Arri\u00e8re, Suspension Avant Double, D\u00e9verrouillage NFC\" data-original=\"\/\/img.gkbcdn.com\/d\/202603\/a5e4ce7d-17dc-4a15-9e8f-945e67b8aba1._p1_.jpg\" \/><img decoding=\"async\" class=\"lazy_img\" src=\"https:\/\/img.gkbcdn.com\/d\/202603\/bfc0dc2d-722c-4993-bc1b-6ef7f71d80ba._p1_.jpg\" alt=\"Ausom Gosoul 2 Trotinette \u00c9lectrique, Moteur 800W, Batterie 48V 13Ah, Pneus de 10 pouces, Vitesse Maximale 20 km\/h, Port\u00e9e 70 km, Freins \u00e0 Disques Avant et Arri\u00e8re, Suspension Avant Double, D\u00e9verrouillage NFC\" data-original=\"\/\/img.gkbcdn.com\/d\/202603\/bfc0dc2d-722c-4993-bc1b-6ef7f71d80ba._p1_.jpg\" \/><img decoding=\"async\" class=\"lazy_img\" src=\"https:\/\/img.gkbcdn.com\/d\/202603\/bf4b23d4-a90c-4528-aee7-b4f678d0fadc._p1_.jpg\" alt=\"Ausom Gosoul 2 Trotinette \u00c9lectrique, Moteur 800W, Batterie 48V 13Ah, Pneus de 10 pouces, Vitesse Maximale 20 km\/h, Port\u00e9e 70 km, Freins \u00e0 Disques Avant et Arri\u00e8re, Suspension Avant Double, D\u00e9verrouillage NFC\" data-original=\"\/\/img.gkbcdn.com\/d\/202603\/bf4b23d4-a90c-4528-aee7-b4f678d0fadc._p1_.jpg\" \/><img decoding=\"async\" class=\"lazy_img\" src=\"https:\/\/img.gkbcdn.com\/d\/202603\/96e9835d-2832-4b87-9501-0cc91d9c4c88._p1_.jpg\" alt=\"Ausom Gosoul 2 Trotinette \u00c9lectrique, Moteur 800W, Batterie 48V 13Ah, Pneus de 10 pouces, Vitesse Maximale 20 km\/h, Port\u00e9e 70 km, Freins \u00e0 Disques Avant et Arri\u00e8re, Suspension Avant Double, D\u00e9verrouillage NFC\" data-original=\"\/\/img.gkbcdn.com\/d\/202603\/96e9835d-2832-4b87-9501-0cc91d9c4c88._p1_.jpg\" \/><img decoding=\"async\" class=\"lazy_img\" src=\"https:\/\/img.gkbcdn.com\/d\/202603\/6c61393e-7f4f-4b45-9377-96e8b26229a3._p1_.jpg\" alt=\"Ausom Gosoul 2 Trotinette \u00c9lectrique, Moteur 800W, Batterie 48V 13Ah, Pneus de 10 pouces, Vitesse Maximale 20 km\/h, Port\u00e9e 70 km, Freins \u00e0 Disques Avant et Arri\u00e8re, Suspension Avant Double, D\u00e9verrouillage NFC\" data-original=\"\/\/img.gkbcdn.com\/d\/202603\/6c61393e-7f4f-4b45-9377-96e8b26229a3._p1_.jpg\" \/><img decoding=\"async\" class=\"lazy_img\" src=\"https:\/\/img.gkbcdn.com\/d\/202603\/60b0484e-9fc3-42a8-9baf-ad8ec1e6760b._p1_.jpg\" alt=\"Ausom Gosoul 2 Trotinette \u00c9lectrique, Moteur 800W, Batterie 48V 13Ah, Pneus de 10 pouces, Vitesse Maximale 20 km\/h, Port\u00e9e 70 km, Freins \u00e0 Disques Avant et Arri\u00e8re, Suspension Avant Double, D\u00e9verrouillage NFC\" data-original=\"\/\/img.gkbcdn.com\/d\/202603\/60b0484e-9fc3-42a8-9baf-ad8ec1e6760b._p1_.jpg\" \/><img decoding=\"async\" class=\"lazy_img\" src=\"https:\/\/img.gkbcdn.com\/d\/202603\/21948376-97ee-4793-a984-ed904850374b._p1_.jpg\" alt=\"Ausom Gosoul 2 Trotinette \u00c9lectrique, Moteur 800W, Batterie 48V 13Ah, Pneus de 10 pouces, Vitesse Maximale 20 km\/h, Port\u00e9e 70 km, Freins \u00e0 Disques Avant et Arri\u00e8re, Suspension Avant Double, D\u00e9verrouillage NFC\" data-original=\"\/\/img.gkbcdn.com\/d\/202603\/21948376-97ee-4793-a984-ed904850374b._p1_.jpg\" \/><img decoding=\"async\" class=\"lazy_img\" src=\"https:\/\/img.gkbcdn.com\/d\/202603\/c5a67c5a-d069-4353-8373-e0696f2fc3f5._p1_.jpg\" alt=\"Ausom Gosoul 2 Trotinette \u00c9lectrique, Moteur 800W, Batterie 48V 13Ah, Pneus de 10 pouces, Vitesse Maximale 20 km\/h, Port\u00e9e 70 km, Freins \u00e0 Disques Avant et Arri\u00e8re, Suspension Avant Double, D\u00e9verrouillage NFC\" data-original=\"\/\/img.gkbcdn.com\/d\/202603\/c5a67c5a-d069-4353-8373-e0696f2fc3f5._p1_.jpg\" \/><img decoding=\"async\" class=\"lazy_img\" src=\"https:\/\/img.gkbcdn.com\/d\/202603\/7941bdf4-06b0-42b5-9415-2d013ffa8667._p1_.jpg\" alt=\"Ausom Gosoul 2 Trotinette \u00c9lectrique, Moteur 800W, Batterie 48V 13Ah, Pneus de 10 pouces, Vitesse Maximale 20 km\/h, Port\u00e9e 70 km, Freins \u00e0 Disques Avant et Arri\u00e8re, Suspension Avant Double, D\u00e9verrouillage NFC\" data-original=\"\/\/img.gkbcdn.com\/d\/202603\/7941bdf4-06b0-42b5-9415-2d013ffa8667._p1_.jpg\" \/><img decoding=\"async\" class=\"lazy_img\" src=\"https:\/\/img.gkbcdn.com\/d\/202603\/3b44d70f-2890-4aaf-8d67-c53c71332541._p1_.jpg\" alt=\"Ausom Gosoul 2 Trotinette \u00c9lectrique, Moteur 800W, Batterie 48V 13Ah, Pneus de 10 pouces, Vitesse Maximale 20 km\/h, Port\u00e9e 70 km, Freins \u00e0 Disques Avant et Arri\u00e8re, Suspension Avant Double, D\u00e9verrouillage NFC\" data-original=\"\/\/img.gkbcdn.com\/d\/202603\/3b44d70f-2890-4aaf-8d67-c53c71332541._p1_.jpg\" \/><img decoding=\"async\" class=\"lazy_img\" src=\"https:\/\/img.gkbcdn.com\/d\/202603\/7eb3011a-8b3a-4813-a2af-b000f5d55757._p1_.jpg\" alt=\"Ausom Gosoul 2 Trotinette \u00c9lectrique, Moteur 800W, Batterie 48V 13Ah, Pneus de 10 pouces, Vitesse Maximale 20 km\/h, Port\u00e9e 70 km, Freins \u00e0 Disques Avant et Arri\u00e8re, Suspension Avant Double, D\u00e9verrouillage NFC\" data-original=\"\/\/img.gkbcdn.com\/d\/202603\/7eb3011a-8b3a-4813-a2af-b000f5d55757._p1_.jpg\" \/><\/p><h2>Sp\u00e9cification<\/h2><table class=\"jbEidtTable\" border=\"1\" cellspacing=\"0\" cellpadding=\"5\"><tbody><tr><td>Marque<\/td><td>Ausom<\/td><\/tr><tr><td>Taper<\/td><td>Trottinette \u00e9lectrique<\/td><\/tr><tr><td>Mod\u00e8le<\/td><td>Gosoul 2<\/td><\/tr><tr><td>Couleur<\/td><td>Gris fonc\u00e9<\/td><\/tr><tr><td>Longueur du guidon<\/td><td>720 mm<\/td><\/tr><tr><td>Guidon au sol<\/td><td>1360 mm<\/td><\/tr><tr><td>Pied de lit jusqu&#8217;au sol<\/td><td>150 mm (\u00e0 partir du bas), 230 mm (\u00e0 partir du haut)<\/td><\/tr><tr><td>Dimensions du pied de lit<\/td><td>520 x 185 mm<\/td><\/tr><tr><td>Tailles recommand\u00e9es pour les cyclistes<\/td><td>150-200 cm<\/td><\/tr><tr><td>Mont\u00e9e<\/td><td>20%<\/td><\/tr><tr><td>Charge maximale<\/td><td>130 kg<\/td><\/tr><tr><td>Niveau d&#8217;\u00e9tanch\u00e9it\u00e9<\/td><td>IP54<\/td><\/tr><tr><td>Mat\u00e9riau du cadre<\/td><td>STL<\/td><\/tr><tr><td>Port\u00e9e maximale<\/td><td>70 km<\/td><\/tr><tr><td>Niveau de vitesse<\/td><td>20\/33\/45 km\/h<\/td><\/tr><tr><td>Syst\u00e8me de freinage<\/td><td>ABS \u00e9lectronique + Freins \u00e0 disque avant et arri\u00e8re<\/td><\/tr><tr><td>Tension nominale du moteur<\/td><td>48V<\/td><\/tr><tr><td>Puissance maximale du moteur<\/td><td>1100W<\/td><\/tr><tr><td>Couple de sortie maximal du moteur<\/td><td>26 Nm<\/td><\/tr><tr><td>Capacit\u00e9 et tension de la batterie<\/td><td>13 Ah, 48 V<\/td><\/tr><tr><td>Capacit\u00e9 de la batterie<\/td><td>624 Wh<\/td><\/tr><tr><td>Temps de charge de la batterie<\/td><td>6,5 h<\/td><\/tr><tr><td>Syst\u00e8me de protection de la batterie<\/td><td>Oui<\/td><\/tr><tr><td>Entr\u00e9e du chargeur<\/td><td>200-240 V, 2 A<\/td><\/tr><tr><td>Sortie du chargeur<\/td><td>54,6 V, 2 A<\/td><\/tr><tr><td>Taille des pneus<\/td><td>10&#8243;\u00d72,5&#8243;<\/td><\/tr><tr><td>Type de pneu<\/td><td>Pneus en caoutchouc sans chambre \u00e0 air<\/td><\/tr><tr><td>Pression optimale des pneus<\/td><td>44-50 PSI<\/td><\/tr><tr><td>Type d&#8217;affichage<\/td><td>LCD<\/td><\/tr><tr><td>Taille de l&#8217;\u00e9cran<\/td><td>4,5 pouces<\/td><\/tr><tr><td>Affichage NFC<\/td><td>Oui<\/td><\/tr><tr><td>Conditions d&#8217;essai de port\u00e9e maximale<\/td><td>Le laboratoire Ausom a atteint une autonomie maximale dans les conditions suivantes : batterie enti\u00e8rement charg\u00e9e ; pression optimale des pneus ; charge de 75 kg ; vitesse constante de 15 km\/h ; temp\u00e9rature de 20 \u00e0 25 \u00b0C ; vitesse du vent inf\u00e9rieure \u00e0 3 m\/s ; routes en asphalte\/b\u00e9ton s\u00e8ches, durcies, plates et sans pente ; et un parcours de circulation sup\u00e9rieur \u00e0 1 km pour assurer une collecte de donn\u00e9es compl\u00e8te.<\/td><\/tr><tr><td>Poids du produit<\/td><td>27,9 kg<\/td><\/tr><tr><td>Poids du colis<\/td><td>32,2 kg<\/td><\/tr><tr><td>Dimensions du produit (d\u00e9pli\u00e9)<\/td><td>1245\u00d7720\u00d71360mm<\/td><\/tr><tr><td>Dimensions du produit (pli\u00e9)<\/td><td>1245\u00d7720\u00d7540mm<\/td><\/tr><tr><td>Dimensions de l&#8217;emballage (L x l x H)<\/td><td>1280\u00d7215\u00d7590 mm<\/td><\/tr><tr><td>Contenu de l&#8217;emballage<\/td><td>1 x Trottinette \u00e9lectrique<br \/>1 x Manuel d&#8217;utilisation<br \/>1 x Chargeur<br \/>1 x Cl\u00e9 Allen de 2,5 mm<br \/>1 x Cl\u00e9 Allen de 3 mm<br \/>1 x Cl\u00e9 Allen de 4 mm<br \/>1 x Gants<br \/>3 x Cartes NFC<\/td><\/tr><\/tbody><\/table>\t\t\t\t\t\t\t\t<\/div>\n\t\t\t\t<\/div>\n\t\t\t\t\t<\/div>\n\t\t\t\t<\/div>\n\t\t\t\t<\/div>","protected":false},"excerpt":{"rendered":"<p>Trotinette \u00c9lectrique, Moteur 800W, Batterie 48V 13Ah, Pneus de 10 pouces, Vitesse Maximale 45 km\/h, Port\u00e9e 70 km, Freins \u00e0 Disques Avant et Arri\u00e8re, Suspension Avant Double, D\u00e9verrouillage NFC&#8230;<\/p>","protected":false},"featured_media":27063,"comment_status":"closed","ping_status":"closed","template":"","meta":{"om_disable_all_campaigns":false,"_monsterinsights_skip_tracking":false,"_monsterinsights_sitenote_active":false,"_monsterinsights_sitenote_note":"","_monsterinsights_sitenote_category":0},"product_brand":[],"product_cat":[1823,1835],"product_tag":[1290,1492,1854,1127,1987,1828,1829,2357,1114,1836,1837],"class_list":{"0":"post-27062","1":"product","2":"type-product","3":"status-publish","4":"has-post-thumbnail","6":"product_cat-sport-loisirs","7":"product_cat-trottinette","8":"product_tag-10pouces","9":"product_tag-1492","10":"product_tag-48v","11":"product_tag-800w","12":"product_tag-ausom","13":"product_tag-electric","14":"product_tag-electrique","15":"product_tag-gosoul","16":"product_tag-max","17":"product_tag-scooter","18":"product_tag-trotinette","20":"first","21":"instock","22":"sale","23":"shipping-taxable","24":"product-type-external"},"aioseo_notices":[],"jetpack_sharing_enabled":true,"_links":{"self":[{"href":"https:\/\/france-coupon.fr\/en\/wp-json\/wp\/v2\/product\/27062","targetHints":{"allow":["GET"]}}],"collection":[{"href":"https:\/\/france-coupon.fr\/en\/wp-json\/wp\/v2\/product"}],"about":[{"href":"https:\/\/france-coupon.fr\/en\/wp-json\/wp\/v2\/types\/product"}],"replies":[{"embeddable":true,"href":"https:\/\/france-coupon.fr\/en\/wp-json\/wp\/v2\/comments?post=27062"}],"version-history":[{"count":0,"href":"https:\/\/france-coupon.fr\/en\/wp-json\/wp\/v2\/product\/27062\/revisions"}],"wp:featuredmedia":[{"embeddable":true,"href":"https:\/\/france-coupon.fr\/en\/wp-json\/wp\/v2\/media\/27063"}],"wp:attachment":[{"href":"https:\/\/france-coupon.fr\/en\/wp-json\/wp\/v2\/media?parent=27062"}],"wp:term":[{"taxonomy":"product_brand","embeddable":true,"href":"https:\/\/france-coupon.fr\/en\/wp-json\/wp\/v2\/product_brand?post=27062"},{"taxonomy":"product_cat","embeddable":true,"href":"https:\/\/france-coupon.fr\/en\/wp-json\/wp\/v2\/product_cat?post=27062"},{"taxonomy":"product_tag","embeddable":true,"href":"https:\/\/france-coupon.fr\/en\/wp-json\/wp\/v2\/product_tag?post=27062"}],"curies":[{"name":"wp","href":"https:\/\/api.w.org\/{rel}","templated":true}]}}