{"id":27168,"date":"2026-03-24T10:14:38","date_gmt":"2026-03-24T09:14:38","guid":{"rendered":"https:\/\/france-coupon.fr\/?post_type=product&#038;p=27168"},"modified":"2026-03-24T20:44:48","modified_gmt":"2026-03-24T19:44:48","slug":"necespow-s2400-2400w","status":"publish","type":"product","link":"https:\/\/france-coupon.fr\/en\/product\/necespow-s2400-2400w\/","title":{"rendered":"Necespow S2400 &#8211; 2400w"},"content":{"rendered":"<div data-elementor-type=\"product-post\" data-elementor-id=\"27168\" class=\"elementor elementor-27168\" data-elementor-post-type=\"product\">\n\t\t\t\t<div class=\"elementor-element elementor-element-76b13411 e-con-full e-flex e-con e-parent\" data-id=\"76b13411\" data-element_type=\"container\">\n\t\t\t\t<div class=\"elementor-element elementor-element-36109208 elementor-widget elementor-widget-heading\" data-id=\"36109208\" data-element_type=\"widget\" data-widget_type=\"heading.default\">\n\t\t\t\t<div class=\"elementor-widget-container\">\n\t\t\t\t\t<h2 class=\"elementor-heading-title elementor-size-default\">\u2193 RETROUVEZ LES MEILLEURS PRIX \u2193<\/h2>\t\t\t\t<\/div>\n\t\t\t\t<\/div>\n\t\t\t\t<div class=\"elementor-element elementor-element-4e31e406 elementor-widget-divider--view-line elementor-widget elementor-widget-divider\" data-id=\"4e31e406\" data-element_type=\"widget\" data-widget_type=\"divider.default\">\n\t\t\t\t<div class=\"elementor-widget-container\">\n\t\t\t\t\t\t\t<div class=\"elementor-divider\">\n\t\t\t<span class=\"elementor-divider-separator\">\n\t\t\t\t\t\t<\/span>\n\t\t<\/div>\n\t\t\t\t\t\t<\/div>\n\t\t\t\t<\/div>\n\t\t\t\t<div class=\"elementor-element elementor-element-65f14511 elementor-grid-4 pp-coupon-button-icon-before pp-coupon-code-right elementor-grid-tablet-2 elementor-grid-mobile-1 pp-coupon-discount-left elementor-widget elementor-widget-pp-coupons\" data-id=\"65f14511\" data-element_type=\"widget\" data-settings=\"{&quot;coupon_style&quot;:&quot;reveal&quot;,&quot;layout&quot;:&quot;grid&quot;}\" data-widget_type=\"pp-coupons.default\">\n\t\t\t\t<div class=\"elementor-widget-container\">\n\t\t\t\t\t\t\t\t\t\t<div class=\"pp-coupons pp-coupons-grid\">\n\t\t\t\t<div class=\"elementor-grid pp-coupons-grid-wrapper\" data-query-type=\"custom\" data-layout=\"grid\" data-page=\"27168\" data-skin=\"65f14511\">\n\t\t\t\t\t\t\t\t<div class=\"pp-coupon elementor-grid-item\">\n\t\t\t\t\t\t\t\t\t<div class=\"pp-coupon-image-wrapper\">\n\t\t\t\t\t\t\n\t\t\t\t\t\t\n\t\t\t\t\t\t<img decoding=\"async\" src=\"https:\/\/france-coupon.fr\/wp-content\/uploads\/elementor\/thumbs\/boutik-logo-amazon-r4n51ylya8ppqp82dlqc6u0q0lvkz968dc9xkye3t6.jpg\" alt=\"boutik logo amazon\">\n\t\t\t\t\t<\/div>\n\t\t\t\t\t\t\t\t\t\n\t\t\t\t\t\t\t\t<div class=\"pp-coupon-content\">\n\t\t\t\t\t<div class=\"pp-coupon-title-wrap\">\n\t\t\t\t\t\t<div class=\"pp-coupon-title-container\" href=\"https:\/\/amzn.to\/4bFDGqn\" target=\"_blank\"><h4 class=\"pp-coupon-title\">699,00\u20ac<\/h4><\/div>\t\t\t\t\t<\/div>\n\n\t\t\t\t\t\n\t\t\t\t\t\t\t\t\t\t\t<hr class=\"pp-coupon-separator\">\n\t\t\t\t\t\n\t\t\t\t\t\t\t\t\t\t\t<div class=\"pp-coupon-button-wrap\">\n\t\t\t\t\t\t\t<a  href=\"https:\/\/amzn.to\/4bFDGqn\" target=\"_blank\">\n\t\t\t\t\t\t\t\t<div class=\"pp-coupon-button elementor-button elementor-size-sm\">\n\t\t\t\t\t\t\t\t\t\t\t\t<span class=\"pp-button-icon pp-icon\">\n\t\t\t\t<svg aria-hidden=\"true\" class=\"e-font-icon-svg e-fas-long-arrow-alt-right\" viewbox=\"0 0 448 512\" xmlns=\"http:\/\/www.w3.org\/2000\/svg\"><path d=\"M313.941 216H12c-6.627 0-12 5.373-12 12v56c0 6.627 5.373 12 12 12h301.941v46.059c0 21.382 25.851 32.09 40.971 16.971l86.059-86.059c9.373-9.373 9.373-24.569 0-33.941l-86.059-86.059c-15.119-15.119-40.971-4.411-40.971 16.971V216z\"><\/path><\/svg>\t\t\t<\/span>\n\t\t\t\t\t\t\t\t\t\t\t\t\t\t\t\t\t\t\t\t\t\t<span class=\"pp-button-text\">\n\t\t\t\t\t\t\t\t\t\t\tLien du produit\t\t\t\t\t\t\t\t\t\t<\/span>\n\t\t\t\t\t\t\t\t\t\t\t\t\t\t\t\t\t\t\t\t\t\t\t\t\t\t<\/div>\n\t\t\t\t\t\t\t<\/a>\n\t\t\t\t\t\t<\/div>\n\t\t\t\t\t\t\t\t\t\t\t\t\t\t<\/div>\n\t\t\t<\/div>\n\t\t\t\t\t\t<div class=\"pp-coupon elementor-grid-item\">\n\t\t\t\t\t\t\t\t\t<div class=\"pp-coupon-image-wrapper\">\n\t\t\t\t\t\t\t\t\t\t\t\t\t<div class=\"pp-coupon-discount\">\n\t\t\t\t\t\t\t\tRecommand\u00e9\t\t\t\t\t\t\t<\/div>\n\t\t\t\t\t\t\n\t\t\t\t\t\t\t\t\t\t\t\t\t<div class=\"pp-coupon-code pp-coupon-style-reveal\" data-coupon-code=\"NNNFRNS24\">\n\t\t\t\t\t\t\t\t\t\t\t\t\t\t\t\t<div class='pp-coupon-reveal-wrap'>\n\t\t\t\t<span class='pp-coupon-reveal'>\n\t\t\t\t\t\t\t<span class=\"pp-coupon-code-icon pp-icon\">\n\t\t\t\t\t\t\t<svg aria-hidden=\"true\" class=\"e-font-icon-svg e-fas-eye\" viewbox=\"0 0 576 512\" xmlns=\"http:\/\/www.w3.org\/2000\/svg\"><path d=\"M572.52 241.4C518.29 135.59 410.93 64 288 64S57.68 135.64 3.48 241.41a32.35 32.35 0 0 0 0 29.19C57.71 376.41 165.07 448 288 448s230.32-71.64 284.52-177.41a32.35 32.35 0 0 0 0-29.19zM288 400a144 144 0 1 1 144-144 143.93 143.93 0 0 1-144 144zm0-240a95.31 95.31 0 0 0-25.31 3.79 47.85 47.85 0 0 1-66.9 66.9A95.78 95.78 0 1 0 288 160z\"><\/path><\/svg>\t\t\t\t\t<\/span>\n\t\tVoir code\t\t\t\t<\/span>\n\t\t\t<\/div>\n\t\t\t<div class='pp-coupon-code-text-wrap pp-unreavel'>\n\t\t\t\t<span class='pp-coupon-code-text' id='pp-coupon-code-65f14511'>S24<\/span>\n\t\t\t\t<span class='pp-coupon-copy-text'style='display: none;'><\/span>\n\t\t\t<\/div>\n\t\t\t\t\t\t\t\t\t<\/div>\n\t\t\t\t\t\t\n\t\t\t\t\t\t<img decoding=\"async\" src=\"https:\/\/france-coupon.fr\/wp-content\/uploads\/elementor\/thumbs\/boutik-logo-geekbuying-e1730919204203-r6ygk52li06e2b30ahtaqwnhtvgitsxv7i94lg4yq2.jpg\" alt=\"boutik-logo-geekbuying-e1730919204203\">\n\t\t\t\t\t<\/div>\n\t\t\t\t\t\t\t\t\t\n\t\t\t\t\t\t\t\t<div class=\"pp-coupon-content\">\n\t\t\t\t\t<div class=\"pp-coupon-title-wrap\">\n\t\t\t\t\t\t<div class=\"pp-coupon-title-container\" href=\"https:\/\/fr.geekbuying.com\/item\/NECESPOW-S2400-2400W-2048Wh-Station-d-alimentation-portable-10004284.html?idev_id=2179&#038;utm_source=affiliate.geekbuying.com&#038;utm_medium=affiliate_2179&#038;utm_campaign=2179&#038;utm_content=2179&#038;utm_term=weed37&#038;utm_term=1773342841\" target=\"_blank\"><h4 class=\"pp-coupon-title\">549,00\u20ac<\/h4><\/div>\t\t\t\t\t<\/div>\n\n\t\t\t\t\t\n\t\t\t\t\t\t\t\t\t\t\t<hr class=\"pp-coupon-separator\">\n\t\t\t\t\t\n\t\t\t\t\t\t\t\t\t\t\t<div class=\"pp-coupon-button-wrap\">\n\t\t\t\t\t\t\t<a  href=\"https:\/\/fr.geekbuying.com\/item\/NECESPOW-S2400-2400W-2048Wh-Station-d-alimentation-portable-10004284.html?idev_id=2179&#038;utm_source=affiliate.geekbuying.com&#038;utm_medium=affiliate_2179&#038;utm_campaign=2179&#038;utm_content=2179&#038;utm_term=weed37&#038;utm_term=1773342841\" target=\"_blank\">\n\t\t\t\t\t\t\t\t<div class=\"pp-coupon-button elementor-button elementor-size-sm\">\n\t\t\t\t\t\t\t\t\t\t\t\t<span class=\"pp-button-icon pp-icon\">\n\t\t\t\t<svg aria-hidden=\"true\" class=\"e-font-icon-svg e-fas-long-arrow-alt-right\" viewbox=\"0 0 448 512\" xmlns=\"http:\/\/www.w3.org\/2000\/svg\"><path d=\"M313.941 216H12c-6.627 0-12 5.373-12 12v56c0 6.627 5.373 12 12 12h301.941v46.059c0 21.382 25.851 32.09 40.971 16.971l86.059-86.059c9.373-9.373 9.373-24.569 0-33.941l-86.059-86.059c-15.119-15.119-40.971-4.411-40.971 16.971V216z\"><\/path><\/svg>\t\t\t<\/span>\n\t\t\t\t\t\t\t\t\t\t\t\t\t\t\t\t\t\t\t\t\t\t<span class=\"pp-button-text\">\n\t\t\t\t\t\t\t\t\t\t\tLien du produit\t\t\t\t\t\t\t\t\t\t<\/span>\n\t\t\t\t\t\t\t\t\t\t\t\t\t\t\t\t\t\t\t\t\t\t\t\t\t\t<\/div>\n\t\t\t\t\t\t\t<\/a>\n\t\t\t\t\t\t<\/div>\n\t\t\t\t\t\t\t\t\t\t\t\t\t\t<\/div>\n\t\t\t<\/div>\n\t\t\t\t\t\t\t<\/div>\n\t\t\t\t\t\t\t<\/div>\n\t\t\t\t\t\t\t<\/div>\n\t\t\t\t<\/div>\n\t\t\t\t<div class=\"elementor-element elementor-element-c2200b7 elementor-widget-divider--view-line elementor-widget elementor-widget-divider\" data-id=\"c2200b7\" data-element_type=\"widget\" data-widget_type=\"divider.default\">\n\t\t\t\t<div class=\"elementor-widget-container\">\n\t\t\t\t\t\t\t<div class=\"elementor-divider\">\n\t\t\t<span class=\"elementor-divider-separator\">\n\t\t\t\t\t\t<\/span>\n\t\t<\/div>\n\t\t\t\t\t\t<\/div>\n\t\t\t\t<\/div>\n\t\t<div class=\"elementor-element elementor-element-2b1ddac5 e-grid e-con-full e-con e-child\" data-id=\"2b1ddac5\" data-element_type=\"container\">\n\t\t\t\t<div class=\"elementor-element elementor-element-6f02d1ef elementor-widget elementor-widget-text-editor\" data-id=\"6f02d1ef\" data-element_type=\"widget\" data-widget_type=\"text-editor.default\">\n\t\t\t\t<div class=\"elementor-widget-container\">\n\t\t\t\t\t\t\t\t\t<h5 style=\"text-align: center;\"><em><strong><span style=\"color: #0000ff;\">Comment utiliser<br \/>un coupon r\u00e9duction?<\/span><\/strong><\/em><\/h5><p><em><strong><span style=\"color: #0000ff;\">How to use a discount coupon?<\/span><\/strong><\/em><\/p>\t\t\t\t\t\t\t\t<\/div>\n\t\t\t\t<\/div>\n\t\t\t\t<div class=\"elementor-element elementor-element-a92925e elementor-widget elementor-widget-video\" data-id=\"a92925e\" data-element_type=\"widget\" data-settings=\"{&quot;youtube_url&quot;:&quot;https:\\\/\\\/www.youtube.com\\\/watch?v=eNNzTLooBIE&quot;,&quot;video_type&quot;:&quot;youtube&quot;,&quot;controls&quot;:&quot;yes&quot;}\" data-widget_type=\"video.default\">\n\t\t\t\t<div class=\"elementor-widget-container\">\n\t\t\t\t\t\t\t<div class=\"elementor-wrapper elementor-open-inline\">\n\t\t\t<div class=\"elementor-video\"><\/div>\t\t<\/div>\n\t\t\t\t\t\t<\/div>\n\t\t\t\t<\/div>\n\t\t\t\t<div class=\"elementor-element elementor-element-46ebc34 elementor-widget elementor-widget-text-editor\" data-id=\"46ebc34\" data-element_type=\"widget\" data-widget_type=\"text-editor.default\">\n\t\t\t\t<div class=\"elementor-widget-container\">\n\t\t\t\t\t\t\t\t\t<p style=\"text-align: center;\">&#8221; Certains liens sont susceptibles d&#8217;\u00eatre affili\u00e9s. En tant que partenaire Amazon, je r\u00e9alise un b\u00e9n\u00e9fice sur les achats remplissant les conditions requises. &#8220;<\/p>\t\t\t\t\t\t\t\t<\/div>\n\t\t\t\t<\/div>\n\t\t\t\t<\/div>\n\t\t\t\t<\/div>\n\t\t<div class=\"elementor-element elementor-element-4783af1d e-flex e-con-boxed e-con e-parent\" data-id=\"4783af1d\" data-element_type=\"container\">\n\t\t\t\t\t<div class=\"e-con-inner\">\n\t\t\t\t<div class=\"elementor-element elementor-element-5bb960d4 elementor-widget elementor-widget-text-editor\" data-id=\"5bb960d4\" data-element_type=\"widget\" data-widget_type=\"text-editor.default\">\n\t\t\t\t<div class=\"elementor-widget-container\">\n\t\t\t\t\t\t\t\t\t<h3>Stockage d&#8217;\u00e9nergie tout-en-un haute puissance et grande capacit\u00e9<\/h3><p>Avec une puissance de sortie de 2400W et une capacit\u00e9 de batterie de 2048Wh, ce syst\u00e8me de stockage d&#8217;\u00e9nergie peut facilement alimenter des appareils \u00e9lectrom\u00e9nagers essentiels tels que les r\u00e9frig\u00e9rateurs ainsi que des outils ext\u00e9rieurs comme les moins \u00e9lectriques. Il est con\u00e7u pour g\u00e9rer \u00e0 la fois les besoins d&#8217;urgence \u00e0 domicile et les demandes d&#8217;\u00e9nergie ext\u00e9rieure, fournissant une \u00e9nergie fiable partout o\u00f9 c&#8217;est n\u00e9cessaire.<\/p><h3>Chargement multi-mode ultra-rapide<\/h3><p>Prenant en charge une charge rapide AC de 2000W et une charge hybride AC + solaire de 2300W, le syst\u00e8me peut \u00eatre compl\u00e8tement recharg\u00e9 en seulement 1,2 heure, maximisant l&#8217;efficacit\u00e9 de la charge et assurant une r\u00e9cup\u00e9ration rapide de l&#8217;\u00e9nergie dans un large \u00e9ventail de sc\u00e9narios d&#8217;utilisation.<\/p><h3>Batterie LiFePO\u2084 longue dur\u00e9e<\/h3><p>\u00c9quip\u00e9 d&#8217;une batterie au phosphate de fer lithium (LiFePO\u2084) de qualit\u00e9 sup\u00e9rieure, il offre une dur\u00e9e de vie de 10 ans et plus de 3,000 cycles de charge, assurant une durabilit\u00e9 exceptionnelle, une s\u00e9curit\u00e9 am\u00e9lior\u00e9e et des co\u00fbts d&#8217;utilisation \u00e0 long terme consid\u00e9rablement r\u00e9duits.<\/p><h3>13 ports de sortie polyvalents<\/h3><p>Dot\u00e9e d&#8217;un total de 13 ports de sortie (dont 4AC 2400W, 2Type-C PD100W, etc.).), cette centrale \u00e9lectrique prend en charge plusieurs appareils simultan\u00e9ment et couvre un large \u00e9ventail de besoins en \u00e9nergie et de charge.<\/p><h3>Alimentation de secours UPS ultra-rapide 20ms<\/h3><p>En cas de coupures de courant ou d&#8217;irr\u00e9gularit\u00e9s de tension, la fonction UPS int\u00e9gr\u00e9e passe \u00e0 l&#8217;alimentation par batterie en 20 millisecondes, prot\u00e9geant efficacement les ordinateurs, les appareils r\u00e9seau et autres \u00e9lectroniques sensibles contre les dommages ou la perte de donn\u00e9es.<\/p><h3>Contr\u00f4le \u00e0 distance par application intelligente<\/h3><p>Gr\u00e2ce \u00e0 la prise en charge des applications mobiles, les utilisateurs peuvent surveiller \u00e0 distance l&#8217;\u00e9tat de fonctionnement, g\u00e9rer la puissance de sortie et ajuster les param\u00e8tres en temps r\u00e9el, offrant ainsi une exp\u00e9rience de gestion de l&#8217;\u00e9nergie plus intelligente, pratique et conviviale.<\/p><p><img decoding=\"async\" class=\"lazy_img\" src=\"https:\/\/img.gkbcdn.com\/d\/202601\/NECESPOW-S2400-2400W-2048Wh-Portable-Power-Station-10004284-0._p1_.jpg\" alt=\"NECESPOW S2400 Station d\u2019Alimentation Portable, Sortie 2400W, Batterie LiFePO\u2084 2048Wh, 13 Ports, Charge Rapide 1,5H, Sauvegarde UPS 20ms, Contr\u00f4le via App, pour Plein Air\/Camping\/Usage Domestique\" data-original=\"\/\/img.gkbcdn.com\/d\/202601\/NECESPOW-S2400-2400W-2048Wh-Portable-Power-Station-10004284-0._p1_.jpg\" \/><img decoding=\"async\" class=\"lazy_img\" src=\"https:\/\/img.gkbcdn.com\/d\/202601\/NECESPOW-S2400-2400W-2048Wh-Portable-Power-Station-10004284-1._p1_.jpg\" alt=\"NECESPOW S2400 Station d\u2019Alimentation Portable, Sortie 2400W, Batterie LiFePO\u2084 2048Wh, 13 Ports, Charge Rapide 1,5H, Sauvegarde UPS 20ms, Contr\u00f4le via App, pour Plein Air\/Camping\/Usage Domestique\" data-original=\"\/\/img.gkbcdn.com\/d\/202601\/NECESPOW-S2400-2400W-2048Wh-Portable-Power-Station-10004284-1._p1_.jpg\" \/><img decoding=\"async\" class=\"lazy_img\" src=\"https:\/\/img.gkbcdn.com\/d\/202601\/NECESPOW-S2400-2400W-2048Wh-Portable-Power-Station-10004284-2._p1_.jpg\" alt=\"NECESPOW S2400 Station d\u2019Alimentation Portable, Sortie 2400W, Batterie LiFePO\u2084 2048Wh, 13 Ports, Charge Rapide 1,5H, Sauvegarde UPS 20ms, Contr\u00f4le via App, pour Plein Air\/Camping\/Usage Domestique\" data-original=\"\/\/img.gkbcdn.com\/d\/202601\/NECESPOW-S2400-2400W-2048Wh-Portable-Power-Station-10004284-2._p1_.jpg\" \/><img decoding=\"async\" class=\"lazy_img\" src=\"https:\/\/img.gkbcdn.com\/d\/202601\/NECESPOW-S2400-2400W-2048Wh-Portable-Power-Station-10004284-3._p1_.jpg\" alt=\"NECESPOW S2400 Station d\u2019Alimentation Portable, Sortie 2400W, Batterie LiFePO\u2084 2048Wh, 13 Ports, Charge Rapide 1,5H, Sauvegarde UPS 20ms, Contr\u00f4le via App, pour Plein Air\/Camping\/Usage Domestique\" data-original=\"\/\/img.gkbcdn.com\/d\/202601\/NECESPOW-S2400-2400W-2048Wh-Portable-Power-Station-10004284-3._p1_.jpg\" \/><img decoding=\"async\" class=\"lazy_img\" src=\"https:\/\/img.gkbcdn.com\/d\/202601\/NECESPOW-S2400-2400W-2048Wh-Portable-Power-Station-10004284-4._p1_.jpg\" alt=\"NECESPOW S2400 Station d\u2019Alimentation Portable, Sortie 2400W, Batterie LiFePO\u2084 2048Wh, 13 Ports, Charge Rapide 1,5H, Sauvegarde UPS 20ms, Contr\u00f4le via App, pour Plein Air\/Camping\/Usage Domestique\" data-original=\"\/\/img.gkbcdn.com\/d\/202601\/NECESPOW-S2400-2400W-2048Wh-Portable-Power-Station-10004284-4._p1_.jpg\" \/><img decoding=\"async\" class=\"lazy_img\" src=\"https:\/\/img.gkbcdn.com\/d\/202601\/NECESPOW-S2400-2400W-2048Wh-Portable-Power-Station-10004284-5._p1_.jpg\" alt=\"NECESPOW S2400 Station d\u2019Alimentation Portable, Sortie 2400W, Batterie LiFePO\u2084 2048Wh, 13 Ports, Charge Rapide 1,5H, Sauvegarde UPS 20ms, Contr\u00f4le via App, pour Plein Air\/Camping\/Usage Domestique\" data-original=\"\/\/img.gkbcdn.com\/d\/202601\/NECESPOW-S2400-2400W-2048Wh-Portable-Power-Station-10004284-5._p1_.jpg\" \/><img decoding=\"async\" class=\"lazy_img\" src=\"https:\/\/img.gkbcdn.com\/d\/202601\/NECESPOW-S2400-2400W-2048Wh-Portable-Power-Station-10004284-6._p1_.jpg\" alt=\"NECESPOW S2400 Station d\u2019Alimentation Portable, Sortie 2400W, Batterie LiFePO\u2084 2048Wh, 13 Ports, Charge Rapide 1,5H, Sauvegarde UPS 20ms, Contr\u00f4le via App, pour Plein Air\/Camping\/Usage Domestique\" data-original=\"\/\/img.gkbcdn.com\/d\/202601\/NECESPOW-S2400-2400W-2048Wh-Portable-Power-Station-10004284-6._p1_.jpg\" \/><img decoding=\"async\" class=\"lazy_img\" src=\"https:\/\/img.gkbcdn.com\/d\/202601\/NECESPOW-S2400-2400W-2048Wh-Portable-Power-Station-10004284-7._p1_.jpg\" alt=\"NECESPOW S2400 Station d\u2019Alimentation Portable, Sortie 2400W, Batterie LiFePO\u2084 2048Wh, 13 Ports, Charge Rapide 1,5H, Sauvegarde UPS 20ms, Contr\u00f4le via App, pour Plein Air\/Camping\/Usage Domestique\" data-original=\"\/\/img.gkbcdn.com\/d\/202601\/NECESPOW-S2400-2400W-2048Wh-Portable-Power-Station-10004284-7._p1_.jpg\" \/><img decoding=\"async\" class=\"lazy_img\" src=\"https:\/\/img.gkbcdn.com\/d\/202601\/NECESPOW-S2400-2400W-2048Wh-Portable-Power-Station-10004284-8._p1_.jpg\" alt=\"NECESPOW S2400 Station d\u2019Alimentation Portable, Sortie 2400W, Batterie LiFePO\u2084 2048Wh, 13 Ports, Charge Rapide 1,5H, Sauvegarde UPS 20ms, Contr\u00f4le via App, pour Plein Air\/Camping\/Usage Domestique\" data-original=\"\/\/img.gkbcdn.com\/d\/202601\/NECESPOW-S2400-2400W-2048Wh-Portable-Power-Station-10004284-8._p1_.jpg\" \/><img decoding=\"async\" class=\"lazy_img\" src=\"https:\/\/img.gkbcdn.com\/d\/202601\/NECESPOW-S2400-2400W-2048Wh-Portable-Power-Station-10004284-9._p1_.jpg\" alt=\"NECESPOW S2400 Station d\u2019Alimentation Portable, Sortie 2400W, Batterie LiFePO\u2084 2048Wh, 13 Ports, Charge Rapide 1,5H, Sauvegarde UPS 20ms, Contr\u00f4le via App, pour Plein Air\/Camping\/Usage Domestique\" data-original=\"\/\/img.gkbcdn.com\/d\/202601\/NECESPOW-S2400-2400W-2048Wh-Portable-Power-Station-10004284-9._p1_.jpg\" \/><img decoding=\"async\" class=\"lazy_img\" src=\"https:\/\/img.gkbcdn.com\/d\/202601\/NECESPOW-S2400-2400W-2048Wh-Portable-Power-Station-10004284-10._p1_.jpg\" alt=\"NECESPOW S2400 Station d\u2019Alimentation Portable, Sortie 2400W, Batterie LiFePO\u2084 2048Wh, 13 Ports, Charge Rapide 1,5H, Sauvegarde UPS 20ms, Contr\u00f4le via App, pour Plein Air\/Camping\/Usage Domestique\" data-original=\"\/\/img.gkbcdn.com\/d\/202601\/NECESPOW-S2400-2400W-2048Wh-Portable-Power-Station-10004284-10._p1_.jpg\" \/><img decoding=\"async\" class=\"lazy_img\" src=\"https:\/\/img.gkbcdn.com\/d\/202601\/NECESPOW-S2400-2400W-2048Wh-Portable-Power-Station-10004284-11._p1_.jpg\" alt=\"NECESPOW S2400 Station d\u2019Alimentation Portable, Sortie 2400W, Batterie LiFePO\u2084 2048Wh, 13 Ports, Charge Rapide 1,5H, Sauvegarde UPS 20ms, Contr\u00f4le via App, pour Plein Air\/Camping\/Usage Domestique\" data-original=\"\/\/img.gkbcdn.com\/d\/202601\/NECESPOW-S2400-2400W-2048Wh-Portable-Power-Station-10004284-11._p1_.jpg\" \/><img decoding=\"async\" class=\"lazy_img\" src=\"https:\/\/img.gkbcdn.com\/d\/202601\/NECESPOW-S2400-2400W-2048Wh-Portable-Power-Station-10004284-12._p1_.jpg\" alt=\"NECESPOW S2400 Station d\u2019Alimentation Portable, Sortie 2400W, Batterie LiFePO\u2084 2048Wh, 13 Ports, Charge Rapide 1,5H, Sauvegarde UPS 20ms, Contr\u00f4le via App, pour Plein Air\/Camping\/Usage Domestique\" data-original=\"\/\/img.gkbcdn.com\/d\/202601\/NECESPOW-S2400-2400W-2048Wh-Portable-Power-Station-10004284-12._p1_.jpg\" \/><\/p><h2>Sp\u00e9cification<\/h2><table class=\"jbEidtTable\" border=\"1\" cellspacing=\"0\" cellpadding=\"5\"><tbody><tr><td><strong>Marque<\/strong><\/td><td>NECESPOW<\/td><\/tr><tr><td><strong>Type<\/strong><\/td><td>Centrale \u00c9lectrique Portative<\/td><\/tr><tr><td><strong>Mod\u00e8le<\/strong><\/td><td>S2400<\/td><\/tr><tr><td><strong>Couleur<\/strong><\/td><td>Orange et Noir<\/td><\/tr><tr><td><strong>Capacit\u00e9 de la batterie<\/strong><\/td><td>25,6 V 80 Ah (2048 Wh)<\/td><\/tr><tr><td><strong>Entr\u00e9e CA<\/strong><\/td><td>230V~50\/60Hz 2000W<\/td><\/tr><tr><td><strong>Tension de sortie AC<\/strong><\/td><td>230V~50\/60Hz 2400W<\/td><\/tr><tr><td><strong>Entr\u00e9e solaire (MPPT)<\/strong><\/td><td>12V-60V (MAX.600W)<\/td><\/tr><tr><td><strong>Sortie DC\/allume-cigare<\/strong><\/td><td>12V\u239310A (MAX.120W)<\/td><\/tr><tr><td rowspan=\"2\"><strong>Sortie Type-C\u00a0<\/strong><\/td><td>USB-C (*1) 5 V\u23933 A, 9 V\u23932 A, 12 V\u23931,5 A (PD18 W)<\/td><\/tr><tr><td>USB-C (*1) 5 V\u23933 A, 9 V\u23933 A, 12 V\u23933 A, 15 V\u23933 A, 20 V\u23935 A (PD3.0 100 W)<\/td><\/tr><tr><td rowspan=\"2\"><strong>Sortie USB\u00a0<\/strong><\/td><td>USB-A (*2) 5 V\u23933 A, 9 V\u23932 A, 12 V\u23931,5 A (QC3.0)<\/td><\/tr><tr><td>USB-A (*2) 5 V\u23932A (maximum 3A)<\/td><\/tr><tr><td><strong>Temp\u00e9rature de fonctionnement<\/strong><\/td><td>-10~50\u00b0C<\/td><\/tr><tr><td><strong>Poids du produit<\/strong><\/td><td>23 kg<\/td><\/tr><tr><td><strong>Poids du colis<\/strong><\/td><td>28,44 kg<\/td><\/tr><tr><td><strong>Taille du produit<\/strong><\/td><td>43,2 \u00d7 29,6 \u00d7 33,4 cm<\/td><\/tr><tr><td><strong>Taille de l&#8217;emballage<\/strong><\/td><td>54 \u00d7 40 \u00d7 44 cm<\/td><\/tr><tr><td><strong>Contenu du paquet<\/strong><\/td><td>1 x S2400 machine principale<br \/>1 x C\u00e2ble de charge CA<br \/>1 x Manuel d&#8217;utilisation<\/td><\/tr><\/tbody><\/table>\t\t\t\t\t\t\t\t<\/div>\n\t\t\t\t<\/div>\n\t\t\t\t\t<\/div>\n\t\t\t\t<\/div>\n\t\t\t\t<\/div>","protected":false},"excerpt":{"rendered":"<p>Station d\u2019Alimentation Portable, Sortie 2400W, Batterie LiFePO\u2084 2048Wh, 13 Ports, Charge Rapide 1,5H, Sauvegarde UPS 20ms, Contr\u00f4le via App, pour Plein Air\/Camping\/Usage Domestique&#8230;<\/p>","protected":false},"featured_media":27169,"comment_status":"closed","ping_status":"closed","template":"","meta":{"om_disable_all_campaigns":false,"_monsterinsights_skip_tracking":false,"_monsterinsights_sitenote_active":false,"_monsterinsights_sitenote_note":"","_monsterinsights_sitenote_category":0},"product_brand":[],"product_cat":[1083,1082],"product_tag":[2372,1121,1084,1087,1088,2297,1089,1367,2371,1090],"class_list":{"0":"post-27168","1":"product","2":"type-product","3":"status-publish","4":"has-post-thumbnail","6":"product_cat-batterie","7":"product_cat-bricolage","8":"product_tag-2048wh","9":"product_tag-2400w","10":"product_tag-batterie","11":"product_tag-lifepo","12":"product_tag-lifepo4","13":"product_tag-necespow","14":"product_tag-nomade","15":"product_tag-portable","16":"product_tag-s2400","17":"product_tag-solaire","19":"first","20":"instock","21":"sale","22":"shipping-taxable","23":"product-type-external"},"aioseo_notices":[],"jetpack_sharing_enabled":true,"_links":{"self":[{"href":"https:\/\/france-coupon.fr\/en\/wp-json\/wp\/v2\/product\/27168","targetHints":{"allow":["GET"]}}],"collection":[{"href":"https:\/\/france-coupon.fr\/en\/wp-json\/wp\/v2\/product"}],"about":[{"href":"https:\/\/france-coupon.fr\/en\/wp-json\/wp\/v2\/types\/product"}],"replies":[{"embeddable":true,"href":"https:\/\/france-coupon.fr\/en\/wp-json\/wp\/v2\/comments?post=27168"}],"version-history":[{"count":0,"href":"https:\/\/france-coupon.fr\/en\/wp-json\/wp\/v2\/product\/27168\/revisions"}],"wp:featuredmedia":[{"embeddable":true,"href":"https:\/\/france-coupon.fr\/en\/wp-json\/wp\/v2\/media\/27169"}],"wp:attachment":[{"href":"https:\/\/france-coupon.fr\/en\/wp-json\/wp\/v2\/media?parent=27168"}],"wp:term":[{"taxonomy":"product_brand","embeddable":true,"href":"https:\/\/france-coupon.fr\/en\/wp-json\/wp\/v2\/product_brand?post=27168"},{"taxonomy":"product_cat","embeddable":true,"href":"https:\/\/france-coupon.fr\/en\/wp-json\/wp\/v2\/product_cat?post=27168"},{"taxonomy":"product_tag","embeddable":true,"href":"https:\/\/france-coupon.fr\/en\/wp-json\/wp\/v2\/product_tag?post=27168"}],"curies":[{"name":"wp","href":"https:\/\/api.w.org\/{rel}","templated":true}]}}