{"id":27576,"date":"2026-04-17T14:14:15","date_gmt":"2026-04-17T12:14:15","guid":{"rendered":"https:\/\/france-coupon.fr\/?post_type=product&#038;p=27576"},"modified":"2026-04-17T14:34:24","modified_gmt":"2026-04-17T12:34:24","slug":"blackview-mega-12-tablette","status":"publish","type":"product","link":"https:\/\/france-coupon.fr\/en\/product\/blackview-mega-12-tablette\/","title":{"rendered":"Blackview Mega 12 Tablette"},"content":{"rendered":"<div data-elementor-type=\"product-post\" data-elementor-id=\"27576\" class=\"elementor elementor-27576\" data-elementor-post-type=\"product\">\n\t\t\t\t<div class=\"elementor-element elementor-element-462397d1 e-con-full e-flex e-con e-parent\" data-id=\"462397d1\" data-element_type=\"container\">\n\t\t\t\t<div class=\"elementor-element elementor-element-79cb216a elementor-widget elementor-widget-heading\" data-id=\"79cb216a\" data-element_type=\"widget\" data-widget_type=\"heading.default\">\n\t\t\t\t<div class=\"elementor-widget-container\">\n\t\t\t\t\t<h2 class=\"elementor-heading-title elementor-size-default\">\u2193 RETROUVEZ LES MEILLEURS PRIX \u2193<\/h2>\t\t\t\t<\/div>\n\t\t\t\t<\/div>\n\t\t\t\t<div class=\"elementor-element elementor-element-4becdb98 elementor-widget-divider--view-line elementor-widget elementor-widget-divider\" data-id=\"4becdb98\" data-element_type=\"widget\" data-widget_type=\"divider.default\">\n\t\t\t\t<div class=\"elementor-widget-container\">\n\t\t\t\t\t\t\t<div class=\"elementor-divider\">\n\t\t\t<span class=\"elementor-divider-separator\">\n\t\t\t\t\t\t<\/span>\n\t\t<\/div>\n\t\t\t\t\t\t<\/div>\n\t\t\t\t<\/div>\n\t\t\t\t<div class=\"elementor-element elementor-element-338b2b45 elementor-grid-4 pp-coupon-button-icon-before pp-coupon-code-right elementor-grid-tablet-2 elementor-grid-mobile-1 pp-coupon-discount-left elementor-widget elementor-widget-pp-coupons\" data-id=\"338b2b45\" data-element_type=\"widget\" data-settings=\"{&quot;coupon_style&quot;:&quot;reveal&quot;,&quot;layout&quot;:&quot;grid&quot;}\" data-widget_type=\"pp-coupons.default\">\n\t\t\t\t<div class=\"elementor-widget-container\">\n\t\t\t\t\t\t\t\t\t\t<div class=\"pp-coupons pp-coupons-grid\">\n\t\t\t\t<div class=\"elementor-grid pp-coupons-grid-wrapper\" data-query-type=\"custom\" data-layout=\"grid\" data-page=\"27576\" data-skin=\"338b2b45\">\n\t\t\t\t\t\t\t\t<div class=\"pp-coupon elementor-grid-item\">\n\t\t\t\t\t\t\t\t\t<div class=\"pp-coupon-image-wrapper\">\n\t\t\t\t\t\t\n\t\t\t\t\t\t\t\t\t\t\t\t\t<div class=\"pp-coupon-code pp-coupon-style-reveal\" data-coupon-code=\"MEGA12BVFRAA\">\n\t\t\t\t\t\t\t\t\t\t\t\t\t\t\t\t<div class='pp-coupon-reveal-wrap'>\n\t\t\t\t<span class='pp-coupon-reveal'>\n\t\t\t\t\t\t\t<span class=\"pp-coupon-code-icon pp-icon\">\n\t\t\t\t\t\t\t<svg aria-hidden=\"true\" class=\"e-font-icon-svg e-fas-eye\" viewbox=\"0 0 576 512\" xmlns=\"http:\/\/www.w3.org\/2000\/svg\"><path d=\"M572.52 241.4C518.29 135.59 410.93 64 288 64S57.68 135.64 3.48 241.41a32.35 32.35 0 0 0 0 29.19C57.71 376.41 165.07 448 288 448s230.32-71.64 284.52-177.41a32.35 32.35 0 0 0 0-29.19zM288 400a144 144 0 1 1 144-144 143.93 143.93 0 0 1-144 144zm0-240a95.31 95.31 0 0 0-25.31 3.79 47.85 47.85 0 0 1-66.9 66.9A95.78 95.78 0 1 0 288 160z\"><\/path><\/svg>\t\t\t\t\t<\/span>\n\t\tVoir code\t\t\t\t<\/span>\n\t\t\t<\/div>\n\t\t\t<div class='pp-coupon-code-text-wrap pp-unreavel'>\n\t\t\t\t<span class='pp-coupon-code-text' id='pp-coupon-code-338b2b45'>RAA<\/span>\n\t\t\t\t<span class='pp-coupon-copy-text'style='display: none;'><\/span>\n\t\t\t<\/div>\n\t\t\t\t\t\t\t\t\t<\/div>\n\t\t\t\t\t\t\n\t\t\t\t\t\t<img decoding=\"async\" src=\"https:\/\/france-coupon.fr\/wp-content\/uploads\/elementor\/thumbs\/boutik-logo-ali-r4n5b0ry5r47ne2ah0pvq1po5b7y6853a6nf3yyhu2.jpg\" alt=\"boutik logo ali\">\n\t\t\t\t\t<\/div>\n\t\t\t\t\t\t\t\t\t\n\t\t\t\t\t\t\t\t<div class=\"pp-coupon-content\">\n\t\t\t\t\t<div class=\"pp-coupon-title-wrap\">\n\t\t\t\t\t\t<div class=\"pp-coupon-title-container\" href=\"https:\/\/s.click.aliexpress.com\/e\/_c4t2ntlT\" target=\"_blank\"><h4 class=\"pp-coupon-title\">318,99\u20ac<\/h4><\/div>\t\t\t\t\t<\/div>\n\n\t\t\t\t\t\n\t\t\t\t\t\t\t\t\t\t\t<hr class=\"pp-coupon-separator\">\n\t\t\t\t\t\n\t\t\t\t\t\t\t\t\t\t\t<div class=\"pp-coupon-button-wrap\">\n\t\t\t\t\t\t\t<a  href=\"https:\/\/s.click.aliexpress.com\/e\/_c4t2ntlT\" target=\"_blank\">\n\t\t\t\t\t\t\t\t<div class=\"pp-coupon-button elementor-button elementor-size-sm\">\n\t\t\t\t\t\t\t\t\t\t\t\t<span class=\"pp-button-icon pp-icon\">\n\t\t\t\t<svg aria-hidden=\"true\" class=\"e-font-icon-svg e-fas-long-arrow-alt-right\" viewbox=\"0 0 448 512\" xmlns=\"http:\/\/www.w3.org\/2000\/svg\"><path d=\"M313.941 216H12c-6.627 0-12 5.373-12 12v56c0 6.627 5.373 12 12 12h301.941v46.059c0 21.382 25.851 32.09 40.971 16.971l86.059-86.059c9.373-9.373 9.373-24.569 0-33.941l-86.059-86.059c-15.119-15.119-40.971-4.411-40.971 16.971V216z\"><\/path><\/svg>\t\t\t<\/span>\n\t\t\t\t\t\t\t\t\t\t\t\t\t\t\t\t\t\t\t\t\t\t<span class=\"pp-button-text\">\n\t\t\t\t\t\t\t\t\t\t\tLien du produit\t\t\t\t\t\t\t\t\t\t<\/span>\n\t\t\t\t\t\t\t\t\t\t\t\t\t\t\t\t\t\t\t\t\t\t\t\t\t\t<\/div>\n\t\t\t\t\t\t\t<\/a>\n\t\t\t\t\t\t<\/div>\n\t\t\t\t\t\t\t\t\t\t\t\t\t\t<\/div>\n\t\t\t<\/div>\n\t\t\t\t\t\t<div class=\"pp-coupon elementor-grid-item\">\n\t\t\t\t\t\t\t\t\t<div class=\"pp-coupon-image-wrapper\">\n\t\t\t\t\t\t\n\t\t\t\t\t\t\n\t\t\t\t\t\t<img decoding=\"async\" src=\"https:\/\/france-coupon.fr\/wp-content\/uploads\/elementor\/thumbs\/boutik-logo-amazon-r4n51ylya8ppqp82dlqc6u0q0lvkz968dc9xkye3t6.jpg\" alt=\"boutik logo amazon\">\n\t\t\t\t\t<\/div>\n\t\t\t\t\t\t\t\t\t\n\t\t\t\t\t\t\t\t<div class=\"pp-coupon-content\">\n\t\t\t\t\t<div class=\"pp-coupon-title-wrap\">\n\t\t\t\t\t\t<div class=\"pp-coupon-title-container\" href=\"https:\/\/amzn.to\/3QKTznn\" target=\"_blank\"><h4 class=\"pp-coupon-title\">520,50\u20ac<\/h4><\/div>\t\t\t\t\t<\/div>\n\n\t\t\t\t\t\n\t\t\t\t\t\t\t\t\t\t\t<hr class=\"pp-coupon-separator\">\n\t\t\t\t\t\n\t\t\t\t\t\t\t\t\t\t\t<div class=\"pp-coupon-button-wrap\">\n\t\t\t\t\t\t\t<a  href=\"https:\/\/amzn.to\/3QKTznn\" target=\"_blank\">\n\t\t\t\t\t\t\t\t<div class=\"pp-coupon-button elementor-button elementor-size-sm\">\n\t\t\t\t\t\t\t\t\t\t\t\t<span class=\"pp-button-icon pp-icon\">\n\t\t\t\t<svg aria-hidden=\"true\" class=\"e-font-icon-svg e-fas-long-arrow-alt-right\" viewbox=\"0 0 448 512\" xmlns=\"http:\/\/www.w3.org\/2000\/svg\"><path d=\"M313.941 216H12c-6.627 0-12 5.373-12 12v56c0 6.627 5.373 12 12 12h301.941v46.059c0 21.382 25.851 32.09 40.971 16.971l86.059-86.059c9.373-9.373 9.373-24.569 0-33.941l-86.059-86.059c-15.119-15.119-40.971-4.411-40.971 16.971V216z\"><\/path><\/svg>\t\t\t<\/span>\n\t\t\t\t\t\t\t\t\t\t\t\t\t\t\t\t\t\t\t\t\t\t<span class=\"pp-button-text\">\n\t\t\t\t\t\t\t\t\t\t\tLien du produit\t\t\t\t\t\t\t\t\t\t<\/span>\n\t\t\t\t\t\t\t\t\t\t\t\t\t\t\t\t\t\t\t\t\t\t\t\t\t\t<\/div>\n\t\t\t\t\t\t\t<\/a>\n\t\t\t\t\t\t<\/div>\n\t\t\t\t\t\t\t\t\t\t\t\t\t\t<\/div>\n\t\t\t<\/div>\n\t\t\t\t\t\t<div class=\"pp-coupon elementor-grid-item\">\n\t\t\t\t\t\t\t\t\t<div class=\"pp-coupon-image-wrapper\">\n\t\t\t\t\t\t\n\t\t\t\t\t\t\n\t\t\t\t\t\t<img decoding=\"async\" src=\"https:\/\/france-coupon.fr\/wp-content\/uploads\/elementor\/thumbs\/blackview-rm52aw4d10nvx6df4r36xy6pow6jn4vnnsasqa8xca.jpg\" alt=\"blackview\">\n\t\t\t\t\t<\/div>\n\t\t\t\t\t\t\t\t\t\n\t\t\t\t\t\t\t\t<div class=\"pp-coupon-content\">\n\t\t\t\t\t<div class=\"pp-coupon-title-wrap\">\n\t\t\t\t\t\t<div class=\"pp-coupon-title-container\" href=\"https:\/\/store.blackview.hk\/fr\/products\/mega-12-price?variant=47853336232161\" target=\"_blank\"><h4 class=\"pp-coupon-title\">345,95\u20ac<\/h4><\/div>\t\t\t\t\t<\/div>\n\n\t\t\t\t\t\n\t\t\t\t\t\t\t\t\t\t\t<hr class=\"pp-coupon-separator\">\n\t\t\t\t\t\n\t\t\t\t\t\t\t\t\t\t\t<div class=\"pp-coupon-button-wrap\">\n\t\t\t\t\t\t\t<a  href=\"https:\/\/store.blackview.hk\/fr\/products\/mega-12-price?variant=47853336232161\" target=\"_blank\">\n\t\t\t\t\t\t\t\t<div class=\"pp-coupon-button elementor-button elementor-size-sm\">\n\t\t\t\t\t\t\t\t\t\t\t\t<span class=\"pp-button-icon pp-icon\">\n\t\t\t\t<svg aria-hidden=\"true\" class=\"e-font-icon-svg e-fas-long-arrow-alt-right\" viewbox=\"0 0 448 512\" xmlns=\"http:\/\/www.w3.org\/2000\/svg\"><path d=\"M313.941 216H12c-6.627 0-12 5.373-12 12v56c0 6.627 5.373 12 12 12h301.941v46.059c0 21.382 25.851 32.09 40.971 16.971l86.059-86.059c9.373-9.373 9.373-24.569 0-33.941l-86.059-86.059c-15.119-15.119-40.971-4.411-40.971 16.971V216z\"><\/path><\/svg>\t\t\t<\/span>\n\t\t\t\t\t\t\t\t\t\t\t\t\t\t\t\t\t\t\t\t\t\t<span class=\"pp-button-text\">\n\t\t\t\t\t\t\t\t\t\t\tLien du produit\t\t\t\t\t\t\t\t\t\t<\/span>\n\t\t\t\t\t\t\t\t\t\t\t\t\t\t\t\t\t\t\t\t\t\t\t\t\t\t<\/div>\n\t\t\t\t\t\t\t<\/a>\n\t\t\t\t\t\t<\/div>\n\t\t\t\t\t\t\t\t\t\t\t\t\t\t<\/div>\n\t\t\t<\/div>\n\t\t\t\t\t\t\t<\/div>\n\t\t\t\t\t\t\t<\/div>\n\t\t\t\t\t\t\t<\/div>\n\t\t\t\t<\/div>\n\t\t\t\t<div class=\"elementor-element elementor-element-4edf4fcf elementor-widget-divider--view-line elementor-widget elementor-widget-divider\" data-id=\"4edf4fcf\" data-element_type=\"widget\" data-widget_type=\"divider.default\">\n\t\t\t\t<div class=\"elementor-widget-container\">\n\t\t\t\t\t\t\t<div class=\"elementor-divider\">\n\t\t\t<span class=\"elementor-divider-separator\">\n\t\t\t\t\t\t<\/span>\n\t\t<\/div>\n\t\t\t\t\t\t<\/div>\n\t\t\t\t<\/div>\n\t\t<div class=\"elementor-element elementor-element-3d82a363 e-grid e-con-full e-con e-child\" data-id=\"3d82a363\" data-element_type=\"container\">\n\t\t\t\t<div class=\"elementor-element elementor-element-467b7c3 elementor-widget elementor-widget-text-editor\" data-id=\"467b7c3\" data-element_type=\"widget\" data-widget_type=\"text-editor.default\">\n\t\t\t\t<div class=\"elementor-widget-container\">\n\t\t\t\t\t\t\t\t\t<h5 style=\"text-align: center;\"><em><strong><span style=\"color: #0000ff;\">Comment utiliser<br \/>un coupon r\u00e9duction?<\/span><\/strong><\/em><\/h5><p><em><strong><span style=\"color: #0000ff;\">How to use a discount coupon?<\/span><\/strong><\/em><\/p>\t\t\t\t\t\t\t\t<\/div>\n\t\t\t\t<\/div>\n\t\t\t\t<div class=\"elementor-element elementor-element-ebf9bfd elementor-widget elementor-widget-video\" data-id=\"ebf9bfd\" data-element_type=\"widget\" data-settings=\"{&quot;youtube_url&quot;:&quot;https:\\\/\\\/www.youtube.com\\\/watch?v=eNNzTLooBIE&quot;,&quot;video_type&quot;:&quot;youtube&quot;,&quot;controls&quot;:&quot;yes&quot;}\" data-widget_type=\"video.default\">\n\t\t\t\t<div class=\"elementor-widget-container\">\n\t\t\t\t\t\t\t<div class=\"elementor-wrapper elementor-open-inline\">\n\t\t\t<div class=\"elementor-video\"><\/div>\t\t<\/div>\n\t\t\t\t\t\t<\/div>\n\t\t\t\t<\/div>\n\t\t\t\t<div class=\"elementor-element elementor-element-18c3a3a6 elementor-widget elementor-widget-text-editor\" data-id=\"18c3a3a6\" data-element_type=\"widget\" data-widget_type=\"text-editor.default\">\n\t\t\t\t<div class=\"elementor-widget-container\">\n\t\t\t\t\t\t\t\t\t<p style=\"text-align: center;\">&#8221; Certains liens sont susceptibles d&#8217;\u00eatre affili\u00e9s. En tant que partenaire Amazon, je r\u00e9alise un b\u00e9n\u00e9fice sur les achats remplissant les conditions requises. &#8220;<\/p>\t\t\t\t\t\t\t\t<\/div>\n\t\t\t\t<\/div>\n\t\t\t\t<\/div>\n\t\t\t\t<\/div>\n\t\t<div class=\"elementor-element elementor-element-5ddd14f4 e-flex e-con-boxed e-con e-parent\" data-id=\"5ddd14f4\" data-element_type=\"container\">\n\t\t\t\t\t<div class=\"e-con-inner\">\n\t\t\t\t<div class=\"elementor-element elementor-element-c5b54a8 elementor-widget elementor-widget-text-editor\" data-id=\"c5b54a8\" data-element_type=\"widget\" data-widget_type=\"text-editor.default\">\n\t\t\t\t<div class=\"elementor-widget-container\">\n\t\t\t\t\t\t\t\t\t<div class=\"detailmodule_dynamic\"><div><div>\u00a0<\/div><\/div><\/div><div class=\"detailmodule_dynamic\">\u00a0<\/div><p><img decoding=\"async\" src=\"https:\/\/ae01.alicdn.com\/kf\/S4f48e572e8d14ddd99b20510fb1eef43j.png\" \/><\/p><table border=\"1\" width=\"881\" cellspacing=\"0\" cellpadding=\"0\"><colgroup><col width=\"220\" \/><col width=\"661\" \/><\/colgroup><tbody><tr><td class=\"et2\" colspan=\"2\" width=\"881\" height=\"26\"><p><strong>Tablette Blackview MEGA 12 5G<\/strong><\/p><\/td><\/tr><tr><td class=\"et4\" width=\"220\" height=\"18\"><p><strong>Couleur<\/strong><\/p><\/td><td class=\"et5\" width=\"661\"><p>Gris sid\u00e9ral, Or flash<\/p><\/td><\/tr><tr><td class=\"et4\" width=\"220\" height=\"18\"><p><strong>Dimensions L x l x H, mm<\/strong><\/p><\/td><td class=\"et5\" width=\"661\"><p>280,2 \u00d7 194,2 \u00d7 8,2 mm<\/p><\/td><\/tr><tr><td class=\"et4\" width=\"220\" height=\"18\"><p><strong>Poids<\/strong><\/p><\/td><td class=\"et5\" width=\"661\"><p>690 g<\/p><\/td><\/tr><tr><td class=\"et4\" width=\"220\" height=\"18\"><p><strong>processeur<\/strong><\/p><\/td><td class=\"et6\" width=\"661\"><p><strong><i>MediaTek Dimension 7200<\/i><\/strong><\/p><\/td><\/tr><tr><td class=\"et4\" rowspan=\"3\" width=\"220\" height=\"54\"><p><strong>Afficher<\/strong><\/p><\/td><td class=\"et7\" width=\"661\"><p><strong><i><span class=\"font6\"><span class=\"font5\">12,2 pouces 2,4K <\/span><\/span><\/i><\/strong><span class=\"font6\"><span class=\"font5\"> QFHD+ IPS, 174,8 PPl, luminosit\u00e9 de 350 nits<\/span><\/span><\/p><\/td><\/tr><tr><td class=\"et8\" width=\"661\"><p><span class=\"font3\"><span class=\"font8\"><i><span class=\"font7\"><strong>120 Hz<\/strong><\/span><\/i><\/span><\/span><span class=\"font8\"><span class=\"font3\"><span class=\"font7\">\u00a0 Taux de rafra\u00eechissement intelligent<\/span><\/span><\/span><span class=\"font3\"><strong><span class=\"font8\"><span class=\"font7\"><i>94.2% <\/i><\/span><\/span><\/strong><\/span><span class=\"font8\"><span class=\"font3\"><span class=\"font7\">Rapport \u00e9cran\/corps<\/span><\/span><\/span><\/p><\/td><\/tr><tr><td class=\"et9\" width=\"661\"><p>Certifi\u00e9 T\u00dcV Rheinland Low Blue Light, \u00e9cran de protection des yeux<\/p><\/td><\/tr><tr><td class=\"et4\" width=\"220\" height=\"18\"><p><strong>Cam\u00e9ra arri\u00e8re<\/strong><\/p><\/td><td class=\"et10\" width=\"661\"><p><i><strong>Samsung 50MP\u00ae JN1<\/strong><\/i><\/p><\/td><\/tr><tr><td class=\"et4\" width=\"220\" height=\"18\"><p><strong>Cam\u00e9ra frontale<\/strong><\/p><\/td><td class=\"et5\" width=\"661\"><p>13 m\u00e9gapixels<\/p><\/td><\/tr><tr><td class=\"et4\" width=\"220\" height=\"36\"><p><strong>RAM et ROM<\/strong><\/p><\/td><td class=\"et5\" width=\"661\"><p>12 Go de RAM + 256 Go de ROM, extensible jusqu&#8217;\u00e0 24 Go de RAM<br \/>16 Go de RAM + 512 Go de ROM, jusqu&#8217;\u00e0 32 Go d&#8217;extension de RAM<\/p><\/td><\/tr><tr><td class=\"et4\" width=\"220\" height=\"18\"><p><strong>Extension TF<\/strong><\/p><\/td><td class=\"et5\" width=\"661\"><p>Jusqu&#8217;\u00e0 2 To d&#8217;extension<\/p><\/td><\/tr><tr><td class=\"et4\" width=\"220\" height=\"18\"><p><strong>Emplacement SIM<\/strong><\/p><\/td><td class=\"et5\" width=\"661\"><p>Double, 2 \u00d7 SIM \/ 1 \u00d7 SIM + 1 \u00d7 Carte TF<\/p><\/td><\/tr><tr><td class=\"et4\" width=\"220\" height=\"18\"><p><strong>Battery<\/strong><\/p><\/td><td class=\"et10\" width=\"661\"><p><span class=\"font10\"><strong><i><span class=\"font5\">10 000 mAh, prise en charge de la charge rapide 55 W <\/span><\/i><\/strong><\/span><span class=\"font10\"><strong><i><span class=\"font5\">\u00a0(Chargeur non inclus dans l&#8217;emballage)<\/span><\/i><\/strong><\/span><\/p><\/td><\/tr><tr><td class=\"et4\" width=\"220\" height=\"18\"><p><strong>Son<\/strong><\/p><\/td><td class=\"et5\" width=\"661\"><p>4 enceintes de bo\u00eete 2016<\/p><\/td><\/tr><tr><td class=\"et4\" width=\"220\" height=\"18\"><p><strong>Navigation<\/strong><\/p><\/td><td class=\"et5\" width=\"661\"><p>(L1\/L5) GPS\/ GLONASS\/ Beidou\/ Galileo\/ QZSS<\/p><\/td><\/tr><tr><td class=\"et4\" width=\"220\" height=\"18\"><p><strong>Wi-Fi<\/strong><\/p><\/td><td class=\"et5\" width=\"661\"><p><strong><i>Wi-Fi 6E, BT 5.3<\/i><\/strong><\/p><\/td><\/tr><tr><td class=\"et4\" rowspan=\"2\" width=\"220\" height=\"36\"><p><strong>Caract\u00e9ristiques sp\u00e9ciales<\/strong><\/p><\/td><td class=\"et12\" width=\"661\"><p><span class=\"font3\"><strong><span class=\"font7\"><i>Doke IA <\/i><\/span><\/strong><\/span><span class=\"font7\"><span class=\"font3\">Deepseek| ChatGPT-4o mini| Gemini AI 2.0 avec FlashThinking Experimental)<\/span><\/span><\/p><\/td><\/tr><tr><td class=\"et13\" width=\"661\"><p><i><strong>Widevine L1, NFC, IP69K \u00a0<\/strong><\/i><i>Enti\u00e8rement \u00e9tanche \u00e0 l&#8217;eau et \u00e0 la poussi\u00e8re <\/i><\/p><\/td><\/tr><tr><td class=\"et4\" width=\"220\" height=\"18\"><p><strong>Syst\u00e8me d&#8217;exploitation<\/strong><\/p><\/td><td class=\"et10\" width=\"661\"><p>DokeOs_P 5.0 Bas\u00e9 sur Android 16<\/p><\/td><\/tr><tr><td class=\"et4\" rowspan=\"4\" width=\"220\" height=\"109\"><p><strong>Connectivit\u00e9 r\u00e9seau<\/strong><\/p><\/td><td class=\"et14\" width=\"661\"><p>Bande 5G : N1\/N3\/N5\/N7\/N8\/N20\/N28\/N38\/N40\/N41\/N77\/N78<\/p><\/td><\/tr><tr><td class=\"et15\" width=\"661\"><p>Bandes 4G : FDD : B1\/B2\/B3\/B4\/B5\/B7\/B8\/B12\/B13\/B17\/B18\/B20\/B19\/B28A\/B28B\/B25\/B26\/B30\/B66<br \/>TDD : B40\/B41\/B38\/B34\/B39<\/p><\/td><\/tr><tr><td class=\"et15\" width=\"661\"><p>Bande 3G : WCDMA : B1\/B2\/B4\/B5\/B6\/B8\/B19 (Support RXD)<br \/>CDMA : BC0\/BC1\/BC10 (prise en charge RXD)<\/p><\/td><\/tr><tr><td class=\"et17\" width=\"661\"><p>Bande 2G : B2\/B3\/B5\/B8<\/p><\/td><\/tr><\/tbody><\/table><div><div><p><strong>** En raison de la r\u00e9glementation europ\u00e9enne, cet emballage standard officiel n&#8217;inclut pas de chargeur.<\/strong><\/p><p><strong>Si vous avez besoin du chargeur d&#8217;origine, veuillez l&#8217;acheter via le lien suivant.<\/strong><\/p><p><a class=\"\" href=\"https:\/\/aliexpress.com\/item\/1005011564402687.html\" target=\"_self\"><strong>Aller acheter (Chargeur d&#8217;origine UE 55W) &gt;&gt;<\/strong><\/a><\/p><\/div><\/div><p><img decoding=\"async\" src=\"https:\/\/ae01.alicdn.com\/kf\/Sc5a687c760ac4596b09e8037d8fe67b5P.jpg\" \/><img decoding=\"async\" src=\"https:\/\/ae01.alicdn.com\/kf\/Scae67df7110540c3b4b5786b4e45dc54b.jpg\" \/><img decoding=\"async\" src=\"https:\/\/ae01.alicdn.com\/kf\/S5499b81b3e63423fa2560d82cde38471G.jpg\" \/><img decoding=\"async\" src=\"https:\/\/ae01.alicdn.com\/kf\/Sdc76ed0add5448729bfb456eb75b2664c.jpg\" \/><img decoding=\"async\" src=\"https:\/\/ae01.alicdn.com\/kf\/S81f4d4e4890a41ad8da8060ae47da35c4.jpg\" \/><img decoding=\"async\" src=\"https:\/\/ae01.alicdn.com\/kf\/Sc4a07796a55541338dba2a40e3c272ed9.jpg\" \/><img decoding=\"async\" src=\"https:\/\/ae01.alicdn.com\/kf\/Sfc9197222c9e4f0fad34319d6a27b232n.jpg\" \/><img decoding=\"async\" src=\"https:\/\/ae01.alicdn.com\/kf\/S349a87cbd18643509bc90545a31b9acbm.jpg\" \/><img decoding=\"async\" src=\"https:\/\/ae01.alicdn.com\/kf\/S256264b8c10e4c96a18bd0e71fb64546N.jpg\" \/><img decoding=\"async\" src=\"https:\/\/ae01.alicdn.com\/kf\/Sb42bedfd9c1e48c3b608e6e0f318761aO.jpg\" \/><img decoding=\"async\" src=\"https:\/\/ae01.alicdn.com\/kf\/S7283c4084ea0481e82a0cc6842536e6aS.jpg\" \/><img decoding=\"async\" src=\"https:\/\/ae01.alicdn.com\/kf\/Sbd45c319b8f44fcea7b15c6c60cdc500z.jpg\" \/><img decoding=\"async\" src=\"https:\/\/ae01.alicdn.com\/kf\/Sf82403841c93484cb0902190df81dcbfM.jpg\" \/><img decoding=\"async\" src=\"https:\/\/ae01.alicdn.com\/kf\/S581fe521e3ef44f792ac26d8551813acC.jpg\" \/><img decoding=\"async\" src=\"https:\/\/ae01.alicdn.com\/kf\/S5b6679f2c60e4e08bf0f7a0472daced9T.jpg\" \/><img decoding=\"async\" src=\"https:\/\/ae01.alicdn.com\/kf\/Sa1b33edad127470d88fa89faf10e99fe6.jpg\" \/><img decoding=\"async\" src=\"https:\/\/ae01.alicdn.com\/kf\/S6630f64da61044e6bf15f29991cf922dQ.jpg\" \/><img decoding=\"async\" src=\"https:\/\/ae01.alicdn.com\/kf\/Se1ee264d437748829e731d9c2d95b3f3e.jpg\" \/><img decoding=\"async\" src=\"https:\/\/ae01.alicdn.com\/kf\/S76e1d239dd474e16b3e5d7874b398210k.jpg\" \/><img decoding=\"async\" src=\"https:\/\/ae01.alicdn.com\/kf\/Sb42553edc86f4ad684ebe5f528a1221ff.jpg\" \/><img decoding=\"async\" src=\"https:\/\/ae01.alicdn.com\/kf\/Se007f848ecff46838bc03df2abdc0175O.jpg\" \/><img decoding=\"async\" src=\"https:\/\/ae01.alicdn.com\/kf\/S580420f98ec54b45b5573ae73686e8bcD.jpg\" \/><img decoding=\"async\" src=\"https:\/\/ae01.alicdn.com\/kf\/S802a5975f537499397f095430ca2c0e4t.jpg\" \/><img decoding=\"async\" src=\"https:\/\/ae01.alicdn.com\/kf\/Sb7752607ffce4b4682debe143c8f2988V.jpg\" \/><img decoding=\"async\" src=\"https:\/\/ae01.alicdn.com\/kf\/S2d52259f7ffe4c0f91abf1c3a930a867h.jpg\" \/><img decoding=\"async\" src=\"https:\/\/ae01.alicdn.com\/kf\/S7954ebcf50b843c1b61601f1e0a95fa6H.jpg\" \/><img decoding=\"async\" src=\"https:\/\/ae01.alicdn.com\/kf\/S92b767a3bad64bb98346f7a8a11ddb84j.jpg\" \/><img decoding=\"async\" src=\"https:\/\/ae01.alicdn.com\/kf\/S4a2f4d11714e48acb736f3fc9acd27c4Y.jpg\" \/><img decoding=\"async\" src=\"https:\/\/ae01.alicdn.com\/kf\/S1ed94502d783416e94889324ae5e02c3u.jpg\" \/><\/p>\t\t\t\t\t\t\t\t<\/div>\n\t\t\t\t<\/div>\n\t\t\t\t\t<\/div>\n\t\t\t\t<\/div>\n\t\t\t\t<\/div>","protected":false},"excerpt":{"rendered":"<p data-pl=\"product-title\" data-tticheck=\"true\" data-spm-anchor-id=\"a2g0o.detail.0.i8.6c9fxTRaxTRaFL\">Blackview MEGA 12 tablette 5G 12.2 &#8220;2.4K 120Hz affichage dimension 7200 CPU IP69K \u00e9tanche 50MP 10000mAh Pad PC<span dir=\"auto\"><span class=\"\" dir=\"auto\">&#8230;<\/span><\/span><\/p>","protected":false},"featured_media":27577,"comment_status":"closed","ping_status":"closed","template":"","meta":{"om_disable_all_campaigns":false,"_monsterinsights_skip_tracking":false,"_monsterinsights_sitenote_active":false,"_monsterinsights_sitenote_note":"","_monsterinsights_sitenote_category":0},"product_brand":[],"product_cat":[1260,1302],"product_tag":[2420,2422,2421,1325,2423,1212,2418,2419,2417,2416,2415],"class_list":{"0":"post-27576","1":"product","2":"type-product","3":"status-publish","4":"has-post-thumbnail","6":"product_cat-high-tech","7":"product_cat-peripheriques","8":"product_tag-2420","9":"product_tag-12pouces","10":"product_tag-5g","11":"product_tag-android","12":"product_tag-android16","13":"product_tag-blackview","14":"product_tag-ipad","15":"product_tag-mega","16":"product_tag-pad","17":"product_tag-pc","18":"product_tag-tablette","20":"first","21":"instock","22":"sale","23":"shipping-taxable","24":"product-type-external"},"aioseo_notices":[],"jetpack_sharing_enabled":true,"_links":{"self":[{"href":"https:\/\/france-coupon.fr\/en\/wp-json\/wp\/v2\/product\/27576","targetHints":{"allow":["GET"]}}],"collection":[{"href":"https:\/\/france-coupon.fr\/en\/wp-json\/wp\/v2\/product"}],"about":[{"href":"https:\/\/france-coupon.fr\/en\/wp-json\/wp\/v2\/types\/product"}],"replies":[{"embeddable":true,"href":"https:\/\/france-coupon.fr\/en\/wp-json\/wp\/v2\/comments?post=27576"}],"version-history":[{"count":8,"href":"https:\/\/france-coupon.fr\/en\/wp-json\/wp\/v2\/product\/27576\/revisions"}],"predecessor-version":[{"id":27589,"href":"https:\/\/france-coupon.fr\/en\/wp-json\/wp\/v2\/product\/27576\/revisions\/27589"}],"wp:featuredmedia":[{"embeddable":true,"href":"https:\/\/france-coupon.fr\/en\/wp-json\/wp\/v2\/media\/27577"}],"wp:attachment":[{"href":"https:\/\/france-coupon.fr\/en\/wp-json\/wp\/v2\/media?parent=27576"}],"wp:term":[{"taxonomy":"product_brand","embeddable":true,"href":"https:\/\/france-coupon.fr\/en\/wp-json\/wp\/v2\/product_brand?post=27576"},{"taxonomy":"product_cat","embeddable":true,"href":"https:\/\/france-coupon.fr\/en\/wp-json\/wp\/v2\/product_cat?post=27576"},{"taxonomy":"product_tag","embeddable":true,"href":"https:\/\/france-coupon.fr\/en\/wp-json\/wp\/v2\/product_tag?post=27576"}],"curies":[{"name":"wp","href":"https:\/\/api.w.org\/{rel}","templated":true}]}}